{"id":9344,"date":"2019-05-02T17:28:38","date_gmt":"2019-05-02T15:28:38","guid":{"rendered":"https:\/\/www.exquisitarium.com\/productos\/pulled-pork-bbq\/"},"modified":"2025-09-15T13:34:19","modified_gmt":"2025-09-15T11:34:19","slug":"pulled-pork-bbq","status":"publish","type":"product","link":"https:\/\/www.exquisitarium.com\/fr\/produit\/pulled-pork-bbq\/","title":{"rendered":"PULLED PORK BBQ"},"content":{"rendered":"<p>V\u00e9ritables experts de la cuisine espagnole, les Chefs d&#8217;Exquisitarium s&#8217;inspirent des merveilles du monde pour leurs cr\u00e9ations. Ainsi, ce sont le traditionnel cochon brais\u00e9 qui les a inspir\u00e9s pour cr\u00e9er ce plat. On le retrouve donc ici en une version &#8220;&#8221;pulled pork&#8221;&#8221; accompagn\u00e9 d&#8217;une sauce barbecue. Sa texture fondante est parfaite pour garnir tacos, sandwichs et autres.<\/p>\n<p><strong><a href=\"https:\/\/www.exquisitarium.com\/wp-content\/uploads\/2018\/03\/Pictogramas_Exquisitarium_micro-e1520250428352.png\"><img decoding=\"async\" class=\"alignnone wp-image-4888\" src=\"https:\/\/www.exquisitarium.com\/wp-content\/uploads\/2018\/03\/Pictogramas_Exquisitarium_micro.png\" alt=\"\" width=\"70\" height=\"70\" \/><\/a>MICRO-ONDES<\/strong><\/p>\n<p>MICRO-ONDES : Il n&#8217;est pas n\u00e9cessaire de d\u00e9congeler au pr\u00e9alable, percez le haut du r\u00e9cipient \u00e0 diff\u00e9rents endroits et chauffez directement au micro-ondes pendant environ 5 minutes \u00e0 800W.<\/p>\n","protected":false},"excerpt":{"rendered":"<p><a class=\"button\" href=\"https:\/\/www.exquisitarium.com\/fr\/formulaire-de-contact\/\">Demander des informations<\/a><\/p>\n<p>D\u00e9couvrez avec Exquisitarium les revisites culinaires innovantes des plats traditionnels.<\/p>\n","protected":false},"featured_media":21666,"template":"","meta":{"_exactmetrics_skip_tracking":false,"_exactmetrics_sitenote_active":false,"_exactmetrics_sitenote_note":"","_exactmetrics_sitenote_category":0},"product_cat":[255,264],"product_tag":[271,268],"class_list":{"0":"post-9344","1":"product","2":"type-product","3":"status-publish","4":"has-post-thumbnail","6":"product_cat-tapas-fr","7":"product_cat-viandes-fr","8":"product_tag-catalogue-otros-aperitivos-y-tapas","9":"product_tag-catalogue-viandes","10":"pa_aplicacion-bar-fr","11":"pa_aplicacion-food-truck-fr","12":"pa_aplicacion-gastrobar-fr","13":"pa_aplicacion-hotels-fr","14":"pa_aplicacion-restaurant-fr","15":"pa_aplicacion-traiteur-fr","16":"pa_regeneracion-micro-ondes-fr","18":"first","19":"instock","20":"shipping-taxable","21":"product-type-simple"},"yoast_head":"<!-- This site is optimized with the Yoast SEO plugin v27.1.1 - https:\/\/yoast.com\/product\/yoast-seo-wordpress\/ -->\n<title>PULLED PORK BBQ -Plat cuisin\u00e9 pour professionnel- EXQUISITARIUM<\/title>\n<meta name=\"robots\" content=\"index, follow, max-snippet:-1, max-image-preview:large, max-video-preview:-1\" \/>\n<link rel=\"canonical\" href=\"https:\/\/www.exquisitarium.com\/fr\/produit\/pulled-pork-bbq\/\" \/>\n<meta property=\"og:locale\" content=\"fr_FR\" \/>\n<meta property=\"og:type\" content=\"article\" \/>\n<meta property=\"og:title\" content=\"PULLED PORK BBQ -Plat cuisin\u00e9 pour professionnel- EXQUISITARIUM\" \/>\n<meta property=\"og:description\" content=\"Demander des informations  D\u00e9couvrez avec Exquisitarium les revisites culinaires innovantes des plats traditionnels.\" \/>\n<meta property=\"og:url\" content=\"https:\/\/www.exquisitarium.com\/fr\/produit\/pulled-pork-bbq\/\" \/>\n<meta property=\"og:site_name\" content=\"EXQUISITARIUM\" \/>\n<meta property=\"article:publisher\" content=\"https:\/\/www.facebook.com\/exquisitarium\/\" \/>\n<meta property=\"article:modified_time\" content=\"2025-09-15T11:34:19+00:00\" \/>\n<meta property=\"og:image\" content=\"https:\/\/www.exquisitarium.com\/wp-content\/uploads\/2019\/05\/PULLED-PORK-BBQ.png\" \/>\n\t<meta property=\"og:image:width\" content=\"700\" \/>\n\t<meta property=\"og:image:height\" content=\"466\" \/>\n\t<meta property=\"og:image:type\" content=\"image\/png\" \/>\n<meta name=\"twitter:card\" content=\"summary_large_image\" \/>\n<script type=\"application\/ld+json\" class=\"yoast-schema-graph\">{\"@context\":\"https:\/\/schema.org\",\"@graph\":[{\"@type\":\"WebPage\",\"@id\":\"https:\/\/www.exquisitarium.com\/fr\/produit\/pulled-pork-bbq\/\",\"url\":\"https:\/\/www.exquisitarium.com\/fr\/produit\/pulled-pork-bbq\/\",\"name\":\"PULLED PORK BBQ -Plat cuisin\u00e9 pour professionnel- EXQUISITARIUM\",\"isPartOf\":{\"@id\":\"https:\/\/www.exquisitarium.com\/fr\/#website\"},\"primaryImageOfPage\":{\"@id\":\"https:\/\/www.exquisitarium.com\/fr\/produit\/pulled-pork-bbq\/#primaryimage\"},\"image\":{\"@id\":\"https:\/\/www.exquisitarium.com\/fr\/produit\/pulled-pork-bbq\/#primaryimage\"},\"thumbnailUrl\":\"https:\/\/www.exquisitarium.com\/wp-content\/uploads\/2019\/05\/PULLED-PORK-BBQ.png\",\"datePublished\":\"2019-05-02T15:28:38+00:00\",\"dateModified\":\"2025-09-15T11:34:19+00:00\",\"breadcrumb\":{\"@id\":\"https:\/\/www.exquisitarium.com\/fr\/produit\/pulled-pork-bbq\/#breadcrumb\"},\"inLanguage\":\"fr-FR\",\"potentialAction\":[{\"@type\":\"ReadAction\",\"target\":[\"https:\/\/www.exquisitarium.com\/fr\/produit\/pulled-pork-bbq\/\"]}]},{\"@type\":\"ImageObject\",\"inLanguage\":\"fr-FR\",\"@id\":\"https:\/\/www.exquisitarium.com\/fr\/produit\/pulled-pork-bbq\/#primaryimage\",\"url\":\"https:\/\/www.exquisitarium.com\/wp-content\/uploads\/2019\/05\/PULLED-PORK-BBQ.png\",\"contentUrl\":\"https:\/\/www.exquisitarium.com\/wp-content\/uploads\/2019\/05\/PULLED-PORK-BBQ.png\",\"width\":700,\"height\":466},{\"@type\":\"BreadcrumbList\",\"@id\":\"https:\/\/www.exquisitarium.com\/fr\/produit\/pulled-pork-bbq\/#breadcrumb\",\"itemListElement\":[{\"@type\":\"ListItem\",\"position\":1,\"name\":\"Home\",\"item\":\"https:\/\/www.exquisitarium.com\/fr\/\"},{\"@type\":\"ListItem\",\"position\":2,\"name\":\"Recherche de produit\",\"item\":\"https:\/\/www.exquisitarium.com\/fr\/recherche-de-produit\/\"},{\"@type\":\"ListItem\",\"position\":3,\"name\":\"PULLED PORK BBQ\"}]},{\"@type\":\"WebSite\",\"@id\":\"https:\/\/www.exquisitarium.com\/fr\/#website\",\"url\":\"https:\/\/www.exquisitarium.com\/fr\/\",\"name\":\"EXQUISITARIUM\",\"description\":\"Tu cocina en buenas manos\",\"publisher\":{\"@id\":\"https:\/\/www.exquisitarium.com\/fr\/#organization\"},\"potentialAction\":[{\"@type\":\"SearchAction\",\"target\":{\"@type\":\"EntryPoint\",\"urlTemplate\":\"https:\/\/www.exquisitarium.com\/fr\/?s={search_term_string}\"},\"query-input\":{\"@type\":\"PropertyValueSpecification\",\"valueRequired\":true,\"valueName\":\"search_term_string\"}}],\"inLanguage\":\"fr-FR\"},{\"@type\":\"Organization\",\"@id\":\"https:\/\/www.exquisitarium.com\/fr\/#organization\",\"name\":\"EXQUISITARIUM\",\"url\":\"https:\/\/www.exquisitarium.com\/fr\/\",\"logo\":{\"@type\":\"ImageObject\",\"inLanguage\":\"fr-FR\",\"@id\":\"https:\/\/www.exquisitarium.com\/fr\/#\/schema\/logo\/image\/\",\"url\":\"https:\/\/www.exquisitarium.com\/wp-content\/uploads\/2025\/10\/exquisitarium-logo.svg\",\"contentUrl\":\"https:\/\/www.exquisitarium.com\/wp-content\/uploads\/2025\/10\/exquisitarium-logo.svg\",\"width\":233,\"height\":37,\"caption\":\"EXQUISITARIUM\"},\"image\":{\"@id\":\"https:\/\/www.exquisitarium.com\/fr\/#\/schema\/logo\/image\/\"},\"sameAs\":[\"https:\/\/www.facebook.com\/exquisitarium\/\",\"https:\/\/www.instagram.com\/exquisitarium\/\",\"https:\/\/www.linkedin.com\/company\/exquisitarium\/\"]}]}<\/script>\n<!-- \/ Yoast SEO plugin. -->","yoast_head_json":{"title":"PULLED PORK BBQ -Plat cuisin\u00e9 pour professionnel- EXQUISITARIUM","robots":{"index":"index","follow":"follow","max-snippet":"max-snippet:-1","max-image-preview":"max-image-preview:large","max-video-preview":"max-video-preview:-1"},"canonical":"https:\/\/www.exquisitarium.com\/fr\/produit\/pulled-pork-bbq\/","og_locale":"fr_FR","og_type":"article","og_title":"PULLED PORK BBQ -Plat cuisin\u00e9 pour professionnel- EXQUISITARIUM","og_description":"Demander des informations  D\u00e9couvrez avec Exquisitarium les revisites culinaires innovantes des plats traditionnels.","og_url":"https:\/\/www.exquisitarium.com\/fr\/produit\/pulled-pork-bbq\/","og_site_name":"EXQUISITARIUM","article_publisher":"https:\/\/www.facebook.com\/exquisitarium\/","article_modified_time":"2025-09-15T11:34:19+00:00","og_image":[{"width":700,"height":466,"url":"https:\/\/www.exquisitarium.com\/wp-content\/uploads\/2019\/05\/PULLED-PORK-BBQ.png","type":"image\/png"}],"twitter_card":"summary_large_image","schema":{"@context":"https:\/\/schema.org","@graph":[{"@type":"WebPage","@id":"https:\/\/www.exquisitarium.com\/fr\/produit\/pulled-pork-bbq\/","url":"https:\/\/www.exquisitarium.com\/fr\/produit\/pulled-pork-bbq\/","name":"PULLED PORK BBQ -Plat cuisin\u00e9 pour professionnel- EXQUISITARIUM","isPartOf":{"@id":"https:\/\/www.exquisitarium.com\/fr\/#website"},"primaryImageOfPage":{"@id":"https:\/\/www.exquisitarium.com\/fr\/produit\/pulled-pork-bbq\/#primaryimage"},"image":{"@id":"https:\/\/www.exquisitarium.com\/fr\/produit\/pulled-pork-bbq\/#primaryimage"},"thumbnailUrl":"https:\/\/www.exquisitarium.com\/wp-content\/uploads\/2019\/05\/PULLED-PORK-BBQ.png","datePublished":"2019-05-02T15:28:38+00:00","dateModified":"2025-09-15T11:34:19+00:00","breadcrumb":{"@id":"https:\/\/www.exquisitarium.com\/fr\/produit\/pulled-pork-bbq\/#breadcrumb"},"inLanguage":"fr-FR","potentialAction":[{"@type":"ReadAction","target":["https:\/\/www.exquisitarium.com\/fr\/produit\/pulled-pork-bbq\/"]}]},{"@type":"ImageObject","inLanguage":"fr-FR","@id":"https:\/\/www.exquisitarium.com\/fr\/produit\/pulled-pork-bbq\/#primaryimage","url":"https:\/\/www.exquisitarium.com\/wp-content\/uploads\/2019\/05\/PULLED-PORK-BBQ.png","contentUrl":"https:\/\/www.exquisitarium.com\/wp-content\/uploads\/2019\/05\/PULLED-PORK-BBQ.png","width":700,"height":466},{"@type":"BreadcrumbList","@id":"https:\/\/www.exquisitarium.com\/fr\/produit\/pulled-pork-bbq\/#breadcrumb","itemListElement":[{"@type":"ListItem","position":1,"name":"Home","item":"https:\/\/www.exquisitarium.com\/fr\/"},{"@type":"ListItem","position":2,"name":"Recherche de produit","item":"https:\/\/www.exquisitarium.com\/fr\/recherche-de-produit\/"},{"@type":"ListItem","position":3,"name":"PULLED PORK BBQ"}]},{"@type":"WebSite","@id":"https:\/\/www.exquisitarium.com\/fr\/#website","url":"https:\/\/www.exquisitarium.com\/fr\/","name":"EXQUISITARIUM","description":"Tu cocina en buenas manos","publisher":{"@id":"https:\/\/www.exquisitarium.com\/fr\/#organization"},"potentialAction":[{"@type":"SearchAction","target":{"@type":"EntryPoint","urlTemplate":"https:\/\/www.exquisitarium.com\/fr\/?s={search_term_string}"},"query-input":{"@type":"PropertyValueSpecification","valueRequired":true,"valueName":"search_term_string"}}],"inLanguage":"fr-FR"},{"@type":"Organization","@id":"https:\/\/www.exquisitarium.com\/fr\/#organization","name":"EXQUISITARIUM","url":"https:\/\/www.exquisitarium.com\/fr\/","logo":{"@type":"ImageObject","inLanguage":"fr-FR","@id":"https:\/\/www.exquisitarium.com\/fr\/#\/schema\/logo\/image\/","url":"https:\/\/www.exquisitarium.com\/wp-content\/uploads\/2025\/10\/exquisitarium-logo.svg","contentUrl":"https:\/\/www.exquisitarium.com\/wp-content\/uploads\/2025\/10\/exquisitarium-logo.svg","width":233,"height":37,"caption":"EXQUISITARIUM"},"image":{"@id":"https:\/\/www.exquisitarium.com\/fr\/#\/schema\/logo\/image\/"},"sameAs":["https:\/\/www.facebook.com\/exquisitarium\/","https:\/\/www.instagram.com\/exquisitarium\/","https:\/\/www.linkedin.com\/company\/exquisitarium\/"]}]}},"_links":{"self":[{"href":"https:\/\/www.exquisitarium.com\/fr\/wp-json\/wp\/v2\/product\/9344","targetHints":{"allow":["GET"]}}],"collection":[{"href":"https:\/\/www.exquisitarium.com\/fr\/wp-json\/wp\/v2\/product"}],"about":[{"href":"https:\/\/www.exquisitarium.com\/fr\/wp-json\/wp\/v2\/types\/product"}],"version-history":[{"count":0,"href":"https:\/\/www.exquisitarium.com\/fr\/wp-json\/wp\/v2\/product\/9344\/revisions"}],"wp:featuredmedia":[{"embeddable":true,"href":"https:\/\/www.exquisitarium.com\/fr\/wp-json\/wp\/v2\/media\/21666"}],"wp:attachment":[{"href":"https:\/\/www.exquisitarium.com\/fr\/wp-json\/wp\/v2\/media?parent=9344"}],"wp:term":[{"taxonomy":"product_cat","embeddable":true,"href":"https:\/\/www.exquisitarium.com\/fr\/wp-json\/wp\/v2\/product_cat?post=9344"},{"taxonomy":"product_tag","embeddable":true,"href":"https:\/\/www.exquisitarium.com\/fr\/wp-json\/wp\/v2\/product_tag?post=9344"}],"curies":[{"name":"wp","href":"https:\/\/api.w.org\/{rel}","templated":true}]}}