{"id":9200,"date":"2018-05-24T15:27:47","date_gmt":"2018-05-24T13:27:47","guid":{"rendered":"https:\/\/www.exquisitarium.com\/productos\/samosas-epinards-morue\/"},"modified":"2020-06-23T18:10:58","modified_gmt":"2020-06-23T16:10:58","slug":"triangle-epinards-morue","status":"publish","type":"product","link":"https:\/\/www.exquisitarium.com\/fr\/produit\/triangle-epinards-morue\/","title":{"rendered":"triangle de epinards \u00e0 la morue"},"content":{"rendered":"<p>De m\u00eame, une garniture pr\u00e9par\u00e9e \u00e0 base de cabillaud, d&#8217;\u00e9pinards et d&#8217;amandes fourre ces petites amuse-bouches. Ainsi, ce croustillant, id\u00e9al en ap\u00e9ritif, combine parfaitement ces diff\u00e9rentes saveurs.<\/p>\n<p><strong><a href=\"https:\/\/www.exquisitarium.com\/wp-content\/uploads\/2018\/03\/Pictogramas_Exquisitarium_forn-e1520333452926.png\"><img decoding=\"async\" class=\"alignnone wp-image-4919\" src=\"https:\/\/www.exquisitarium.com\/wp-content\/uploads\/2018\/03\/Pictogramas_Exquisitarium_forn.png\" alt=\"\" width=\"70\" height=\"70\" \/><\/a>FOUR<\/strong><\/p>\n<p>Sans d\u00e9cong\u00e9lation au pr\u00e9alable, faire dorer au four \u00e0 200\u00b0C pendant 5 minutes.<\/p>\n","protected":false},"excerpt":{"rendered":"<p><a class=\"button\" href=\"\/exquisitarium\/formulario_contacto\/?lang=fr\">Demander des information<\/a><\/p>\n<p>C&#8217;est le traditionnel &#8220;samosa&#8221;, triangle de feuilles de brick,\u00a0 qui les a inspir\u00e9 pour cr\u00e9er cette amuse-bouche croustillante.<\/p>\n","protected":false},"featured_media":7675,"template":"","meta":{"_exactmetrics_skip_tracking":false,"_exactmetrics_sitenote_active":false,"_exactmetrics_sitenote_note":"","_exactmetrics_sitenote_category":0},"product_cat":[254],"product_tag":[404,265],"class_list":{"0":"post-9200","1":"product","2":"type-product","3":"status-publish","4":"has-post-thumbnail","6":"product_cat-aperitifsfr","7":"product_tag-knuspriges-und-blatterteig","8":"product_tag-catalogue-croustillants-patisseries","9":"pa_aplicacion-cafeteria-patisserie-fr","10":"pa_aplicacion-food-truck-fr","11":"pa_aplicacion-gastrobar-fr","12":"pa_aplicacion-restaurant-fr","13":"pa_aplicacion-traiteur-fr","14":"pa_regeneracion-four-fr","16":"first","17":"instock","18":"shipping-taxable","19":"product-type-simple"},"yoast_head":"<!-- This site is optimized with the Yoast SEO plugin v27.1.1 - https:\/\/yoast.com\/product\/yoast-seo-wordpress\/ -->\n<title>triangle de epinards \u00e0 la morue-plat cuisin\u00e9 pour professionnel-EXQUISITARIUM<\/title>\n<meta name=\"robots\" content=\"index, follow, max-snippet:-1, max-image-preview:large, max-video-preview:-1\" \/>\n<link rel=\"canonical\" href=\"https:\/\/www.exquisitarium.com\/fr\/produit\/triangle-epinards-morue\/\" \/>\n<meta property=\"og:locale\" content=\"fr_FR\" \/>\n<meta property=\"og:type\" content=\"article\" \/>\n<meta property=\"og:title\" content=\"triangle de epinards \u00e0 la morue-plat cuisin\u00e9 pour professionnel-EXQUISITARIUM\" \/>\n<meta property=\"og:description\" content=\"Demander des information  C&#039;est le traditionnel &quot;samosa&quot;, triangle de feuilles de brick,\u00a0 qui les a inspir\u00e9 pour cr\u00e9er cette amuse-bouche croustillante.\" \/>\n<meta property=\"og:url\" content=\"https:\/\/www.exquisitarium.com\/fr\/produit\/triangle-epinards-morue\/\" \/>\n<meta property=\"og:site_name\" content=\"EXQUISITARIUM\" \/>\n<meta property=\"article:publisher\" content=\"https:\/\/www.facebook.com\/exquisitarium\/\" \/>\n<meta property=\"article:modified_time\" content=\"2020-06-23T16:10:58+00:00\" \/>\n<meta property=\"og:image\" content=\"https:\/\/www.exquisitarium.com\/wp-content\/uploads\/2018\/05\/IMG_2605.jpg\" \/>\n\t<meta property=\"og:image:width\" content=\"1024\" \/>\n\t<meta property=\"og:image:height\" content=\"768\" \/>\n\t<meta property=\"og:image:type\" content=\"image\/jpeg\" \/>\n<meta name=\"twitter:card\" content=\"summary_large_image\" \/>\n<script type=\"application\/ld+json\" class=\"yoast-schema-graph\">{\"@context\":\"https:\/\/schema.org\",\"@graph\":[{\"@type\":\"WebPage\",\"@id\":\"https:\/\/www.exquisitarium.com\/fr\/produit\/triangle-epinards-morue\/\",\"url\":\"https:\/\/www.exquisitarium.com\/fr\/produit\/triangle-epinards-morue\/\",\"name\":\"triangle de epinards \u00e0 la morue-plat cuisin\u00e9 pour professionnel-EXQUISITARIUM\",\"isPartOf\":{\"@id\":\"https:\/\/www.exquisitarium.com\/fr\/#website\"},\"primaryImageOfPage\":{\"@id\":\"https:\/\/www.exquisitarium.com\/fr\/produit\/triangle-epinards-morue\/#primaryimage\"},\"image\":{\"@id\":\"https:\/\/www.exquisitarium.com\/fr\/produit\/triangle-epinards-morue\/#primaryimage\"},\"thumbnailUrl\":\"https:\/\/www.exquisitarium.com\/wp-content\/uploads\/2018\/05\/IMG_2605.jpg\",\"datePublished\":\"2018-05-24T13:27:47+00:00\",\"dateModified\":\"2020-06-23T16:10:58+00:00\",\"breadcrumb\":{\"@id\":\"https:\/\/www.exquisitarium.com\/fr\/produit\/triangle-epinards-morue\/#breadcrumb\"},\"inLanguage\":\"fr-FR\",\"potentialAction\":[{\"@type\":\"ReadAction\",\"target\":[\"https:\/\/www.exquisitarium.com\/fr\/produit\/triangle-epinards-morue\/\"]}]},{\"@type\":\"ImageObject\",\"inLanguage\":\"fr-FR\",\"@id\":\"https:\/\/www.exquisitarium.com\/fr\/produit\/triangle-epinards-morue\/#primaryimage\",\"url\":\"https:\/\/www.exquisitarium.com\/wp-content\/uploads\/2018\/05\/IMG_2605.jpg\",\"contentUrl\":\"https:\/\/www.exquisitarium.com\/wp-content\/uploads\/2018\/05\/IMG_2605.jpg\",\"width\":1024,\"height\":768,\"caption\":\"Samosas de epinards a la morue\"},{\"@type\":\"BreadcrumbList\",\"@id\":\"https:\/\/www.exquisitarium.com\/fr\/produit\/triangle-epinards-morue\/#breadcrumb\",\"itemListElement\":[{\"@type\":\"ListItem\",\"position\":1,\"name\":\"Home\",\"item\":\"https:\/\/www.exquisitarium.com\/fr\/\"},{\"@type\":\"ListItem\",\"position\":2,\"name\":\"Recherche de produit\",\"item\":\"https:\/\/www.exquisitarium.com\/fr\/recherche-de-produit\/\"},{\"@type\":\"ListItem\",\"position\":3,\"name\":\"triangle de epinards \u00e0 la morue\"}]},{\"@type\":\"WebSite\",\"@id\":\"https:\/\/www.exquisitarium.com\/fr\/#website\",\"url\":\"https:\/\/www.exquisitarium.com\/fr\/\",\"name\":\"EXQUISITARIUM\",\"description\":\"Tu cocina en buenas manos\",\"publisher\":{\"@id\":\"https:\/\/www.exquisitarium.com\/fr\/#organization\"},\"potentialAction\":[{\"@type\":\"SearchAction\",\"target\":{\"@type\":\"EntryPoint\",\"urlTemplate\":\"https:\/\/www.exquisitarium.com\/fr\/?s={search_term_string}\"},\"query-input\":{\"@type\":\"PropertyValueSpecification\",\"valueRequired\":true,\"valueName\":\"search_term_string\"}}],\"inLanguage\":\"fr-FR\"},{\"@type\":\"Organization\",\"@id\":\"https:\/\/www.exquisitarium.com\/fr\/#organization\",\"name\":\"EXQUISITARIUM\",\"url\":\"https:\/\/www.exquisitarium.com\/fr\/\",\"logo\":{\"@type\":\"ImageObject\",\"inLanguage\":\"fr-FR\",\"@id\":\"https:\/\/www.exquisitarium.com\/fr\/#\/schema\/logo\/image\/\",\"url\":\"https:\/\/www.exquisitarium.com\/wp-content\/uploads\/2025\/10\/exquisitarium-logo.svg\",\"contentUrl\":\"https:\/\/www.exquisitarium.com\/wp-content\/uploads\/2025\/10\/exquisitarium-logo.svg\",\"width\":233,\"height\":37,\"caption\":\"EXQUISITARIUM\"},\"image\":{\"@id\":\"https:\/\/www.exquisitarium.com\/fr\/#\/schema\/logo\/image\/\"},\"sameAs\":[\"https:\/\/www.facebook.com\/exquisitarium\/\",\"https:\/\/www.instagram.com\/exquisitarium\/\",\"https:\/\/www.linkedin.com\/company\/exquisitarium\/\"]}]}<\/script>\n<!-- \/ Yoast SEO plugin. -->","yoast_head_json":{"title":"triangle de epinards \u00e0 la morue-plat cuisin\u00e9 pour professionnel-EXQUISITARIUM","robots":{"index":"index","follow":"follow","max-snippet":"max-snippet:-1","max-image-preview":"max-image-preview:large","max-video-preview":"max-video-preview:-1"},"canonical":"https:\/\/www.exquisitarium.com\/fr\/produit\/triangle-epinards-morue\/","og_locale":"fr_FR","og_type":"article","og_title":"triangle de epinards \u00e0 la morue-plat cuisin\u00e9 pour professionnel-EXQUISITARIUM","og_description":"Demander des information  C'est le traditionnel \"samosa\", triangle de feuilles de brick,\u00a0 qui les a inspir\u00e9 pour cr\u00e9er cette amuse-bouche croustillante.","og_url":"https:\/\/www.exquisitarium.com\/fr\/produit\/triangle-epinards-morue\/","og_site_name":"EXQUISITARIUM","article_publisher":"https:\/\/www.facebook.com\/exquisitarium\/","article_modified_time":"2020-06-23T16:10:58+00:00","og_image":[{"width":1024,"height":768,"url":"https:\/\/www.exquisitarium.com\/wp-content\/uploads\/2018\/05\/IMG_2605.jpg","type":"image\/jpeg"}],"twitter_card":"summary_large_image","schema":{"@context":"https:\/\/schema.org","@graph":[{"@type":"WebPage","@id":"https:\/\/www.exquisitarium.com\/fr\/produit\/triangle-epinards-morue\/","url":"https:\/\/www.exquisitarium.com\/fr\/produit\/triangle-epinards-morue\/","name":"triangle de epinards \u00e0 la morue-plat cuisin\u00e9 pour professionnel-EXQUISITARIUM","isPartOf":{"@id":"https:\/\/www.exquisitarium.com\/fr\/#website"},"primaryImageOfPage":{"@id":"https:\/\/www.exquisitarium.com\/fr\/produit\/triangle-epinards-morue\/#primaryimage"},"image":{"@id":"https:\/\/www.exquisitarium.com\/fr\/produit\/triangle-epinards-morue\/#primaryimage"},"thumbnailUrl":"https:\/\/www.exquisitarium.com\/wp-content\/uploads\/2018\/05\/IMG_2605.jpg","datePublished":"2018-05-24T13:27:47+00:00","dateModified":"2020-06-23T16:10:58+00:00","breadcrumb":{"@id":"https:\/\/www.exquisitarium.com\/fr\/produit\/triangle-epinards-morue\/#breadcrumb"},"inLanguage":"fr-FR","potentialAction":[{"@type":"ReadAction","target":["https:\/\/www.exquisitarium.com\/fr\/produit\/triangle-epinards-morue\/"]}]},{"@type":"ImageObject","inLanguage":"fr-FR","@id":"https:\/\/www.exquisitarium.com\/fr\/produit\/triangle-epinards-morue\/#primaryimage","url":"https:\/\/www.exquisitarium.com\/wp-content\/uploads\/2018\/05\/IMG_2605.jpg","contentUrl":"https:\/\/www.exquisitarium.com\/wp-content\/uploads\/2018\/05\/IMG_2605.jpg","width":1024,"height":768,"caption":"Samosas de epinards a la morue"},{"@type":"BreadcrumbList","@id":"https:\/\/www.exquisitarium.com\/fr\/produit\/triangle-epinards-morue\/#breadcrumb","itemListElement":[{"@type":"ListItem","position":1,"name":"Home","item":"https:\/\/www.exquisitarium.com\/fr\/"},{"@type":"ListItem","position":2,"name":"Recherche de produit","item":"https:\/\/www.exquisitarium.com\/fr\/recherche-de-produit\/"},{"@type":"ListItem","position":3,"name":"triangle de epinards \u00e0 la morue"}]},{"@type":"WebSite","@id":"https:\/\/www.exquisitarium.com\/fr\/#website","url":"https:\/\/www.exquisitarium.com\/fr\/","name":"EXQUISITARIUM","description":"Tu cocina en buenas manos","publisher":{"@id":"https:\/\/www.exquisitarium.com\/fr\/#organization"},"potentialAction":[{"@type":"SearchAction","target":{"@type":"EntryPoint","urlTemplate":"https:\/\/www.exquisitarium.com\/fr\/?s={search_term_string}"},"query-input":{"@type":"PropertyValueSpecification","valueRequired":true,"valueName":"search_term_string"}}],"inLanguage":"fr-FR"},{"@type":"Organization","@id":"https:\/\/www.exquisitarium.com\/fr\/#organization","name":"EXQUISITARIUM","url":"https:\/\/www.exquisitarium.com\/fr\/","logo":{"@type":"ImageObject","inLanguage":"fr-FR","@id":"https:\/\/www.exquisitarium.com\/fr\/#\/schema\/logo\/image\/","url":"https:\/\/www.exquisitarium.com\/wp-content\/uploads\/2025\/10\/exquisitarium-logo.svg","contentUrl":"https:\/\/www.exquisitarium.com\/wp-content\/uploads\/2025\/10\/exquisitarium-logo.svg","width":233,"height":37,"caption":"EXQUISITARIUM"},"image":{"@id":"https:\/\/www.exquisitarium.com\/fr\/#\/schema\/logo\/image\/"},"sameAs":["https:\/\/www.facebook.com\/exquisitarium\/","https:\/\/www.instagram.com\/exquisitarium\/","https:\/\/www.linkedin.com\/company\/exquisitarium\/"]}]}},"_links":{"self":[{"href":"https:\/\/www.exquisitarium.com\/fr\/wp-json\/wp\/v2\/product\/9200","targetHints":{"allow":["GET"]}}],"collection":[{"href":"https:\/\/www.exquisitarium.com\/fr\/wp-json\/wp\/v2\/product"}],"about":[{"href":"https:\/\/www.exquisitarium.com\/fr\/wp-json\/wp\/v2\/types\/product"}],"version-history":[{"count":0,"href":"https:\/\/www.exquisitarium.com\/fr\/wp-json\/wp\/v2\/product\/9200\/revisions"}],"wp:featuredmedia":[{"embeddable":true,"href":"https:\/\/www.exquisitarium.com\/fr\/wp-json\/wp\/v2\/media\/7675"}],"wp:attachment":[{"href":"https:\/\/www.exquisitarium.com\/fr\/wp-json\/wp\/v2\/media?parent=9200"}],"wp:term":[{"taxonomy":"product_cat","embeddable":true,"href":"https:\/\/www.exquisitarium.com\/fr\/wp-json\/wp\/v2\/product_cat?post=9200"},{"taxonomy":"product_tag","embeddable":true,"href":"https:\/\/www.exquisitarium.com\/fr\/wp-json\/wp\/v2\/product_tag?post=9200"}],"curies":[{"name":"wp","href":"https:\/\/api.w.org\/{rel}","templated":true}]}}