{"id":8976,"date":"2018-03-09T12:09:50","date_gmt":"2018-03-09T11:09:50","guid":{"rendered":"https:\/\/www.exquisitarium.com\/productos\/sauce-4-fromages\/"},"modified":"2025-09-15T15:56:01","modified_gmt":"2025-09-15T13:56:01","slug":"sauce-4-fromages","status":"publish","type":"product","link":"https:\/\/www.exquisitarium.com\/fr\/produit\/sauce-4-fromages\/","title":{"rendered":"SAUCE AUX 4 FROMAGES"},"content":{"rendered":"<p>Notre sauce pour p\u00e2tes aux quatre fromages se caract\u00e9rise par sa grande onctuosit\u00e9. Intense et \u00e9quilibr\u00e9e en bouche. Les diff\u00e9rentes nuances de la vari\u00e9t\u00e9 de fromage peuvent \u00eatre identifi\u00e9es. Id\u00e9ale en condiment sur les plats de p\u00e2tes.<\/p>\n<p><strong><a href=\"https:\/\/www.exquisitarium.com\/wp-content\/uploads\/2018\/03\/Pictogramas_Exquisitarium_micro-e1520250428352.png\"><img decoding=\"async\" class=\"alignnone wp-image-4888\" src=\"https:\/\/www.exquisitarium.com\/wp-content\/uploads\/2018\/03\/Pictogramas_Exquisitarium_micro.png\" alt=\"\" width=\"70\" height=\"70\" \/><\/a>MICRO-ONDES<\/strong><\/p>\n<p><strong><a href=\"https:\/\/www.exquisitarium.com\/wp-content\/uploads\/2018\/03\/Pictogramas_Exquisitarium_especial-e1520251263612.png\"><img decoding=\"async\" class=\"alignnone wp-image-4873\" src=\"https:\/\/www.exquisitarium.com\/wp-content\/uploads\/2018\/03\/Pictogramas_Exquisitarium_especial.png\" alt=\"\" width=\"70\" height=\"70\" \/><\/a>CASSEROLE AU BAIN MARIE<\/strong><\/p>\n<p>R\u00e9chauffer au micro-ondes ou au bain-marie jusqu&#8217;\u00e0 atteindre 74 \u00b0C.<\/p>\n","protected":false},"excerpt":{"rendered":"<p><a class=\"button\" href=\"https:\/\/www.exquisitarium.com\/fr\/formulaire-de-contact\/\">Demander des informations<\/a><\/p>\n<p>Sauce \u00e0 base de quatre fromages, incroyablement onctueuse.<\/p>\n","protected":false},"featured_media":21796,"template":"","meta":{"_exactmetrics_skip_tracking":false,"_exactmetrics_sitenote_active":false,"_exactmetrics_sitenote_note":"","_exactmetrics_sitenote_category":0},"product_cat":[272,283],"product_tag":[296],"class_list":{"0":"post-8976","1":"product","2":"type-product","3":"status-publish","4":"has-post-thumbnail","6":"product_cat-pates-fr","7":"product_cat-sauces-fr","8":"product_tag-catalogue-sauces-fr","9":"pa_aplicacion-bar-fr","10":"pa_aplicacion-cafeteria-patisserie-fr","11":"pa_aplicacion-food-truck-fr","12":"pa_aplicacion-gastrobar-fr","13":"pa_aplicacion-hotels-fr","14":"pa_aplicacion-restaurant-fr","15":"pa_apto-vegetarien-fr","16":"pa_regeneracion-casserole-bain-marie-fr","17":"pa_regeneracion-four-fr","18":"pa_regeneracion-micro-ondes-fr","19":"pa_regeneracion-special-fr","21":"first","22":"instock","23":"shipping-taxable","24":"product-type-simple"},"yoast_head":"<!-- This site is optimized with the Yoast SEO plugin v27.4 - https:\/\/yoast.com\/product\/yoast-seo-wordpress\/ -->\n<title>SAUCE AUX 4 FROMAGES -Plat cuisin\u00e9 pour professionnel- EXQUISITARIUM<\/title>\n<meta name=\"robots\" content=\"index, follow, max-snippet:-1, max-image-preview:large, max-video-preview:-1\" \/>\n<link rel=\"canonical\" href=\"https:\/\/www.exquisitarium.com\/fr\/produit\/sauce-4-fromages\/\" \/>\n<meta property=\"og:locale\" content=\"fr_FR\" \/>\n<meta property=\"og:type\" content=\"article\" \/>\n<meta property=\"og:title\" content=\"SAUCE AUX 4 FROMAGES -Plat cuisin\u00e9 pour professionnel- EXQUISITARIUM\" \/>\n<meta property=\"og:description\" content=\"Demander des informations  Sauce \u00e0 base de quatre fromages, incroyablement onctueuse.\" \/>\n<meta property=\"og:url\" content=\"https:\/\/www.exquisitarium.com\/fr\/produit\/sauce-4-fromages\/\" \/>\n<meta property=\"og:site_name\" content=\"EXQUISITARIUM\" \/>\n<meta property=\"article:publisher\" content=\"https:\/\/www.facebook.com\/exquisitarium\/\" \/>\n<meta property=\"article:modified_time\" content=\"2025-09-15T13:56:01+00:00\" \/>\n<meta property=\"og:image\" content=\"https:\/\/www.exquisitarium.com\/wp-content\/uploads\/2018\/03\/SALSA-PARA-PASTA-4-QUESOS.png\" \/>\n\t<meta property=\"og:image:width\" content=\"600\" \/>\n\t<meta property=\"og:image:height\" content=\"445\" \/>\n\t<meta property=\"og:image:type\" content=\"image\/png\" \/>\n<meta name=\"twitter:card\" content=\"summary_large_image\" \/>\n<script type=\"application\/ld+json\" class=\"yoast-schema-graph\">{\"@context\":\"https:\\\/\\\/schema.org\",\"@graph\":[{\"@type\":\"WebPage\",\"@id\":\"https:\\\/\\\/www.exquisitarium.com\\\/fr\\\/produit\\\/sauce-4-fromages\\\/\",\"url\":\"https:\\\/\\\/www.exquisitarium.com\\\/fr\\\/produit\\\/sauce-4-fromages\\\/\",\"name\":\"SAUCE AUX 4 FROMAGES -Plat cuisin\u00e9 pour professionnel- EXQUISITARIUM\",\"isPartOf\":{\"@id\":\"https:\\\/\\\/www.exquisitarium.com\\\/fr\\\/#website\"},\"primaryImageOfPage\":{\"@id\":\"https:\\\/\\\/www.exquisitarium.com\\\/fr\\\/produit\\\/sauce-4-fromages\\\/#primaryimage\"},\"image\":{\"@id\":\"https:\\\/\\\/www.exquisitarium.com\\\/fr\\\/produit\\\/sauce-4-fromages\\\/#primaryimage\"},\"thumbnailUrl\":\"https:\\\/\\\/www.exquisitarium.com\\\/wp-content\\\/uploads\\\/2018\\\/03\\\/SALSA-PARA-PASTA-4-QUESOS.png\",\"datePublished\":\"2018-03-09T11:09:50+00:00\",\"dateModified\":\"2025-09-15T13:56:01+00:00\",\"breadcrumb\":{\"@id\":\"https:\\\/\\\/www.exquisitarium.com\\\/fr\\\/produit\\\/sauce-4-fromages\\\/#breadcrumb\"},\"inLanguage\":\"fr-FR\",\"potentialAction\":[{\"@type\":\"ReadAction\",\"target\":[\"https:\\\/\\\/www.exquisitarium.com\\\/fr\\\/produit\\\/sauce-4-fromages\\\/\"]}]},{\"@type\":\"ImageObject\",\"inLanguage\":\"fr-FR\",\"@id\":\"https:\\\/\\\/www.exquisitarium.com\\\/fr\\\/produit\\\/sauce-4-fromages\\\/#primaryimage\",\"url\":\"https:\\\/\\\/www.exquisitarium.com\\\/wp-content\\\/uploads\\\/2018\\\/03\\\/SALSA-PARA-PASTA-4-QUESOS.png\",\"contentUrl\":\"https:\\\/\\\/www.exquisitarium.com\\\/wp-content\\\/uploads\\\/2018\\\/03\\\/SALSA-PARA-PASTA-4-QUESOS.png\",\"width\":600,\"height\":445},{\"@type\":\"BreadcrumbList\",\"@id\":\"https:\\\/\\\/www.exquisitarium.com\\\/fr\\\/produit\\\/sauce-4-fromages\\\/#breadcrumb\",\"itemListElement\":[{\"@type\":\"ListItem\",\"position\":1,\"name\":\"Home\",\"item\":\"https:\\\/\\\/www.exquisitarium.com\\\/fr\\\/\"},{\"@type\":\"ListItem\",\"position\":2,\"name\":\"Recherche de produit\",\"item\":\"https:\\\/\\\/www.exquisitarium.com\\\/fr\\\/recherche-de-produit\\\/\"},{\"@type\":\"ListItem\",\"position\":3,\"name\":\"SAUCE AUX 4 FROMAGES\"}]},{\"@type\":\"WebSite\",\"@id\":\"https:\\\/\\\/www.exquisitarium.com\\\/fr\\\/#website\",\"url\":\"https:\\\/\\\/www.exquisitarium.com\\\/fr\\\/\",\"name\":\"EXQUISITARIUM\",\"description\":\"Tu cocina en buenas manos\",\"publisher\":{\"@id\":\"https:\\\/\\\/www.exquisitarium.com\\\/fr\\\/#organization\"},\"potentialAction\":[{\"@type\":\"SearchAction\",\"target\":{\"@type\":\"EntryPoint\",\"urlTemplate\":\"https:\\\/\\\/www.exquisitarium.com\\\/fr\\\/?s={search_term_string}\"},\"query-input\":{\"@type\":\"PropertyValueSpecification\",\"valueRequired\":true,\"valueName\":\"search_term_string\"}}],\"inLanguage\":\"fr-FR\"},{\"@type\":\"Organization\",\"@id\":\"https:\\\/\\\/www.exquisitarium.com\\\/fr\\\/#organization\",\"name\":\"EXQUISITARIUM\",\"url\":\"https:\\\/\\\/www.exquisitarium.com\\\/fr\\\/\",\"logo\":{\"@type\":\"ImageObject\",\"inLanguage\":\"fr-FR\",\"@id\":\"https:\\\/\\\/www.exquisitarium.com\\\/fr\\\/#\\\/schema\\\/logo\\\/image\\\/\",\"url\":\"https:\\\/\\\/www.exquisitarium.com\\\/wp-content\\\/uploads\\\/2025\\\/10\\\/exquisitarium-logo.svg\",\"contentUrl\":\"https:\\\/\\\/www.exquisitarium.com\\\/wp-content\\\/uploads\\\/2025\\\/10\\\/exquisitarium-logo.svg\",\"width\":233,\"height\":37,\"caption\":\"EXQUISITARIUM\"},\"image\":{\"@id\":\"https:\\\/\\\/www.exquisitarium.com\\\/fr\\\/#\\\/schema\\\/logo\\\/image\\\/\"},\"sameAs\":[\"https:\\\/\\\/www.facebook.com\\\/exquisitarium\\\/\",\"https:\\\/\\\/www.instagram.com\\\/exquisitarium\\\/\",\"https:\\\/\\\/www.linkedin.com\\\/company\\\/exquisitarium\\\/\"]}]}<\/script>\n<!-- \/ Yoast SEO plugin. -->","yoast_head_json":{"title":"SAUCE AUX 4 FROMAGES -Plat cuisin\u00e9 pour professionnel- EXQUISITARIUM","robots":{"index":"index","follow":"follow","max-snippet":"max-snippet:-1","max-image-preview":"max-image-preview:large","max-video-preview":"max-video-preview:-1"},"canonical":"https:\/\/www.exquisitarium.com\/fr\/produit\/sauce-4-fromages\/","og_locale":"fr_FR","og_type":"article","og_title":"SAUCE AUX 4 FROMAGES -Plat cuisin\u00e9 pour professionnel- EXQUISITARIUM","og_description":"Demander des informations  Sauce \u00e0 base de quatre fromages, incroyablement onctueuse.","og_url":"https:\/\/www.exquisitarium.com\/fr\/produit\/sauce-4-fromages\/","og_site_name":"EXQUISITARIUM","article_publisher":"https:\/\/www.facebook.com\/exquisitarium\/","article_modified_time":"2025-09-15T13:56:01+00:00","og_image":[{"width":600,"height":445,"url":"https:\/\/www.exquisitarium.com\/wp-content\/uploads\/2018\/03\/SALSA-PARA-PASTA-4-QUESOS.png","type":"image\/png"}],"twitter_card":"summary_large_image","schema":{"@context":"https:\/\/schema.org","@graph":[{"@type":"WebPage","@id":"https:\/\/www.exquisitarium.com\/fr\/produit\/sauce-4-fromages\/","url":"https:\/\/www.exquisitarium.com\/fr\/produit\/sauce-4-fromages\/","name":"SAUCE AUX 4 FROMAGES -Plat cuisin\u00e9 pour professionnel- EXQUISITARIUM","isPartOf":{"@id":"https:\/\/www.exquisitarium.com\/fr\/#website"},"primaryImageOfPage":{"@id":"https:\/\/www.exquisitarium.com\/fr\/produit\/sauce-4-fromages\/#primaryimage"},"image":{"@id":"https:\/\/www.exquisitarium.com\/fr\/produit\/sauce-4-fromages\/#primaryimage"},"thumbnailUrl":"https:\/\/www.exquisitarium.com\/wp-content\/uploads\/2018\/03\/SALSA-PARA-PASTA-4-QUESOS.png","datePublished":"2018-03-09T11:09:50+00:00","dateModified":"2025-09-15T13:56:01+00:00","breadcrumb":{"@id":"https:\/\/www.exquisitarium.com\/fr\/produit\/sauce-4-fromages\/#breadcrumb"},"inLanguage":"fr-FR","potentialAction":[{"@type":"ReadAction","target":["https:\/\/www.exquisitarium.com\/fr\/produit\/sauce-4-fromages\/"]}]},{"@type":"ImageObject","inLanguage":"fr-FR","@id":"https:\/\/www.exquisitarium.com\/fr\/produit\/sauce-4-fromages\/#primaryimage","url":"https:\/\/www.exquisitarium.com\/wp-content\/uploads\/2018\/03\/SALSA-PARA-PASTA-4-QUESOS.png","contentUrl":"https:\/\/www.exquisitarium.com\/wp-content\/uploads\/2018\/03\/SALSA-PARA-PASTA-4-QUESOS.png","width":600,"height":445},{"@type":"BreadcrumbList","@id":"https:\/\/www.exquisitarium.com\/fr\/produit\/sauce-4-fromages\/#breadcrumb","itemListElement":[{"@type":"ListItem","position":1,"name":"Home","item":"https:\/\/www.exquisitarium.com\/fr\/"},{"@type":"ListItem","position":2,"name":"Recherche de produit","item":"https:\/\/www.exquisitarium.com\/fr\/recherche-de-produit\/"},{"@type":"ListItem","position":3,"name":"SAUCE AUX 4 FROMAGES"}]},{"@type":"WebSite","@id":"https:\/\/www.exquisitarium.com\/fr\/#website","url":"https:\/\/www.exquisitarium.com\/fr\/","name":"EXQUISITARIUM","description":"Tu cocina en buenas manos","publisher":{"@id":"https:\/\/www.exquisitarium.com\/fr\/#organization"},"potentialAction":[{"@type":"SearchAction","target":{"@type":"EntryPoint","urlTemplate":"https:\/\/www.exquisitarium.com\/fr\/?s={search_term_string}"},"query-input":{"@type":"PropertyValueSpecification","valueRequired":true,"valueName":"search_term_string"}}],"inLanguage":"fr-FR"},{"@type":"Organization","@id":"https:\/\/www.exquisitarium.com\/fr\/#organization","name":"EXQUISITARIUM","url":"https:\/\/www.exquisitarium.com\/fr\/","logo":{"@type":"ImageObject","inLanguage":"fr-FR","@id":"https:\/\/www.exquisitarium.com\/fr\/#\/schema\/logo\/image\/","url":"https:\/\/www.exquisitarium.com\/wp-content\/uploads\/2025\/10\/exquisitarium-logo.svg","contentUrl":"https:\/\/www.exquisitarium.com\/wp-content\/uploads\/2025\/10\/exquisitarium-logo.svg","width":233,"height":37,"caption":"EXQUISITARIUM"},"image":{"@id":"https:\/\/www.exquisitarium.com\/fr\/#\/schema\/logo\/image\/"},"sameAs":["https:\/\/www.facebook.com\/exquisitarium\/","https:\/\/www.instagram.com\/exquisitarium\/","https:\/\/www.linkedin.com\/company\/exquisitarium\/"]}]}},"_links":{"self":[{"href":"https:\/\/www.exquisitarium.com\/fr\/wp-json\/wp\/v2\/product\/8976","targetHints":{"allow":["GET"]}}],"collection":[{"href":"https:\/\/www.exquisitarium.com\/fr\/wp-json\/wp\/v2\/product"}],"about":[{"href":"https:\/\/www.exquisitarium.com\/fr\/wp-json\/wp\/v2\/types\/product"}],"version-history":[{"count":0,"href":"https:\/\/www.exquisitarium.com\/fr\/wp-json\/wp\/v2\/product\/8976\/revisions"}],"wp:featuredmedia":[{"embeddable":true,"href":"https:\/\/www.exquisitarium.com\/fr\/wp-json\/wp\/v2\/media\/21796"}],"wp:attachment":[{"href":"https:\/\/www.exquisitarium.com\/fr\/wp-json\/wp\/v2\/media?parent=8976"}],"wp:term":[{"taxonomy":"product_cat","embeddable":true,"href":"https:\/\/www.exquisitarium.com\/fr\/wp-json\/wp\/v2\/product_cat?post=8976"},{"taxonomy":"product_tag","embeddable":true,"href":"https:\/\/www.exquisitarium.com\/fr\/wp-json\/wp\/v2\/product_tag?post=8976"}],"curies":[{"name":"wp","href":"https:\/\/api.w.org\/{rel}","templated":true}]}}