{"id":8961,"date":"2018-03-09T12:09:44","date_gmt":"2018-03-09T11:09:44","guid":{"rendered":"https:\/\/www.exquisitarium.com\/productos\/lasagne-viande-bechamel-fromage\/"},"modified":"2025-09-15T15:15:21","modified_gmt":"2025-09-15T13:15:21","slug":"lasagne-viande-bechamel-fromage","status":"publish","type":"product","link":"https:\/\/www.exquisitarium.com\/fr\/produit\/lasagne-viande-bechamel-fromage\/","title":{"rendered":"LASAGNE ALLA BOLOGNAISE \u00c0 LA SAUCE B\u00c9CHAMEL ET AU FROMAGE."},"content":{"rendered":"<p>Feuilles de p\u00e2tes fra\u00eeches s\u00e9par\u00e9es par une garniture de sauce bolognaise \u00e0 base de produits de premi\u00e8re qualit\u00e9 et recouverte d&#8217;une sauce b\u00e9chamel onctueuse. Cette savoureuse recette n\u00e9cessite peu minutes de pr\u00e9paration. Pr\u00e9sentation en part individuelle de 300 g sous la r\u00e9f\u00e9rence 16012. \u00c0 servir sur un plateau de 2,5 kg sous la r\u00e9f\u00e9rence 16019.<\/p>\n<p><strong><a href=\"https:\/\/www.exquisitarium.com\/wp-content\/uploads\/2018\/03\/Pictogramas_Exquisitarium_micro-e1520250428352.png\"><img decoding=\"async\" class=\"alignnone wp-image-4888\" src=\"https:\/\/www.exquisitarium.com\/wp-content\/uploads\/2018\/03\/Pictogramas_Exquisitarium_micro.png\" alt=\"\" width=\"70\" height=\"70\" \/><\/a>MICRO-ONDES<\/strong><\/p>\n<p><strong><a href=\"https:\/\/www.exquisitarium.com\/wp-content\/uploads\/2018\/03\/Pictogramas_Exquisitarium_forn-e1520333452926.png\"><img decoding=\"async\" class=\"alignnone wp-image-4919\" src=\"https:\/\/www.exquisitarium.com\/wp-content\/uploads\/2018\/03\/Pictogramas_Exquisitarium_forn.png\" alt=\"\" width=\"70\" height=\"70\" \/><\/a>FOUR<\/strong><\/p>\n<p><strong>Code 16012<\/strong> : MICRO-ONDES : Il n&#8217;est pas n\u00e9cessaire de d\u00e9congeler au pr\u00e9alable, percer la partie sup\u00e9rieure du r\u00e9cipient \u00e0 diff\u00e9rents endroits et chauffer directement au micro-ondes pendant 8-9 minutes \u00e0 800W. FOUR : Retirer la plaque en plastique et placer dans un r\u00e9cipient adapt\u00e9 au four, placer \u00e0 hauteur moyenne et cuire \u00e0 200\u00b0C pendant environ 20 min. La fonction gratin peut \u00eatre termin\u00e9e. Chauffer jusqu&#8217;\u00e0 atteindre 74\u00baC au centre du produit dans les deux cas. La fonction gratin peut \u00eatre termin\u00e9e <strong>Code 16019 :<\/strong> Pr\u00e9c\u00e9demment d\u00e9congel\u00e9 : FOUR : Placer avec le m\u00eame plateau en aluminium \u00e0 hauteur moyenne \u00e0 180\u00b0C, pendant environ 20 min jusqu&#8217;\u00e0 atteindre 74\u00b0C au centre du produit. La fonction gratin peut \u00eatre termin\u00e9e.<\/p>\n","protected":false},"excerpt":{"rendered":"<p><a class=\"button\" href=\"https:\/\/www.exquisitarium.com\/fr\/formulaire-de-contact\/\">Demander des informations<\/a><\/p>\n<p>Lasagne bolognese \u00e0 la sauce b\u00e9chamel et au fromage identique \u00e0 la recette traditionnelle.<\/p>\n","protected":false},"featured_media":23984,"template":"","meta":{"_exactmetrics_skip_tracking":false,"_exactmetrics_sitenote_active":false,"_exactmetrics_sitenote_note":"","_exactmetrics_sitenote_category":0},"product_cat":[272,255,264],"product_tag":[281],"class_list":{"0":"post-8961","1":"product","2":"type-product","3":"status-publish","4":"has-post-thumbnail","6":"product_cat-pates-fr","7":"product_cat-tapas-fr","8":"product_cat-viandes-fr","9":"product_tag-catalogue-lasagnes-pates","10":"pa_aplicacion-bar-fr","11":"pa_aplicacion-cafeteria-patisserie-fr","12":"pa_aplicacion-food-truck-fr","13":"pa_aplicacion-gastrobar-fr","14":"pa_aplicacion-hotels-fr","15":"pa_aplicacion-restaurant-fr","16":"pa_aplicacion-room-service-fr","17":"pa_regeneracion-four-fr","18":"pa_regeneracion-micro-ondes-fr","20":"first","21":"instock","22":"shipping-taxable","23":"product-type-simple"},"yoast_head":"<!-- This site is optimized with the Yoast SEO plugin v27.5 - https:\/\/yoast.com\/product\/yoast-seo-wordpress\/ -->\n<title>LASAGNE ALLA BOLOGNAISE \u00c0 LA SAUCE B\u00c9CHAMEL ET AU FROMAGE. -Plat cuisin\u00e9 pour professionnel- EXQUISITARIUM<\/title>\n<meta name=\"robots\" content=\"index, follow, max-snippet:-1, max-image-preview:large, max-video-preview:-1\" \/>\n<link rel=\"canonical\" href=\"https:\/\/www.exquisitarium.com\/fr\/produit\/lasagne-viande-bechamel-fromage\/\" \/>\n<meta property=\"og:locale\" content=\"fr_FR\" \/>\n<meta property=\"og:type\" content=\"article\" \/>\n<meta property=\"og:title\" content=\"LASAGNE ALLA BOLOGNAISE \u00c0 LA SAUCE B\u00c9CHAMEL ET AU FROMAGE. -Plat cuisin\u00e9 pour professionnel- EXQUISITARIUM\" \/>\n<meta property=\"og:description\" content=\"Demander des informations  Lasagne bolognese \u00e0 la sauce b\u00e9chamel et au fromage identique \u00e0 la recette traditionnelle.\" \/>\n<meta property=\"og:url\" content=\"https:\/\/www.exquisitarium.com\/fr\/produit\/lasagne-viande-bechamel-fromage\/\" \/>\n<meta property=\"og:site_name\" content=\"EXQUISITARIUM\" \/>\n<meta property=\"article:publisher\" content=\"https:\/\/www.facebook.com\/exquisitarium\/\" \/>\n<meta property=\"article:modified_time\" content=\"2025-09-15T13:15:21+00:00\" \/>\n<meta property=\"og:image\" content=\"https:\/\/www.exquisitarium.com\/wp-content\/uploads\/2018\/03\/LASAN\u2560aA-BOLON\u2560aESA-CON-BECHAMEL-Y-QUESO.png\" \/>\n\t<meta property=\"og:image:width\" content=\"600\" \/>\n\t<meta property=\"og:image:height\" content=\"400\" \/>\n\t<meta property=\"og:image:type\" content=\"image\/png\" \/>\n<meta name=\"twitter:card\" content=\"summary_large_image\" \/>\n<meta name=\"twitter:label1\" content=\"Dur\u00e9e de lecture estim\u00e9e\" \/>\n\t<meta name=\"twitter:data1\" content=\"1 minute\" \/>\n<script type=\"application\/ld+json\" class=\"yoast-schema-graph\">{\"@context\":\"https:\\\/\\\/schema.org\",\"@graph\":[{\"@type\":\"WebPage\",\"@id\":\"https:\\\/\\\/www.exquisitarium.com\\\/fr\\\/produit\\\/lasagne-viande-bechamel-fromage\\\/\",\"url\":\"https:\\\/\\\/www.exquisitarium.com\\\/fr\\\/produit\\\/lasagne-viande-bechamel-fromage\\\/\",\"name\":\"LASAGNE ALLA BOLOGNAISE \u00c0 LA SAUCE B\u00c9CHAMEL ET AU FROMAGE. -Plat cuisin\u00e9 pour professionnel- EXQUISITARIUM\",\"isPartOf\":{\"@id\":\"https:\\\/\\\/www.exquisitarium.com\\\/fr\\\/#website\"},\"primaryImageOfPage\":{\"@id\":\"https:\\\/\\\/www.exquisitarium.com\\\/fr\\\/produit\\\/lasagne-viande-bechamel-fromage\\\/#primaryimage\"},\"image\":{\"@id\":\"https:\\\/\\\/www.exquisitarium.com\\\/fr\\\/produit\\\/lasagne-viande-bechamel-fromage\\\/#primaryimage\"},\"thumbnailUrl\":\"https:\\\/\\\/www.exquisitarium.com\\\/wp-content\\\/uploads\\\/2018\\\/03\\\/LASANA-BOLONESA-CON-BECHAMEL-Y-QUESO.png\",\"datePublished\":\"2018-03-09T11:09:44+00:00\",\"dateModified\":\"2025-09-15T13:15:21+00:00\",\"breadcrumb\":{\"@id\":\"https:\\\/\\\/www.exquisitarium.com\\\/fr\\\/produit\\\/lasagne-viande-bechamel-fromage\\\/#breadcrumb\"},\"inLanguage\":\"fr-FR\",\"potentialAction\":[{\"@type\":\"ReadAction\",\"target\":[\"https:\\\/\\\/www.exquisitarium.com\\\/fr\\\/produit\\\/lasagne-viande-bechamel-fromage\\\/\"]}]},{\"@type\":\"ImageObject\",\"inLanguage\":\"fr-FR\",\"@id\":\"https:\\\/\\\/www.exquisitarium.com\\\/fr\\\/produit\\\/lasagne-viande-bechamel-fromage\\\/#primaryimage\",\"url\":\"https:\\\/\\\/www.exquisitarium.com\\\/wp-content\\\/uploads\\\/2018\\\/03\\\/LASANA-BOLONESA-CON-BECHAMEL-Y-QUESO.png\",\"contentUrl\":\"https:\\\/\\\/www.exquisitarium.com\\\/wp-content\\\/uploads\\\/2018\\\/03\\\/LASANA-BOLONESA-CON-BECHAMEL-Y-QUESO.png\",\"width\":600,\"height\":400},{\"@type\":\"BreadcrumbList\",\"@id\":\"https:\\\/\\\/www.exquisitarium.com\\\/fr\\\/produit\\\/lasagne-viande-bechamel-fromage\\\/#breadcrumb\",\"itemListElement\":[{\"@type\":\"ListItem\",\"position\":1,\"name\":\"Home\",\"item\":\"https:\\\/\\\/www.exquisitarium.com\\\/fr\\\/\"},{\"@type\":\"ListItem\",\"position\":2,\"name\":\"Recherche de produit\",\"item\":\"https:\\\/\\\/www.exquisitarium.com\\\/fr\\\/recherche-de-produit\\\/\"},{\"@type\":\"ListItem\",\"position\":3,\"name\":\"LASAGNE ALLA BOLOGNAISE \u00c0 LA SAUCE B\u00c9CHAMEL ET AU FROMAGE.\"}]},{\"@type\":\"WebSite\",\"@id\":\"https:\\\/\\\/www.exquisitarium.com\\\/fr\\\/#website\",\"url\":\"https:\\\/\\\/www.exquisitarium.com\\\/fr\\\/\",\"name\":\"EXQUISITARIUM\",\"description\":\"Tu cocina en buenas manos\",\"publisher\":{\"@id\":\"https:\\\/\\\/www.exquisitarium.com\\\/fr\\\/#organization\"},\"potentialAction\":[{\"@type\":\"SearchAction\",\"target\":{\"@type\":\"EntryPoint\",\"urlTemplate\":\"https:\\\/\\\/www.exquisitarium.com\\\/fr\\\/?s={search_term_string}\"},\"query-input\":{\"@type\":\"PropertyValueSpecification\",\"valueRequired\":true,\"valueName\":\"search_term_string\"}}],\"inLanguage\":\"fr-FR\"},{\"@type\":\"Organization\",\"@id\":\"https:\\\/\\\/www.exquisitarium.com\\\/fr\\\/#organization\",\"name\":\"EXQUISITARIUM\",\"url\":\"https:\\\/\\\/www.exquisitarium.com\\\/fr\\\/\",\"logo\":{\"@type\":\"ImageObject\",\"inLanguage\":\"fr-FR\",\"@id\":\"https:\\\/\\\/www.exquisitarium.com\\\/fr\\\/#\\\/schema\\\/logo\\\/image\\\/\",\"url\":\"https:\\\/\\\/www.exquisitarium.com\\\/wp-content\\\/uploads\\\/2025\\\/10\\\/exquisitarium-logo.svg\",\"contentUrl\":\"https:\\\/\\\/www.exquisitarium.com\\\/wp-content\\\/uploads\\\/2025\\\/10\\\/exquisitarium-logo.svg\",\"width\":233,\"height\":37,\"caption\":\"EXQUISITARIUM\"},\"image\":{\"@id\":\"https:\\\/\\\/www.exquisitarium.com\\\/fr\\\/#\\\/schema\\\/logo\\\/image\\\/\"},\"sameAs\":[\"https:\\\/\\\/www.facebook.com\\\/exquisitarium\\\/\",\"https:\\\/\\\/www.instagram.com\\\/exquisitarium\\\/\",\"https:\\\/\\\/www.linkedin.com\\\/company\\\/exquisitarium\\\/\"]}]}<\/script>\n<!-- \/ Yoast SEO plugin. -->","yoast_head_json":{"title":"LASAGNE ALLA BOLOGNAISE \u00c0 LA SAUCE B\u00c9CHAMEL ET AU FROMAGE. -Plat cuisin\u00e9 pour professionnel- EXQUISITARIUM","robots":{"index":"index","follow":"follow","max-snippet":"max-snippet:-1","max-image-preview":"max-image-preview:large","max-video-preview":"max-video-preview:-1"},"canonical":"https:\/\/www.exquisitarium.com\/fr\/produit\/lasagne-viande-bechamel-fromage\/","og_locale":"fr_FR","og_type":"article","og_title":"LASAGNE ALLA BOLOGNAISE \u00c0 LA SAUCE B\u00c9CHAMEL ET AU FROMAGE. -Plat cuisin\u00e9 pour professionnel- EXQUISITARIUM","og_description":"Demander des informations  Lasagne bolognese \u00e0 la sauce b\u00e9chamel et au fromage identique \u00e0 la recette traditionnelle.","og_url":"https:\/\/www.exquisitarium.com\/fr\/produit\/lasagne-viande-bechamel-fromage\/","og_site_name":"EXQUISITARIUM","article_publisher":"https:\/\/www.facebook.com\/exquisitarium\/","article_modified_time":"2025-09-15T13:15:21+00:00","og_image":[{"width":600,"height":400,"url":"https:\/\/www.exquisitarium.com\/wp-content\/uploads\/2018\/03\/LASAN\u2560aA-BOLON\u2560aESA-CON-BECHAMEL-Y-QUESO.png","type":"image\/png"}],"twitter_card":"summary_large_image","twitter_misc":{"Dur\u00e9e de lecture estim\u00e9e":"1 minute"},"schema":{"@context":"https:\/\/schema.org","@graph":[{"@type":"WebPage","@id":"https:\/\/www.exquisitarium.com\/fr\/produit\/lasagne-viande-bechamel-fromage\/","url":"https:\/\/www.exquisitarium.com\/fr\/produit\/lasagne-viande-bechamel-fromage\/","name":"LASAGNE ALLA BOLOGNAISE \u00c0 LA SAUCE B\u00c9CHAMEL ET AU FROMAGE. -Plat cuisin\u00e9 pour professionnel- EXQUISITARIUM","isPartOf":{"@id":"https:\/\/www.exquisitarium.com\/fr\/#website"},"primaryImageOfPage":{"@id":"https:\/\/www.exquisitarium.com\/fr\/produit\/lasagne-viande-bechamel-fromage\/#primaryimage"},"image":{"@id":"https:\/\/www.exquisitarium.com\/fr\/produit\/lasagne-viande-bechamel-fromage\/#primaryimage"},"thumbnailUrl":"https:\/\/www.exquisitarium.com\/wp-content\/uploads\/2018\/03\/LASANA-BOLONESA-CON-BECHAMEL-Y-QUESO.png","datePublished":"2018-03-09T11:09:44+00:00","dateModified":"2025-09-15T13:15:21+00:00","breadcrumb":{"@id":"https:\/\/www.exquisitarium.com\/fr\/produit\/lasagne-viande-bechamel-fromage\/#breadcrumb"},"inLanguage":"fr-FR","potentialAction":[{"@type":"ReadAction","target":["https:\/\/www.exquisitarium.com\/fr\/produit\/lasagne-viande-bechamel-fromage\/"]}]},{"@type":"ImageObject","inLanguage":"fr-FR","@id":"https:\/\/www.exquisitarium.com\/fr\/produit\/lasagne-viande-bechamel-fromage\/#primaryimage","url":"https:\/\/www.exquisitarium.com\/wp-content\/uploads\/2018\/03\/LASANA-BOLONESA-CON-BECHAMEL-Y-QUESO.png","contentUrl":"https:\/\/www.exquisitarium.com\/wp-content\/uploads\/2018\/03\/LASANA-BOLONESA-CON-BECHAMEL-Y-QUESO.png","width":600,"height":400},{"@type":"BreadcrumbList","@id":"https:\/\/www.exquisitarium.com\/fr\/produit\/lasagne-viande-bechamel-fromage\/#breadcrumb","itemListElement":[{"@type":"ListItem","position":1,"name":"Home","item":"https:\/\/www.exquisitarium.com\/fr\/"},{"@type":"ListItem","position":2,"name":"Recherche de produit","item":"https:\/\/www.exquisitarium.com\/fr\/recherche-de-produit\/"},{"@type":"ListItem","position":3,"name":"LASAGNE ALLA BOLOGNAISE \u00c0 LA SAUCE B\u00c9CHAMEL ET AU FROMAGE."}]},{"@type":"WebSite","@id":"https:\/\/www.exquisitarium.com\/fr\/#website","url":"https:\/\/www.exquisitarium.com\/fr\/","name":"EXQUISITARIUM","description":"Tu cocina en buenas manos","publisher":{"@id":"https:\/\/www.exquisitarium.com\/fr\/#organization"},"potentialAction":[{"@type":"SearchAction","target":{"@type":"EntryPoint","urlTemplate":"https:\/\/www.exquisitarium.com\/fr\/?s={search_term_string}"},"query-input":{"@type":"PropertyValueSpecification","valueRequired":true,"valueName":"search_term_string"}}],"inLanguage":"fr-FR"},{"@type":"Organization","@id":"https:\/\/www.exquisitarium.com\/fr\/#organization","name":"EXQUISITARIUM","url":"https:\/\/www.exquisitarium.com\/fr\/","logo":{"@type":"ImageObject","inLanguage":"fr-FR","@id":"https:\/\/www.exquisitarium.com\/fr\/#\/schema\/logo\/image\/","url":"https:\/\/www.exquisitarium.com\/wp-content\/uploads\/2025\/10\/exquisitarium-logo.svg","contentUrl":"https:\/\/www.exquisitarium.com\/wp-content\/uploads\/2025\/10\/exquisitarium-logo.svg","width":233,"height":37,"caption":"EXQUISITARIUM"},"image":{"@id":"https:\/\/www.exquisitarium.com\/fr\/#\/schema\/logo\/image\/"},"sameAs":["https:\/\/www.facebook.com\/exquisitarium\/","https:\/\/www.instagram.com\/exquisitarium\/","https:\/\/www.linkedin.com\/company\/exquisitarium\/"]}]}},"_links":{"self":[{"href":"https:\/\/www.exquisitarium.com\/fr\/wp-json\/wp\/v2\/product\/8961","targetHints":{"allow":["GET"]}}],"collection":[{"href":"https:\/\/www.exquisitarium.com\/fr\/wp-json\/wp\/v2\/product"}],"about":[{"href":"https:\/\/www.exquisitarium.com\/fr\/wp-json\/wp\/v2\/types\/product"}],"version-history":[{"count":0,"href":"https:\/\/www.exquisitarium.com\/fr\/wp-json\/wp\/v2\/product\/8961\/revisions"}],"wp:featuredmedia":[{"embeddable":true,"href":"https:\/\/www.exquisitarium.com\/fr\/wp-json\/wp\/v2\/media\/23984"}],"wp:attachment":[{"href":"https:\/\/www.exquisitarium.com\/fr\/wp-json\/wp\/v2\/media?parent=8961"}],"wp:term":[{"taxonomy":"product_cat","embeddable":true,"href":"https:\/\/www.exquisitarium.com\/fr\/wp-json\/wp\/v2\/product_cat?post=8961"},{"taxonomy":"product_tag","embeddable":true,"href":"https:\/\/www.exquisitarium.com\/fr\/wp-json\/wp\/v2\/product_tag?post=8961"}],"curies":[{"name":"wp","href":"https:\/\/api.w.org\/{rel}","templated":true}]}}