{"id":8654,"date":"2018-03-09T12:09:45","date_gmt":"2018-03-09T11:09:45","guid":{"rendered":"https:\/\/www.exquisitarium.com\/productos\/lasagne-legumes-bechamel-fromage\/"},"modified":"2025-09-15T15:14:33","modified_gmt":"2025-09-15T13:14:33","slug":"lasagne-legumes-bechamel-fromage","status":"publish","type":"product","link":"https:\/\/www.exquisitarium.com\/fr\/produit\/lasagne-legumes-bechamel-fromage\/","title":{"rendered":"LASAGN\u00c9 DE LEGUMES \u00c0 LA SAUCE B\u00c9CHAMEL ET AU FROMAGE"},"content":{"rendered":"<p>Ce plat vous transportera en Italie. De savoureuses feuilles de p\u00e2te s\u00e9par\u00e9es par des l\u00e9gumes soigneusement s\u00e9lectionn\u00e9s parmi lesquels des courgettes, des oignons et des poivrons, accompagn\u00e9s d&#8217;une d\u00e9licieuse sauce b\u00e9chamel. Vous pouvez pr\u00e9parer cette d\u00e9licieuse recette en seulement quelques minutes, avec toute la saveur d&#8217;une lasagne fra\u00eechement cuisin\u00e9e. Pr\u00e9sentation en part individuelle de 300 g sous la r\u00e9f\u00e9rence 16022. \u00c0 servir sur un plateau de 2 kg sous la r\u00e9f\u00e9rence 16029.<\/p>\n<p><strong><a href=\"https:\/\/www.exquisitarium.com\/wp-content\/uploads\/2018\/03\/Pictogramas_Exquisitarium_micro-e1520250428352.png\"><img decoding=\"async\" class=\"alignnone wp-image-4888\" src=\"https:\/\/www.exquisitarium.com\/wp-content\/uploads\/2018\/03\/Pictogramas_Exquisitarium_micro-251x300.png\" alt=\"\" width=\"70\" height=\"70\" \/><\/a>MICRO-ONDES<\/strong><\/p>\n<p><strong><a href=\"https:\/\/www.exquisitarium.com\/wp-content\/uploads\/2018\/03\/Pictogramas_Exquisitarium_forn-e1520333452926.png\"><img decoding=\"async\" class=\"alignnone wp-image-4919\" src=\"https:\/\/www.exquisitarium.com\/wp-content\/uploads\/2018\/03\/Pictogramas_Exquisitarium_forn-252x300.png\" alt=\"\" width=\"70\" height=\"70\" \/><\/a>FOUR<\/strong><\/p>\n<p><strong>Code 16022 :<\/strong> MICRO-ONDES : Il n&#8217;est pas n\u00e9cessaire de d\u00e9congeler au pr\u00e9alable, percer la partie sup\u00e9rieure du r\u00e9cipient en diff\u00e9rents points et chauffer directement au micro-ondes pendant 8 ou 9 minutes \u00e0 800W. FOUR : Retirer la plaque en plastique et placer dans un r\u00e9cipient adapt\u00e9 au four, placer \u00e0 hauteur moyenne et cuire \u00e0 200\u00b0C pendant environ 20 min. La fonction gratin peut \u00eatre termin\u00e9e. <strong>Code 16029 :<\/strong> Pr\u00e9c\u00e9demment d\u00e9congel\u00e9 : FOUR : Placer avec la m\u00eame plaque en aluminium \u00e0 hauteur moyenne \u00e0 180\u00b0C, pendant environ 20 min. jusqu&#8217;\u00e0 ce qu&#8217;il atteigne 74\u00baC au centre du produit. La fonction gratin peut \u00eatre termin\u00e9e.<\/p>\n","protected":false},"excerpt":{"rendered":"<p><a class=\"button\" href=\"https:\/\/www.exquisitarium.com\/fr\/formulaire-de-contact\/\">Demander des informations<\/a><\/p>\n<p>Lasagne de l\u00e9gumes, simplement d\u00e9licieuse.<\/p>\n","protected":false},"featured_media":23978,"template":"","meta":{"_exactmetrics_skip_tracking":false,"_exactmetrics_sitenote_active":false,"_exactmetrics_sitenote_note":"","_exactmetrics_sitenote_category":0},"product_cat":[280,272,255],"product_tag":[281],"class_list":{"0":"post-8654","1":"product","2":"type-product","3":"status-publish","4":"has-post-thumbnail","6":"product_cat-legumesfr","7":"product_cat-pates-fr","8":"product_cat-tapas-fr","9":"product_tag-catalogue-lasagnes-pates","10":"pa_aplicacion-bar-fr","11":"pa_aplicacion-cafeteria-patisserie-fr","12":"pa_aplicacion-food-truck-fr","13":"pa_aplicacion-gastrobar-fr","14":"pa_aplicacion-hotels-fr","15":"pa_aplicacion-restaurant-fr","16":"pa_aplicacion-room-service-fr","17":"pa_apto-vegetarien-fr","18":"pa_regeneracion-four-fr","19":"pa_regeneracion-micro-ondes-fr","21":"first","22":"instock","23":"shipping-taxable","24":"product-type-simple"},"yoast_head":"<!-- This site is optimized with the Yoast SEO plugin v27.5 - https:\/\/yoast.com\/product\/yoast-seo-wordpress\/ -->\n<title>LASAGN\u00c9 DE LEGUMES \u00c0 LA SAUCE B\u00c9CHAMEL ET AU FROMAGE - Plat cuisin\u00e9 pour professionnel- EXQUISITARIUM<\/title>\n<meta name=\"robots\" content=\"index, follow, max-snippet:-1, max-image-preview:large, max-video-preview:-1\" \/>\n<link rel=\"canonical\" href=\"https:\/\/www.exquisitarium.com\/fr\/produit\/lasagne-legumes-bechamel-fromage\/\" \/>\n<meta property=\"og:locale\" content=\"fr_FR\" \/>\n<meta property=\"og:type\" content=\"article\" \/>\n<meta property=\"og:title\" content=\"LASAGN\u00c9 DE LEGUMES \u00c0 LA SAUCE B\u00c9CHAMEL ET AU FROMAGE - Plat cuisin\u00e9 pour professionnel- EXQUISITARIUM\" \/>\n<meta property=\"og:description\" content=\"Demander des informations  Lasagne de l\u00e9gumes, simplement d\u00e9licieuse.\" \/>\n<meta property=\"og:url\" content=\"https:\/\/www.exquisitarium.com\/fr\/produit\/lasagne-legumes-bechamel-fromage\/\" \/>\n<meta property=\"og:site_name\" content=\"EXQUISITARIUM\" \/>\n<meta property=\"article:publisher\" content=\"https:\/\/www.facebook.com\/exquisitarium\/\" \/>\n<meta property=\"article:modified_time\" content=\"2025-09-15T13:14:33+00:00\" \/>\n<meta property=\"og:image\" content=\"https:\/\/www.exquisitarium.com\/wp-content\/uploads\/2018\/03\/LASAN\u2560aA-DE-VERDURAS-CON-BECHAMEL-Y-QUESO.png\" \/>\n\t<meta property=\"og:image:width\" content=\"600\" \/>\n\t<meta property=\"og:image:height\" content=\"445\" \/>\n\t<meta property=\"og:image:type\" content=\"image\/png\" \/>\n<meta name=\"twitter:card\" content=\"summary_large_image\" \/>\n<meta name=\"twitter:label1\" content=\"Dur\u00e9e de lecture estim\u00e9e\" \/>\n\t<meta name=\"twitter:data1\" content=\"1 minute\" \/>\n<script type=\"application\/ld+json\" class=\"yoast-schema-graph\">{\"@context\":\"https:\\\/\\\/schema.org\",\"@graph\":[{\"@type\":\"WebPage\",\"@id\":\"https:\\\/\\\/www.exquisitarium.com\\\/fr\\\/produit\\\/lasagne-legumes-bechamel-fromage\\\/\",\"url\":\"https:\\\/\\\/www.exquisitarium.com\\\/fr\\\/produit\\\/lasagne-legumes-bechamel-fromage\\\/\",\"name\":\"LASAGN\u00c9 DE LEGUMES \u00c0 LA SAUCE B\u00c9CHAMEL ET AU FROMAGE - Plat cuisin\u00e9 pour professionnel- EXQUISITARIUM\",\"isPartOf\":{\"@id\":\"https:\\\/\\\/www.exquisitarium.com\\\/fr\\\/#website\"},\"primaryImageOfPage\":{\"@id\":\"https:\\\/\\\/www.exquisitarium.com\\\/fr\\\/produit\\\/lasagne-legumes-bechamel-fromage\\\/#primaryimage\"},\"image\":{\"@id\":\"https:\\\/\\\/www.exquisitarium.com\\\/fr\\\/produit\\\/lasagne-legumes-bechamel-fromage\\\/#primaryimage\"},\"thumbnailUrl\":\"https:\\\/\\\/www.exquisitarium.com\\\/wp-content\\\/uploads\\\/2018\\\/03\\\/LASANA-DE-VERDURAS-CON-BECHAMEL-Y-QUESO.png\",\"datePublished\":\"2018-03-09T11:09:45+00:00\",\"dateModified\":\"2025-09-15T13:14:33+00:00\",\"breadcrumb\":{\"@id\":\"https:\\\/\\\/www.exquisitarium.com\\\/fr\\\/produit\\\/lasagne-legumes-bechamel-fromage\\\/#breadcrumb\"},\"inLanguage\":\"fr-FR\",\"potentialAction\":[{\"@type\":\"ReadAction\",\"target\":[\"https:\\\/\\\/www.exquisitarium.com\\\/fr\\\/produit\\\/lasagne-legumes-bechamel-fromage\\\/\"]}]},{\"@type\":\"ImageObject\",\"inLanguage\":\"fr-FR\",\"@id\":\"https:\\\/\\\/www.exquisitarium.com\\\/fr\\\/produit\\\/lasagne-legumes-bechamel-fromage\\\/#primaryimage\",\"url\":\"https:\\\/\\\/www.exquisitarium.com\\\/wp-content\\\/uploads\\\/2018\\\/03\\\/LASANA-DE-VERDURAS-CON-BECHAMEL-Y-QUESO.png\",\"contentUrl\":\"https:\\\/\\\/www.exquisitarium.com\\\/wp-content\\\/uploads\\\/2018\\\/03\\\/LASANA-DE-VERDURAS-CON-BECHAMEL-Y-QUESO.png\",\"width\":600,\"height\":445},{\"@type\":\"BreadcrumbList\",\"@id\":\"https:\\\/\\\/www.exquisitarium.com\\\/fr\\\/produit\\\/lasagne-legumes-bechamel-fromage\\\/#breadcrumb\",\"itemListElement\":[{\"@type\":\"ListItem\",\"position\":1,\"name\":\"Home\",\"item\":\"https:\\\/\\\/www.exquisitarium.com\\\/fr\\\/\"},{\"@type\":\"ListItem\",\"position\":2,\"name\":\"Recherche de produit\",\"item\":\"https:\\\/\\\/www.exquisitarium.com\\\/fr\\\/recherche-de-produit\\\/\"},{\"@type\":\"ListItem\",\"position\":3,\"name\":\"LASAGN\u00c9 DE LEGUMES \u00c0 LA SAUCE B\u00c9CHAMEL ET AU FROMAGE\"}]},{\"@type\":\"WebSite\",\"@id\":\"https:\\\/\\\/www.exquisitarium.com\\\/fr\\\/#website\",\"url\":\"https:\\\/\\\/www.exquisitarium.com\\\/fr\\\/\",\"name\":\"EXQUISITARIUM\",\"description\":\"Tu cocina en buenas manos\",\"publisher\":{\"@id\":\"https:\\\/\\\/www.exquisitarium.com\\\/fr\\\/#organization\"},\"potentialAction\":[{\"@type\":\"SearchAction\",\"target\":{\"@type\":\"EntryPoint\",\"urlTemplate\":\"https:\\\/\\\/www.exquisitarium.com\\\/fr\\\/?s={search_term_string}\"},\"query-input\":{\"@type\":\"PropertyValueSpecification\",\"valueRequired\":true,\"valueName\":\"search_term_string\"}}],\"inLanguage\":\"fr-FR\"},{\"@type\":\"Organization\",\"@id\":\"https:\\\/\\\/www.exquisitarium.com\\\/fr\\\/#organization\",\"name\":\"EXQUISITARIUM\",\"url\":\"https:\\\/\\\/www.exquisitarium.com\\\/fr\\\/\",\"logo\":{\"@type\":\"ImageObject\",\"inLanguage\":\"fr-FR\",\"@id\":\"https:\\\/\\\/www.exquisitarium.com\\\/fr\\\/#\\\/schema\\\/logo\\\/image\\\/\",\"url\":\"https:\\\/\\\/www.exquisitarium.com\\\/wp-content\\\/uploads\\\/2025\\\/10\\\/exquisitarium-logo.svg\",\"contentUrl\":\"https:\\\/\\\/www.exquisitarium.com\\\/wp-content\\\/uploads\\\/2025\\\/10\\\/exquisitarium-logo.svg\",\"width\":233,\"height\":37,\"caption\":\"EXQUISITARIUM\"},\"image\":{\"@id\":\"https:\\\/\\\/www.exquisitarium.com\\\/fr\\\/#\\\/schema\\\/logo\\\/image\\\/\"},\"sameAs\":[\"https:\\\/\\\/www.facebook.com\\\/exquisitarium\\\/\",\"https:\\\/\\\/www.instagram.com\\\/exquisitarium\\\/\",\"https:\\\/\\\/www.linkedin.com\\\/company\\\/exquisitarium\\\/\"]}]}<\/script>\n<!-- \/ Yoast SEO plugin. -->","yoast_head_json":{"title":"LASAGN\u00c9 DE LEGUMES \u00c0 LA SAUCE B\u00c9CHAMEL ET AU FROMAGE - Plat cuisin\u00e9 pour professionnel- EXQUISITARIUM","robots":{"index":"index","follow":"follow","max-snippet":"max-snippet:-1","max-image-preview":"max-image-preview:large","max-video-preview":"max-video-preview:-1"},"canonical":"https:\/\/www.exquisitarium.com\/fr\/produit\/lasagne-legumes-bechamel-fromage\/","og_locale":"fr_FR","og_type":"article","og_title":"LASAGN\u00c9 DE LEGUMES \u00c0 LA SAUCE B\u00c9CHAMEL ET AU FROMAGE - Plat cuisin\u00e9 pour professionnel- EXQUISITARIUM","og_description":"Demander des informations  Lasagne de l\u00e9gumes, simplement d\u00e9licieuse.","og_url":"https:\/\/www.exquisitarium.com\/fr\/produit\/lasagne-legumes-bechamel-fromage\/","og_site_name":"EXQUISITARIUM","article_publisher":"https:\/\/www.facebook.com\/exquisitarium\/","article_modified_time":"2025-09-15T13:14:33+00:00","og_image":[{"width":600,"height":445,"url":"https:\/\/www.exquisitarium.com\/wp-content\/uploads\/2018\/03\/LASAN\u2560aA-DE-VERDURAS-CON-BECHAMEL-Y-QUESO.png","type":"image\/png"}],"twitter_card":"summary_large_image","twitter_misc":{"Dur\u00e9e de lecture estim\u00e9e":"1 minute"},"schema":{"@context":"https:\/\/schema.org","@graph":[{"@type":"WebPage","@id":"https:\/\/www.exquisitarium.com\/fr\/produit\/lasagne-legumes-bechamel-fromage\/","url":"https:\/\/www.exquisitarium.com\/fr\/produit\/lasagne-legumes-bechamel-fromage\/","name":"LASAGN\u00c9 DE LEGUMES \u00c0 LA SAUCE B\u00c9CHAMEL ET AU FROMAGE - Plat cuisin\u00e9 pour professionnel- EXQUISITARIUM","isPartOf":{"@id":"https:\/\/www.exquisitarium.com\/fr\/#website"},"primaryImageOfPage":{"@id":"https:\/\/www.exquisitarium.com\/fr\/produit\/lasagne-legumes-bechamel-fromage\/#primaryimage"},"image":{"@id":"https:\/\/www.exquisitarium.com\/fr\/produit\/lasagne-legumes-bechamel-fromage\/#primaryimage"},"thumbnailUrl":"https:\/\/www.exquisitarium.com\/wp-content\/uploads\/2018\/03\/LASANA-DE-VERDURAS-CON-BECHAMEL-Y-QUESO.png","datePublished":"2018-03-09T11:09:45+00:00","dateModified":"2025-09-15T13:14:33+00:00","breadcrumb":{"@id":"https:\/\/www.exquisitarium.com\/fr\/produit\/lasagne-legumes-bechamel-fromage\/#breadcrumb"},"inLanguage":"fr-FR","potentialAction":[{"@type":"ReadAction","target":["https:\/\/www.exquisitarium.com\/fr\/produit\/lasagne-legumes-bechamel-fromage\/"]}]},{"@type":"ImageObject","inLanguage":"fr-FR","@id":"https:\/\/www.exquisitarium.com\/fr\/produit\/lasagne-legumes-bechamel-fromage\/#primaryimage","url":"https:\/\/www.exquisitarium.com\/wp-content\/uploads\/2018\/03\/LASANA-DE-VERDURAS-CON-BECHAMEL-Y-QUESO.png","contentUrl":"https:\/\/www.exquisitarium.com\/wp-content\/uploads\/2018\/03\/LASANA-DE-VERDURAS-CON-BECHAMEL-Y-QUESO.png","width":600,"height":445},{"@type":"BreadcrumbList","@id":"https:\/\/www.exquisitarium.com\/fr\/produit\/lasagne-legumes-bechamel-fromage\/#breadcrumb","itemListElement":[{"@type":"ListItem","position":1,"name":"Home","item":"https:\/\/www.exquisitarium.com\/fr\/"},{"@type":"ListItem","position":2,"name":"Recherche de produit","item":"https:\/\/www.exquisitarium.com\/fr\/recherche-de-produit\/"},{"@type":"ListItem","position":3,"name":"LASAGN\u00c9 DE LEGUMES \u00c0 LA SAUCE B\u00c9CHAMEL ET AU FROMAGE"}]},{"@type":"WebSite","@id":"https:\/\/www.exquisitarium.com\/fr\/#website","url":"https:\/\/www.exquisitarium.com\/fr\/","name":"EXQUISITARIUM","description":"Tu cocina en buenas manos","publisher":{"@id":"https:\/\/www.exquisitarium.com\/fr\/#organization"},"potentialAction":[{"@type":"SearchAction","target":{"@type":"EntryPoint","urlTemplate":"https:\/\/www.exquisitarium.com\/fr\/?s={search_term_string}"},"query-input":{"@type":"PropertyValueSpecification","valueRequired":true,"valueName":"search_term_string"}}],"inLanguage":"fr-FR"},{"@type":"Organization","@id":"https:\/\/www.exquisitarium.com\/fr\/#organization","name":"EXQUISITARIUM","url":"https:\/\/www.exquisitarium.com\/fr\/","logo":{"@type":"ImageObject","inLanguage":"fr-FR","@id":"https:\/\/www.exquisitarium.com\/fr\/#\/schema\/logo\/image\/","url":"https:\/\/www.exquisitarium.com\/wp-content\/uploads\/2025\/10\/exquisitarium-logo.svg","contentUrl":"https:\/\/www.exquisitarium.com\/wp-content\/uploads\/2025\/10\/exquisitarium-logo.svg","width":233,"height":37,"caption":"EXQUISITARIUM"},"image":{"@id":"https:\/\/www.exquisitarium.com\/fr\/#\/schema\/logo\/image\/"},"sameAs":["https:\/\/www.facebook.com\/exquisitarium\/","https:\/\/www.instagram.com\/exquisitarium\/","https:\/\/www.linkedin.com\/company\/exquisitarium\/"]}]}},"_links":{"self":[{"href":"https:\/\/www.exquisitarium.com\/fr\/wp-json\/wp\/v2\/product\/8654","targetHints":{"allow":["GET"]}}],"collection":[{"href":"https:\/\/www.exquisitarium.com\/fr\/wp-json\/wp\/v2\/product"}],"about":[{"href":"https:\/\/www.exquisitarium.com\/fr\/wp-json\/wp\/v2\/types\/product"}],"version-history":[{"count":0,"href":"https:\/\/www.exquisitarium.com\/fr\/wp-json\/wp\/v2\/product\/8654\/revisions"}],"wp:featuredmedia":[{"embeddable":true,"href":"https:\/\/www.exquisitarium.com\/fr\/wp-json\/wp\/v2\/media\/23978"}],"wp:attachment":[{"href":"https:\/\/www.exquisitarium.com\/fr\/wp-json\/wp\/v2\/media?parent=8654"}],"wp:term":[{"taxonomy":"product_cat","embeddable":true,"href":"https:\/\/www.exquisitarium.com\/fr\/wp-json\/wp\/v2\/product_cat?post=8654"},{"taxonomy":"product_tag","embeddable":true,"href":"https:\/\/www.exquisitarium.com\/fr\/wp-json\/wp\/v2\/product_tag?post=8654"}],"curies":[{"name":"wp","href":"https:\/\/api.w.org\/{rel}","templated":true}]}}