{"id":8643,"date":"2018-03-06T15:27:56","date_gmt":"2018-03-06T14:27:56","guid":{"rendered":"https:\/\/www.exquisitarium.com\/productos\/croquette-cepes-foie-gras\/"},"modified":"2025-09-10T14:44:09","modified_gmt":"2025-09-10T12:44:09","slug":"croquette-aux-cepes-et-au-foie-gras","status":"publish","type":"product","link":"https:\/\/www.exquisitarium.com\/fr\/produit\/croquette-aux-cepes-et-au-foie-gras\/","title":{"rendered":"CROQUETTE AUX C\u00c8PES ET AU FOIE GRAS"},"content":{"rendered":"<p>Croquette aux c\u00e8pes et au foie La forme originale et \u00e9l\u00e9gante est comparable \u00e0 la vari\u00e9t\u00e9 de croquette de soubressade au miel. Une de nos vari\u00e9t\u00e9s de croquettes\u00a0 les plus caract\u00e9ristiques \u00e0 l\u2019harmonie parfaite de saveurs. Id\u00e9ale pour servir en tapa, accompagnement, ap\u00e9ritif ou lors d\u2019\u00e9v\u00e8nements&#8230; comme des conseils. Avant de servir, il est conseill\u00e9 de laisser reposer quelques minutes.<\/p>\n<p><strong><a href=\"https:\/\/www.exquisitarium.com\/wp-content\/uploads\/2018\/03\/Pictogramas_Exquisitarium_freidora-e1520250825326.png\"><img decoding=\"async\" class=\"alignnone wp-image-4878\" src=\"https:\/\/www.exquisitarium.com\/wp-content\/uploads\/2018\/03\/Pictogramas_Exquisitarium_freidora.png\" alt=\"\" width=\"70\" height=\"70\" \/><\/a>FRITEUSE<\/strong><\/p>\n<p>Conseil de pr\u00e9paration\u00a0Sans besoin de d\u00e9congeler au pr\u00e9alable, faites frire les croquetas directement dans une huile \u00e0 180\u00b0C. Gardez \u00e0 l&#8217;esprit que si de nombreuses croquettes sont frites avec un peu d&#8217;huile, l&#8217;huile refroidira et le r\u00e9sultat ne sera pas optimal. De plus, entre la friture et la friture, il devrait \u00eatre possible de r\u00e9cup\u00e9rer les 180 \u00b0 C pour une nouvelle friture. Il est conseill\u00e9 de laisser reposer 2 min avant de servir.<\/p>\n","protected":false},"excerpt":{"rendered":"<p><a class=\"button\" href=\"https:\/\/www.exquisitarium.com\/fr\/formulaire-de-contact\/\">Demander des information<\/a><\/p>\n<p>Croquette aux bolets et au foie gras \u00c0 la forme originale et \u00e9l\u00e9gante \u00e0 partager \u00e9galement avec la vari\u00e9t\u00e9 de croquette de soubressade au miel<\/p>\n","protected":false},"featured_media":21427,"template":"","meta":{"_exactmetrics_skip_tracking":false,"_exactmetrics_sitenote_active":false,"_exactmetrics_sitenote_note":"","_exactmetrics_sitenote_category":0},"product_cat":[254,278,255],"product_tag":[279],"class_list":{"0":"post-8643","1":"product","2":"type-product","3":"status-publish","4":"has-post-thumbnail","6":"product_cat-aperitifsfr","7":"product_cat-croquettes-fr","8":"product_cat-tapas-fr","9":"product_tag-catalogue-croquette","10":"pa_aplicacion-bar-fr","11":"pa_aplicacion-cafeteria-patisserie-fr","12":"pa_aplicacion-food-truck-fr","13":"pa_aplicacion-gastrobar-fr","14":"pa_aplicacion-hotels-fr","15":"pa_aplicacion-restaurant-fr","16":"pa_aplicacion-traiteur-fr","17":"pa_regeneracion-friteuse-fr","19":"first","20":"instock","21":"shipping-taxable","22":"product-type-simple"},"yoast_head":"<!-- This site is optimized with the Yoast SEO plugin v27.5 - https:\/\/yoast.com\/product\/yoast-seo-wordpress\/ -->\n<title>CROQUETTE AUX C\u00c8PES ET AU FOIE GRAS - Plat cuisin\u00e9 pour professionnel- EXQUISITARIUM<\/title>\n<meta name=\"robots\" content=\"index, follow, max-snippet:-1, max-image-preview:large, max-video-preview:-1\" \/>\n<link rel=\"canonical\" href=\"https:\/\/www.exquisitarium.com\/fr\/produit\/croquette-aux-cepes-et-au-foie-gras\/\" \/>\n<meta property=\"og:locale\" content=\"fr_FR\" \/>\n<meta property=\"og:type\" content=\"article\" \/>\n<meta property=\"og:title\" content=\"CROQUETTE AUX C\u00c8PES ET AU FOIE GRAS - Plat cuisin\u00e9 pour professionnel- EXQUISITARIUM\" \/>\n<meta property=\"og:description\" content=\"Demander des information  Croquette aux bolets et au foie gras \u00c0 la forme originale et \u00e9l\u00e9gante \u00e0 partager \u00e9galement avec la vari\u00e9t\u00e9 de croquette de soubressade au miel\" \/>\n<meta property=\"og:url\" content=\"https:\/\/www.exquisitarium.com\/fr\/produit\/croquette-aux-cepes-et-au-foie-gras\/\" \/>\n<meta property=\"og:site_name\" content=\"EXQUISITARIUM\" \/>\n<meta property=\"article:publisher\" content=\"https:\/\/www.facebook.com\/exquisitarium\/\" \/>\n<meta property=\"article:modified_time\" content=\"2025-09-10T12:44:09+00:00\" \/>\n<meta property=\"og:image\" content=\"https:\/\/www.exquisitarium.com\/wp-content\/uploads\/2018\/03\/CROQUETA-DE-BOLETUS-I-FOIE.png\" \/>\n\t<meta property=\"og:image:width\" content=\"700\" \/>\n\t<meta property=\"og:image:height\" content=\"520\" \/>\n\t<meta property=\"og:image:type\" content=\"image\/png\" \/>\n<meta name=\"twitter:card\" content=\"summary_large_image\" \/>\n<meta name=\"twitter:label1\" content=\"Dur\u00e9e de lecture estim\u00e9e\" \/>\n\t<meta name=\"twitter:data1\" content=\"1 minute\" \/>\n<script type=\"application\/ld+json\" class=\"yoast-schema-graph\">{\"@context\":\"https:\\\/\\\/schema.org\",\"@graph\":[{\"@type\":\"WebPage\",\"@id\":\"https:\\\/\\\/www.exquisitarium.com\\\/fr\\\/produit\\\/croquette-aux-cepes-et-au-foie-gras\\\/\",\"url\":\"https:\\\/\\\/www.exquisitarium.com\\\/fr\\\/produit\\\/croquette-aux-cepes-et-au-foie-gras\\\/\",\"name\":\"CROQUETTE AUX C\u00c8PES ET AU FOIE GRAS - Plat cuisin\u00e9 pour professionnel- EXQUISITARIUM\",\"isPartOf\":{\"@id\":\"https:\\\/\\\/www.exquisitarium.com\\\/fr\\\/#website\"},\"primaryImageOfPage\":{\"@id\":\"https:\\\/\\\/www.exquisitarium.com\\\/fr\\\/produit\\\/croquette-aux-cepes-et-au-foie-gras\\\/#primaryimage\"},\"image\":{\"@id\":\"https:\\\/\\\/www.exquisitarium.com\\\/fr\\\/produit\\\/croquette-aux-cepes-et-au-foie-gras\\\/#primaryimage\"},\"thumbnailUrl\":\"https:\\\/\\\/www.exquisitarium.com\\\/wp-content\\\/uploads\\\/2018\\\/03\\\/CROQUETA-DE-BOLETUS-I-FOIE.png\",\"datePublished\":\"2018-03-06T14:27:56+00:00\",\"dateModified\":\"2025-09-10T12:44:09+00:00\",\"breadcrumb\":{\"@id\":\"https:\\\/\\\/www.exquisitarium.com\\\/fr\\\/produit\\\/croquette-aux-cepes-et-au-foie-gras\\\/#breadcrumb\"},\"inLanguage\":\"fr-FR\",\"potentialAction\":[{\"@type\":\"ReadAction\",\"target\":[\"https:\\\/\\\/www.exquisitarium.com\\\/fr\\\/produit\\\/croquette-aux-cepes-et-au-foie-gras\\\/\"]}]},{\"@type\":\"ImageObject\",\"inLanguage\":\"fr-FR\",\"@id\":\"https:\\\/\\\/www.exquisitarium.com\\\/fr\\\/produit\\\/croquette-aux-cepes-et-au-foie-gras\\\/#primaryimage\",\"url\":\"https:\\\/\\\/www.exquisitarium.com\\\/wp-content\\\/uploads\\\/2018\\\/03\\\/CROQUETA-DE-BOLETUS-I-FOIE.png\",\"contentUrl\":\"https:\\\/\\\/www.exquisitarium.com\\\/wp-content\\\/uploads\\\/2018\\\/03\\\/CROQUETA-DE-BOLETUS-I-FOIE.png\",\"width\":700,\"height\":520},{\"@type\":\"BreadcrumbList\",\"@id\":\"https:\\\/\\\/www.exquisitarium.com\\\/fr\\\/produit\\\/croquette-aux-cepes-et-au-foie-gras\\\/#breadcrumb\",\"itemListElement\":[{\"@type\":\"ListItem\",\"position\":1,\"name\":\"Home\",\"item\":\"https:\\\/\\\/www.exquisitarium.com\\\/fr\\\/\"},{\"@type\":\"ListItem\",\"position\":2,\"name\":\"Recherche de produit\",\"item\":\"https:\\\/\\\/www.exquisitarium.com\\\/fr\\\/recherche-de-produit\\\/\"},{\"@type\":\"ListItem\",\"position\":3,\"name\":\"CROQUETTE AUX C\u00c8PES ET AU FOIE GRAS\"}]},{\"@type\":\"WebSite\",\"@id\":\"https:\\\/\\\/www.exquisitarium.com\\\/fr\\\/#website\",\"url\":\"https:\\\/\\\/www.exquisitarium.com\\\/fr\\\/\",\"name\":\"EXQUISITARIUM\",\"description\":\"Tu cocina en buenas manos\",\"publisher\":{\"@id\":\"https:\\\/\\\/www.exquisitarium.com\\\/fr\\\/#organization\"},\"potentialAction\":[{\"@type\":\"SearchAction\",\"target\":{\"@type\":\"EntryPoint\",\"urlTemplate\":\"https:\\\/\\\/www.exquisitarium.com\\\/fr\\\/?s={search_term_string}\"},\"query-input\":{\"@type\":\"PropertyValueSpecification\",\"valueRequired\":true,\"valueName\":\"search_term_string\"}}],\"inLanguage\":\"fr-FR\"},{\"@type\":\"Organization\",\"@id\":\"https:\\\/\\\/www.exquisitarium.com\\\/fr\\\/#organization\",\"name\":\"EXQUISITARIUM\",\"url\":\"https:\\\/\\\/www.exquisitarium.com\\\/fr\\\/\",\"logo\":{\"@type\":\"ImageObject\",\"inLanguage\":\"fr-FR\",\"@id\":\"https:\\\/\\\/www.exquisitarium.com\\\/fr\\\/#\\\/schema\\\/logo\\\/image\\\/\",\"url\":\"https:\\\/\\\/www.exquisitarium.com\\\/wp-content\\\/uploads\\\/2025\\\/10\\\/exquisitarium-logo.svg\",\"contentUrl\":\"https:\\\/\\\/www.exquisitarium.com\\\/wp-content\\\/uploads\\\/2025\\\/10\\\/exquisitarium-logo.svg\",\"width\":233,\"height\":37,\"caption\":\"EXQUISITARIUM\"},\"image\":{\"@id\":\"https:\\\/\\\/www.exquisitarium.com\\\/fr\\\/#\\\/schema\\\/logo\\\/image\\\/\"},\"sameAs\":[\"https:\\\/\\\/www.facebook.com\\\/exquisitarium\\\/\",\"https:\\\/\\\/www.instagram.com\\\/exquisitarium\\\/\",\"https:\\\/\\\/www.linkedin.com\\\/company\\\/exquisitarium\\\/\"]}]}<\/script>\n<!-- \/ Yoast SEO plugin. -->","yoast_head_json":{"title":"CROQUETTE AUX C\u00c8PES ET AU FOIE GRAS - Plat cuisin\u00e9 pour professionnel- EXQUISITARIUM","robots":{"index":"index","follow":"follow","max-snippet":"max-snippet:-1","max-image-preview":"max-image-preview:large","max-video-preview":"max-video-preview:-1"},"canonical":"https:\/\/www.exquisitarium.com\/fr\/produit\/croquette-aux-cepes-et-au-foie-gras\/","og_locale":"fr_FR","og_type":"article","og_title":"CROQUETTE AUX C\u00c8PES ET AU FOIE GRAS - Plat cuisin\u00e9 pour professionnel- EXQUISITARIUM","og_description":"Demander des information  Croquette aux bolets et au foie gras \u00c0 la forme originale et \u00e9l\u00e9gante \u00e0 partager \u00e9galement avec la vari\u00e9t\u00e9 de croquette de soubressade au miel","og_url":"https:\/\/www.exquisitarium.com\/fr\/produit\/croquette-aux-cepes-et-au-foie-gras\/","og_site_name":"EXQUISITARIUM","article_publisher":"https:\/\/www.facebook.com\/exquisitarium\/","article_modified_time":"2025-09-10T12:44:09+00:00","og_image":[{"width":700,"height":520,"url":"https:\/\/www.exquisitarium.com\/wp-content\/uploads\/2018\/03\/CROQUETA-DE-BOLETUS-I-FOIE.png","type":"image\/png"}],"twitter_card":"summary_large_image","twitter_misc":{"Dur\u00e9e de lecture estim\u00e9e":"1 minute"},"schema":{"@context":"https:\/\/schema.org","@graph":[{"@type":"WebPage","@id":"https:\/\/www.exquisitarium.com\/fr\/produit\/croquette-aux-cepes-et-au-foie-gras\/","url":"https:\/\/www.exquisitarium.com\/fr\/produit\/croquette-aux-cepes-et-au-foie-gras\/","name":"CROQUETTE AUX C\u00c8PES ET AU FOIE GRAS - Plat cuisin\u00e9 pour professionnel- EXQUISITARIUM","isPartOf":{"@id":"https:\/\/www.exquisitarium.com\/fr\/#website"},"primaryImageOfPage":{"@id":"https:\/\/www.exquisitarium.com\/fr\/produit\/croquette-aux-cepes-et-au-foie-gras\/#primaryimage"},"image":{"@id":"https:\/\/www.exquisitarium.com\/fr\/produit\/croquette-aux-cepes-et-au-foie-gras\/#primaryimage"},"thumbnailUrl":"https:\/\/www.exquisitarium.com\/wp-content\/uploads\/2018\/03\/CROQUETA-DE-BOLETUS-I-FOIE.png","datePublished":"2018-03-06T14:27:56+00:00","dateModified":"2025-09-10T12:44:09+00:00","breadcrumb":{"@id":"https:\/\/www.exquisitarium.com\/fr\/produit\/croquette-aux-cepes-et-au-foie-gras\/#breadcrumb"},"inLanguage":"fr-FR","potentialAction":[{"@type":"ReadAction","target":["https:\/\/www.exquisitarium.com\/fr\/produit\/croquette-aux-cepes-et-au-foie-gras\/"]}]},{"@type":"ImageObject","inLanguage":"fr-FR","@id":"https:\/\/www.exquisitarium.com\/fr\/produit\/croquette-aux-cepes-et-au-foie-gras\/#primaryimage","url":"https:\/\/www.exquisitarium.com\/wp-content\/uploads\/2018\/03\/CROQUETA-DE-BOLETUS-I-FOIE.png","contentUrl":"https:\/\/www.exquisitarium.com\/wp-content\/uploads\/2018\/03\/CROQUETA-DE-BOLETUS-I-FOIE.png","width":700,"height":520},{"@type":"BreadcrumbList","@id":"https:\/\/www.exquisitarium.com\/fr\/produit\/croquette-aux-cepes-et-au-foie-gras\/#breadcrumb","itemListElement":[{"@type":"ListItem","position":1,"name":"Home","item":"https:\/\/www.exquisitarium.com\/fr\/"},{"@type":"ListItem","position":2,"name":"Recherche de produit","item":"https:\/\/www.exquisitarium.com\/fr\/recherche-de-produit\/"},{"@type":"ListItem","position":3,"name":"CROQUETTE AUX C\u00c8PES ET AU FOIE GRAS"}]},{"@type":"WebSite","@id":"https:\/\/www.exquisitarium.com\/fr\/#website","url":"https:\/\/www.exquisitarium.com\/fr\/","name":"EXQUISITARIUM","description":"Tu cocina en buenas manos","publisher":{"@id":"https:\/\/www.exquisitarium.com\/fr\/#organization"},"potentialAction":[{"@type":"SearchAction","target":{"@type":"EntryPoint","urlTemplate":"https:\/\/www.exquisitarium.com\/fr\/?s={search_term_string}"},"query-input":{"@type":"PropertyValueSpecification","valueRequired":true,"valueName":"search_term_string"}}],"inLanguage":"fr-FR"},{"@type":"Organization","@id":"https:\/\/www.exquisitarium.com\/fr\/#organization","name":"EXQUISITARIUM","url":"https:\/\/www.exquisitarium.com\/fr\/","logo":{"@type":"ImageObject","inLanguage":"fr-FR","@id":"https:\/\/www.exquisitarium.com\/fr\/#\/schema\/logo\/image\/","url":"https:\/\/www.exquisitarium.com\/wp-content\/uploads\/2025\/10\/exquisitarium-logo.svg","contentUrl":"https:\/\/www.exquisitarium.com\/wp-content\/uploads\/2025\/10\/exquisitarium-logo.svg","width":233,"height":37,"caption":"EXQUISITARIUM"},"image":{"@id":"https:\/\/www.exquisitarium.com\/fr\/#\/schema\/logo\/image\/"},"sameAs":["https:\/\/www.facebook.com\/exquisitarium\/","https:\/\/www.instagram.com\/exquisitarium\/","https:\/\/www.linkedin.com\/company\/exquisitarium\/"]}]}},"_links":{"self":[{"href":"https:\/\/www.exquisitarium.com\/fr\/wp-json\/wp\/v2\/product\/8643","targetHints":{"allow":["GET"]}}],"collection":[{"href":"https:\/\/www.exquisitarium.com\/fr\/wp-json\/wp\/v2\/product"}],"about":[{"href":"https:\/\/www.exquisitarium.com\/fr\/wp-json\/wp\/v2\/types\/product"}],"version-history":[{"count":0,"href":"https:\/\/www.exquisitarium.com\/fr\/wp-json\/wp\/v2\/product\/8643\/revisions"}],"wp:featuredmedia":[{"embeddable":true,"href":"https:\/\/www.exquisitarium.com\/fr\/wp-json\/wp\/v2\/media\/21427"}],"wp:attachment":[{"href":"https:\/\/www.exquisitarium.com\/fr\/wp-json\/wp\/v2\/media?parent=8643"}],"wp:term":[{"taxonomy":"product_cat","embeddable":true,"href":"https:\/\/www.exquisitarium.com\/fr\/wp-json\/wp\/v2\/product_cat?post=8643"},{"taxonomy":"product_tag","embeddable":true,"href":"https:\/\/www.exquisitarium.com\/fr\/wp-json\/wp\/v2\/product_tag?post=8643"}],"curies":[{"name":"wp","href":"https:\/\/api.w.org\/{rel}","templated":true}]}}