{"id":8634,"date":"2018-03-06T15:27:41","date_gmt":"2018-03-06T14:27:41","guid":{"rendered":"https:\/\/www.exquisitarium.com\/productos\/verrine-foie-figues-amandes\/"},"modified":"2022-11-21T16:22:46","modified_gmt":"2022-11-21T15:22:46","slug":"verrine-foie-figues-amandes","status":"publish","type":"product","link":"https:\/\/www.exquisitarium.com\/fr\/produit\/verrine-foie-figues-amandes\/","title":{"rendered":"Verrine de foie gras aux figues et amandes caram\u00e9lis\u00e9es"},"content":{"rendered":"<p>Un ap\u00e9ritif original avec une d\u00e9licieuse association de saveurs et de textures qui combine les saveurs acides,sucr\u00e9es et sal\u00e9es\u00a0 pr\u00e9sent\u00e9 dans un format \u00e9l\u00e9gant. Traitement et d\u00e9gustation faciles. Id\u00e9al pour la restauration collective.<\/p>\n<p><strong><a href=\"https:\/\/www.exquisitarium.com\/wp-content\/uploads\/2018\/03\/Pictogramas_Exquisitarium_descongelar.png\"><img decoding=\"async\" class=\"alignnone wp-image-4868\" src=\"https:\/\/www.exquisitarium.com\/wp-content\/uploads\/2018\/03\/Pictogramas_Exquisitarium_descongelar.png\" alt=\"\" width=\"70\" height=\"70\" \/><\/a>D\u00c9CONGELER<\/strong><\/p>\n<p>D\u00e9congeler hors de son emballage pendant 4 heures \u00e0 +8\u00b0C maximum avant de consommer.<\/p>\n","protected":false},"excerpt":{"rendered":"<p><a class=\"button\" href=\"\/exquisitarium\/formulario_contacto\/?lang=fr\">Demander des informations<\/a><\/p>\n<p>Verre de foie gras aux fruits rouges et sauce \u00e0 l&#8217;orange douce, une association r\u00e9ussie pr\u00e9sent\u00e9e dans un format tr\u00e8s original.<\/p>\n","protected":false},"featured_media":10396,"template":"","meta":{"_exactmetrics_skip_tracking":false,"_exactmetrics_sitenote_active":false,"_exactmetrics_sitenote_note":"","_exactmetrics_sitenote_category":0},"product_cat":[254,255],"product_tag":[256],"class_list":{"0":"post-8634","1":"product","2":"type-product","3":"status-publish","4":"has-post-thumbnail","6":"product_cat-aperitifsfr","7":"product_cat-tapas-fr","8":"product_tag-catalogue-decongeler","9":"pa_aplicacion-food-truck-fr","10":"pa_aplicacion-gastrobar-fr","11":"pa_aplicacion-restaurant-fr","12":"pa_aplicacion-traiteur-fr","13":"pa_regeneracion-decongelerfr","15":"first","16":"instock","17":"shipping-taxable","18":"product-type-simple"},"yoast_head":"<!-- This site is optimized with the Yoast SEO plugin v27.1.1 - https:\/\/yoast.com\/product\/yoast-seo-wordpress\/ -->\n<title>Verrine de foie gras aux figues et amandes caram\u00e9lis\u00e9es-plat cuisin\u00e9 pour professionnel-EXQUISITARIUM<\/title>\n<meta name=\"robots\" content=\"index, follow, max-snippet:-1, max-image-preview:large, max-video-preview:-1\" \/>\n<link rel=\"canonical\" href=\"https:\/\/www.exquisitarium.com\/fr\/produit\/verrine-foie-figues-amandes\/\" \/>\n<meta property=\"og:locale\" content=\"fr_FR\" \/>\n<meta property=\"og:type\" content=\"article\" \/>\n<meta property=\"og:title\" content=\"Verrine de foie gras aux figues et amandes caram\u00e9lis\u00e9es-plat cuisin\u00e9 pour professionnel-EXQUISITARIUM\" \/>\n<meta property=\"og:description\" content=\"Demander des informations  Verre de foie gras aux fruits rouges et sauce \u00e0 l&#039;orange douce, une association r\u00e9ussie pr\u00e9sent\u00e9e dans un format tr\u00e8s original.\" \/>\n<meta property=\"og:url\" content=\"https:\/\/www.exquisitarium.com\/fr\/produit\/verrine-foie-figues-amandes\/\" \/>\n<meta property=\"og:site_name\" content=\"EXQUISITARIUM\" \/>\n<meta property=\"article:publisher\" content=\"https:\/\/www.facebook.com\/exquisitarium\/\" \/>\n<meta property=\"article:modified_time\" content=\"2022-11-21T15:22:46+00:00\" \/>\n<meta property=\"og:image\" content=\"https:\/\/www.exquisitarium.com\/wp-content\/uploads\/2018\/03\/VASITO-DE-FOIE-Y-FRUTAS-TROPICALES.jpg\" \/>\n\t<meta property=\"og:image:width\" content=\"1000\" \/>\n\t<meta property=\"og:image:height\" content=\"750\" \/>\n\t<meta property=\"og:image:type\" content=\"image\/jpeg\" \/>\n<meta name=\"twitter:card\" content=\"summary_large_image\" \/>\n<script type=\"application\/ld+json\" class=\"yoast-schema-graph\">{\"@context\":\"https:\/\/schema.org\",\"@graph\":[{\"@type\":\"WebPage\",\"@id\":\"https:\/\/www.exquisitarium.com\/fr\/produit\/verrine-foie-figues-amandes\/\",\"url\":\"https:\/\/www.exquisitarium.com\/fr\/produit\/verrine-foie-figues-amandes\/\",\"name\":\"Verrine de foie gras aux figues et amandes caram\u00e9lis\u00e9es-plat cuisin\u00e9 pour professionnel-EXQUISITARIUM\",\"isPartOf\":{\"@id\":\"https:\/\/www.exquisitarium.com\/fr\/#website\"},\"primaryImageOfPage\":{\"@id\":\"https:\/\/www.exquisitarium.com\/fr\/produit\/verrine-foie-figues-amandes\/#primaryimage\"},\"image\":{\"@id\":\"https:\/\/www.exquisitarium.com\/fr\/produit\/verrine-foie-figues-amandes\/#primaryimage\"},\"thumbnailUrl\":\"https:\/\/www.exquisitarium.com\/wp-content\/uploads\/2018\/03\/VASITO-DE-FOIE-Y-FRUTAS-TROPICALES.jpg\",\"datePublished\":\"2018-03-06T14:27:41+00:00\",\"dateModified\":\"2022-11-21T15:22:46+00:00\",\"breadcrumb\":{\"@id\":\"https:\/\/www.exquisitarium.com\/fr\/produit\/verrine-foie-figues-amandes\/#breadcrumb\"},\"inLanguage\":\"fr-FR\",\"potentialAction\":[{\"@type\":\"ReadAction\",\"target\":[\"https:\/\/www.exquisitarium.com\/fr\/produit\/verrine-foie-figues-amandes\/\"]}]},{\"@type\":\"ImageObject\",\"inLanguage\":\"fr-FR\",\"@id\":\"https:\/\/www.exquisitarium.com\/fr\/produit\/verrine-foie-figues-amandes\/#primaryimage\",\"url\":\"https:\/\/www.exquisitarium.com\/wp-content\/uploads\/2018\/03\/VASITO-DE-FOIE-Y-FRUTAS-TROPICALES.jpg\",\"contentUrl\":\"https:\/\/www.exquisitarium.com\/wp-content\/uploads\/2018\/03\/VASITO-DE-FOIE-Y-FRUTAS-TROPICALES.jpg\",\"width\":1000,\"height\":750},{\"@type\":\"BreadcrumbList\",\"@id\":\"https:\/\/www.exquisitarium.com\/fr\/produit\/verrine-foie-figues-amandes\/#breadcrumb\",\"itemListElement\":[{\"@type\":\"ListItem\",\"position\":1,\"name\":\"Home\",\"item\":\"https:\/\/www.exquisitarium.com\/fr\/\"},{\"@type\":\"ListItem\",\"position\":2,\"name\":\"Recherche de produit\",\"item\":\"https:\/\/www.exquisitarium.com\/fr\/recherche-de-produit\/\"},{\"@type\":\"ListItem\",\"position\":3,\"name\":\"Verrine de foie gras aux figues et amandes caram\u00e9lis\u00e9es\"}]},{\"@type\":\"WebSite\",\"@id\":\"https:\/\/www.exquisitarium.com\/fr\/#website\",\"url\":\"https:\/\/www.exquisitarium.com\/fr\/\",\"name\":\"EXQUISITARIUM\",\"description\":\"Tu cocina en buenas manos\",\"publisher\":{\"@id\":\"https:\/\/www.exquisitarium.com\/fr\/#organization\"},\"potentialAction\":[{\"@type\":\"SearchAction\",\"target\":{\"@type\":\"EntryPoint\",\"urlTemplate\":\"https:\/\/www.exquisitarium.com\/fr\/?s={search_term_string}\"},\"query-input\":{\"@type\":\"PropertyValueSpecification\",\"valueRequired\":true,\"valueName\":\"search_term_string\"}}],\"inLanguage\":\"fr-FR\"},{\"@type\":\"Organization\",\"@id\":\"https:\/\/www.exquisitarium.com\/fr\/#organization\",\"name\":\"EXQUISITARIUM\",\"url\":\"https:\/\/www.exquisitarium.com\/fr\/\",\"logo\":{\"@type\":\"ImageObject\",\"inLanguage\":\"fr-FR\",\"@id\":\"https:\/\/www.exquisitarium.com\/fr\/#\/schema\/logo\/image\/\",\"url\":\"https:\/\/www.exquisitarium.com\/wp-content\/uploads\/2025\/10\/exquisitarium-logo.svg\",\"contentUrl\":\"https:\/\/www.exquisitarium.com\/wp-content\/uploads\/2025\/10\/exquisitarium-logo.svg\",\"width\":233,\"height\":37,\"caption\":\"EXQUISITARIUM\"},\"image\":{\"@id\":\"https:\/\/www.exquisitarium.com\/fr\/#\/schema\/logo\/image\/\"},\"sameAs\":[\"https:\/\/www.facebook.com\/exquisitarium\/\",\"https:\/\/www.instagram.com\/exquisitarium\/\",\"https:\/\/www.linkedin.com\/company\/exquisitarium\/\"]}]}<\/script>\n<!-- \/ Yoast SEO plugin. -->","yoast_head_json":{"title":"Verrine de foie gras aux figues et amandes caram\u00e9lis\u00e9es-plat cuisin\u00e9 pour professionnel-EXQUISITARIUM","robots":{"index":"index","follow":"follow","max-snippet":"max-snippet:-1","max-image-preview":"max-image-preview:large","max-video-preview":"max-video-preview:-1"},"canonical":"https:\/\/www.exquisitarium.com\/fr\/produit\/verrine-foie-figues-amandes\/","og_locale":"fr_FR","og_type":"article","og_title":"Verrine de foie gras aux figues et amandes caram\u00e9lis\u00e9es-plat cuisin\u00e9 pour professionnel-EXQUISITARIUM","og_description":"Demander des informations  Verre de foie gras aux fruits rouges et sauce \u00e0 l'orange douce, une association r\u00e9ussie pr\u00e9sent\u00e9e dans un format tr\u00e8s original.","og_url":"https:\/\/www.exquisitarium.com\/fr\/produit\/verrine-foie-figues-amandes\/","og_site_name":"EXQUISITARIUM","article_publisher":"https:\/\/www.facebook.com\/exquisitarium\/","article_modified_time":"2022-11-21T15:22:46+00:00","og_image":[{"width":1000,"height":750,"url":"https:\/\/www.exquisitarium.com\/wp-content\/uploads\/2018\/03\/VASITO-DE-FOIE-Y-FRUTAS-TROPICALES.jpg","type":"image\/jpeg"}],"twitter_card":"summary_large_image","schema":{"@context":"https:\/\/schema.org","@graph":[{"@type":"WebPage","@id":"https:\/\/www.exquisitarium.com\/fr\/produit\/verrine-foie-figues-amandes\/","url":"https:\/\/www.exquisitarium.com\/fr\/produit\/verrine-foie-figues-amandes\/","name":"Verrine de foie gras aux figues et amandes caram\u00e9lis\u00e9es-plat cuisin\u00e9 pour professionnel-EXQUISITARIUM","isPartOf":{"@id":"https:\/\/www.exquisitarium.com\/fr\/#website"},"primaryImageOfPage":{"@id":"https:\/\/www.exquisitarium.com\/fr\/produit\/verrine-foie-figues-amandes\/#primaryimage"},"image":{"@id":"https:\/\/www.exquisitarium.com\/fr\/produit\/verrine-foie-figues-amandes\/#primaryimage"},"thumbnailUrl":"https:\/\/www.exquisitarium.com\/wp-content\/uploads\/2018\/03\/VASITO-DE-FOIE-Y-FRUTAS-TROPICALES.jpg","datePublished":"2018-03-06T14:27:41+00:00","dateModified":"2022-11-21T15:22:46+00:00","breadcrumb":{"@id":"https:\/\/www.exquisitarium.com\/fr\/produit\/verrine-foie-figues-amandes\/#breadcrumb"},"inLanguage":"fr-FR","potentialAction":[{"@type":"ReadAction","target":["https:\/\/www.exquisitarium.com\/fr\/produit\/verrine-foie-figues-amandes\/"]}]},{"@type":"ImageObject","inLanguage":"fr-FR","@id":"https:\/\/www.exquisitarium.com\/fr\/produit\/verrine-foie-figues-amandes\/#primaryimage","url":"https:\/\/www.exquisitarium.com\/wp-content\/uploads\/2018\/03\/VASITO-DE-FOIE-Y-FRUTAS-TROPICALES.jpg","contentUrl":"https:\/\/www.exquisitarium.com\/wp-content\/uploads\/2018\/03\/VASITO-DE-FOIE-Y-FRUTAS-TROPICALES.jpg","width":1000,"height":750},{"@type":"BreadcrumbList","@id":"https:\/\/www.exquisitarium.com\/fr\/produit\/verrine-foie-figues-amandes\/#breadcrumb","itemListElement":[{"@type":"ListItem","position":1,"name":"Home","item":"https:\/\/www.exquisitarium.com\/fr\/"},{"@type":"ListItem","position":2,"name":"Recherche de produit","item":"https:\/\/www.exquisitarium.com\/fr\/recherche-de-produit\/"},{"@type":"ListItem","position":3,"name":"Verrine de foie gras aux figues et amandes caram\u00e9lis\u00e9es"}]},{"@type":"WebSite","@id":"https:\/\/www.exquisitarium.com\/fr\/#website","url":"https:\/\/www.exquisitarium.com\/fr\/","name":"EXQUISITARIUM","description":"Tu cocina en buenas manos","publisher":{"@id":"https:\/\/www.exquisitarium.com\/fr\/#organization"},"potentialAction":[{"@type":"SearchAction","target":{"@type":"EntryPoint","urlTemplate":"https:\/\/www.exquisitarium.com\/fr\/?s={search_term_string}"},"query-input":{"@type":"PropertyValueSpecification","valueRequired":true,"valueName":"search_term_string"}}],"inLanguage":"fr-FR"},{"@type":"Organization","@id":"https:\/\/www.exquisitarium.com\/fr\/#organization","name":"EXQUISITARIUM","url":"https:\/\/www.exquisitarium.com\/fr\/","logo":{"@type":"ImageObject","inLanguage":"fr-FR","@id":"https:\/\/www.exquisitarium.com\/fr\/#\/schema\/logo\/image\/","url":"https:\/\/www.exquisitarium.com\/wp-content\/uploads\/2025\/10\/exquisitarium-logo.svg","contentUrl":"https:\/\/www.exquisitarium.com\/wp-content\/uploads\/2025\/10\/exquisitarium-logo.svg","width":233,"height":37,"caption":"EXQUISITARIUM"},"image":{"@id":"https:\/\/www.exquisitarium.com\/fr\/#\/schema\/logo\/image\/"},"sameAs":["https:\/\/www.facebook.com\/exquisitarium\/","https:\/\/www.instagram.com\/exquisitarium\/","https:\/\/www.linkedin.com\/company\/exquisitarium\/"]}]}},"_links":{"self":[{"href":"https:\/\/www.exquisitarium.com\/fr\/wp-json\/wp\/v2\/product\/8634","targetHints":{"allow":["GET"]}}],"collection":[{"href":"https:\/\/www.exquisitarium.com\/fr\/wp-json\/wp\/v2\/product"}],"about":[{"href":"https:\/\/www.exquisitarium.com\/fr\/wp-json\/wp\/v2\/types\/product"}],"version-history":[{"count":0,"href":"https:\/\/www.exquisitarium.com\/fr\/wp-json\/wp\/v2\/product\/8634\/revisions"}],"wp:featuredmedia":[{"embeddable":true,"href":"https:\/\/www.exquisitarium.com\/fr\/wp-json\/wp\/v2\/media\/10396"}],"wp:attachment":[{"href":"https:\/\/www.exquisitarium.com\/fr\/wp-json\/wp\/v2\/media?parent=8634"}],"wp:term":[{"taxonomy":"product_cat","embeddable":true,"href":"https:\/\/www.exquisitarium.com\/fr\/wp-json\/wp\/v2\/product_cat?post=8634"},{"taxonomy":"product_tag","embeddable":true,"href":"https:\/\/www.exquisitarium.com\/fr\/wp-json\/wp\/v2\/product_tag?post=8634"}],"curies":[{"name":"wp","href":"https:\/\/api.w.org\/{rel}","templated":true}]}}