{"id":21234,"date":"2025-08-11T12:47:55","date_gmt":"2025-08-11T10:47:55","guid":{"rendered":"https:\/\/www.exquisitarium.com\/productos\/croquettes-de-kebab-avec-sauce-au-yaourt-kg\/"},"modified":"2025-08-11T12:47:55","modified_gmt":"2025-08-11T10:47:55","slug":"croquettes-de-kebab-avec-sauce-au-yaourt-kg","status":"publish","type":"product","link":"https:\/\/www.exquisitarium.com\/fr\/produit\/croquettes-de-kebab-avec-sauce-au-yaourt-kg\/","title":{"rendered":"CROQUETTES DE KEBAB AVEC SAUCE AU YAOURT &#8211; KG"},"content":{"rendered":"<p>Croquette de kebab fourr\u00e9e \u00e0 la sauce yaourt, avec des morceaux de calamar. Id\u00e9ale pour accompagner un ap\u00e9ritif, en garniture ou en tapas. Si vous ne disposez pas d&#8217;une friteuse, vous pouvez utiliser une casserole avec suffisamment d&#8217;huile pr\u00e9alablement chauff\u00e9e pour recouvrir les croquettes. Vous \u00e9viterez ainsi de les ab\u00eemer en ne les retournant pas. Avant de servir, laissez reposer quelques minutes.<\/p>\n<p><strong><a href=\"https:\/\/www.exquisitarium.com\/wp-content\/uploads\/2018\/03\/Pictogramas_Exquisitarium_freidora-e1520250825326.png\"><img decoding=\"async\" class=\"alignnone wp-image-4878\" src=\"https:\/\/www.exquisitarium.com\/wp-content\/uploads\/2018\/03\/Pictogramas_Exquisitarium_freidora-251x300.png\" alt=\"\" width=\"70\" height=\"70\" \/><\/a>FRITEUSE<\/strong><\/p>\n<p>Faites frire les croquettes directement congel\u00e9es dans une grande quantit\u00e9 d&#8217;huile propre bien chaude \u00e0 180 \u00b0C. Notez que si vous faites frire beaucoup de croquettes avec peu d&#8217;huile, celle-ci refroidira et le r\u00e9sultat ne sera pas optimal. De plus, entre chaque friture, vous devez laisser l&#8217;huile revenir \u00e0 180 \u00b0C pour pouvoir refaire frire correctement. Il est conseill\u00e9 de laisser reposer 2 minutes avant de servir.<\/p>\n","protected":false},"excerpt":{"rendered":"<p><a class=\"button\" href=\"https:\/\/www.exquisitarium.com\/fr\/formulaire-de-contact\/\">Demander des informations<\/a><\/p>\n<p>&nbsp;<\/p>\n<p>Croquette de kebab avec sauce au yaourt.<\/p>\n","protected":false},"featured_media":24427,"template":"","meta":{"_exactmetrics_skip_tracking":false,"_exactmetrics_sitenote_active":false,"_exactmetrics_sitenote_note":"","_exactmetrics_sitenote_category":0},"product_cat":[278],"product_tag":[279],"class_list":{"0":"post-21234","1":"product","2":"type-product","3":"status-publish","4":"has-post-thumbnail","6":"product_cat-croquettes-fr","7":"product_tag-catalogue-croquette","8":"pa_aplicacion-cafeteria-patisserie-fr","9":"pa_aplicacion-food-truck-fr","10":"pa_aplicacion-gastrobar-fr","11":"pa_aplicacion-hotels-fr","12":"pa_aplicacion-restaurant-fr","13":"pa_aplicacion-traiteur-fr","14":"pa_regeneracion-friteuse-fr","16":"first","17":"instock","18":"shipping-taxable","19":"product-type-simple"},"yoast_head":"<!-- This site is optimized with the Yoast SEO plugin v27.5 - https:\/\/yoast.com\/product\/yoast-seo-wordpress\/ -->\n<title>CROQUETTES DE KEBAB AVEC SAUCE AU YAOURT - KG - plats preparats per professionals- EXQUISITARIUM<\/title>\n<meta name=\"robots\" content=\"index, follow, max-snippet:-1, max-image-preview:large, max-video-preview:-1\" \/>\n<link rel=\"canonical\" href=\"https:\/\/www.exquisitarium.com\/fr\/produit\/croquettes-de-kebab-avec-sauce-au-yaourt-kg\/\" \/>\n<meta property=\"og:locale\" content=\"fr_FR\" \/>\n<meta property=\"og:type\" content=\"article\" \/>\n<meta property=\"og:title\" content=\"CROQUETTES DE KEBAB AVEC SAUCE AU YAOURT - KG - plats preparats per professionals- EXQUISITARIUM\" \/>\n<meta property=\"og:description\" content=\"Demander des informations  &nbsp;  Croquette de kebab avec sauce au yaourt.\" \/>\n<meta property=\"og:url\" content=\"https:\/\/www.exquisitarium.com\/fr\/produit\/croquettes-de-kebab-avec-sauce-au-yaourt-kg\/\" \/>\n<meta property=\"og:site_name\" content=\"EXQUISITARIUM\" \/>\n<meta property=\"article:publisher\" content=\"https:\/\/www.facebook.com\/exquisitarium\/\" \/>\n<meta property=\"og:image\" content=\"https:\/\/www.exquisitarium.com\/wp-content\/uploads\/2025\/08\/Croqueta-de-kebab-y-salsa-de-yogur.jpg\" \/>\n\t<meta property=\"og:image:width\" content=\"1000\" \/>\n\t<meta property=\"og:image:height\" content=\"1000\" \/>\n\t<meta property=\"og:image:type\" content=\"image\/jpeg\" \/>\n<meta name=\"twitter:card\" content=\"summary_large_image\" \/>\n<meta name=\"twitter:label1\" content=\"Dur\u00e9e de lecture estim\u00e9e\" \/>\n\t<meta name=\"twitter:data1\" content=\"1 minute\" \/>\n<script type=\"application\/ld+json\" class=\"yoast-schema-graph\">{\"@context\":\"https:\\\/\\\/schema.org\",\"@graph\":[{\"@type\":\"WebPage\",\"@id\":\"https:\\\/\\\/www.exquisitarium.com\\\/fr\\\/produit\\\/croquettes-de-kebab-avec-sauce-au-yaourt-kg\\\/\",\"url\":\"https:\\\/\\\/www.exquisitarium.com\\\/fr\\\/produit\\\/croquettes-de-kebab-avec-sauce-au-yaourt-kg\\\/\",\"name\":\"CROQUETTES DE KEBAB AVEC SAUCE AU YAOURT - KG - plats preparats per professionals- EXQUISITARIUM\",\"isPartOf\":{\"@id\":\"https:\\\/\\\/www.exquisitarium.com\\\/fr\\\/#website\"},\"primaryImageOfPage\":{\"@id\":\"https:\\\/\\\/www.exquisitarium.com\\\/fr\\\/produit\\\/croquettes-de-kebab-avec-sauce-au-yaourt-kg\\\/#primaryimage\"},\"image\":{\"@id\":\"https:\\\/\\\/www.exquisitarium.com\\\/fr\\\/produit\\\/croquettes-de-kebab-avec-sauce-au-yaourt-kg\\\/#primaryimage\"},\"thumbnailUrl\":\"https:\\\/\\\/www.exquisitarium.com\\\/wp-content\\\/uploads\\\/2025\\\/08\\\/croqueta-de-kebab-con-salsa-de-iogurt.jpg\",\"datePublished\":\"2025-08-11T10:47:55+00:00\",\"breadcrumb\":{\"@id\":\"https:\\\/\\\/www.exquisitarium.com\\\/fr\\\/produit\\\/croquettes-de-kebab-avec-sauce-au-yaourt-kg\\\/#breadcrumb\"},\"inLanguage\":\"fr-FR\",\"potentialAction\":[{\"@type\":\"ReadAction\",\"target\":[\"https:\\\/\\\/www.exquisitarium.com\\\/fr\\\/produit\\\/croquettes-de-kebab-avec-sauce-au-yaourt-kg\\\/\"]}]},{\"@type\":\"ImageObject\",\"inLanguage\":\"fr-FR\",\"@id\":\"https:\\\/\\\/www.exquisitarium.com\\\/fr\\\/produit\\\/croquettes-de-kebab-avec-sauce-au-yaourt-kg\\\/#primaryimage\",\"url\":\"https:\\\/\\\/www.exquisitarium.com\\\/wp-content\\\/uploads\\\/2025\\\/08\\\/croqueta-de-kebab-con-salsa-de-iogurt.jpg\",\"contentUrl\":\"https:\\\/\\\/www.exquisitarium.com\\\/wp-content\\\/uploads\\\/2025\\\/08\\\/croqueta-de-kebab-con-salsa-de-iogurt.jpg\",\"width\":1000,\"height\":750},{\"@type\":\"BreadcrumbList\",\"@id\":\"https:\\\/\\\/www.exquisitarium.com\\\/fr\\\/produit\\\/croquettes-de-kebab-avec-sauce-au-yaourt-kg\\\/#breadcrumb\",\"itemListElement\":[{\"@type\":\"ListItem\",\"position\":1,\"name\":\"Home\",\"item\":\"https:\\\/\\\/www.exquisitarium.com\\\/fr\\\/\"},{\"@type\":\"ListItem\",\"position\":2,\"name\":\"Recherche de produit\",\"item\":\"https:\\\/\\\/www.exquisitarium.com\\\/fr\\\/recherche-de-produit\\\/\"},{\"@type\":\"ListItem\",\"position\":3,\"name\":\"CROQUETTES DE KEBAB AVEC SAUCE AU YAOURT &#8211; KG\"}]},{\"@type\":\"WebSite\",\"@id\":\"https:\\\/\\\/www.exquisitarium.com\\\/fr\\\/#website\",\"url\":\"https:\\\/\\\/www.exquisitarium.com\\\/fr\\\/\",\"name\":\"EXQUISITARIUM\",\"description\":\"Tu cocina en buenas manos\",\"publisher\":{\"@id\":\"https:\\\/\\\/www.exquisitarium.com\\\/fr\\\/#organization\"},\"potentialAction\":[{\"@type\":\"SearchAction\",\"target\":{\"@type\":\"EntryPoint\",\"urlTemplate\":\"https:\\\/\\\/www.exquisitarium.com\\\/fr\\\/?s={search_term_string}\"},\"query-input\":{\"@type\":\"PropertyValueSpecification\",\"valueRequired\":true,\"valueName\":\"search_term_string\"}}],\"inLanguage\":\"fr-FR\"},{\"@type\":\"Organization\",\"@id\":\"https:\\\/\\\/www.exquisitarium.com\\\/fr\\\/#organization\",\"name\":\"EXQUISITARIUM\",\"url\":\"https:\\\/\\\/www.exquisitarium.com\\\/fr\\\/\",\"logo\":{\"@type\":\"ImageObject\",\"inLanguage\":\"fr-FR\",\"@id\":\"https:\\\/\\\/www.exquisitarium.com\\\/fr\\\/#\\\/schema\\\/logo\\\/image\\\/\",\"url\":\"https:\\\/\\\/www.exquisitarium.com\\\/wp-content\\\/uploads\\\/2025\\\/10\\\/exquisitarium-logo.svg\",\"contentUrl\":\"https:\\\/\\\/www.exquisitarium.com\\\/wp-content\\\/uploads\\\/2025\\\/10\\\/exquisitarium-logo.svg\",\"width\":233,\"height\":37,\"caption\":\"EXQUISITARIUM\"},\"image\":{\"@id\":\"https:\\\/\\\/www.exquisitarium.com\\\/fr\\\/#\\\/schema\\\/logo\\\/image\\\/\"},\"sameAs\":[\"https:\\\/\\\/www.facebook.com\\\/exquisitarium\\\/\",\"https:\\\/\\\/www.instagram.com\\\/exquisitarium\\\/\",\"https:\\\/\\\/www.linkedin.com\\\/company\\\/exquisitarium\\\/\"]}]}<\/script>\n<!-- \/ Yoast SEO plugin. -->","yoast_head_json":{"title":"CROQUETTES DE KEBAB AVEC SAUCE AU YAOURT - KG - plats preparats per professionals- EXQUISITARIUM","robots":{"index":"index","follow":"follow","max-snippet":"max-snippet:-1","max-image-preview":"max-image-preview:large","max-video-preview":"max-video-preview:-1"},"canonical":"https:\/\/www.exquisitarium.com\/fr\/produit\/croquettes-de-kebab-avec-sauce-au-yaourt-kg\/","og_locale":"fr_FR","og_type":"article","og_title":"CROQUETTES DE KEBAB AVEC SAUCE AU YAOURT - KG - plats preparats per professionals- EXQUISITARIUM","og_description":"Demander des informations  &nbsp;  Croquette de kebab avec sauce au yaourt.","og_url":"https:\/\/www.exquisitarium.com\/fr\/produit\/croquettes-de-kebab-avec-sauce-au-yaourt-kg\/","og_site_name":"EXQUISITARIUM","article_publisher":"https:\/\/www.facebook.com\/exquisitarium\/","og_image":[{"width":1000,"height":1000,"url":"https:\/\/www.exquisitarium.com\/wp-content\/uploads\/2025\/08\/Croqueta-de-kebab-y-salsa-de-yogur.jpg","type":"image\/jpeg"}],"twitter_card":"summary_large_image","twitter_misc":{"Dur\u00e9e de lecture estim\u00e9e":"1 minute"},"schema":{"@context":"https:\/\/schema.org","@graph":[{"@type":"WebPage","@id":"https:\/\/www.exquisitarium.com\/fr\/produit\/croquettes-de-kebab-avec-sauce-au-yaourt-kg\/","url":"https:\/\/www.exquisitarium.com\/fr\/produit\/croquettes-de-kebab-avec-sauce-au-yaourt-kg\/","name":"CROQUETTES DE KEBAB AVEC SAUCE AU YAOURT - KG - plats preparats per professionals- EXQUISITARIUM","isPartOf":{"@id":"https:\/\/www.exquisitarium.com\/fr\/#website"},"primaryImageOfPage":{"@id":"https:\/\/www.exquisitarium.com\/fr\/produit\/croquettes-de-kebab-avec-sauce-au-yaourt-kg\/#primaryimage"},"image":{"@id":"https:\/\/www.exquisitarium.com\/fr\/produit\/croquettes-de-kebab-avec-sauce-au-yaourt-kg\/#primaryimage"},"thumbnailUrl":"https:\/\/www.exquisitarium.com\/wp-content\/uploads\/2025\/08\/croqueta-de-kebab-con-salsa-de-iogurt.jpg","datePublished":"2025-08-11T10:47:55+00:00","breadcrumb":{"@id":"https:\/\/www.exquisitarium.com\/fr\/produit\/croquettes-de-kebab-avec-sauce-au-yaourt-kg\/#breadcrumb"},"inLanguage":"fr-FR","potentialAction":[{"@type":"ReadAction","target":["https:\/\/www.exquisitarium.com\/fr\/produit\/croquettes-de-kebab-avec-sauce-au-yaourt-kg\/"]}]},{"@type":"ImageObject","inLanguage":"fr-FR","@id":"https:\/\/www.exquisitarium.com\/fr\/produit\/croquettes-de-kebab-avec-sauce-au-yaourt-kg\/#primaryimage","url":"https:\/\/www.exquisitarium.com\/wp-content\/uploads\/2025\/08\/croqueta-de-kebab-con-salsa-de-iogurt.jpg","contentUrl":"https:\/\/www.exquisitarium.com\/wp-content\/uploads\/2025\/08\/croqueta-de-kebab-con-salsa-de-iogurt.jpg","width":1000,"height":750},{"@type":"BreadcrumbList","@id":"https:\/\/www.exquisitarium.com\/fr\/produit\/croquettes-de-kebab-avec-sauce-au-yaourt-kg\/#breadcrumb","itemListElement":[{"@type":"ListItem","position":1,"name":"Home","item":"https:\/\/www.exquisitarium.com\/fr\/"},{"@type":"ListItem","position":2,"name":"Recherche de produit","item":"https:\/\/www.exquisitarium.com\/fr\/recherche-de-produit\/"},{"@type":"ListItem","position":3,"name":"CROQUETTES DE KEBAB AVEC SAUCE AU YAOURT &#8211; KG"}]},{"@type":"WebSite","@id":"https:\/\/www.exquisitarium.com\/fr\/#website","url":"https:\/\/www.exquisitarium.com\/fr\/","name":"EXQUISITARIUM","description":"Tu cocina en buenas manos","publisher":{"@id":"https:\/\/www.exquisitarium.com\/fr\/#organization"},"potentialAction":[{"@type":"SearchAction","target":{"@type":"EntryPoint","urlTemplate":"https:\/\/www.exquisitarium.com\/fr\/?s={search_term_string}"},"query-input":{"@type":"PropertyValueSpecification","valueRequired":true,"valueName":"search_term_string"}}],"inLanguage":"fr-FR"},{"@type":"Organization","@id":"https:\/\/www.exquisitarium.com\/fr\/#organization","name":"EXQUISITARIUM","url":"https:\/\/www.exquisitarium.com\/fr\/","logo":{"@type":"ImageObject","inLanguage":"fr-FR","@id":"https:\/\/www.exquisitarium.com\/fr\/#\/schema\/logo\/image\/","url":"https:\/\/www.exquisitarium.com\/wp-content\/uploads\/2025\/10\/exquisitarium-logo.svg","contentUrl":"https:\/\/www.exquisitarium.com\/wp-content\/uploads\/2025\/10\/exquisitarium-logo.svg","width":233,"height":37,"caption":"EXQUISITARIUM"},"image":{"@id":"https:\/\/www.exquisitarium.com\/fr\/#\/schema\/logo\/image\/"},"sameAs":["https:\/\/www.facebook.com\/exquisitarium\/","https:\/\/www.instagram.com\/exquisitarium\/","https:\/\/www.linkedin.com\/company\/exquisitarium\/"]}]}},"_links":{"self":[{"href":"https:\/\/www.exquisitarium.com\/fr\/wp-json\/wp\/v2\/product\/21234","targetHints":{"allow":["GET"]}}],"collection":[{"href":"https:\/\/www.exquisitarium.com\/fr\/wp-json\/wp\/v2\/product"}],"about":[{"href":"https:\/\/www.exquisitarium.com\/fr\/wp-json\/wp\/v2\/types\/product"}],"version-history":[{"count":0,"href":"https:\/\/www.exquisitarium.com\/fr\/wp-json\/wp\/v2\/product\/21234\/revisions"}],"wp:featuredmedia":[{"embeddable":true,"href":"https:\/\/www.exquisitarium.com\/fr\/wp-json\/wp\/v2\/media\/24427"}],"wp:attachment":[{"href":"https:\/\/www.exquisitarium.com\/fr\/wp-json\/wp\/v2\/media?parent=21234"}],"wp:term":[{"taxonomy":"product_cat","embeddable":true,"href":"https:\/\/www.exquisitarium.com\/fr\/wp-json\/wp\/v2\/product_cat?post=21234"},{"taxonomy":"product_tag","embeddable":true,"href":"https:\/\/www.exquisitarium.com\/fr\/wp-json\/wp\/v2\/product_tag?post=21234"}],"curies":[{"name":"wp","href":"https:\/\/api.w.org\/{rel}","templated":true}]}}