{"id":14208,"date":"2024-01-10T14:04:39","date_gmt":"2024-01-10T13:04:39","guid":{"rendered":"https:\/\/www.exquisitarium.com\/productos\/chocolat-bun\/"},"modified":"2025-09-17T13:55:21","modified_gmt":"2025-09-17T11:55:21","slug":"chocolat-bun","status":"publish","type":"product","link":"https:\/\/www.exquisitarium.com\/fr\/produit\/chocolat-bun\/","title":{"rendered":"BUN AU CHOCOLAT"},"content":{"rendered":"<p>Il allie le caract\u00e8re spongieux et le go\u00fbt traditionnel du pain au plaisir du chocolat, cr\u00e9ant ainsi une exp\u00e9rience unique pour les amateurs de saveurs sucr\u00e9es et sal\u00e9es.<br \/>Il s&#8217;agit d&#8217;une exp\u00e9rience unique pour les amateurs de saveurs sucr\u00e9es et sal\u00e9es.<\/p>\n<p><strong><a href=\"https:\/\/www.exquisitarium.com\/wp-content\/uploads\/2018\/03\/Pictogramas_Exquisitarium_freidora-e1520250825326.png\" data-mce-href=\"https:\/\/www.exquisitarium.com\/wp-content\/uploads\/2018\/03\/Pictogramas_Exquisitarium_freidora-e1520250825326.png\"><img decoding=\"async\" class=\"alignnone wp-image-4878\" src=\"https:\/\/www.exquisitarium.com\/wp-content\/uploads\/2018\/03\/Pictogramas_Exquisitarium_freidora-251x300.png\" alt=\"\" width=\"70\" height=\"70\" data-mce-src=\"https:\/\/www.exquisitarium.com\/wp-content\/uploads\/2018\/03\/Pictogramas_Exquisitarium_freidora-251x300.png\"><\/a>FRITEUSE<\/strong><\/p>\n<p>FRITEUSE : frire directement les produits congel\u00e9s pendant 3-4 minutes dans une bonne quantit\u00e9 d&#8217;huile propre, tr\u00e8s chaude \u00e0 180 \u00baC. N&#8217;oubliez pas que si de nombreuses unit\u00e9s sont frites avec peu d&#8217;huile, l&#8217;huile se refroidit et le r\u00e9sultat ne sera pas optimal. En outre, entre deux fritures, il faut laisser l&#8217;huile revenir \u00e0 180\u00baC pour qu&#8217;elle puisse frire \u00e0 nouveau correctement. Il est conseill\u00e9 de laisser reposer l&#8217;huile pendant 2 minutes avant de la consommer. FOUR \u00c0 VAPEUR : pr\u00e9chauffer le four \u00e0 100\u00baC et cuire en mode vapeur pendant 7 minutes.<\/p>\n","protected":false},"excerpt":{"rendered":"<p><a class=\"button\" href=\"https:\/\/www.exquisitarium.com\/fr\/formulaire-de-contact\/\">Demander des informations<\/a><\/p>\n<p>Un d\u00e9licieux volcan compos\u00e9 d&#8217;ingr\u00e9dients de haute qualit\u00e9 et rempli de chocolat onctueux.<\/p>\n<p>&nbsp;<\/p>\n","protected":false},"featured_media":23840,"template":"","meta":{"_exactmetrics_skip_tracking":false,"_exactmetrics_sitenote_active":false,"_exactmetrics_sitenote_note":"","_exactmetrics_sitenote_category":0},"product_cat":[277],"product_tag":[367,257],"class_list":{"0":"post-14208","1":"product","2":"type-product","3":"status-publish","4":"has-post-thumbnail","6":"product_cat-postres-fr","7":"product_tag-catalogue-nouvelles","8":"product_tag-postres-fr","9":"pa_aplicacion-bar-fr","10":"pa_aplicacion-cafeteria-patisserie-fr","11":"pa_aplicacion-gastrobar-fr","12":"pa_aplicacion-hotels-fr","13":"pa_aplicacion-restaurant-fr","14":"pa_aplicacion-traiteur-fr","15":"pa_regeneracion-friteuse-fr","16":"pa_regeneracion-special-fr","18":"first","19":"instock","20":"shipping-taxable","21":"product-type-simple"},"yoast_head":"<!-- This site is optimized with the Yoast SEO plugin v27.1.1 - https:\/\/yoast.com\/product\/yoast-seo-wordpress\/ -->\n<title>BUN AU CHOCOLAT - plats preparats per professionals- EXQUISITARIUM<\/title>\n<meta name=\"robots\" content=\"index, follow, max-snippet:-1, max-image-preview:large, max-video-preview:-1\" \/>\n<link rel=\"canonical\" href=\"https:\/\/www.exquisitarium.com\/fr\/produit\/chocolat-bun\/\" \/>\n<meta property=\"og:locale\" content=\"fr_FR\" \/>\n<meta property=\"og:type\" content=\"article\" \/>\n<meta property=\"og:title\" content=\"BUN AU CHOCOLAT - plats preparats per professionals- EXQUISITARIUM\" \/>\n<meta property=\"og:description\" content=\"Demander des informations  Un d\u00e9licieux volcan compos\u00e9 d&#039;ingr\u00e9dients de haute qualit\u00e9 et rempli de chocolat onctueux.  &nbsp;\" \/>\n<meta property=\"og:url\" content=\"https:\/\/www.exquisitarium.com\/fr\/produit\/chocolat-bun\/\" \/>\n<meta property=\"og:site_name\" content=\"EXQUISITARIUM\" \/>\n<meta property=\"article:publisher\" content=\"https:\/\/www.facebook.com\/exquisitarium\/\" \/>\n<meta property=\"article:modified_time\" content=\"2025-09-17T11:55:21+00:00\" \/>\n<meta property=\"og:image\" content=\"https:\/\/www.exquisitarium.com\/wp-content\/uploads\/2024\/01\/VOLCA\u2560uN-DE-CHOCOLATE.png\" \/>\n\t<meta property=\"og:image:width\" content=\"700\" \/>\n\t<meta property=\"og:image:height\" content=\"466\" \/>\n\t<meta property=\"og:image:type\" content=\"image\/png\" \/>\n<meta name=\"twitter:card\" content=\"summary_large_image\" \/>\n<meta name=\"twitter:label1\" content=\"Dur\u00e9e de lecture estim\u00e9e\" \/>\n\t<meta name=\"twitter:data1\" content=\"1 minute\" \/>\n<script type=\"application\/ld+json\" class=\"yoast-schema-graph\">{\"@context\":\"https:\/\/schema.org\",\"@graph\":[{\"@type\":\"WebPage\",\"@id\":\"https:\/\/www.exquisitarium.com\/fr\/produit\/chocolat-bun\/\",\"url\":\"https:\/\/www.exquisitarium.com\/fr\/produit\/chocolat-bun\/\",\"name\":\"BUN AU CHOCOLAT - plats preparats per professionals- EXQUISITARIUM\",\"isPartOf\":{\"@id\":\"https:\/\/www.exquisitarium.com\/fr\/#website\"},\"primaryImageOfPage\":{\"@id\":\"https:\/\/www.exquisitarium.com\/fr\/produit\/chocolat-bun\/#primaryimage\"},\"image\":{\"@id\":\"https:\/\/www.exquisitarium.com\/fr\/produit\/chocolat-bun\/#primaryimage\"},\"thumbnailUrl\":\"https:\/\/www.exquisitarium.com\/wp-content\/uploads\/2024\/01\/VOLCAN-DE-CHOCOLATE.png\",\"datePublished\":\"2024-01-10T13:04:39+00:00\",\"dateModified\":\"2025-09-17T11:55:21+00:00\",\"breadcrumb\":{\"@id\":\"https:\/\/www.exquisitarium.com\/fr\/produit\/chocolat-bun\/#breadcrumb\"},\"inLanguage\":\"fr-FR\",\"potentialAction\":[{\"@type\":\"ReadAction\",\"target\":[\"https:\/\/www.exquisitarium.com\/fr\/produit\/chocolat-bun\/\"]}]},{\"@type\":\"ImageObject\",\"inLanguage\":\"fr-FR\",\"@id\":\"https:\/\/www.exquisitarium.com\/fr\/produit\/chocolat-bun\/#primaryimage\",\"url\":\"https:\/\/www.exquisitarium.com\/wp-content\/uploads\/2024\/01\/VOLCAN-DE-CHOCOLATE.png\",\"contentUrl\":\"https:\/\/www.exquisitarium.com\/wp-content\/uploads\/2024\/01\/VOLCAN-DE-CHOCOLATE.png\",\"width\":700,\"height\":466},{\"@type\":\"BreadcrumbList\",\"@id\":\"https:\/\/www.exquisitarium.com\/fr\/produit\/chocolat-bun\/#breadcrumb\",\"itemListElement\":[{\"@type\":\"ListItem\",\"position\":1,\"name\":\"Home\",\"item\":\"https:\/\/www.exquisitarium.com\/fr\/\"},{\"@type\":\"ListItem\",\"position\":2,\"name\":\"Recherche de produit\",\"item\":\"https:\/\/www.exquisitarium.com\/fr\/recherche-de-produit\/\"},{\"@type\":\"ListItem\",\"position\":3,\"name\":\"BUN AU CHOCOLAT\"}]},{\"@type\":\"WebSite\",\"@id\":\"https:\/\/www.exquisitarium.com\/fr\/#website\",\"url\":\"https:\/\/www.exquisitarium.com\/fr\/\",\"name\":\"EXQUISITARIUM\",\"description\":\"Tu cocina en buenas manos\",\"publisher\":{\"@id\":\"https:\/\/www.exquisitarium.com\/fr\/#organization\"},\"potentialAction\":[{\"@type\":\"SearchAction\",\"target\":{\"@type\":\"EntryPoint\",\"urlTemplate\":\"https:\/\/www.exquisitarium.com\/fr\/?s={search_term_string}\"},\"query-input\":{\"@type\":\"PropertyValueSpecification\",\"valueRequired\":true,\"valueName\":\"search_term_string\"}}],\"inLanguage\":\"fr-FR\"},{\"@type\":\"Organization\",\"@id\":\"https:\/\/www.exquisitarium.com\/fr\/#organization\",\"name\":\"EXQUISITARIUM\",\"url\":\"https:\/\/www.exquisitarium.com\/fr\/\",\"logo\":{\"@type\":\"ImageObject\",\"inLanguage\":\"fr-FR\",\"@id\":\"https:\/\/www.exquisitarium.com\/fr\/#\/schema\/logo\/image\/\",\"url\":\"https:\/\/www.exquisitarium.com\/wp-content\/uploads\/2025\/10\/exquisitarium-logo.svg\",\"contentUrl\":\"https:\/\/www.exquisitarium.com\/wp-content\/uploads\/2025\/10\/exquisitarium-logo.svg\",\"width\":233,\"height\":37,\"caption\":\"EXQUISITARIUM\"},\"image\":{\"@id\":\"https:\/\/www.exquisitarium.com\/fr\/#\/schema\/logo\/image\/\"},\"sameAs\":[\"https:\/\/www.facebook.com\/exquisitarium\/\",\"https:\/\/www.instagram.com\/exquisitarium\/\",\"https:\/\/www.linkedin.com\/company\/exquisitarium\/\"]}]}<\/script>\n<!-- \/ Yoast SEO plugin. -->","yoast_head_json":{"title":"BUN AU CHOCOLAT - plats preparats per professionals- EXQUISITARIUM","robots":{"index":"index","follow":"follow","max-snippet":"max-snippet:-1","max-image-preview":"max-image-preview:large","max-video-preview":"max-video-preview:-1"},"canonical":"https:\/\/www.exquisitarium.com\/fr\/produit\/chocolat-bun\/","og_locale":"fr_FR","og_type":"article","og_title":"BUN AU CHOCOLAT - plats preparats per professionals- EXQUISITARIUM","og_description":"Demander des informations  Un d\u00e9licieux volcan compos\u00e9 d'ingr\u00e9dients de haute qualit\u00e9 et rempli de chocolat onctueux.  &nbsp;","og_url":"https:\/\/www.exquisitarium.com\/fr\/produit\/chocolat-bun\/","og_site_name":"EXQUISITARIUM","article_publisher":"https:\/\/www.facebook.com\/exquisitarium\/","article_modified_time":"2025-09-17T11:55:21+00:00","og_image":[{"width":700,"height":466,"url":"https:\/\/www.exquisitarium.com\/wp-content\/uploads\/2024\/01\/VOLCA\u2560uN-DE-CHOCOLATE.png","type":"image\/png"}],"twitter_card":"summary_large_image","twitter_misc":{"Dur\u00e9e de lecture estim\u00e9e":"1 minute"},"schema":{"@context":"https:\/\/schema.org","@graph":[{"@type":"WebPage","@id":"https:\/\/www.exquisitarium.com\/fr\/produit\/chocolat-bun\/","url":"https:\/\/www.exquisitarium.com\/fr\/produit\/chocolat-bun\/","name":"BUN AU CHOCOLAT - plats preparats per professionals- EXQUISITARIUM","isPartOf":{"@id":"https:\/\/www.exquisitarium.com\/fr\/#website"},"primaryImageOfPage":{"@id":"https:\/\/www.exquisitarium.com\/fr\/produit\/chocolat-bun\/#primaryimage"},"image":{"@id":"https:\/\/www.exquisitarium.com\/fr\/produit\/chocolat-bun\/#primaryimage"},"thumbnailUrl":"https:\/\/www.exquisitarium.com\/wp-content\/uploads\/2024\/01\/VOLCAN-DE-CHOCOLATE.png","datePublished":"2024-01-10T13:04:39+00:00","dateModified":"2025-09-17T11:55:21+00:00","breadcrumb":{"@id":"https:\/\/www.exquisitarium.com\/fr\/produit\/chocolat-bun\/#breadcrumb"},"inLanguage":"fr-FR","potentialAction":[{"@type":"ReadAction","target":["https:\/\/www.exquisitarium.com\/fr\/produit\/chocolat-bun\/"]}]},{"@type":"ImageObject","inLanguage":"fr-FR","@id":"https:\/\/www.exquisitarium.com\/fr\/produit\/chocolat-bun\/#primaryimage","url":"https:\/\/www.exquisitarium.com\/wp-content\/uploads\/2024\/01\/VOLCAN-DE-CHOCOLATE.png","contentUrl":"https:\/\/www.exquisitarium.com\/wp-content\/uploads\/2024\/01\/VOLCAN-DE-CHOCOLATE.png","width":700,"height":466},{"@type":"BreadcrumbList","@id":"https:\/\/www.exquisitarium.com\/fr\/produit\/chocolat-bun\/#breadcrumb","itemListElement":[{"@type":"ListItem","position":1,"name":"Home","item":"https:\/\/www.exquisitarium.com\/fr\/"},{"@type":"ListItem","position":2,"name":"Recherche de produit","item":"https:\/\/www.exquisitarium.com\/fr\/recherche-de-produit\/"},{"@type":"ListItem","position":3,"name":"BUN AU CHOCOLAT"}]},{"@type":"WebSite","@id":"https:\/\/www.exquisitarium.com\/fr\/#website","url":"https:\/\/www.exquisitarium.com\/fr\/","name":"EXQUISITARIUM","description":"Tu cocina en buenas manos","publisher":{"@id":"https:\/\/www.exquisitarium.com\/fr\/#organization"},"potentialAction":[{"@type":"SearchAction","target":{"@type":"EntryPoint","urlTemplate":"https:\/\/www.exquisitarium.com\/fr\/?s={search_term_string}"},"query-input":{"@type":"PropertyValueSpecification","valueRequired":true,"valueName":"search_term_string"}}],"inLanguage":"fr-FR"},{"@type":"Organization","@id":"https:\/\/www.exquisitarium.com\/fr\/#organization","name":"EXQUISITARIUM","url":"https:\/\/www.exquisitarium.com\/fr\/","logo":{"@type":"ImageObject","inLanguage":"fr-FR","@id":"https:\/\/www.exquisitarium.com\/fr\/#\/schema\/logo\/image\/","url":"https:\/\/www.exquisitarium.com\/wp-content\/uploads\/2025\/10\/exquisitarium-logo.svg","contentUrl":"https:\/\/www.exquisitarium.com\/wp-content\/uploads\/2025\/10\/exquisitarium-logo.svg","width":233,"height":37,"caption":"EXQUISITARIUM"},"image":{"@id":"https:\/\/www.exquisitarium.com\/fr\/#\/schema\/logo\/image\/"},"sameAs":["https:\/\/www.facebook.com\/exquisitarium\/","https:\/\/www.instagram.com\/exquisitarium\/","https:\/\/www.linkedin.com\/company\/exquisitarium\/"]}]}},"_links":{"self":[{"href":"https:\/\/www.exquisitarium.com\/fr\/wp-json\/wp\/v2\/product\/14208","targetHints":{"allow":["GET"]}}],"collection":[{"href":"https:\/\/www.exquisitarium.com\/fr\/wp-json\/wp\/v2\/product"}],"about":[{"href":"https:\/\/www.exquisitarium.com\/fr\/wp-json\/wp\/v2\/types\/product"}],"version-history":[{"count":0,"href":"https:\/\/www.exquisitarium.com\/fr\/wp-json\/wp\/v2\/product\/14208\/revisions"}],"wp:featuredmedia":[{"embeddable":true,"href":"https:\/\/www.exquisitarium.com\/fr\/wp-json\/wp\/v2\/media\/23840"}],"wp:attachment":[{"href":"https:\/\/www.exquisitarium.com\/fr\/wp-json\/wp\/v2\/media?parent=14208"}],"wp:term":[{"taxonomy":"product_cat","embeddable":true,"href":"https:\/\/www.exquisitarium.com\/fr\/wp-json\/wp\/v2\/product_cat?post=14208"},{"taxonomy":"product_tag","embeddable":true,"href":"https:\/\/www.exquisitarium.com\/fr\/wp-json\/wp\/v2\/product_tag?post=14208"}],"curies":[{"name":"wp","href":"https:\/\/api.w.org\/{rel}","templated":true}]}}