{"id":12078,"date":"2022-03-04T13:37:17","date_gmt":"2022-03-04T12:37:17","guid":{"rendered":"https:\/\/www.exquisitarium.com\/productos\/pulled-de-queue-de-boeuf\/"},"modified":"2026-03-02T17:04:32","modified_gmt":"2026-03-02T16:04:32","slug":"pulled-de-queue-de-boeuf","status":"publish","type":"product","link":"https:\/\/www.exquisitarium.com\/fr\/produit\/pulled-de-queue-de-boeuf\/","title":{"rendered":"PULLED DE QUEUE DE BOEUF"},"content":{"rendered":"<p>Viande de queue de b\u0153uf cuite \u00e0 basse temp\u00e9rature pour obtenir une texture tr\u00e8s tendre. Il est ensuite r\u00e2p\u00e9 et assaisonn\u00e9 avec la sauce du rago\u00fbt. Il peut \u00eatre utilis\u00e9 pour remplir des tacos, des cr\u00eapes ou des sandwiches, du pain bao et des pizzas.<\/p>\n<p><strong><a href=\"https:\/\/www.exquisitarium.com\/wp-content\/uploads\/2018\/03\/Pictogramas_Exquisitarium_micro-e1520250428352.png\"><img decoding=\"async\" class=\"alignnone wp-image-4888\" src=\"https:\/\/www.exquisitarium.com\/wp-content\/uploads\/2018\/03\/Pictogramas_Exquisitarium_micro.png\" alt=\"\" width=\"70\" height=\"70\" \/><\/a>MICRO-ONDES<\/strong><\/p>\n<p>MICRO-ONDES : Il n&#8217;est pas n\u00e9cessaire de d\u00e9congeler au pr\u00e9alable, percer le dessus du r\u00e9cipient \u00e0 diff\u00e9rents endroits et chauffer directement au micro-ondes pendant environ 5 minutes \u00e0 800W.<\/p>\n","protected":false},"excerpt":{"rendered":"<p><a class=\"button\" href=\"https:\/\/www.exquisitarium.com\/fr\/formulaire-de-contact\/\">Demander des informations<\/a><\/p>\n<p>Tendre viande de queue de b\u0153uf r\u00e2p\u00e9e, assaisonn\u00e9e de sa propre sauce.<\/p>\n","protected":false},"featured_media":21676,"template":"","meta":{"_exactmetrics_skip_tracking":false,"_exactmetrics_sitenote_active":false,"_exactmetrics_sitenote_note":"","_exactmetrics_sitenote_category":0},"product_cat":[255,264],"product_tag":[268],"class_list":{"0":"post-12078","1":"product","2":"type-product","3":"status-publish","4":"has-post-thumbnail","6":"product_cat-tapas-fr","7":"product_cat-viandes-fr","8":"product_tag-catalogue-viandes","9":"pa_aplicacion-bar-fr","10":"pa_aplicacion-food-truck-fr","11":"pa_aplicacion-gastrobar-fr","12":"pa_aplicacion-hotels-fr","13":"pa_aplicacion-restaurant-fr","14":"pa_aplicacion-traiteur-fr","15":"pa_regeneracion-micro-ondes-fr","17":"first","18":"instock","19":"shipping-taxable","20":"product-type-simple"},"yoast_head":"<!-- This site is optimized with the Yoast SEO plugin v27.5 - https:\/\/yoast.com\/product\/yoast-seo-wordpress\/ -->\n<title>PULLED DE QUEUE DE BOEUF - plat cuisin\u00e9 pour professionnel- EXQUISITARIUM<\/title>\n<meta name=\"robots\" content=\"index, follow, max-snippet:-1, max-image-preview:large, max-video-preview:-1\" \/>\n<link rel=\"canonical\" href=\"https:\/\/www.exquisitarium.com\/fr\/produit\/pulled-de-queue-de-boeuf\/\" \/>\n<meta property=\"og:locale\" content=\"fr_FR\" \/>\n<meta property=\"og:type\" content=\"article\" \/>\n<meta property=\"og:title\" content=\"PULLED DE QUEUE DE BOEUF - plat cuisin\u00e9 pour professionnel- EXQUISITARIUM\" \/>\n<meta property=\"og:description\" content=\"Demander des informations  Tendre viande de queue de b\u0153uf r\u00e2p\u00e9e, assaisonn\u00e9e de sa propre sauce.\" \/>\n<meta property=\"og:url\" content=\"https:\/\/www.exquisitarium.com\/fr\/produit\/pulled-de-queue-de-boeuf\/\" \/>\n<meta property=\"og:site_name\" content=\"EXQUISITARIUM\" \/>\n<meta property=\"article:publisher\" content=\"https:\/\/www.facebook.com\/exquisitarium\/\" \/>\n<meta property=\"article:modified_time\" content=\"2026-03-02T16:04:32+00:00\" \/>\n<meta property=\"og:image\" content=\"https:\/\/www.exquisitarium.com\/wp-content\/uploads\/2022\/03\/PULLED-DE-RABO-DE-VACUNO.png\" \/>\n\t<meta property=\"og:image:width\" content=\"500\" \/>\n\t<meta property=\"og:image:height\" content=\"500\" \/>\n\t<meta property=\"og:image:type\" content=\"image\/png\" \/>\n<meta name=\"twitter:card\" content=\"summary_large_image\" \/>\n<script type=\"application\/ld+json\" class=\"yoast-schema-graph\">{\"@context\":\"https:\\\/\\\/schema.org\",\"@graph\":[{\"@type\":\"WebPage\",\"@id\":\"https:\\\/\\\/www.exquisitarium.com\\\/fr\\\/produit\\\/pulled-de-queue-de-boeuf\\\/\",\"url\":\"https:\\\/\\\/www.exquisitarium.com\\\/fr\\\/produit\\\/pulled-de-queue-de-boeuf\\\/\",\"name\":\"PULLED DE QUEUE DE BOEUF - plat cuisin\u00e9 pour professionnel- EXQUISITARIUM\",\"isPartOf\":{\"@id\":\"https:\\\/\\\/www.exquisitarium.com\\\/fr\\\/#website\"},\"primaryImageOfPage\":{\"@id\":\"https:\\\/\\\/www.exquisitarium.com\\\/fr\\\/produit\\\/pulled-de-queue-de-boeuf\\\/#primaryimage\"},\"image\":{\"@id\":\"https:\\\/\\\/www.exquisitarium.com\\\/fr\\\/produit\\\/pulled-de-queue-de-boeuf\\\/#primaryimage\"},\"thumbnailUrl\":\"https:\\\/\\\/www.exquisitarium.com\\\/wp-content\\\/uploads\\\/2022\\\/03\\\/PULLED-DE-RABO-DE-VACUNO.png\",\"datePublished\":\"2022-03-04T12:37:17+00:00\",\"dateModified\":\"2026-03-02T16:04:32+00:00\",\"breadcrumb\":{\"@id\":\"https:\\\/\\\/www.exquisitarium.com\\\/fr\\\/produit\\\/pulled-de-queue-de-boeuf\\\/#breadcrumb\"},\"inLanguage\":\"fr-FR\",\"potentialAction\":[{\"@type\":\"ReadAction\",\"target\":[\"https:\\\/\\\/www.exquisitarium.com\\\/fr\\\/produit\\\/pulled-de-queue-de-boeuf\\\/\"]}]},{\"@type\":\"ImageObject\",\"inLanguage\":\"fr-FR\",\"@id\":\"https:\\\/\\\/www.exquisitarium.com\\\/fr\\\/produit\\\/pulled-de-queue-de-boeuf\\\/#primaryimage\",\"url\":\"https:\\\/\\\/www.exquisitarium.com\\\/wp-content\\\/uploads\\\/2022\\\/03\\\/PULLED-DE-RABO-DE-VACUNO.png\",\"contentUrl\":\"https:\\\/\\\/www.exquisitarium.com\\\/wp-content\\\/uploads\\\/2022\\\/03\\\/PULLED-DE-RABO-DE-VACUNO.png\",\"width\":500,\"height\":500},{\"@type\":\"BreadcrumbList\",\"@id\":\"https:\\\/\\\/www.exquisitarium.com\\\/fr\\\/produit\\\/pulled-de-queue-de-boeuf\\\/#breadcrumb\",\"itemListElement\":[{\"@type\":\"ListItem\",\"position\":1,\"name\":\"Home\",\"item\":\"https:\\\/\\\/www.exquisitarium.com\\\/fr\\\/\"},{\"@type\":\"ListItem\",\"position\":2,\"name\":\"Recherche de produit\",\"item\":\"https:\\\/\\\/www.exquisitarium.com\\\/fr\\\/recherche-de-produit\\\/\"},{\"@type\":\"ListItem\",\"position\":3,\"name\":\"PULLED DE QUEUE DE BOEUF\"}]},{\"@type\":\"WebSite\",\"@id\":\"https:\\\/\\\/www.exquisitarium.com\\\/fr\\\/#website\",\"url\":\"https:\\\/\\\/www.exquisitarium.com\\\/fr\\\/\",\"name\":\"EXQUISITARIUM\",\"description\":\"Tu cocina en buenas manos\",\"publisher\":{\"@id\":\"https:\\\/\\\/www.exquisitarium.com\\\/fr\\\/#organization\"},\"potentialAction\":[{\"@type\":\"SearchAction\",\"target\":{\"@type\":\"EntryPoint\",\"urlTemplate\":\"https:\\\/\\\/www.exquisitarium.com\\\/fr\\\/?s={search_term_string}\"},\"query-input\":{\"@type\":\"PropertyValueSpecification\",\"valueRequired\":true,\"valueName\":\"search_term_string\"}}],\"inLanguage\":\"fr-FR\"},{\"@type\":\"Organization\",\"@id\":\"https:\\\/\\\/www.exquisitarium.com\\\/fr\\\/#organization\",\"name\":\"EXQUISITARIUM\",\"url\":\"https:\\\/\\\/www.exquisitarium.com\\\/fr\\\/\",\"logo\":{\"@type\":\"ImageObject\",\"inLanguage\":\"fr-FR\",\"@id\":\"https:\\\/\\\/www.exquisitarium.com\\\/fr\\\/#\\\/schema\\\/logo\\\/image\\\/\",\"url\":\"https:\\\/\\\/www.exquisitarium.com\\\/wp-content\\\/uploads\\\/2025\\\/10\\\/exquisitarium-logo.svg\",\"contentUrl\":\"https:\\\/\\\/www.exquisitarium.com\\\/wp-content\\\/uploads\\\/2025\\\/10\\\/exquisitarium-logo.svg\",\"width\":233,\"height\":37,\"caption\":\"EXQUISITARIUM\"},\"image\":{\"@id\":\"https:\\\/\\\/www.exquisitarium.com\\\/fr\\\/#\\\/schema\\\/logo\\\/image\\\/\"},\"sameAs\":[\"https:\\\/\\\/www.facebook.com\\\/exquisitarium\\\/\",\"https:\\\/\\\/www.instagram.com\\\/exquisitarium\\\/\",\"https:\\\/\\\/www.linkedin.com\\\/company\\\/exquisitarium\\\/\"]}]}<\/script>\n<!-- \/ Yoast SEO plugin. -->","yoast_head_json":{"title":"PULLED DE QUEUE DE BOEUF - plat cuisin\u00e9 pour professionnel- EXQUISITARIUM","robots":{"index":"index","follow":"follow","max-snippet":"max-snippet:-1","max-image-preview":"max-image-preview:large","max-video-preview":"max-video-preview:-1"},"canonical":"https:\/\/www.exquisitarium.com\/fr\/produit\/pulled-de-queue-de-boeuf\/","og_locale":"fr_FR","og_type":"article","og_title":"PULLED DE QUEUE DE BOEUF - plat cuisin\u00e9 pour professionnel- EXQUISITARIUM","og_description":"Demander des informations  Tendre viande de queue de b\u0153uf r\u00e2p\u00e9e, assaisonn\u00e9e de sa propre sauce.","og_url":"https:\/\/www.exquisitarium.com\/fr\/produit\/pulled-de-queue-de-boeuf\/","og_site_name":"EXQUISITARIUM","article_publisher":"https:\/\/www.facebook.com\/exquisitarium\/","article_modified_time":"2026-03-02T16:04:32+00:00","og_image":[{"width":500,"height":500,"url":"https:\/\/www.exquisitarium.com\/wp-content\/uploads\/2022\/03\/PULLED-DE-RABO-DE-VACUNO.png","type":"image\/png"}],"twitter_card":"summary_large_image","schema":{"@context":"https:\/\/schema.org","@graph":[{"@type":"WebPage","@id":"https:\/\/www.exquisitarium.com\/fr\/produit\/pulled-de-queue-de-boeuf\/","url":"https:\/\/www.exquisitarium.com\/fr\/produit\/pulled-de-queue-de-boeuf\/","name":"PULLED DE QUEUE DE BOEUF - plat cuisin\u00e9 pour professionnel- EXQUISITARIUM","isPartOf":{"@id":"https:\/\/www.exquisitarium.com\/fr\/#website"},"primaryImageOfPage":{"@id":"https:\/\/www.exquisitarium.com\/fr\/produit\/pulled-de-queue-de-boeuf\/#primaryimage"},"image":{"@id":"https:\/\/www.exquisitarium.com\/fr\/produit\/pulled-de-queue-de-boeuf\/#primaryimage"},"thumbnailUrl":"https:\/\/www.exquisitarium.com\/wp-content\/uploads\/2022\/03\/PULLED-DE-RABO-DE-VACUNO.png","datePublished":"2022-03-04T12:37:17+00:00","dateModified":"2026-03-02T16:04:32+00:00","breadcrumb":{"@id":"https:\/\/www.exquisitarium.com\/fr\/produit\/pulled-de-queue-de-boeuf\/#breadcrumb"},"inLanguage":"fr-FR","potentialAction":[{"@type":"ReadAction","target":["https:\/\/www.exquisitarium.com\/fr\/produit\/pulled-de-queue-de-boeuf\/"]}]},{"@type":"ImageObject","inLanguage":"fr-FR","@id":"https:\/\/www.exquisitarium.com\/fr\/produit\/pulled-de-queue-de-boeuf\/#primaryimage","url":"https:\/\/www.exquisitarium.com\/wp-content\/uploads\/2022\/03\/PULLED-DE-RABO-DE-VACUNO.png","contentUrl":"https:\/\/www.exquisitarium.com\/wp-content\/uploads\/2022\/03\/PULLED-DE-RABO-DE-VACUNO.png","width":500,"height":500},{"@type":"BreadcrumbList","@id":"https:\/\/www.exquisitarium.com\/fr\/produit\/pulled-de-queue-de-boeuf\/#breadcrumb","itemListElement":[{"@type":"ListItem","position":1,"name":"Home","item":"https:\/\/www.exquisitarium.com\/fr\/"},{"@type":"ListItem","position":2,"name":"Recherche de produit","item":"https:\/\/www.exquisitarium.com\/fr\/recherche-de-produit\/"},{"@type":"ListItem","position":3,"name":"PULLED DE QUEUE DE BOEUF"}]},{"@type":"WebSite","@id":"https:\/\/www.exquisitarium.com\/fr\/#website","url":"https:\/\/www.exquisitarium.com\/fr\/","name":"EXQUISITARIUM","description":"Tu cocina en buenas manos","publisher":{"@id":"https:\/\/www.exquisitarium.com\/fr\/#organization"},"potentialAction":[{"@type":"SearchAction","target":{"@type":"EntryPoint","urlTemplate":"https:\/\/www.exquisitarium.com\/fr\/?s={search_term_string}"},"query-input":{"@type":"PropertyValueSpecification","valueRequired":true,"valueName":"search_term_string"}}],"inLanguage":"fr-FR"},{"@type":"Organization","@id":"https:\/\/www.exquisitarium.com\/fr\/#organization","name":"EXQUISITARIUM","url":"https:\/\/www.exquisitarium.com\/fr\/","logo":{"@type":"ImageObject","inLanguage":"fr-FR","@id":"https:\/\/www.exquisitarium.com\/fr\/#\/schema\/logo\/image\/","url":"https:\/\/www.exquisitarium.com\/wp-content\/uploads\/2025\/10\/exquisitarium-logo.svg","contentUrl":"https:\/\/www.exquisitarium.com\/wp-content\/uploads\/2025\/10\/exquisitarium-logo.svg","width":233,"height":37,"caption":"EXQUISITARIUM"},"image":{"@id":"https:\/\/www.exquisitarium.com\/fr\/#\/schema\/logo\/image\/"},"sameAs":["https:\/\/www.facebook.com\/exquisitarium\/","https:\/\/www.instagram.com\/exquisitarium\/","https:\/\/www.linkedin.com\/company\/exquisitarium\/"]}]}},"_links":{"self":[{"href":"https:\/\/www.exquisitarium.com\/fr\/wp-json\/wp\/v2\/product\/12078","targetHints":{"allow":["GET"]}}],"collection":[{"href":"https:\/\/www.exquisitarium.com\/fr\/wp-json\/wp\/v2\/product"}],"about":[{"href":"https:\/\/www.exquisitarium.com\/fr\/wp-json\/wp\/v2\/types\/product"}],"version-history":[{"count":1,"href":"https:\/\/www.exquisitarium.com\/fr\/wp-json\/wp\/v2\/product\/12078\/revisions"}],"predecessor-version":[{"id":24260,"href":"https:\/\/www.exquisitarium.com\/fr\/wp-json\/wp\/v2\/product\/12078\/revisions\/24260"}],"wp:featuredmedia":[{"embeddable":true,"href":"https:\/\/www.exquisitarium.com\/fr\/wp-json\/wp\/v2\/media\/21676"}],"wp:attachment":[{"href":"https:\/\/www.exquisitarium.com\/fr\/wp-json\/wp\/v2\/media?parent=12078"}],"wp:term":[{"taxonomy":"product_cat","embeddable":true,"href":"https:\/\/www.exquisitarium.com\/fr\/wp-json\/wp\/v2\/product_cat?post=12078"},{"taxonomy":"product_tag","embeddable":true,"href":"https:\/\/www.exquisitarium.com\/fr\/wp-json\/wp\/v2\/product_tag?post=12078"}],"curies":[{"name":"wp","href":"https:\/\/api.w.org\/{rel}","templated":true}]}}