{"id":12018,"date":"2022-03-08T16:35:34","date_gmt":"2022-03-08T15:35:34","guid":{"rendered":"https:\/\/www.exquisitarium.com\/productos\/mochi-de-foie\/"},"modified":"2026-03-02T16:45:23","modified_gmt":"2026-03-02T15:45:23","slug":"mochi-de-foie","status":"publish","type":"product","link":"https:\/\/www.exquisitarium.com\/fr\/produit\/mochi-de-foie\/","title":{"rendered":"MOCHI DE FOIE"},"content":{"rendered":"<p id=\"tw-target-text\" class=\"tw-data-text tw-text-large tw-ta\" dir=\"ltr\" data-placeholder=\"Traducci\u00f3n\"><span class=\"Y2IQFc\" lang=\"fr\">Inspir\u00e9 de la douceur traditionnelle d&#8217;origine japonaise. Exquisitarium a d\u00e9velopp\u00e9 ce format avec une garniture sal\u00e9e. L&#8217;association du foie avec la douceur r\u00e9alise un m\u00e9lange tr\u00e8s r\u00e9ussi et \u00e9quilibr\u00e9, fusionnant les deux saveurs \u00e0 la perfection.<\/span><\/p>\n<p><strong><a href=\"https:\/\/www.exquisitarium.com\/wp-content\/uploads\/2018\/03\/Pictogramas_Exquisitarium_descongelar.png\"><img decoding=\"async\" class=\"alignnone wp-image-4871\" src=\"https:\/\/www.exquisitarium.com\/wp-content\/uploads\/2018\/03\/Pictogramas_Exquisitarium_descongelar.png\" alt=\"\" width=\"70\" height=\"70\" \/><\/a>D\u00c9CONGELER.<\/strong><\/p>\n<p>Laissez d\u00e9congeler au r\u00e9frig\u00e9rateur avant de consommer.<\/p>\n","protected":false},"excerpt":{"rendered":"<p><a class=\"button\" href=\"https:\/\/www.exquisitarium.com\/fr\/formulaire-de-contact\/\">Demander des informations<\/a><\/p>\n<p>&nbsp;<\/p>\n<p>Inspir\u00e9 de la friandise traditionnelle japonaise avec un remplissage innovant.<\/p>\n","protected":false},"featured_media":21551,"template":"","meta":{"_exactmetrics_skip_tracking":false,"_exactmetrics_sitenote_active":false,"_exactmetrics_sitenote_note":"","_exactmetrics_sitenote_category":0},"product_cat":[254],"product_tag":[256],"class_list":{"0":"post-12018","1":"product","2":"type-product","3":"status-publish","4":"has-post-thumbnail","6":"product_cat-aperitifsfr","7":"product_tag-catalogue-decongeler","8":"pa_aplicacion-bar-fr","9":"pa_aplicacion-cafeteria-patisserie-fr","10":"pa_aplicacion-hotels-fr","11":"pa_aplicacion-restaurant-fr","12":"pa_aplicacion-traiteur-fr","13":"pa_regeneracion-decongelerfr","15":"first","16":"instock","17":"shipping-taxable","18":"product-type-simple"},"yoast_head":"<!-- This site is optimized with the Yoast SEO plugin v27.5 - https:\/\/yoast.com\/product\/yoast-seo-wordpress\/ -->\n<title>MOCHI DE FOIE - plat cuisin\u00e9 pour professionnel- EXQUISITARIUM<\/title>\n<meta name=\"robots\" content=\"index, follow, max-snippet:-1, max-image-preview:large, max-video-preview:-1\" \/>\n<link rel=\"canonical\" href=\"https:\/\/www.exquisitarium.com\/fr\/produit\/mochi-de-foie\/\" \/>\n<meta property=\"og:locale\" content=\"fr_FR\" \/>\n<meta property=\"og:type\" content=\"article\" \/>\n<meta property=\"og:title\" content=\"MOCHI DE FOIE - plat cuisin\u00e9 pour professionnel- EXQUISITARIUM\" \/>\n<meta property=\"og:description\" content=\"Demander des informations  &nbsp;  Inspir\u00e9 de la friandise traditionnelle japonaise avec un remplissage innovant.\" \/>\n<meta property=\"og:url\" content=\"https:\/\/www.exquisitarium.com\/fr\/produit\/mochi-de-foie\/\" \/>\n<meta property=\"og:site_name\" content=\"EXQUISITARIUM\" \/>\n<meta property=\"article:publisher\" content=\"https:\/\/www.facebook.com\/exquisitarium\/\" \/>\n<meta property=\"article:modified_time\" content=\"2026-03-02T15:45:23+00:00\" \/>\n<meta property=\"og:image\" content=\"https:\/\/www.exquisitarium.com\/wp-content\/uploads\/2022\/03\/MOCHI-DE-FOIE.png\" \/>\n\t<meta property=\"og:image:width\" content=\"600\" \/>\n\t<meta property=\"og:image:height\" content=\"600\" \/>\n\t<meta property=\"og:image:type\" content=\"image\/png\" \/>\n<meta name=\"twitter:card\" content=\"summary_large_image\" \/>\n<script type=\"application\/ld+json\" class=\"yoast-schema-graph\">{\"@context\":\"https:\\\/\\\/schema.org\",\"@graph\":[{\"@type\":\"WebPage\",\"@id\":\"https:\\\/\\\/www.exquisitarium.com\\\/fr\\\/produit\\\/mochi-de-foie\\\/\",\"url\":\"https:\\\/\\\/www.exquisitarium.com\\\/fr\\\/produit\\\/mochi-de-foie\\\/\",\"name\":\"MOCHI DE FOIE - plat cuisin\u00e9 pour professionnel- EXQUISITARIUM\",\"isPartOf\":{\"@id\":\"https:\\\/\\\/www.exquisitarium.com\\\/fr\\\/#website\"},\"primaryImageOfPage\":{\"@id\":\"https:\\\/\\\/www.exquisitarium.com\\\/fr\\\/produit\\\/mochi-de-foie\\\/#primaryimage\"},\"image\":{\"@id\":\"https:\\\/\\\/www.exquisitarium.com\\\/fr\\\/produit\\\/mochi-de-foie\\\/#primaryimage\"},\"thumbnailUrl\":\"https:\\\/\\\/www.exquisitarium.com\\\/wp-content\\\/uploads\\\/2022\\\/03\\\/MOCHI-DE-FOIE.png\",\"datePublished\":\"2022-03-08T15:35:34+00:00\",\"dateModified\":\"2026-03-02T15:45:23+00:00\",\"breadcrumb\":{\"@id\":\"https:\\\/\\\/www.exquisitarium.com\\\/fr\\\/produit\\\/mochi-de-foie\\\/#breadcrumb\"},\"inLanguage\":\"fr-FR\",\"potentialAction\":[{\"@type\":\"ReadAction\",\"target\":[\"https:\\\/\\\/www.exquisitarium.com\\\/fr\\\/produit\\\/mochi-de-foie\\\/\"]}]},{\"@type\":\"ImageObject\",\"inLanguage\":\"fr-FR\",\"@id\":\"https:\\\/\\\/www.exquisitarium.com\\\/fr\\\/produit\\\/mochi-de-foie\\\/#primaryimage\",\"url\":\"https:\\\/\\\/www.exquisitarium.com\\\/wp-content\\\/uploads\\\/2022\\\/03\\\/MOCHI-DE-FOIE.png\",\"contentUrl\":\"https:\\\/\\\/www.exquisitarium.com\\\/wp-content\\\/uploads\\\/2022\\\/03\\\/MOCHI-DE-FOIE.png\",\"width\":600,\"height\":600},{\"@type\":\"BreadcrumbList\",\"@id\":\"https:\\\/\\\/www.exquisitarium.com\\\/fr\\\/produit\\\/mochi-de-foie\\\/#breadcrumb\",\"itemListElement\":[{\"@type\":\"ListItem\",\"position\":1,\"name\":\"Home\",\"item\":\"https:\\\/\\\/www.exquisitarium.com\\\/fr\\\/\"},{\"@type\":\"ListItem\",\"position\":2,\"name\":\"Recherche de produit\",\"item\":\"https:\\\/\\\/www.exquisitarium.com\\\/fr\\\/recherche-de-produit\\\/\"},{\"@type\":\"ListItem\",\"position\":3,\"name\":\"MOCHI DE FOIE\"}]},{\"@type\":\"WebSite\",\"@id\":\"https:\\\/\\\/www.exquisitarium.com\\\/fr\\\/#website\",\"url\":\"https:\\\/\\\/www.exquisitarium.com\\\/fr\\\/\",\"name\":\"EXQUISITARIUM\",\"description\":\"Tu cocina en buenas manos\",\"publisher\":{\"@id\":\"https:\\\/\\\/www.exquisitarium.com\\\/fr\\\/#organization\"},\"potentialAction\":[{\"@type\":\"SearchAction\",\"target\":{\"@type\":\"EntryPoint\",\"urlTemplate\":\"https:\\\/\\\/www.exquisitarium.com\\\/fr\\\/?s={search_term_string}\"},\"query-input\":{\"@type\":\"PropertyValueSpecification\",\"valueRequired\":true,\"valueName\":\"search_term_string\"}}],\"inLanguage\":\"fr-FR\"},{\"@type\":\"Organization\",\"@id\":\"https:\\\/\\\/www.exquisitarium.com\\\/fr\\\/#organization\",\"name\":\"EXQUISITARIUM\",\"url\":\"https:\\\/\\\/www.exquisitarium.com\\\/fr\\\/\",\"logo\":{\"@type\":\"ImageObject\",\"inLanguage\":\"fr-FR\",\"@id\":\"https:\\\/\\\/www.exquisitarium.com\\\/fr\\\/#\\\/schema\\\/logo\\\/image\\\/\",\"url\":\"https:\\\/\\\/www.exquisitarium.com\\\/wp-content\\\/uploads\\\/2025\\\/10\\\/exquisitarium-logo.svg\",\"contentUrl\":\"https:\\\/\\\/www.exquisitarium.com\\\/wp-content\\\/uploads\\\/2025\\\/10\\\/exquisitarium-logo.svg\",\"width\":233,\"height\":37,\"caption\":\"EXQUISITARIUM\"},\"image\":{\"@id\":\"https:\\\/\\\/www.exquisitarium.com\\\/fr\\\/#\\\/schema\\\/logo\\\/image\\\/\"},\"sameAs\":[\"https:\\\/\\\/www.facebook.com\\\/exquisitarium\\\/\",\"https:\\\/\\\/www.instagram.com\\\/exquisitarium\\\/\",\"https:\\\/\\\/www.linkedin.com\\\/company\\\/exquisitarium\\\/\"]}]}<\/script>\n<!-- \/ Yoast SEO plugin. -->","yoast_head_json":{"title":"MOCHI DE FOIE - plat cuisin\u00e9 pour professionnel- EXQUISITARIUM","robots":{"index":"index","follow":"follow","max-snippet":"max-snippet:-1","max-image-preview":"max-image-preview:large","max-video-preview":"max-video-preview:-1"},"canonical":"https:\/\/www.exquisitarium.com\/fr\/produit\/mochi-de-foie\/","og_locale":"fr_FR","og_type":"article","og_title":"MOCHI DE FOIE - plat cuisin\u00e9 pour professionnel- EXQUISITARIUM","og_description":"Demander des informations  &nbsp;  Inspir\u00e9 de la friandise traditionnelle japonaise avec un remplissage innovant.","og_url":"https:\/\/www.exquisitarium.com\/fr\/produit\/mochi-de-foie\/","og_site_name":"EXQUISITARIUM","article_publisher":"https:\/\/www.facebook.com\/exquisitarium\/","article_modified_time":"2026-03-02T15:45:23+00:00","og_image":[{"width":600,"height":600,"url":"https:\/\/www.exquisitarium.com\/wp-content\/uploads\/2022\/03\/MOCHI-DE-FOIE.png","type":"image\/png"}],"twitter_card":"summary_large_image","schema":{"@context":"https:\/\/schema.org","@graph":[{"@type":"WebPage","@id":"https:\/\/www.exquisitarium.com\/fr\/produit\/mochi-de-foie\/","url":"https:\/\/www.exquisitarium.com\/fr\/produit\/mochi-de-foie\/","name":"MOCHI DE FOIE - plat cuisin\u00e9 pour professionnel- EXQUISITARIUM","isPartOf":{"@id":"https:\/\/www.exquisitarium.com\/fr\/#website"},"primaryImageOfPage":{"@id":"https:\/\/www.exquisitarium.com\/fr\/produit\/mochi-de-foie\/#primaryimage"},"image":{"@id":"https:\/\/www.exquisitarium.com\/fr\/produit\/mochi-de-foie\/#primaryimage"},"thumbnailUrl":"https:\/\/www.exquisitarium.com\/wp-content\/uploads\/2022\/03\/MOCHI-DE-FOIE.png","datePublished":"2022-03-08T15:35:34+00:00","dateModified":"2026-03-02T15:45:23+00:00","breadcrumb":{"@id":"https:\/\/www.exquisitarium.com\/fr\/produit\/mochi-de-foie\/#breadcrumb"},"inLanguage":"fr-FR","potentialAction":[{"@type":"ReadAction","target":["https:\/\/www.exquisitarium.com\/fr\/produit\/mochi-de-foie\/"]}]},{"@type":"ImageObject","inLanguage":"fr-FR","@id":"https:\/\/www.exquisitarium.com\/fr\/produit\/mochi-de-foie\/#primaryimage","url":"https:\/\/www.exquisitarium.com\/wp-content\/uploads\/2022\/03\/MOCHI-DE-FOIE.png","contentUrl":"https:\/\/www.exquisitarium.com\/wp-content\/uploads\/2022\/03\/MOCHI-DE-FOIE.png","width":600,"height":600},{"@type":"BreadcrumbList","@id":"https:\/\/www.exquisitarium.com\/fr\/produit\/mochi-de-foie\/#breadcrumb","itemListElement":[{"@type":"ListItem","position":1,"name":"Home","item":"https:\/\/www.exquisitarium.com\/fr\/"},{"@type":"ListItem","position":2,"name":"Recherche de produit","item":"https:\/\/www.exquisitarium.com\/fr\/recherche-de-produit\/"},{"@type":"ListItem","position":3,"name":"MOCHI DE FOIE"}]},{"@type":"WebSite","@id":"https:\/\/www.exquisitarium.com\/fr\/#website","url":"https:\/\/www.exquisitarium.com\/fr\/","name":"EXQUISITARIUM","description":"Tu cocina en buenas manos","publisher":{"@id":"https:\/\/www.exquisitarium.com\/fr\/#organization"},"potentialAction":[{"@type":"SearchAction","target":{"@type":"EntryPoint","urlTemplate":"https:\/\/www.exquisitarium.com\/fr\/?s={search_term_string}"},"query-input":{"@type":"PropertyValueSpecification","valueRequired":true,"valueName":"search_term_string"}}],"inLanguage":"fr-FR"},{"@type":"Organization","@id":"https:\/\/www.exquisitarium.com\/fr\/#organization","name":"EXQUISITARIUM","url":"https:\/\/www.exquisitarium.com\/fr\/","logo":{"@type":"ImageObject","inLanguage":"fr-FR","@id":"https:\/\/www.exquisitarium.com\/fr\/#\/schema\/logo\/image\/","url":"https:\/\/www.exquisitarium.com\/wp-content\/uploads\/2025\/10\/exquisitarium-logo.svg","contentUrl":"https:\/\/www.exquisitarium.com\/wp-content\/uploads\/2025\/10\/exquisitarium-logo.svg","width":233,"height":37,"caption":"EXQUISITARIUM"},"image":{"@id":"https:\/\/www.exquisitarium.com\/fr\/#\/schema\/logo\/image\/"},"sameAs":["https:\/\/www.facebook.com\/exquisitarium\/","https:\/\/www.instagram.com\/exquisitarium\/","https:\/\/www.linkedin.com\/company\/exquisitarium\/"]}]}},"_links":{"self":[{"href":"https:\/\/www.exquisitarium.com\/fr\/wp-json\/wp\/v2\/product\/12018","targetHints":{"allow":["GET"]}}],"collection":[{"href":"https:\/\/www.exquisitarium.com\/fr\/wp-json\/wp\/v2\/product"}],"about":[{"href":"https:\/\/www.exquisitarium.com\/fr\/wp-json\/wp\/v2\/types\/product"}],"version-history":[{"count":1,"href":"https:\/\/www.exquisitarium.com\/fr\/wp-json\/wp\/v2\/product\/12018\/revisions"}],"predecessor-version":[{"id":24237,"href":"https:\/\/www.exquisitarium.com\/fr\/wp-json\/wp\/v2\/product\/12018\/revisions\/24237"}],"wp:featuredmedia":[{"embeddable":true,"href":"https:\/\/www.exquisitarium.com\/fr\/wp-json\/wp\/v2\/media\/21551"}],"wp:attachment":[{"href":"https:\/\/www.exquisitarium.com\/fr\/wp-json\/wp\/v2\/media?parent=12018"}],"wp:term":[{"taxonomy":"product_cat","embeddable":true,"href":"https:\/\/www.exquisitarium.com\/fr\/wp-json\/wp\/v2\/product_cat?post=12018"},{"taxonomy":"product_tag","embeddable":true,"href":"https:\/\/www.exquisitarium.com\/fr\/wp-json\/wp\/v2\/product_tag?post=12018"}],"curies":[{"name":"wp","href":"https:\/\/api.w.org\/{rel}","templated":true}]}}