{"id":10937,"date":"2020-06-08T09:21:31","date_gmt":"2020-06-08T07:21:31","guid":{"rendered":"https:\/\/www.exquisitarium.com\/productos\/volauvent-chistorra-vegane\/"},"modified":"2020-06-23T17:34:59","modified_gmt":"2020-06-23T15:34:59","slug":"volauvent-chistorra-vegane","status":"publish","type":"product","link":"https:\/\/www.exquisitarium.com\/fr\/produit\/volauvent-chistorra-vegane\/","title":{"rendered":"Vol-au-vent de chistorra v\u00e9gane"},"content":{"rendered":"<p>Ap\u00e9ritif original, pr\u00e9par\u00e9 au four qui nous rappelle la saveur si caract\u00e9ristique de la chistorra. Ap\u00e9ritif v\u00e9gan.<\/p>\n<p><strong><a href=\"https:\/\/www.exquisitarium.com\/wp-content\/uploads\/2018\/03\/Pictogramas_Exquisitarium_forn-e1520333452926.png\" data-mce-href=\"https:\/\/www.exquisitarium.com\/wp-content\/uploads\/2018\/03\/Pictogramas_Exquisitarium_forn-e1520333452926.png\"><img decoding=\"async\" class=\"alignnone wp-image-4919\" src=\"https:\/\/www.exquisitarium.com\/wp-content\/uploads\/2018\/03\/Pictogramas_Exquisitarium_forn.png\" alt=\"\" width=\"70\" height=\"70\" data-mce-src=\"https:\/\/www.exquisitarium.com\/wp-content\/uploads\/2018\/03\/Pictogramas_Exquisitarium_forn.png\"><\/a>FOUR<\/strong><\/p>\n<p><span style=\"font-size: 1.4rem;\" data-mce-style=\"font-size: 1.4rem;\">Sans d\u00e9cong\u00e9lation au pr\u00e9alable, faites chauffer au four pendant 5 minutes \u00e0 200\u00b0C.<\/span><\/p>\n","protected":false},"excerpt":{"rendered":"<p><a class=\"button\" href=\"\/exquisitarium\/formulario_contacto\/?lang=fr\">Demander des informations<\/a><\/p>\n<p>Vol-au-vent farci de chistorra v\u00e9gane<\/p>\n<p>v\u00e9gane<\/p>\n","protected":false},"featured_media":10685,"template":"","meta":{"_exactmetrics_skip_tracking":false,"_exactmetrics_sitenote_active":false,"_exactmetrics_sitenote_note":"","_exactmetrics_sitenote_category":0},"product_cat":[254],"product_tag":[271,396],"class_list":{"0":"post-10937","1":"product","2":"type-product","3":"status-publish","4":"has-post-thumbnail","6":"product_cat-aperitifsfr","7":"product_tag-catalogue-otros-aperitivos-y-tapas","8":"product_tag-andere-erste-gange","9":"pa_aplicacion-gastrobar-fr","10":"pa_aplicacion-hotels-fr","11":"pa_aplicacion-restaurant-fr","12":"pa_aplicacion-traiteur-fr","13":"pa_apto-vegan-fr","14":"pa_regeneracion-four-fr","16":"first","17":"instock","18":"shipping-taxable","19":"product-type-simple"},"yoast_head":"<!-- This site is optimized with the Yoast SEO plugin v27.5 - https:\/\/yoast.com\/product\/yoast-seo-wordpress\/ -->\n<title>Vol-au-vent de chistorra v\u00e9gane-plat cuisin\u00e9 pour professionnel-EXQUISITARIUM<\/title>\n<meta name=\"robots\" content=\"index, follow, max-snippet:-1, max-image-preview:large, max-video-preview:-1\" \/>\n<link rel=\"canonical\" href=\"https:\/\/www.exquisitarium.com\/fr\/produit\/volauvent-chistorra-vegane\/\" \/>\n<meta property=\"og:locale\" content=\"fr_FR\" \/>\n<meta property=\"og:type\" content=\"article\" \/>\n<meta property=\"og:title\" content=\"Vol-au-vent de chistorra v\u00e9gane-plat cuisin\u00e9 pour professionnel-EXQUISITARIUM\" \/>\n<meta property=\"og:description\" content=\"Demander des informations  Vol-au-vent farci de chistorra v\u00e9gane  v\u00e9gane\" \/>\n<meta property=\"og:url\" content=\"https:\/\/www.exquisitarium.com\/fr\/produit\/volauvent-chistorra-vegane\/\" \/>\n<meta property=\"og:site_name\" content=\"EXQUISITARIUM\" \/>\n<meta property=\"article:publisher\" content=\"https:\/\/www.facebook.com\/exquisitarium\/\" \/>\n<meta property=\"article:modified_time\" content=\"2020-06-23T15:34:59+00:00\" \/>\n<meta property=\"og:image\" content=\"https:\/\/www.exquisitarium.com\/wp-content\/uploads\/2020\/06\/vol-au-vent-de-chistorra-vegano.jpg\" \/>\n\t<meta property=\"og:image:width\" content=\"1000\" \/>\n\t<meta property=\"og:image:height\" content=\"750\" \/>\n\t<meta property=\"og:image:type\" content=\"image\/jpeg\" \/>\n<meta name=\"twitter:card\" content=\"summary_large_image\" \/>\n<script type=\"application\/ld+json\" class=\"yoast-schema-graph\">{\"@context\":\"https:\\\/\\\/schema.org\",\"@graph\":[{\"@type\":\"WebPage\",\"@id\":\"https:\\\/\\\/www.exquisitarium.com\\\/fr\\\/produit\\\/volauvent-chistorra-vegane\\\/\",\"url\":\"https:\\\/\\\/www.exquisitarium.com\\\/fr\\\/produit\\\/volauvent-chistorra-vegane\\\/\",\"name\":\"Vol-au-vent de chistorra v\u00e9gane-plat cuisin\u00e9 pour professionnel-EXQUISITARIUM\",\"isPartOf\":{\"@id\":\"https:\\\/\\\/www.exquisitarium.com\\\/fr\\\/#website\"},\"primaryImageOfPage\":{\"@id\":\"https:\\\/\\\/www.exquisitarium.com\\\/fr\\\/produit\\\/volauvent-chistorra-vegane\\\/#primaryimage\"},\"image\":{\"@id\":\"https:\\\/\\\/www.exquisitarium.com\\\/fr\\\/produit\\\/volauvent-chistorra-vegane\\\/#primaryimage\"},\"thumbnailUrl\":\"https:\\\/\\\/www.exquisitarium.com\\\/wp-content\\\/uploads\\\/2020\\\/06\\\/vol-au-vent-de-chistorra-vegano.jpg\",\"datePublished\":\"2020-06-08T07:21:31+00:00\",\"dateModified\":\"2020-06-23T15:34:59+00:00\",\"breadcrumb\":{\"@id\":\"https:\\\/\\\/www.exquisitarium.com\\\/fr\\\/produit\\\/volauvent-chistorra-vegane\\\/#breadcrumb\"},\"inLanguage\":\"fr-FR\",\"potentialAction\":[{\"@type\":\"ReadAction\",\"target\":[\"https:\\\/\\\/www.exquisitarium.com\\\/fr\\\/produit\\\/volauvent-chistorra-vegane\\\/\"]}]},{\"@type\":\"ImageObject\",\"inLanguage\":\"fr-FR\",\"@id\":\"https:\\\/\\\/www.exquisitarium.com\\\/fr\\\/produit\\\/volauvent-chistorra-vegane\\\/#primaryimage\",\"url\":\"https:\\\/\\\/www.exquisitarium.com\\\/wp-content\\\/uploads\\\/2020\\\/06\\\/vol-au-vent-de-chistorra-vegano.jpg\",\"contentUrl\":\"https:\\\/\\\/www.exquisitarium.com\\\/wp-content\\\/uploads\\\/2020\\\/06\\\/vol-au-vent-de-chistorra-vegano.jpg\",\"width\":1000,\"height\":750},{\"@type\":\"BreadcrumbList\",\"@id\":\"https:\\\/\\\/www.exquisitarium.com\\\/fr\\\/produit\\\/volauvent-chistorra-vegane\\\/#breadcrumb\",\"itemListElement\":[{\"@type\":\"ListItem\",\"position\":1,\"name\":\"Home\",\"item\":\"https:\\\/\\\/www.exquisitarium.com\\\/fr\\\/\"},{\"@type\":\"ListItem\",\"position\":2,\"name\":\"Recherche de produit\",\"item\":\"https:\\\/\\\/www.exquisitarium.com\\\/fr\\\/recherche-de-produit\\\/\"},{\"@type\":\"ListItem\",\"position\":3,\"name\":\"Vol-au-vent de chistorra v\u00e9gane\"}]},{\"@type\":\"WebSite\",\"@id\":\"https:\\\/\\\/www.exquisitarium.com\\\/fr\\\/#website\",\"url\":\"https:\\\/\\\/www.exquisitarium.com\\\/fr\\\/\",\"name\":\"EXQUISITARIUM\",\"description\":\"Tu cocina en buenas manos\",\"publisher\":{\"@id\":\"https:\\\/\\\/www.exquisitarium.com\\\/fr\\\/#organization\"},\"potentialAction\":[{\"@type\":\"SearchAction\",\"target\":{\"@type\":\"EntryPoint\",\"urlTemplate\":\"https:\\\/\\\/www.exquisitarium.com\\\/fr\\\/?s={search_term_string}\"},\"query-input\":{\"@type\":\"PropertyValueSpecification\",\"valueRequired\":true,\"valueName\":\"search_term_string\"}}],\"inLanguage\":\"fr-FR\"},{\"@type\":\"Organization\",\"@id\":\"https:\\\/\\\/www.exquisitarium.com\\\/fr\\\/#organization\",\"name\":\"EXQUISITARIUM\",\"url\":\"https:\\\/\\\/www.exquisitarium.com\\\/fr\\\/\",\"logo\":{\"@type\":\"ImageObject\",\"inLanguage\":\"fr-FR\",\"@id\":\"https:\\\/\\\/www.exquisitarium.com\\\/fr\\\/#\\\/schema\\\/logo\\\/image\\\/\",\"url\":\"https:\\\/\\\/www.exquisitarium.com\\\/wp-content\\\/uploads\\\/2025\\\/10\\\/exquisitarium-logo.svg\",\"contentUrl\":\"https:\\\/\\\/www.exquisitarium.com\\\/wp-content\\\/uploads\\\/2025\\\/10\\\/exquisitarium-logo.svg\",\"width\":233,\"height\":37,\"caption\":\"EXQUISITARIUM\"},\"image\":{\"@id\":\"https:\\\/\\\/www.exquisitarium.com\\\/fr\\\/#\\\/schema\\\/logo\\\/image\\\/\"},\"sameAs\":[\"https:\\\/\\\/www.facebook.com\\\/exquisitarium\\\/\",\"https:\\\/\\\/www.instagram.com\\\/exquisitarium\\\/\",\"https:\\\/\\\/www.linkedin.com\\\/company\\\/exquisitarium\\\/\"]}]}<\/script>\n<!-- \/ Yoast SEO plugin. -->","yoast_head_json":{"title":"Vol-au-vent de chistorra v\u00e9gane-plat cuisin\u00e9 pour professionnel-EXQUISITARIUM","robots":{"index":"index","follow":"follow","max-snippet":"max-snippet:-1","max-image-preview":"max-image-preview:large","max-video-preview":"max-video-preview:-1"},"canonical":"https:\/\/www.exquisitarium.com\/fr\/produit\/volauvent-chistorra-vegane\/","og_locale":"fr_FR","og_type":"article","og_title":"Vol-au-vent de chistorra v\u00e9gane-plat cuisin\u00e9 pour professionnel-EXQUISITARIUM","og_description":"Demander des informations  Vol-au-vent farci de chistorra v\u00e9gane  v\u00e9gane","og_url":"https:\/\/www.exquisitarium.com\/fr\/produit\/volauvent-chistorra-vegane\/","og_site_name":"EXQUISITARIUM","article_publisher":"https:\/\/www.facebook.com\/exquisitarium\/","article_modified_time":"2020-06-23T15:34:59+00:00","og_image":[{"width":1000,"height":750,"url":"https:\/\/www.exquisitarium.com\/wp-content\/uploads\/2020\/06\/vol-au-vent-de-chistorra-vegano.jpg","type":"image\/jpeg"}],"twitter_card":"summary_large_image","schema":{"@context":"https:\/\/schema.org","@graph":[{"@type":"WebPage","@id":"https:\/\/www.exquisitarium.com\/fr\/produit\/volauvent-chistorra-vegane\/","url":"https:\/\/www.exquisitarium.com\/fr\/produit\/volauvent-chistorra-vegane\/","name":"Vol-au-vent de chistorra v\u00e9gane-plat cuisin\u00e9 pour professionnel-EXQUISITARIUM","isPartOf":{"@id":"https:\/\/www.exquisitarium.com\/fr\/#website"},"primaryImageOfPage":{"@id":"https:\/\/www.exquisitarium.com\/fr\/produit\/volauvent-chistorra-vegane\/#primaryimage"},"image":{"@id":"https:\/\/www.exquisitarium.com\/fr\/produit\/volauvent-chistorra-vegane\/#primaryimage"},"thumbnailUrl":"https:\/\/www.exquisitarium.com\/wp-content\/uploads\/2020\/06\/vol-au-vent-de-chistorra-vegano.jpg","datePublished":"2020-06-08T07:21:31+00:00","dateModified":"2020-06-23T15:34:59+00:00","breadcrumb":{"@id":"https:\/\/www.exquisitarium.com\/fr\/produit\/volauvent-chistorra-vegane\/#breadcrumb"},"inLanguage":"fr-FR","potentialAction":[{"@type":"ReadAction","target":["https:\/\/www.exquisitarium.com\/fr\/produit\/volauvent-chistorra-vegane\/"]}]},{"@type":"ImageObject","inLanguage":"fr-FR","@id":"https:\/\/www.exquisitarium.com\/fr\/produit\/volauvent-chistorra-vegane\/#primaryimage","url":"https:\/\/www.exquisitarium.com\/wp-content\/uploads\/2020\/06\/vol-au-vent-de-chistorra-vegano.jpg","contentUrl":"https:\/\/www.exquisitarium.com\/wp-content\/uploads\/2020\/06\/vol-au-vent-de-chistorra-vegano.jpg","width":1000,"height":750},{"@type":"BreadcrumbList","@id":"https:\/\/www.exquisitarium.com\/fr\/produit\/volauvent-chistorra-vegane\/#breadcrumb","itemListElement":[{"@type":"ListItem","position":1,"name":"Home","item":"https:\/\/www.exquisitarium.com\/fr\/"},{"@type":"ListItem","position":2,"name":"Recherche de produit","item":"https:\/\/www.exquisitarium.com\/fr\/recherche-de-produit\/"},{"@type":"ListItem","position":3,"name":"Vol-au-vent de chistorra v\u00e9gane"}]},{"@type":"WebSite","@id":"https:\/\/www.exquisitarium.com\/fr\/#website","url":"https:\/\/www.exquisitarium.com\/fr\/","name":"EXQUISITARIUM","description":"Tu cocina en buenas manos","publisher":{"@id":"https:\/\/www.exquisitarium.com\/fr\/#organization"},"potentialAction":[{"@type":"SearchAction","target":{"@type":"EntryPoint","urlTemplate":"https:\/\/www.exquisitarium.com\/fr\/?s={search_term_string}"},"query-input":{"@type":"PropertyValueSpecification","valueRequired":true,"valueName":"search_term_string"}}],"inLanguage":"fr-FR"},{"@type":"Organization","@id":"https:\/\/www.exquisitarium.com\/fr\/#organization","name":"EXQUISITARIUM","url":"https:\/\/www.exquisitarium.com\/fr\/","logo":{"@type":"ImageObject","inLanguage":"fr-FR","@id":"https:\/\/www.exquisitarium.com\/fr\/#\/schema\/logo\/image\/","url":"https:\/\/www.exquisitarium.com\/wp-content\/uploads\/2025\/10\/exquisitarium-logo.svg","contentUrl":"https:\/\/www.exquisitarium.com\/wp-content\/uploads\/2025\/10\/exquisitarium-logo.svg","width":233,"height":37,"caption":"EXQUISITARIUM"},"image":{"@id":"https:\/\/www.exquisitarium.com\/fr\/#\/schema\/logo\/image\/"},"sameAs":["https:\/\/www.facebook.com\/exquisitarium\/","https:\/\/www.instagram.com\/exquisitarium\/","https:\/\/www.linkedin.com\/company\/exquisitarium\/"]}]}},"_links":{"self":[{"href":"https:\/\/www.exquisitarium.com\/fr\/wp-json\/wp\/v2\/product\/10937","targetHints":{"allow":["GET"]}}],"collection":[{"href":"https:\/\/www.exquisitarium.com\/fr\/wp-json\/wp\/v2\/product"}],"about":[{"href":"https:\/\/www.exquisitarium.com\/fr\/wp-json\/wp\/v2\/types\/product"}],"version-history":[{"count":0,"href":"https:\/\/www.exquisitarium.com\/fr\/wp-json\/wp\/v2\/product\/10937\/revisions"}],"wp:featuredmedia":[{"embeddable":true,"href":"https:\/\/www.exquisitarium.com\/fr\/wp-json\/wp\/v2\/media\/10685"}],"wp:attachment":[{"href":"https:\/\/www.exquisitarium.com\/fr\/wp-json\/wp\/v2\/media?parent=10937"}],"wp:term":[{"taxonomy":"product_cat","embeddable":true,"href":"https:\/\/www.exquisitarium.com\/fr\/wp-json\/wp\/v2\/product_cat?post=10937"},{"taxonomy":"product_tag","embeddable":true,"href":"https:\/\/www.exquisitarium.com\/fr\/wp-json\/wp\/v2\/product_tag?post=10937"}],"curies":[{"name":"wp","href":"https:\/\/api.w.org\/{rel}","templated":true}]}}