{"id":9069,"date":"2019-01-22T13:07:48","date_gmt":"2019-01-22T12:07:48","guid":{"rendered":"https:\/\/www.exquisitarium.com\/pour-nous-rejoindre-comme-distributeur\/"},"modified":"2019-01-22T13:07:52","modified_gmt":"2019-01-22T12:07:52","slug":"pour-nous-rejoindre-comme-distributeur","status":"publish","type":"page","link":"https:\/\/www.exquisitarium.com\/fr\/pour-nous-rejoindre-comme-distributeur\/","title":{"rendered":"Pour nous rejoindre comme distributeur"},"content":{"rendered":"\t\t<div data-elementor-type=\"wp-post\" data-elementor-id=\"9069\" class=\"elementor elementor-9069 elementor-6897 elementor-bc-flex-widget\">\n\t\t\t\t\t\t<section class=\"elementor-section elementor-top-section elementor-element elementor-element-cdf7c86 elementor-section-boxed elementor-section-height-default elementor-section-height-default\" data-id=\"cdf7c86\" data-element_type=\"section\" data-e-type=\"section\">\n\t\t\t\t\t\t<div class=\"elementor-container elementor-column-gap-default\">\n\t\t\t\t\t<div class=\"elementor-column elementor-col-100 elementor-top-column elementor-element elementor-element-b6c9fa2\" data-id=\"b6c9fa2\" data-element_type=\"column\" data-e-type=\"column\">\n\t\t\t<div class=\"elementor-widget-wrap elementor-element-populated\">\n\t\t\t\t\t\t<div class=\"elementor-element elementor-element-2477ef2 elementor-widget elementor-widget-text-editor\" data-id=\"2477ef2\" data-element_type=\"widget\" data-e-type=\"widget\" data-widget_type=\"text-editor.default\">\n\t\t\t\t<div class=\"elementor-widget-container\">\n\t\t\t\t\t\t\t\t\t<p>Nous nous r\u00e9jouissons de renforcer notre r\u00e9seau de partenaires distributeurs pour commercialiser les produits Exquisitarium. Nous invitons actuellement les entreprises \u00e0 rejoindre notre r\u00e9seau de distributeurs en pleine croissance, pour nous aider \u00e0 promouvoir nos produits sur les march\u00e9s existants et \u00e0 venir.<\/p>\n<p>Nous recherchons des partenaires fid\u00e8les et d\u00e9vou\u00e9s poss\u00e9dant une exp\u00e9rience, une expertise et une connaissance approfondie du march\u00e9 local et des contacts pertinents. Nous envisageons un engagement d&#8217;excellence en termes de service et de livraison rapide au niveau local.<\/p>\n<p><strong><b>Pour nous rejoindre comme distributeur, envoyez vos coordonn\u00e9es par e-mail \u00e0 <\/b>: <a href=\"mailto:smarti@exquisitarium.com\">info@exquisitarium.com<\/a><\/strong><\/p>\n\t\t\t\t\t\t\t\t<\/div>\n\t\t\t\t<\/div>\n\t\t\t\t\t<\/div>\n\t\t<\/div>\n\t\t\t\t\t<\/div>\n\t\t<\/section>\n\t\t\t\t<\/div>\n\t\t","protected":false},"excerpt":{"rendered":"<p>Nous nous r\u00e9jouissons de renforcer notre r\u00e9seau de partenaires distributeurs pour commercialiser les produits Exquisitarium. Nous invitons actuellement les entreprises \u00e0 rejoindre notre r\u00e9seau de distributeurs en pleine croissance, pour nous aider \u00e0 promouvoir nos produits sur les march\u00e9s existants et \u00e0 venir. Nous recherchons des partenaires fid\u00e8les et d\u00e9vou\u00e9s poss\u00e9dant une exp\u00e9rience, une expertise [&hellip;]<\/p>\n","protected":false},"author":1,"featured_media":0,"parent":0,"menu_order":0,"comment_status":"closed","ping_status":"closed","template":"","meta":{"_exactmetrics_skip_tracking":false,"_exactmetrics_sitenote_active":false,"_exactmetrics_sitenote_note":"","_exactmetrics_sitenote_category":0,"footnotes":""},"class_list":["post-9069","page","type-page","status-publish","hentry"],"yoast_head":"<!-- This site is optimized with the Yoast SEO plugin v27.5 - https:\/\/yoast.com\/product\/yoast-seo-wordpress\/ -->\n<title>Pour nous rejoindre comme distributeur - EXQUISITARIUM<\/title>\n<meta name=\"robots\" content=\"index, follow, max-snippet:-1, max-image-preview:large, max-video-preview:-1\" \/>\n<link rel=\"canonical\" href=\"https:\/\/www.exquisitarium.com\/fr\/pour-nous-rejoindre-comme-distributeur\/\" \/>\n<meta property=\"og:locale\" content=\"fr_FR\" \/>\n<meta property=\"og:type\" content=\"article\" \/>\n<meta property=\"og:title\" content=\"Pour nous rejoindre comme distributeur - EXQUISITARIUM\" \/>\n<meta property=\"og:description\" content=\"Nous nous r\u00e9jouissons de renforcer notre r\u00e9seau de partenaires distributeurs pour commercialiser les produits Exquisitarium. Nous invitons actuellement les entreprises \u00e0 rejoindre notre r\u00e9seau de distributeurs en pleine croissance, pour nous aider \u00e0 promouvoir nos produits sur les march\u00e9s existants et \u00e0 venir. Nous recherchons des partenaires fid\u00e8les et d\u00e9vou\u00e9s poss\u00e9dant une exp\u00e9rience, une expertise [&hellip;]\" \/>\n<meta property=\"og:url\" content=\"https:\/\/www.exquisitarium.com\/fr\/pour-nous-rejoindre-comme-distributeur\/\" \/>\n<meta property=\"og:site_name\" content=\"EXQUISITARIUM\" \/>\n<meta property=\"article:publisher\" content=\"https:\/\/www.facebook.com\/exquisitarium\/\" \/>\n<meta property=\"article:modified_time\" content=\"2019-01-22T12:07:52+00:00\" \/>\n<meta name=\"twitter:card\" content=\"summary_large_image\" \/>\n<meta name=\"twitter:label1\" content=\"Dur\u00e9e de lecture estim\u00e9e\" \/>\n\t<meta name=\"twitter:data1\" content=\"1 minute\" \/>\n<script type=\"application\/ld+json\" class=\"yoast-schema-graph\">{\"@context\":\"https:\\\/\\\/schema.org\",\"@graph\":[{\"@type\":\"WebPage\",\"@id\":\"https:\\\/\\\/www.exquisitarium.com\\\/fr\\\/pour-nous-rejoindre-comme-distributeur\\\/\",\"url\":\"https:\\\/\\\/www.exquisitarium.com\\\/fr\\\/pour-nous-rejoindre-comme-distributeur\\\/\",\"name\":\"Pour nous rejoindre comme distributeur - EXQUISITARIUM\",\"isPartOf\":{\"@id\":\"https:\\\/\\\/www.exquisitarium.com\\\/fr\\\/#website\"},\"datePublished\":\"2019-01-22T12:07:48+00:00\",\"dateModified\":\"2019-01-22T12:07:52+00:00\",\"breadcrumb\":{\"@id\":\"https:\\\/\\\/www.exquisitarium.com\\\/fr\\\/pour-nous-rejoindre-comme-distributeur\\\/#breadcrumb\"},\"inLanguage\":\"fr-FR\",\"potentialAction\":[{\"@type\":\"ReadAction\",\"target\":[\"https:\\\/\\\/www.exquisitarium.com\\\/fr\\\/pour-nous-rejoindre-comme-distributeur\\\/\"]}]},{\"@type\":\"BreadcrumbList\",\"@id\":\"https:\\\/\\\/www.exquisitarium.com\\\/fr\\\/pour-nous-rejoindre-comme-distributeur\\\/#breadcrumb\",\"itemListElement\":[{\"@type\":\"ListItem\",\"position\":1,\"name\":\"Home\",\"item\":\"https:\\\/\\\/www.exquisitarium.com\\\/fr\\\/\"},{\"@type\":\"ListItem\",\"position\":2,\"name\":\"Pour nous rejoindre comme distributeur\"}]},{\"@type\":\"WebSite\",\"@id\":\"https:\\\/\\\/www.exquisitarium.com\\\/fr\\\/#website\",\"url\":\"https:\\\/\\\/www.exquisitarium.com\\\/fr\\\/\",\"name\":\"EXQUISITARIUM\",\"description\":\"Tu cocina en buenas manos\",\"publisher\":{\"@id\":\"https:\\\/\\\/www.exquisitarium.com\\\/fr\\\/#organization\"},\"potentialAction\":[{\"@type\":\"SearchAction\",\"target\":{\"@type\":\"EntryPoint\",\"urlTemplate\":\"https:\\\/\\\/www.exquisitarium.com\\\/fr\\\/?s={search_term_string}\"},\"query-input\":{\"@type\":\"PropertyValueSpecification\",\"valueRequired\":true,\"valueName\":\"search_term_string\"}}],\"inLanguage\":\"fr-FR\"},{\"@type\":\"Organization\",\"@id\":\"https:\\\/\\\/www.exquisitarium.com\\\/fr\\\/#organization\",\"name\":\"EXQUISITARIUM\",\"url\":\"https:\\\/\\\/www.exquisitarium.com\\\/fr\\\/\",\"logo\":{\"@type\":\"ImageObject\",\"inLanguage\":\"fr-FR\",\"@id\":\"https:\\\/\\\/www.exquisitarium.com\\\/fr\\\/#\\\/schema\\\/logo\\\/image\\\/\",\"url\":\"https:\\\/\\\/www.exquisitarium.com\\\/wp-content\\\/uploads\\\/2025\\\/10\\\/exquisitarium-logo.svg\",\"contentUrl\":\"https:\\\/\\\/www.exquisitarium.com\\\/wp-content\\\/uploads\\\/2025\\\/10\\\/exquisitarium-logo.svg\",\"width\":233,\"height\":37,\"caption\":\"EXQUISITARIUM\"},\"image\":{\"@id\":\"https:\\\/\\\/www.exquisitarium.com\\\/fr\\\/#\\\/schema\\\/logo\\\/image\\\/\"},\"sameAs\":[\"https:\\\/\\\/www.facebook.com\\\/exquisitarium\\\/\",\"https:\\\/\\\/www.instagram.com\\\/exquisitarium\\\/\",\"https:\\\/\\\/www.linkedin.com\\\/company\\\/exquisitarium\\\/\"]}]}<\/script>\n<!-- \/ Yoast SEO plugin. -->","yoast_head_json":{"title":"Pour nous rejoindre comme distributeur - EXQUISITARIUM","robots":{"index":"index","follow":"follow","max-snippet":"max-snippet:-1","max-image-preview":"max-image-preview:large","max-video-preview":"max-video-preview:-1"},"canonical":"https:\/\/www.exquisitarium.com\/fr\/pour-nous-rejoindre-comme-distributeur\/","og_locale":"fr_FR","og_type":"article","og_title":"Pour nous rejoindre comme distributeur - EXQUISITARIUM","og_description":"Nous nous r\u00e9jouissons de renforcer notre r\u00e9seau de partenaires distributeurs pour commercialiser les produits Exquisitarium. Nous invitons actuellement les entreprises \u00e0 rejoindre notre r\u00e9seau de distributeurs en pleine croissance, pour nous aider \u00e0 promouvoir nos produits sur les march\u00e9s existants et \u00e0 venir. Nous recherchons des partenaires fid\u00e8les et d\u00e9vou\u00e9s poss\u00e9dant une exp\u00e9rience, une expertise [&hellip;]","og_url":"https:\/\/www.exquisitarium.com\/fr\/pour-nous-rejoindre-comme-distributeur\/","og_site_name":"EXQUISITARIUM","article_publisher":"https:\/\/www.facebook.com\/exquisitarium\/","article_modified_time":"2019-01-22T12:07:52+00:00","twitter_card":"summary_large_image","twitter_misc":{"Dur\u00e9e de lecture estim\u00e9e":"1 minute"},"schema":{"@context":"https:\/\/schema.org","@graph":[{"@type":"WebPage","@id":"https:\/\/www.exquisitarium.com\/fr\/pour-nous-rejoindre-comme-distributeur\/","url":"https:\/\/www.exquisitarium.com\/fr\/pour-nous-rejoindre-comme-distributeur\/","name":"Pour nous rejoindre comme distributeur - EXQUISITARIUM","isPartOf":{"@id":"https:\/\/www.exquisitarium.com\/fr\/#website"},"datePublished":"2019-01-22T12:07:48+00:00","dateModified":"2019-01-22T12:07:52+00:00","breadcrumb":{"@id":"https:\/\/www.exquisitarium.com\/fr\/pour-nous-rejoindre-comme-distributeur\/#breadcrumb"},"inLanguage":"fr-FR","potentialAction":[{"@type":"ReadAction","target":["https:\/\/www.exquisitarium.com\/fr\/pour-nous-rejoindre-comme-distributeur\/"]}]},{"@type":"BreadcrumbList","@id":"https:\/\/www.exquisitarium.com\/fr\/pour-nous-rejoindre-comme-distributeur\/#breadcrumb","itemListElement":[{"@type":"ListItem","position":1,"name":"Home","item":"https:\/\/www.exquisitarium.com\/fr\/"},{"@type":"ListItem","position":2,"name":"Pour nous rejoindre comme distributeur"}]},{"@type":"WebSite","@id":"https:\/\/www.exquisitarium.com\/fr\/#website","url":"https:\/\/www.exquisitarium.com\/fr\/","name":"EXQUISITARIUM","description":"Tu cocina en buenas manos","publisher":{"@id":"https:\/\/www.exquisitarium.com\/fr\/#organization"},"potentialAction":[{"@type":"SearchAction","target":{"@type":"EntryPoint","urlTemplate":"https:\/\/www.exquisitarium.com\/fr\/?s={search_term_string}"},"query-input":{"@type":"PropertyValueSpecification","valueRequired":true,"valueName":"search_term_string"}}],"inLanguage":"fr-FR"},{"@type":"Organization","@id":"https:\/\/www.exquisitarium.com\/fr\/#organization","name":"EXQUISITARIUM","url":"https:\/\/www.exquisitarium.com\/fr\/","logo":{"@type":"ImageObject","inLanguage":"fr-FR","@id":"https:\/\/www.exquisitarium.com\/fr\/#\/schema\/logo\/image\/","url":"https:\/\/www.exquisitarium.com\/wp-content\/uploads\/2025\/10\/exquisitarium-logo.svg","contentUrl":"https:\/\/www.exquisitarium.com\/wp-content\/uploads\/2025\/10\/exquisitarium-logo.svg","width":233,"height":37,"caption":"EXQUISITARIUM"},"image":{"@id":"https:\/\/www.exquisitarium.com\/fr\/#\/schema\/logo\/image\/"},"sameAs":["https:\/\/www.facebook.com\/exquisitarium\/","https:\/\/www.instagram.com\/exquisitarium\/","https:\/\/www.linkedin.com\/company\/exquisitarium\/"]}]}},"_links":{"self":[{"href":"https:\/\/www.exquisitarium.com\/fr\/wp-json\/wp\/v2\/pages\/9069","targetHints":{"allow":["GET"]}}],"collection":[{"href":"https:\/\/www.exquisitarium.com\/fr\/wp-json\/wp\/v2\/pages"}],"about":[{"href":"https:\/\/www.exquisitarium.com\/fr\/wp-json\/wp\/v2\/types\/page"}],"author":[{"embeddable":true,"href":"https:\/\/www.exquisitarium.com\/fr\/wp-json\/wp\/v2\/users\/1"}],"replies":[{"embeddable":true,"href":"https:\/\/www.exquisitarium.com\/fr\/wp-json\/wp\/v2\/comments?post=9069"}],"version-history":[{"count":0,"href":"https:\/\/www.exquisitarium.com\/fr\/wp-json\/wp\/v2\/pages\/9069\/revisions"}],"wp:attachment":[{"href":"https:\/\/www.exquisitarium.com\/fr\/wp-json\/wp\/v2\/media?parent=9069"}],"curies":[{"name":"wp","href":"https:\/\/api.w.org\/{rel}","templated":true}]}}