{"id":8771,"date":"2019-01-10T17:48:29","date_gmt":"2019-01-10T16:48:29","guid":{"rendered":"https:\/\/www.exquisitarium.com\/produits-phares\/"},"modified":"2022-06-02T12:02:00","modified_gmt":"2022-06-02T10:02:00","slug":"produits-phares","status":"publish","type":"page","link":"https:\/\/www.exquisitarium.com\/fr\/produits-phares\/","title":{"rendered":"produits phares"},"content":{"rendered":"<div class=\"woocommerce columns-4 \"><div class=\"qodef-woo-product-list qodef-item-layout--info-below qodef-gutter--small qodef-vertical-gutter--normal\" ><ul class=\"products columns-4\">\n<li class=\"product type-product post-8648 status-publish first instock product_cat-aperitifsfr product_cat-croquettes-fr product_cat-tapas-fr product_tag-catalogue-croquette has-post-thumbnail shipping-taxable product-type-simple\">\n\t<div class=\"qodef-e-inner\"><div class=\"qodef-e-media\"><div class=\"qodef-e-media-image\"><a href=\"https:\/\/www.exquisitarium.com\/fr\/produit\/croquetes-de-morue\/\" class=\"woocommerce-LoopProduct-link woocommerce-loop-product__link\"><img fetchpriority=\"high\" decoding=\"async\" width=\"360\" height=\"360\" src=\"https:\/\/www.exquisitarium.com\/wp-content\/uploads\/2018\/03\/CROQUETA-DE-BACALAO-360x360.png\" class=\"attachment-woocommerce_thumbnail size-woocommerce_thumbnail\" alt=\"CROQUETES DE MORUE\" srcset=\"https:\/\/www.exquisitarium.com\/wp-content\/uploads\/2018\/03\/CROQUETA-DE-BACALAO-360x360.png 360w, https:\/\/www.exquisitarium.com\/wp-content\/uploads\/2018\/03\/CROQUETA-DE-BACALAO-100x100.png 100w, https:\/\/www.exquisitarium.com\/wp-content\/uploads\/2018\/03\/CROQUETA-DE-BACALAO-150x150.png 150w\" sizes=\"(max-width: 360px) 100vw, 360px\" \/><\/a><\/div><a href=\"https:\/\/www.exquisitarium.com\/fr\/produit\/croquetes-de-morue\/\" class=\"woocommerce-LoopProduct-link woocommerce-loop-product__link\"><\/a><\/div><div class=\"qodef-e-content\"><h3 class=\"qodef-woo-product-title woocommerce-loop-product__title\"><a href=\"https:\/\/www.exquisitarium.com\/fr\/produit\/croquetes-de-morue\/\" class=\"woocommerce-LoopProduct-link woocommerce-loop-product__link\">CROQUETES DE MORUE<\/a><\/h3><div class=\"qodef-e-price-holder\">\n<\/div><div class=\"qodef-action-holder\"><a href=\"https:\/\/www.exquisitarium.com\/fr\/produit\/croquetes-de-morue\/\" aria-describedby=\"woocommerce_loop_add_to_cart_link_describedby_8648\" data-quantity=\"1\" class=\"button product_type_simple\" data-product_id=\"8648\" data-product_sku=\"2306\" aria-label=\"En savoir plus sur &ldquo;CROQUETES DE MORUE&rdquo;\" rel=\"nofollow\" data-success_message=\"\">Lire la suite<\/a>\t<span id=\"woocommerce_loop_add_to_cart_link_describedby_8648\" class=\"screen-reader-text\">\n\t\t\t<\/span>\n<\/div><\/div><\/div><\/li>\n<li class=\"product type-product post-8671 status-publish instock product_cat-legumesfr product_cat-tapas-fr product_tag-catalogue-hamburgers-brochettes has-post-thumbnail shipping-taxable product-type-simple\">\n\t<div class=\"qodef-e-inner\"><div class=\"qodef-e-media\"><div class=\"qodef-e-media-image\"><a href=\"https:\/\/www.exquisitarium.com\/fr\/produit\/hamburger-vegetalien-bolets-truffe\/\" class=\"woocommerce-LoopProduct-link woocommerce-loop-product__link\"><img decoding=\"async\" width=\"360\" height=\"360\" src=\"https:\/\/www.exquisitarium.com\/wp-content\/uploads\/2018\/03\/HAMBURGUESA-VEGANA-DE-BOLETUS-Y-TRUFA-360x360.png\" class=\"attachment-woocommerce_thumbnail size-woocommerce_thumbnail\" alt=\"HAMBURGER V\u00c9G\u00c9TALIEN AUX BOLETS ET \u00c0 LA TRUFFE\" srcset=\"https:\/\/www.exquisitarium.com\/wp-content\/uploads\/2018\/03\/HAMBURGUESA-VEGANA-DE-BOLETUS-Y-TRUFA-360x360.png 360w, https:\/\/www.exquisitarium.com\/wp-content\/uploads\/2018\/03\/HAMBURGUESA-VEGANA-DE-BOLETUS-Y-TRUFA-100x100.png 100w, https:\/\/www.exquisitarium.com\/wp-content\/uploads\/2018\/03\/HAMBURGUESA-VEGANA-DE-BOLETUS-Y-TRUFA-150x150.png 150w\" sizes=\"(max-width: 360px) 100vw, 360px\" \/><\/a><\/div><a href=\"https:\/\/www.exquisitarium.com\/fr\/produit\/hamburger-vegetalien-bolets-truffe\/\" class=\"woocommerce-LoopProduct-link woocommerce-loop-product__link\"><\/a><\/div><div class=\"qodef-e-content\"><h3 class=\"qodef-woo-product-title woocommerce-loop-product__title\"><a href=\"https:\/\/www.exquisitarium.com\/fr\/produit\/hamburger-vegetalien-bolets-truffe\/\" class=\"woocommerce-LoopProduct-link woocommerce-loop-product__link\">HAMBURGER V\u00c9G\u00c9TALIEN AUX BOLETS ET \u00c0 LA TRUFFE<\/a><\/h3><div class=\"qodef-e-price-holder\">\n<\/div><div class=\"qodef-action-holder\"><a href=\"https:\/\/www.exquisitarium.com\/fr\/produit\/hamburger-vegetalien-bolets-truffe\/\" aria-describedby=\"woocommerce_loop_add_to_cart_link_describedby_8671\" data-quantity=\"1\" class=\"button product_type_simple\" data-product_id=\"8671\" data-product_sku=\"1862\" aria-label=\"En savoir plus sur &ldquo;HAMBURGER V\u00c9G\u00c9TALIEN AUX BOLETS ET \u00c0 LA TRUFFE&rdquo;\" rel=\"nofollow\" data-success_message=\"\">Lire la suite<\/a>\t<span id=\"woocommerce_loop_add_to_cart_link_describedby_8671\" class=\"screen-reader-text\">\n\t\t\t<\/span>\n<\/div><\/div><\/div><\/li>\n<li class=\"product type-product post-8639 status-publish instock product_cat-viandes-fr product_tag-catalogue-viandes has-post-thumbnail shipping-taxable product-type-simple\">\n\t<div class=\"qodef-e-inner\"><div class=\"qodef-e-media\"><div class=\"qodef-e-media-image\"><a href=\"https:\/\/www.exquisitarium.com\/fr\/produit\/jarret-fondant-cepes\/\" class=\"woocommerce-LoopProduct-link woocommerce-loop-product__link\"><img decoding=\"async\" width=\"360\" height=\"360\" src=\"https:\/\/www.exquisitarium.com\/wp-content\/uploads\/2018\/03\/COULANT-DE-CODILLO-DE-SETAS-360x360.png\" class=\"attachment-woocommerce_thumbnail size-woocommerce_thumbnail\" alt=\"JARRET FONDANT AUX C\u00c8PES\" srcset=\"https:\/\/www.exquisitarium.com\/wp-content\/uploads\/2018\/03\/COULANT-DE-CODILLO-DE-SETAS-360x360.png 360w, https:\/\/www.exquisitarium.com\/wp-content\/uploads\/2018\/03\/COULANT-DE-CODILLO-DE-SETAS-100x100.png 100w, https:\/\/www.exquisitarium.com\/wp-content\/uploads\/2018\/03\/COULANT-DE-CODILLO-DE-SETAS-150x150.png 150w\" sizes=\"(max-width: 360px) 100vw, 360px\" \/><\/a><\/div><a href=\"https:\/\/www.exquisitarium.com\/fr\/produit\/jarret-fondant-cepes\/\" class=\"woocommerce-LoopProduct-link woocommerce-loop-product__link\"><\/a><\/div><div class=\"qodef-e-content\"><h3 class=\"qodef-woo-product-title woocommerce-loop-product__title\"><a href=\"https:\/\/www.exquisitarium.com\/fr\/produit\/jarret-fondant-cepes\/\" class=\"woocommerce-LoopProduct-link woocommerce-loop-product__link\">JARRET FONDANT AUX C\u00c8PES<\/a><\/h3><div class=\"qodef-e-price-holder\">\n<\/div><div class=\"qodef-action-holder\"><a href=\"https:\/\/www.exquisitarium.com\/fr\/produit\/jarret-fondant-cepes\/\" aria-describedby=\"woocommerce_loop_add_to_cart_link_describedby_8639\" data-quantity=\"1\" class=\"button product_type_simple\" data-product_id=\"8639\" data-product_sku=\"2173\" aria-label=\"En savoir plus sur &ldquo;JARRET FONDANT AUX C\u00c8PES&rdquo;\" rel=\"nofollow\" data-success_message=\"\">Lire la suite<\/a>\t<span id=\"woocommerce_loop_add_to_cart_link_describedby_8639\" class=\"screen-reader-text\">\n\t\t\t<\/span>\n<\/div><\/div><\/div><\/li>\n<li class=\"product type-product post-8654 status-publish last instock product_cat-legumesfr product_cat-pates-fr product_cat-tapas-fr product_tag-catalogue-lasagnes-pates has-post-thumbnail shipping-taxable product-type-simple\">\n\t<div class=\"qodef-e-inner\"><div class=\"qodef-e-media\"><div class=\"qodef-e-media-image\"><a href=\"https:\/\/www.exquisitarium.com\/fr\/produit\/lasagne-legumes-bechamel-fromage\/\" class=\"woocommerce-LoopProduct-link woocommerce-loop-product__link\"><img loading=\"lazy\" decoding=\"async\" width=\"360\" height=\"360\" src=\"https:\/\/www.exquisitarium.com\/wp-content\/uploads\/2018\/03\/LASANA-DE-VERDURAS-CON-BECHAMEL-Y-QUESO-360x360.png\" class=\"attachment-woocommerce_thumbnail size-woocommerce_thumbnail\" alt=\"LASAGN\u00c9 DE LEGUMES \u00c0 LA SAUCE B\u00c9CHAMEL ET AU FROMAGE\" srcset=\"https:\/\/www.exquisitarium.com\/wp-content\/uploads\/2018\/03\/LASANA-DE-VERDURAS-CON-BECHAMEL-Y-QUESO-360x360.png 360w, https:\/\/www.exquisitarium.com\/wp-content\/uploads\/2018\/03\/LASANA-DE-VERDURAS-CON-BECHAMEL-Y-QUESO-150x150.png 150w, https:\/\/www.exquisitarium.com\/wp-content\/uploads\/2018\/03\/LASANA-DE-VERDURAS-CON-BECHAMEL-Y-QUESO-100x100.png 100w\" sizes=\"(max-width: 360px) 100vw, 360px\" \/><\/a><\/div><a href=\"https:\/\/www.exquisitarium.com\/fr\/produit\/lasagne-legumes-bechamel-fromage\/\" class=\"woocommerce-LoopProduct-link woocommerce-loop-product__link\"><\/a><\/div><div class=\"qodef-e-content\"><h3 class=\"qodef-woo-product-title woocommerce-loop-product__title\"><a href=\"https:\/\/www.exquisitarium.com\/fr\/produit\/lasagne-legumes-bechamel-fromage\/\" class=\"woocommerce-LoopProduct-link woocommerce-loop-product__link\">LASAGN\u00c9 DE LEGUMES \u00c0 LA SAUCE B\u00c9CHAMEL ET AU FROMAGE<\/a><\/h3><div class=\"qodef-e-price-holder\">\n<\/div><div class=\"qodef-action-holder\"><a href=\"https:\/\/www.exquisitarium.com\/fr\/produit\/lasagne-legumes-bechamel-fromage\/\" aria-describedby=\"woocommerce_loop_add_to_cart_link_describedby_8654\" data-quantity=\"1\" class=\"button product_type_simple\" data-product_id=\"8654\" data-product_sku=\"16022\" aria-label=\"En savoir plus sur &ldquo;LASAGN\u00c9 DE LEGUMES \u00c0 LA SAUCE B\u00c9CHAMEL ET AU FROMAGE&rdquo;\" rel=\"nofollow\" data-success_message=\"\">Lire la suite<\/a>\t<span id=\"woocommerce_loop_add_to_cart_link_describedby_8654\" class=\"screen-reader-text\">\n\t\t\t<\/span>\n<\/div><\/div><\/div><\/li>\n<\/ul>\n<\/div><\/div>\n","protected":false},"excerpt":{"rendered":"","protected":false},"author":1,"featured_media":4341,"parent":0,"menu_order":0,"comment_status":"closed","ping_status":"closed","template":"","meta":{"_exactmetrics_skip_tracking":false,"_exactmetrics_sitenote_active":false,"_exactmetrics_sitenote_note":"","_exactmetrics_sitenote_category":0,"footnotes":""},"class_list":["post-8771","page","type-page","status-publish","has-post-thumbnail","hentry"],"yoast_head":"<!-- This site is optimized with the Yoast SEO plugin v27.5 - https:\/\/yoast.com\/product\/yoast-seo-wordpress\/ -->\n<title>produits phares - EXQUISITARIUM<\/title>\n<meta name=\"robots\" content=\"index, follow, max-snippet:-1, max-image-preview:large, max-video-preview:-1\" \/>\n<link rel=\"canonical\" href=\"https:\/\/www.exquisitarium.com\/fr\/produits-phares\/\" \/>\n<meta property=\"og:locale\" content=\"fr_FR\" \/>\n<meta property=\"og:type\" content=\"article\" \/>\n<meta property=\"og:title\" content=\"produits phares - EXQUISITARIUM\" \/>\n<meta property=\"og:url\" content=\"https:\/\/www.exquisitarium.com\/fr\/produits-phares\/\" \/>\n<meta property=\"og:site_name\" content=\"EXQUISITARIUM\" \/>\n<meta property=\"article:publisher\" content=\"https:\/\/www.facebook.com\/exquisitarium\/\" \/>\n<meta property=\"article:modified_time\" content=\"2022-06-02T10:02:00+00:00\" \/>\n<meta property=\"og:image\" content=\"https:\/\/www.exquisitarium.com\/wp-content\/uploads\/2018\/01\/sala_exquisitarium-scaled.jpg\" \/>\n\t<meta property=\"og:image:width\" content=\"2560\" \/>\n\t<meta property=\"og:image:height\" content=\"1920\" \/>\n\t<meta property=\"og:image:type\" content=\"image\/jpeg\" \/>\n<meta name=\"twitter:card\" content=\"summary_large_image\" \/>\n<script type=\"application\/ld+json\" class=\"yoast-schema-graph\">{\"@context\":\"https:\\\/\\\/schema.org\",\"@graph\":[{\"@type\":\"WebPage\",\"@id\":\"https:\\\/\\\/www.exquisitarium.com\\\/fr\\\/produits-phares\\\/\",\"url\":\"https:\\\/\\\/www.exquisitarium.com\\\/fr\\\/produits-phares\\\/\",\"name\":\"produits phares - EXQUISITARIUM\",\"isPartOf\":{\"@id\":\"https:\\\/\\\/www.exquisitarium.com\\\/fr\\\/#website\"},\"primaryImageOfPage\":{\"@id\":\"https:\\\/\\\/www.exquisitarium.com\\\/fr\\\/produits-phares\\\/#primaryimage\"},\"image\":{\"@id\":\"https:\\\/\\\/www.exquisitarium.com\\\/fr\\\/produits-phares\\\/#primaryimage\"},\"thumbnailUrl\":\"https:\\\/\\\/www.exquisitarium.com\\\/wp-content\\\/uploads\\\/2018\\\/01\\\/sala_exquisitarium-scaled.jpg\",\"datePublished\":\"2019-01-10T16:48:29+00:00\",\"dateModified\":\"2022-06-02T10:02:00+00:00\",\"breadcrumb\":{\"@id\":\"https:\\\/\\\/www.exquisitarium.com\\\/fr\\\/produits-phares\\\/#breadcrumb\"},\"inLanguage\":\"fr-FR\",\"potentialAction\":[{\"@type\":\"ReadAction\",\"target\":[\"https:\\\/\\\/www.exquisitarium.com\\\/fr\\\/produits-phares\\\/\"]}]},{\"@type\":\"ImageObject\",\"inLanguage\":\"fr-FR\",\"@id\":\"https:\\\/\\\/www.exquisitarium.com\\\/fr\\\/produits-phares\\\/#primaryimage\",\"url\":\"https:\\\/\\\/www.exquisitarium.com\\\/wp-content\\\/uploads\\\/2018\\\/01\\\/sala_exquisitarium-scaled.jpg\",\"contentUrl\":\"https:\\\/\\\/www.exquisitarium.com\\\/wp-content\\\/uploads\\\/2018\\\/01\\\/sala_exquisitarium-scaled.jpg\",\"width\":2560,\"height\":1920,\"caption\":\"Exquisitarium\"},{\"@type\":\"BreadcrumbList\",\"@id\":\"https:\\\/\\\/www.exquisitarium.com\\\/fr\\\/produits-phares\\\/#breadcrumb\",\"itemListElement\":[{\"@type\":\"ListItem\",\"position\":1,\"name\":\"Home\",\"item\":\"https:\\\/\\\/www.exquisitarium.com\\\/fr\\\/\"},{\"@type\":\"ListItem\",\"position\":2,\"name\":\"produits phares\"}]},{\"@type\":\"WebSite\",\"@id\":\"https:\\\/\\\/www.exquisitarium.com\\\/fr\\\/#website\",\"url\":\"https:\\\/\\\/www.exquisitarium.com\\\/fr\\\/\",\"name\":\"EXQUISITARIUM\",\"description\":\"Tu cocina en buenas manos\",\"publisher\":{\"@id\":\"https:\\\/\\\/www.exquisitarium.com\\\/fr\\\/#organization\"},\"potentialAction\":[{\"@type\":\"SearchAction\",\"target\":{\"@type\":\"EntryPoint\",\"urlTemplate\":\"https:\\\/\\\/www.exquisitarium.com\\\/fr\\\/?s={search_term_string}\"},\"query-input\":{\"@type\":\"PropertyValueSpecification\",\"valueRequired\":true,\"valueName\":\"search_term_string\"}}],\"inLanguage\":\"fr-FR\"},{\"@type\":\"Organization\",\"@id\":\"https:\\\/\\\/www.exquisitarium.com\\\/fr\\\/#organization\",\"name\":\"EXQUISITARIUM\",\"url\":\"https:\\\/\\\/www.exquisitarium.com\\\/fr\\\/\",\"logo\":{\"@type\":\"ImageObject\",\"inLanguage\":\"fr-FR\",\"@id\":\"https:\\\/\\\/www.exquisitarium.com\\\/fr\\\/#\\\/schema\\\/logo\\\/image\\\/\",\"url\":\"https:\\\/\\\/www.exquisitarium.com\\\/wp-content\\\/uploads\\\/2025\\\/10\\\/exquisitarium-logo.svg\",\"contentUrl\":\"https:\\\/\\\/www.exquisitarium.com\\\/wp-content\\\/uploads\\\/2025\\\/10\\\/exquisitarium-logo.svg\",\"width\":233,\"height\":37,\"caption\":\"EXQUISITARIUM\"},\"image\":{\"@id\":\"https:\\\/\\\/www.exquisitarium.com\\\/fr\\\/#\\\/schema\\\/logo\\\/image\\\/\"},\"sameAs\":[\"https:\\\/\\\/www.facebook.com\\\/exquisitarium\\\/\",\"https:\\\/\\\/www.instagram.com\\\/exquisitarium\\\/\",\"https:\\\/\\\/www.linkedin.com\\\/company\\\/exquisitarium\\\/\"]}]}<\/script>\n<!-- \/ Yoast SEO plugin. -->","yoast_head_json":{"title":"produits phares - EXQUISITARIUM","robots":{"index":"index","follow":"follow","max-snippet":"max-snippet:-1","max-image-preview":"max-image-preview:large","max-video-preview":"max-video-preview:-1"},"canonical":"https:\/\/www.exquisitarium.com\/fr\/produits-phares\/","og_locale":"fr_FR","og_type":"article","og_title":"produits phares - EXQUISITARIUM","og_url":"https:\/\/www.exquisitarium.com\/fr\/produits-phares\/","og_site_name":"EXQUISITARIUM","article_publisher":"https:\/\/www.facebook.com\/exquisitarium\/","article_modified_time":"2022-06-02T10:02:00+00:00","og_image":[{"width":2560,"height":1920,"url":"https:\/\/www.exquisitarium.com\/wp-content\/uploads\/2018\/01\/sala_exquisitarium-scaled.jpg","type":"image\/jpeg"}],"twitter_card":"summary_large_image","schema":{"@context":"https:\/\/schema.org","@graph":[{"@type":"WebPage","@id":"https:\/\/www.exquisitarium.com\/fr\/produits-phares\/","url":"https:\/\/www.exquisitarium.com\/fr\/produits-phares\/","name":"produits phares - EXQUISITARIUM","isPartOf":{"@id":"https:\/\/www.exquisitarium.com\/fr\/#website"},"primaryImageOfPage":{"@id":"https:\/\/www.exquisitarium.com\/fr\/produits-phares\/#primaryimage"},"image":{"@id":"https:\/\/www.exquisitarium.com\/fr\/produits-phares\/#primaryimage"},"thumbnailUrl":"https:\/\/www.exquisitarium.com\/wp-content\/uploads\/2018\/01\/sala_exquisitarium-scaled.jpg","datePublished":"2019-01-10T16:48:29+00:00","dateModified":"2022-06-02T10:02:00+00:00","breadcrumb":{"@id":"https:\/\/www.exquisitarium.com\/fr\/produits-phares\/#breadcrumb"},"inLanguage":"fr-FR","potentialAction":[{"@type":"ReadAction","target":["https:\/\/www.exquisitarium.com\/fr\/produits-phares\/"]}]},{"@type":"ImageObject","inLanguage":"fr-FR","@id":"https:\/\/www.exquisitarium.com\/fr\/produits-phares\/#primaryimage","url":"https:\/\/www.exquisitarium.com\/wp-content\/uploads\/2018\/01\/sala_exquisitarium-scaled.jpg","contentUrl":"https:\/\/www.exquisitarium.com\/wp-content\/uploads\/2018\/01\/sala_exquisitarium-scaled.jpg","width":2560,"height":1920,"caption":"Exquisitarium"},{"@type":"BreadcrumbList","@id":"https:\/\/www.exquisitarium.com\/fr\/produits-phares\/#breadcrumb","itemListElement":[{"@type":"ListItem","position":1,"name":"Home","item":"https:\/\/www.exquisitarium.com\/fr\/"},{"@type":"ListItem","position":2,"name":"produits phares"}]},{"@type":"WebSite","@id":"https:\/\/www.exquisitarium.com\/fr\/#website","url":"https:\/\/www.exquisitarium.com\/fr\/","name":"EXQUISITARIUM","description":"Tu cocina en buenas manos","publisher":{"@id":"https:\/\/www.exquisitarium.com\/fr\/#organization"},"potentialAction":[{"@type":"SearchAction","target":{"@type":"EntryPoint","urlTemplate":"https:\/\/www.exquisitarium.com\/fr\/?s={search_term_string}"},"query-input":{"@type":"PropertyValueSpecification","valueRequired":true,"valueName":"search_term_string"}}],"inLanguage":"fr-FR"},{"@type":"Organization","@id":"https:\/\/www.exquisitarium.com\/fr\/#organization","name":"EXQUISITARIUM","url":"https:\/\/www.exquisitarium.com\/fr\/","logo":{"@type":"ImageObject","inLanguage":"fr-FR","@id":"https:\/\/www.exquisitarium.com\/fr\/#\/schema\/logo\/image\/","url":"https:\/\/www.exquisitarium.com\/wp-content\/uploads\/2025\/10\/exquisitarium-logo.svg","contentUrl":"https:\/\/www.exquisitarium.com\/wp-content\/uploads\/2025\/10\/exquisitarium-logo.svg","width":233,"height":37,"caption":"EXQUISITARIUM"},"image":{"@id":"https:\/\/www.exquisitarium.com\/fr\/#\/schema\/logo\/image\/"},"sameAs":["https:\/\/www.facebook.com\/exquisitarium\/","https:\/\/www.instagram.com\/exquisitarium\/","https:\/\/www.linkedin.com\/company\/exquisitarium\/"]}]}},"_links":{"self":[{"href":"https:\/\/www.exquisitarium.com\/fr\/wp-json\/wp\/v2\/pages\/8771","targetHints":{"allow":["GET"]}}],"collection":[{"href":"https:\/\/www.exquisitarium.com\/fr\/wp-json\/wp\/v2\/pages"}],"about":[{"href":"https:\/\/www.exquisitarium.com\/fr\/wp-json\/wp\/v2\/types\/page"}],"author":[{"embeddable":true,"href":"https:\/\/www.exquisitarium.com\/fr\/wp-json\/wp\/v2\/users\/1"}],"replies":[{"embeddable":true,"href":"https:\/\/www.exquisitarium.com\/fr\/wp-json\/wp\/v2\/comments?post=8771"}],"version-history":[{"count":0,"href":"https:\/\/www.exquisitarium.com\/fr\/wp-json\/wp\/v2\/pages\/8771\/revisions"}],"wp:featuredmedia":[{"embeddable":true,"href":"https:\/\/www.exquisitarium.com\/fr\/wp-json\/wp\/v2\/media\/4341"}],"wp:attachment":[{"href":"https:\/\/www.exquisitarium.com\/fr\/wp-json\/wp\/v2\/media?parent=8771"}],"curies":[{"name":"wp","href":"https:\/\/api.w.org\/{rel}","templated":true}]}}