{"id":8724,"date":"2019-01-10T13:17:30","date_gmt":"2019-01-10T12:17:30","guid":{"rendered":"https:\/\/www.exquisitarium.com\/notre-philosophie\/service\/"},"modified":"2024-06-11T16:20:46","modified_gmt":"2024-06-11T14:20:46","slug":"service","status":"publish","type":"page","link":"https:\/\/www.exquisitarium.com\/fr\/notre-philosophie\/service\/","title":{"rendered":"Service"},"content":{"rendered":"\t\t<div data-elementor-type=\"wp-post\" data-elementor-id=\"8724\" class=\"elementor elementor-8724 elementor-11221\">\n\t\t\t\t\t\t<section class=\"elementor-section elementor-top-section elementor-element elementor-element-5a3c448 elementor-section-boxed elementor-section-height-default elementor-section-height-default\" data-id=\"5a3c448\" data-element_type=\"section\" data-e-type=\"section\">\n\t\t\t\t\t\t<div class=\"elementor-container elementor-column-gap-default\">\n\t\t\t\t\t<div class=\"elementor-column elementor-col-100 elementor-top-column elementor-element elementor-element-6d6ffa2\" data-id=\"6d6ffa2\" data-element_type=\"column\" data-e-type=\"column\">\n\t\t\t<div class=\"elementor-widget-wrap elementor-element-populated\">\n\t\t\t\t\t\t<div class=\"elementor-element elementor-element-976c57c elementor-widget elementor-widget-heading\" data-id=\"976c57c\" data-element_type=\"widget\" data-e-type=\"widget\" data-widget_type=\"heading.default\">\n\t\t\t\t<div class=\"elementor-widget-container\">\n\t\t\t\t\t<h1 class=\"elementor-heading-title elementor-size-default\">Service<\/h1>\t\t\t\t<\/div>\n\t\t\t\t<\/div>\n\t\t\t\t\t<\/div>\n\t\t<\/div>\n\t\t\t\t\t<\/div>\n\t\t<\/section>\n\t\t\t\t<section class=\"elementor-section elementor-top-section elementor-element elementor-element-6b143cc elementor-section-boxed elementor-section-height-default elementor-section-height-default\" data-id=\"6b143cc\" data-element_type=\"section\" data-e-type=\"section\">\n\t\t\t\t\t\t<div class=\"elementor-container elementor-column-gap-default\">\n\t\t\t\t\t<div class=\"elementor-column elementor-col-100 elementor-top-column elementor-element elementor-element-4947f03\" data-id=\"4947f03\" data-element_type=\"column\" data-e-type=\"column\">\n\t\t\t<div class=\"elementor-widget-wrap elementor-element-populated\">\n\t\t\t\t\t\t<div class=\"elementor-element elementor-element-9d1ebc4 elementor-widget elementor-widget-spacer\" data-id=\"9d1ebc4\" data-element_type=\"widget\" data-e-type=\"widget\" data-widget_type=\"spacer.default\">\n\t\t\t\t<div class=\"elementor-widget-container\">\n\t\t\t\t\t\t\t<div class=\"elementor-spacer\">\n\t\t\t<div class=\"elementor-spacer-inner\"><\/div>\n\t\t<\/div>\n\t\t\t\t\t\t<\/div>\n\t\t\t\t<\/div>\n\t\t\t\t\t<\/div>\n\t\t<\/div>\n\t\t\t\t\t<\/div>\n\t\t<\/section>\n\t\t\t\t<section class=\"elementor-section elementor-top-section elementor-element elementor-element-f1fb357 elementor-section-boxed elementor-section-height-default elementor-section-height-default\" data-id=\"f1fb357\" data-element_type=\"section\" data-e-type=\"section\">\n\t\t\t\t\t\t<div class=\"elementor-container elementor-column-gap-default\">\n\t\t\t\t\t<div class=\"elementor-column elementor-col-50 elementor-top-column elementor-element elementor-element-4ca708d\" data-id=\"4ca708d\" data-element_type=\"column\" data-e-type=\"column\">\n\t\t\t<div class=\"elementor-widget-wrap elementor-element-populated\">\n\t\t\t\t\t\t<div class=\"elementor-element elementor-element-e2c4225 elementor-widget elementor-widget-image\" data-id=\"e2c4225\" data-element_type=\"widget\" data-e-type=\"widget\" data-widget_type=\"image.default\">\n\t\t\t\t<div class=\"elementor-widget-container\">\n\t\t\t\t\t\t\t\t\t\t\t\t\t\t\t<img fetchpriority=\"high\" decoding=\"async\" width=\"1024\" height=\"768\" src=\"https:\/\/www.exquisitarium.com\/wp-content\/uploads\/2018\/02\/exquisitarium_empleats_treballant_2.jpg\" class=\"attachment-large size-large wp-image-4453\" alt=\"Les employes Exquisitarium\" srcset=\"https:\/\/www.exquisitarium.com\/wp-content\/uploads\/2018\/02\/exquisitarium_empleats_treballant_2.jpg 1500w, https:\/\/www.exquisitarium.com\/wp-content\/uploads\/2018\/02\/exquisitarium_empleats_treballant_2-720x540.jpg 720w\" sizes=\"(max-width: 1024px) 100vw, 1024px\" \/>\t\t\t\t\t\t\t\t\t\t\t\t\t\t\t<\/div>\n\t\t\t\t<\/div>\n\t\t\t\t\t<\/div>\n\t\t<\/div>\n\t\t\t\t<div class=\"elementor-column elementor-col-50 elementor-top-column elementor-element elementor-element-587431a\" data-id=\"587431a\" data-element_type=\"column\" data-e-type=\"column\">\n\t\t\t<div class=\"elementor-widget-wrap elementor-element-populated\">\n\t\t\t\t\t\t<div class=\"elementor-element elementor-element-c753771 elementor-widget elementor-widget-text-editor\" data-id=\"c753771\" data-element_type=\"widget\" data-e-type=\"widget\" data-widget_type=\"text-editor.default\">\n\t\t\t\t<div class=\"elementor-widget-container\">\n\t\t\t\t\t\t\t\t\t<p>Nous offrons la possibilit\u00e9 de d\u00e9velopper et d\u2019adapter des\u00a0<strong>produits sur mesure<\/strong>, sous recette ferm\u00e9e ou \u00e0 partir d&#8217;\u00e9change d\u2019informations.<\/p>\n<p>Notre \u00e9quipe performante de Recherche, d\u00e9veloppement et innovation est en mesure de cr\u00e9er, avec la politique de confidentialit\u00e9 et d&#8217;exclusivit\u00e9 la plus stricte, les recettes les plus sp\u00e9cifiques.<\/p>\n\t\t\t\t\t\t\t\t<\/div>\n\t\t\t\t<\/div>\n\t\t\t\t<div class=\"elementor-element elementor-element-a100c72 elementor-widget elementor-widget-text-editor\" data-id=\"a100c72\" data-element_type=\"widget\" data-e-type=\"widget\" data-widget_type=\"text-editor.default\">\n\t\t\t\t<div class=\"elementor-widget-container\">\n\t\t\t\t\t\t\t\t\t<p>Notre objectif est de devenir\u00a0<strong>l\u2019entreprise espagnole de r\u00e9f\u00e9rence en plats cuisin\u00e9s pour la restauration,\u00a0<\/strong>avec des proc\u00e9d\u00e9s artisanaux et des ingr\u00e9dients de premi\u00e8re qualit\u00e9 qui convergent vert un r\u00e9sultat final rivalisant avec les pr\u00e9parations des meilleurs chefs.<\/p>\n\t\t\t\t\t\t\t\t<\/div>\n\t\t\t\t<\/div>\n\t\t\t\t\t<\/div>\n\t\t<\/div>\n\t\t\t\t\t<\/div>\n\t\t<\/section>\n\t\t\t\t<\/div>\n\t\t","protected":false},"excerpt":{"rendered":"<p>Service Nous offrons la possibilit\u00e9 de d\u00e9velopper et d\u2019adapter des\u00a0produits sur mesure, sous recette ferm\u00e9e ou \u00e0 partir d&#8217;\u00e9change d\u2019informations. Notre \u00e9quipe performante de Recherche, d\u00e9veloppement et innovation est en mesure de cr\u00e9er, avec la politique de confidentialit\u00e9 et d&#8217;exclusivit\u00e9 la plus stricte, les recettes les plus sp\u00e9cifiques. Notre objectif est de devenir\u00a0l\u2019entreprise espagnole de [&hellip;]<\/p>\n","protected":false},"author":1,"featured_media":4447,"parent":8708,"menu_order":0,"comment_status":"closed","ping_status":"closed","template":"","meta":{"_exactmetrics_skip_tracking":false,"_exactmetrics_sitenote_active":false,"_exactmetrics_sitenote_note":"","_exactmetrics_sitenote_category":0,"footnotes":""},"class_list":["post-8724","page","type-page","status-publish","has-post-thumbnail","hentry"],"yoast_head":"<!-- This site is optimized with the Yoast SEO plugin v27.5 - https:\/\/yoast.com\/product\/yoast-seo-wordpress\/ -->\n<title>Plats cuisin\u00e9s surgel\u00e9s pour restauration - EXQUISITARIUM<\/title>\n<meta name=\"robots\" content=\"index, follow, max-snippet:-1, max-image-preview:large, max-video-preview:-1\" \/>\n<link rel=\"canonical\" href=\"https:\/\/www.exquisitarium.com\/fr\/notre-philosophie\/service\/\" \/>\n<meta property=\"og:locale\" content=\"fr_FR\" \/>\n<meta property=\"og:type\" content=\"article\" \/>\n<meta property=\"og:title\" content=\"Plats cuisin\u00e9s surgel\u00e9s pour restauration - EXQUISITARIUM\" \/>\n<meta property=\"og:description\" content=\"Service Nous offrons la possibilit\u00e9 de d\u00e9velopper et d\u2019adapter des\u00a0produits sur mesure, sous recette ferm\u00e9e ou \u00e0 partir d&#8217;\u00e9change d\u2019informations. Notre \u00e9quipe performante de Recherche, d\u00e9veloppement et innovation est en mesure de cr\u00e9er, avec la politique de confidentialit\u00e9 et d&#8217;exclusivit\u00e9 la plus stricte, les recettes les plus sp\u00e9cifiques. Notre objectif est de devenir\u00a0l\u2019entreprise espagnole de [&hellip;]\" \/>\n<meta property=\"og:url\" content=\"https:\/\/www.exquisitarium.com\/fr\/notre-philosophie\/service\/\" \/>\n<meta property=\"og:site_name\" content=\"EXQUISITARIUM\" \/>\n<meta property=\"article:publisher\" content=\"https:\/\/www.facebook.com\/exquisitarium\/\" \/>\n<meta property=\"article:modified_time\" content=\"2024-06-11T14:20:46+00:00\" \/>\n<meta property=\"og:image\" content=\"https:\/\/www.exquisitarium.com\/wp-content\/uploads\/2018\/02\/exquisitarium_servicio.jpg\" \/>\n\t<meta property=\"og:image:width\" content=\"1500\" \/>\n\t<meta property=\"og:image:height\" content=\"1125\" \/>\n\t<meta property=\"og:image:type\" content=\"image\/jpeg\" \/>\n<meta name=\"twitter:card\" content=\"summary_large_image\" \/>\n<meta name=\"twitter:label1\" content=\"Dur\u00e9e de lecture estim\u00e9e\" \/>\n\t<meta name=\"twitter:data1\" content=\"1 minute\" \/>\n<script type=\"application\/ld+json\" class=\"yoast-schema-graph\">{\"@context\":\"https:\\\/\\\/schema.org\",\"@graph\":[{\"@type\":\"WebPage\",\"@id\":\"https:\\\/\\\/www.exquisitarium.com\\\/fr\\\/notre-philosophie\\\/service\\\/\",\"url\":\"https:\\\/\\\/www.exquisitarium.com\\\/fr\\\/notre-philosophie\\\/service\\\/\",\"name\":\"Plats cuisin\u00e9s surgel\u00e9s pour restauration - EXQUISITARIUM\",\"isPartOf\":{\"@id\":\"https:\\\/\\\/www.exquisitarium.com\\\/fr\\\/#website\"},\"primaryImageOfPage\":{\"@id\":\"https:\\\/\\\/www.exquisitarium.com\\\/fr\\\/notre-philosophie\\\/service\\\/#primaryimage\"},\"image\":{\"@id\":\"https:\\\/\\\/www.exquisitarium.com\\\/fr\\\/notre-philosophie\\\/service\\\/#primaryimage\"},\"thumbnailUrl\":\"https:\\\/\\\/www.exquisitarium.com\\\/wp-content\\\/uploads\\\/2018\\\/02\\\/exquisitarium_servicio.jpg\",\"datePublished\":\"2019-01-10T12:17:30+00:00\",\"dateModified\":\"2024-06-11T14:20:46+00:00\",\"breadcrumb\":{\"@id\":\"https:\\\/\\\/www.exquisitarium.com\\\/fr\\\/notre-philosophie\\\/service\\\/#breadcrumb\"},\"inLanguage\":\"fr-FR\",\"potentialAction\":[{\"@type\":\"ReadAction\",\"target\":[\"https:\\\/\\\/www.exquisitarium.com\\\/fr\\\/notre-philosophie\\\/service\\\/\"]}]},{\"@type\":\"ImageObject\",\"inLanguage\":\"fr-FR\",\"@id\":\"https:\\\/\\\/www.exquisitarium.com\\\/fr\\\/notre-philosophie\\\/service\\\/#primaryimage\",\"url\":\"https:\\\/\\\/www.exquisitarium.com\\\/wp-content\\\/uploads\\\/2018\\\/02\\\/exquisitarium_servicio.jpg\",\"contentUrl\":\"https:\\\/\\\/www.exquisitarium.com\\\/wp-content\\\/uploads\\\/2018\\\/02\\\/exquisitarium_servicio.jpg\",\"width\":1500,\"height\":1125,\"caption\":\"Service Exquisitarium\"},{\"@type\":\"BreadcrumbList\",\"@id\":\"https:\\\/\\\/www.exquisitarium.com\\\/fr\\\/notre-philosophie\\\/service\\\/#breadcrumb\",\"itemListElement\":[{\"@type\":\"ListItem\",\"position\":1,\"name\":\"Home\",\"item\":\"https:\\\/\\\/www.exquisitarium.com\\\/fr\\\/\"},{\"@type\":\"ListItem\",\"position\":2,\"name\":\"Notre philosophie\",\"item\":\"https:\\\/\\\/www.exquisitarium.com\\\/fr\\\/notre-philosophie\\\/\"},{\"@type\":\"ListItem\",\"position\":3,\"name\":\"Service\"}]},{\"@type\":\"WebSite\",\"@id\":\"https:\\\/\\\/www.exquisitarium.com\\\/fr\\\/#website\",\"url\":\"https:\\\/\\\/www.exquisitarium.com\\\/fr\\\/\",\"name\":\"EXQUISITARIUM\",\"description\":\"Tu cocina en buenas manos\",\"publisher\":{\"@id\":\"https:\\\/\\\/www.exquisitarium.com\\\/fr\\\/#organization\"},\"potentialAction\":[{\"@type\":\"SearchAction\",\"target\":{\"@type\":\"EntryPoint\",\"urlTemplate\":\"https:\\\/\\\/www.exquisitarium.com\\\/fr\\\/?s={search_term_string}\"},\"query-input\":{\"@type\":\"PropertyValueSpecification\",\"valueRequired\":true,\"valueName\":\"search_term_string\"}}],\"inLanguage\":\"fr-FR\"},{\"@type\":\"Organization\",\"@id\":\"https:\\\/\\\/www.exquisitarium.com\\\/fr\\\/#organization\",\"name\":\"EXQUISITARIUM\",\"url\":\"https:\\\/\\\/www.exquisitarium.com\\\/fr\\\/\",\"logo\":{\"@type\":\"ImageObject\",\"inLanguage\":\"fr-FR\",\"@id\":\"https:\\\/\\\/www.exquisitarium.com\\\/fr\\\/#\\\/schema\\\/logo\\\/image\\\/\",\"url\":\"https:\\\/\\\/www.exquisitarium.com\\\/wp-content\\\/uploads\\\/2025\\\/10\\\/exquisitarium-logo.svg\",\"contentUrl\":\"https:\\\/\\\/www.exquisitarium.com\\\/wp-content\\\/uploads\\\/2025\\\/10\\\/exquisitarium-logo.svg\",\"width\":233,\"height\":37,\"caption\":\"EXQUISITARIUM\"},\"image\":{\"@id\":\"https:\\\/\\\/www.exquisitarium.com\\\/fr\\\/#\\\/schema\\\/logo\\\/image\\\/\"},\"sameAs\":[\"https:\\\/\\\/www.facebook.com\\\/exquisitarium\\\/\",\"https:\\\/\\\/www.instagram.com\\\/exquisitarium\\\/\",\"https:\\\/\\\/www.linkedin.com\\\/company\\\/exquisitarium\\\/\"]}]}<\/script>\n<!-- \/ Yoast SEO plugin. -->","yoast_head_json":{"title":"Plats cuisin\u00e9s surgel\u00e9s pour restauration - EXQUISITARIUM","robots":{"index":"index","follow":"follow","max-snippet":"max-snippet:-1","max-image-preview":"max-image-preview:large","max-video-preview":"max-video-preview:-1"},"canonical":"https:\/\/www.exquisitarium.com\/fr\/notre-philosophie\/service\/","og_locale":"fr_FR","og_type":"article","og_title":"Plats cuisin\u00e9s surgel\u00e9s pour restauration - EXQUISITARIUM","og_description":"Service Nous offrons la possibilit\u00e9 de d\u00e9velopper et d\u2019adapter des\u00a0produits sur mesure, sous recette ferm\u00e9e ou \u00e0 partir d&#8217;\u00e9change d\u2019informations. Notre \u00e9quipe performante de Recherche, d\u00e9veloppement et innovation est en mesure de cr\u00e9er, avec la politique de confidentialit\u00e9 et d&#8217;exclusivit\u00e9 la plus stricte, les recettes les plus sp\u00e9cifiques. Notre objectif est de devenir\u00a0l\u2019entreprise espagnole de [&hellip;]","og_url":"https:\/\/www.exquisitarium.com\/fr\/notre-philosophie\/service\/","og_site_name":"EXQUISITARIUM","article_publisher":"https:\/\/www.facebook.com\/exquisitarium\/","article_modified_time":"2024-06-11T14:20:46+00:00","og_image":[{"width":1500,"height":1125,"url":"https:\/\/www.exquisitarium.com\/wp-content\/uploads\/2018\/02\/exquisitarium_servicio.jpg","type":"image\/jpeg"}],"twitter_card":"summary_large_image","twitter_misc":{"Dur\u00e9e de lecture estim\u00e9e":"1 minute"},"schema":{"@context":"https:\/\/schema.org","@graph":[{"@type":"WebPage","@id":"https:\/\/www.exquisitarium.com\/fr\/notre-philosophie\/service\/","url":"https:\/\/www.exquisitarium.com\/fr\/notre-philosophie\/service\/","name":"Plats cuisin\u00e9s surgel\u00e9s pour restauration - EXQUISITARIUM","isPartOf":{"@id":"https:\/\/www.exquisitarium.com\/fr\/#website"},"primaryImageOfPage":{"@id":"https:\/\/www.exquisitarium.com\/fr\/notre-philosophie\/service\/#primaryimage"},"image":{"@id":"https:\/\/www.exquisitarium.com\/fr\/notre-philosophie\/service\/#primaryimage"},"thumbnailUrl":"https:\/\/www.exquisitarium.com\/wp-content\/uploads\/2018\/02\/exquisitarium_servicio.jpg","datePublished":"2019-01-10T12:17:30+00:00","dateModified":"2024-06-11T14:20:46+00:00","breadcrumb":{"@id":"https:\/\/www.exquisitarium.com\/fr\/notre-philosophie\/service\/#breadcrumb"},"inLanguage":"fr-FR","potentialAction":[{"@type":"ReadAction","target":["https:\/\/www.exquisitarium.com\/fr\/notre-philosophie\/service\/"]}]},{"@type":"ImageObject","inLanguage":"fr-FR","@id":"https:\/\/www.exquisitarium.com\/fr\/notre-philosophie\/service\/#primaryimage","url":"https:\/\/www.exquisitarium.com\/wp-content\/uploads\/2018\/02\/exquisitarium_servicio.jpg","contentUrl":"https:\/\/www.exquisitarium.com\/wp-content\/uploads\/2018\/02\/exquisitarium_servicio.jpg","width":1500,"height":1125,"caption":"Service Exquisitarium"},{"@type":"BreadcrumbList","@id":"https:\/\/www.exquisitarium.com\/fr\/notre-philosophie\/service\/#breadcrumb","itemListElement":[{"@type":"ListItem","position":1,"name":"Home","item":"https:\/\/www.exquisitarium.com\/fr\/"},{"@type":"ListItem","position":2,"name":"Notre philosophie","item":"https:\/\/www.exquisitarium.com\/fr\/notre-philosophie\/"},{"@type":"ListItem","position":3,"name":"Service"}]},{"@type":"WebSite","@id":"https:\/\/www.exquisitarium.com\/fr\/#website","url":"https:\/\/www.exquisitarium.com\/fr\/","name":"EXQUISITARIUM","description":"Tu cocina en buenas manos","publisher":{"@id":"https:\/\/www.exquisitarium.com\/fr\/#organization"},"potentialAction":[{"@type":"SearchAction","target":{"@type":"EntryPoint","urlTemplate":"https:\/\/www.exquisitarium.com\/fr\/?s={search_term_string}"},"query-input":{"@type":"PropertyValueSpecification","valueRequired":true,"valueName":"search_term_string"}}],"inLanguage":"fr-FR"},{"@type":"Organization","@id":"https:\/\/www.exquisitarium.com\/fr\/#organization","name":"EXQUISITARIUM","url":"https:\/\/www.exquisitarium.com\/fr\/","logo":{"@type":"ImageObject","inLanguage":"fr-FR","@id":"https:\/\/www.exquisitarium.com\/fr\/#\/schema\/logo\/image\/","url":"https:\/\/www.exquisitarium.com\/wp-content\/uploads\/2025\/10\/exquisitarium-logo.svg","contentUrl":"https:\/\/www.exquisitarium.com\/wp-content\/uploads\/2025\/10\/exquisitarium-logo.svg","width":233,"height":37,"caption":"EXQUISITARIUM"},"image":{"@id":"https:\/\/www.exquisitarium.com\/fr\/#\/schema\/logo\/image\/"},"sameAs":["https:\/\/www.facebook.com\/exquisitarium\/","https:\/\/www.instagram.com\/exquisitarium\/","https:\/\/www.linkedin.com\/company\/exquisitarium\/"]}]}},"_links":{"self":[{"href":"https:\/\/www.exquisitarium.com\/fr\/wp-json\/wp\/v2\/pages\/8724","targetHints":{"allow":["GET"]}}],"collection":[{"href":"https:\/\/www.exquisitarium.com\/fr\/wp-json\/wp\/v2\/pages"}],"about":[{"href":"https:\/\/www.exquisitarium.com\/fr\/wp-json\/wp\/v2\/types\/page"}],"author":[{"embeddable":true,"href":"https:\/\/www.exquisitarium.com\/fr\/wp-json\/wp\/v2\/users\/1"}],"replies":[{"embeddable":true,"href":"https:\/\/www.exquisitarium.com\/fr\/wp-json\/wp\/v2\/comments?post=8724"}],"version-history":[{"count":0,"href":"https:\/\/www.exquisitarium.com\/fr\/wp-json\/wp\/v2\/pages\/8724\/revisions"}],"up":[{"embeddable":true,"href":"https:\/\/www.exquisitarium.com\/fr\/wp-json\/wp\/v2\/pages\/8708"}],"wp:featuredmedia":[{"embeddable":true,"href":"https:\/\/www.exquisitarium.com\/fr\/wp-json\/wp\/v2\/media\/4447"}],"wp:attachment":[{"href":"https:\/\/www.exquisitarium.com\/fr\/wp-json\/wp\/v2\/media?parent=8724"}],"curies":[{"name":"wp","href":"https:\/\/api.w.org\/{rel}","templated":true}]}}