{"id":24134,"date":"2026-02-25T15:24:48","date_gmt":"2026-02-25T14:24:48","guid":{"rendered":"https:\/\/www.exquisitarium.com\/producto\/geschmorte-haehnchenkeulen-mit-getrockneten-pflaumen\/"},"modified":"2026-02-27T10:58:56","modified_gmt":"2026-02-27T09:58:56","slug":"geschmorte-haehnchenkeulen-mit-getrockneten-pflaumen","status":"publish","type":"product","link":"https:\/\/www.exquisitarium.com\/de\/produkt\/geschmorte-haehnchenkeulen-mit-getrockneten-pflaumen\/","title":{"rendered":"GESCHMORTE H\u00c4HNCHENKEULEN MIT GETROCKNETEN PFLAUMEN"},"content":{"rendered":"<p>Ein traditionelles, ausgewogenes Gericht, servierfertig mit dem vollen Geschmack eines hausgemachten Eintopfs.<\/p>\n<p><strong><a href=\"https:\/\/www.exquisitarium.com\/wp-content\/uploads\/2018\/03\/Pictogramas_Exquisitarium_micro-e1520250428352.png\"><img decoding=\"async\" class=\"alignnone wp-image-4888\" src=\"https:\/\/www.exquisitarium.com\/wp-content\/uploads\/2018\/03\/Pictogramas_Exquisitarium_micro-251x300.png\" alt=\"\" width=\"70\" height=\"70\" \/><\/a>MIKROWELLE<\/strong><\/p>\n<p><strong><a href=\"https:\/\/www.exquisitarium.com\/wp-content\/uploads\/2018\/03\/Pictogramas_Exquisitarium_especial-e1520251263612.png\"><img decoding=\"async\" class=\"alignnone wp-image-4873\" src=\"https:\/\/www.exquisitarium.com\/wp-content\/uploads\/2018\/03\/Pictogramas_Exquisitarium_especial-251x300.png\" alt=\"\" width=\"70\" height=\"70\" \/><\/a> BAIN MARIE<\/strong><\/p>\n<p>MIKROWELLE: Ohne vorheriges Auftauen die Verpackung einstechen und 8 Minuten bei 800 W in der Mikrowelle erhitzen. Alternativ das Produkt im K\u00fchlschrank auftauen, die Verpackung einstechen und 5 Minuten bei 800 W in der Mikrowelle erhitzen. WASSERBAD: Das Produkt im K\u00fchlschrank auftauen. Den Beutel in ein Wasserbad geben und nach dem Kochen 20 Minuten ziehen lassen. Die Kerntemperatur des Produkts sollte 74 \u00b0C erreichen.<\/p>\n","protected":false},"excerpt":{"rendered":"<p><a class=\"button\" href=\"https:\/\/www.exquisitarium.com\/de\/kontakt-formular\/\">Informationen Anfordern<\/a><\/p>\n<p>&nbsp;<\/p>\n<p>Langsam gegarte H\u00e4hnchenkeulen, zart und saftig, mit einer aromatischen Sauce und der nat\u00fcrlichen S\u00fc\u00dfe von Pflaumen.<\/p>\n","protected":false},"featured_media":24133,"template":"","meta":{"_exactmetrics_skip_tracking":false,"_exactmetrics_sitenote_active":false,"_exactmetrics_sitenote_note":"","_exactmetrics_sitenote_category":0},"product_cat":[392],"product_tag":[394,368],"class_list":{"0":"post-24134","1":"product","2":"type-product","3":"status-publish","4":"has-post-thumbnail","6":"product_cat-fleisch","7":"product_tag-fleisch-de","8":"product_tag-katalog-neuheiten","9":"pa_aplicacion-bar-de","10":"pa_aplicacion-catering-de","11":"pa_aplicacion-gastrobar-de","12":"pa_aplicacion-restaurant-de","13":"pa_regeneracion-microondas-de","14":"pa_regeneracion-pfanne-bain-marie","16":"first","17":"instock","18":"shipping-taxable","19":"product-type-simple"},"yoast_head":"<!-- This site is optimized with the Yoast SEO plugin v27.4 - https:\/\/yoast.com\/product\/yoast-seo-wordpress\/ -->\n<title>GESCHMORTE H\u00c4HNCHENKEULEN MIT GETROCKNETEN PFLAUMEN-Fertiggericht f\u00fcr den Beruf-EXQUISITARIUM<\/title>\n<meta name=\"robots\" content=\"index, follow, max-snippet:-1, max-image-preview:large, max-video-preview:-1\" \/>\n<link rel=\"canonical\" href=\"https:\/\/www.exquisitarium.com\/de\/produkt\/geschmorte-haehnchenkeulen-mit-getrockneten-pflaumen\/\" \/>\n<meta property=\"og:locale\" content=\"de_DE\" \/>\n<meta property=\"og:type\" content=\"article\" \/>\n<meta property=\"og:title\" content=\"GESCHMORTE H\u00c4HNCHENKEULEN MIT GETROCKNETEN PFLAUMEN-Fertiggericht f\u00fcr den Beruf-EXQUISITARIUM\" \/>\n<meta property=\"og:description\" content=\"Informationen Anfordern  &nbsp;  Langsam gegarte H\u00e4hnchenkeulen, zart und saftig, mit einer aromatischen Sauce und der nat\u00fcrlichen S\u00fc\u00dfe von Pflaumen.\" \/>\n<meta property=\"og:url\" content=\"https:\/\/www.exquisitarium.com\/de\/produkt\/geschmorte-haehnchenkeulen-mit-getrockneten-pflaumen\/\" \/>\n<meta property=\"og:site_name\" content=\"EXQUISITARIUM\" \/>\n<meta property=\"article:publisher\" content=\"https:\/\/www.facebook.com\/exquisitarium\/\" \/>\n<meta property=\"article:modified_time\" content=\"2026-02-27T09:58:56+00:00\" \/>\n<meta property=\"og:image\" content=\"https:\/\/www.exquisitarium.com\/wp-content\/uploads\/2026\/02\/pollastre-amb-prunes-scaled.jpg\" \/>\n\t<meta property=\"og:image:width\" content=\"2560\" \/>\n\t<meta property=\"og:image:height\" content=\"1920\" \/>\n\t<meta property=\"og:image:type\" content=\"image\/jpeg\" \/>\n<meta name=\"twitter:card\" content=\"summary_large_image\" \/>\n<script type=\"application\/ld+json\" class=\"yoast-schema-graph\">{\"@context\":\"https:\\\/\\\/schema.org\",\"@graph\":[{\"@type\":\"WebPage\",\"@id\":\"https:\\\/\\\/www.exquisitarium.com\\\/de\\\/produkt\\\/geschmorte-haehnchenkeulen-mit-getrockneten-pflaumen\\\/\",\"url\":\"https:\\\/\\\/www.exquisitarium.com\\\/de\\\/produkt\\\/geschmorte-haehnchenkeulen-mit-getrockneten-pflaumen\\\/\",\"name\":\"GESCHMORTE H\u00c4HNCHENKEULEN MIT GETROCKNETEN PFLAUMEN-Fertiggericht f\u00fcr den Beruf-EXQUISITARIUM\",\"isPartOf\":{\"@id\":\"https:\\\/\\\/www.exquisitarium.com\\\/de\\\/#website\"},\"primaryImageOfPage\":{\"@id\":\"https:\\\/\\\/www.exquisitarium.com\\\/de\\\/produkt\\\/geschmorte-haehnchenkeulen-mit-getrockneten-pflaumen\\\/#primaryimage\"},\"image\":{\"@id\":\"https:\\\/\\\/www.exquisitarium.com\\\/de\\\/produkt\\\/geschmorte-haehnchenkeulen-mit-getrockneten-pflaumen\\\/#primaryimage\"},\"thumbnailUrl\":\"https:\\\/\\\/www.exquisitarium.com\\\/wp-content\\\/uploads\\\/2026\\\/02\\\/pollastre-amb-prunes-scaled.jpg\",\"datePublished\":\"2026-02-25T14:24:48+00:00\",\"dateModified\":\"2026-02-27T09:58:56+00:00\",\"breadcrumb\":{\"@id\":\"https:\\\/\\\/www.exquisitarium.com\\\/de\\\/produkt\\\/geschmorte-haehnchenkeulen-mit-getrockneten-pflaumen\\\/#breadcrumb\"},\"inLanguage\":\"de\",\"potentialAction\":[{\"@type\":\"ReadAction\",\"target\":[\"https:\\\/\\\/www.exquisitarium.com\\\/de\\\/produkt\\\/geschmorte-haehnchenkeulen-mit-getrockneten-pflaumen\\\/\"]}]},{\"@type\":\"ImageObject\",\"inLanguage\":\"de\",\"@id\":\"https:\\\/\\\/www.exquisitarium.com\\\/de\\\/produkt\\\/geschmorte-haehnchenkeulen-mit-getrockneten-pflaumen\\\/#primaryimage\",\"url\":\"https:\\\/\\\/www.exquisitarium.com\\\/wp-content\\\/uploads\\\/2026\\\/02\\\/pollastre-amb-prunes-scaled.jpg\",\"contentUrl\":\"https:\\\/\\\/www.exquisitarium.com\\\/wp-content\\\/uploads\\\/2026\\\/02\\\/pollastre-amb-prunes-scaled.jpg\",\"width\":2560,\"height\":1920},{\"@type\":\"BreadcrumbList\",\"@id\":\"https:\\\/\\\/www.exquisitarium.com\\\/de\\\/produkt\\\/geschmorte-haehnchenkeulen-mit-getrockneten-pflaumen\\\/#breadcrumb\",\"itemListElement\":[{\"@type\":\"ListItem\",\"position\":1,\"name\":\"Home\",\"item\":\"https:\\\/\\\/www.exquisitarium.com\\\/de\\\/\"},{\"@type\":\"ListItem\",\"position\":2,\"name\":\"Produkt suchen\",\"item\":\"https:\\\/\\\/www.exquisitarium.com\\\/de\\\/produkt-suchen\\\/\"},{\"@type\":\"ListItem\",\"position\":3,\"name\":\"GESCHMORTE H\u00c4HNCHENKEULEN MIT GETROCKNETEN PFLAUMEN\"}]},{\"@type\":\"WebSite\",\"@id\":\"https:\\\/\\\/www.exquisitarium.com\\\/de\\\/#website\",\"url\":\"https:\\\/\\\/www.exquisitarium.com\\\/de\\\/\",\"name\":\"EXQUISITARIUM\",\"description\":\"Tu cocina en buenas manos\",\"publisher\":{\"@id\":\"https:\\\/\\\/www.exquisitarium.com\\\/de\\\/#organization\"},\"potentialAction\":[{\"@type\":\"SearchAction\",\"target\":{\"@type\":\"EntryPoint\",\"urlTemplate\":\"https:\\\/\\\/www.exquisitarium.com\\\/de\\\/?s={search_term_string}\"},\"query-input\":{\"@type\":\"PropertyValueSpecification\",\"valueRequired\":true,\"valueName\":\"search_term_string\"}}],\"inLanguage\":\"de\"},{\"@type\":\"Organization\",\"@id\":\"https:\\\/\\\/www.exquisitarium.com\\\/de\\\/#organization\",\"name\":\"EXQUISITARIUM\",\"url\":\"https:\\\/\\\/www.exquisitarium.com\\\/de\\\/\",\"logo\":{\"@type\":\"ImageObject\",\"inLanguage\":\"de\",\"@id\":\"https:\\\/\\\/www.exquisitarium.com\\\/de\\\/#\\\/schema\\\/logo\\\/image\\\/\",\"url\":\"https:\\\/\\\/www.exquisitarium.com\\\/wp-content\\\/uploads\\\/2025\\\/10\\\/exquisitarium-logo.svg\",\"contentUrl\":\"https:\\\/\\\/www.exquisitarium.com\\\/wp-content\\\/uploads\\\/2025\\\/10\\\/exquisitarium-logo.svg\",\"width\":233,\"height\":37,\"caption\":\"EXQUISITARIUM\"},\"image\":{\"@id\":\"https:\\\/\\\/www.exquisitarium.com\\\/de\\\/#\\\/schema\\\/logo\\\/image\\\/\"},\"sameAs\":[\"https:\\\/\\\/www.facebook.com\\\/exquisitarium\\\/\",\"https:\\\/\\\/www.instagram.com\\\/exquisitarium\\\/\",\"https:\\\/\\\/www.linkedin.com\\\/company\\\/exquisitarium\\\/\"]}]}<\/script>\n<!-- \/ Yoast SEO plugin. -->","yoast_head_json":{"title":"GESCHMORTE H\u00c4HNCHENKEULEN MIT GETROCKNETEN PFLAUMEN-Fertiggericht f\u00fcr den Beruf-EXQUISITARIUM","robots":{"index":"index","follow":"follow","max-snippet":"max-snippet:-1","max-image-preview":"max-image-preview:large","max-video-preview":"max-video-preview:-1"},"canonical":"https:\/\/www.exquisitarium.com\/de\/produkt\/geschmorte-haehnchenkeulen-mit-getrockneten-pflaumen\/","og_locale":"de_DE","og_type":"article","og_title":"GESCHMORTE H\u00c4HNCHENKEULEN MIT GETROCKNETEN PFLAUMEN-Fertiggericht f\u00fcr den Beruf-EXQUISITARIUM","og_description":"Informationen Anfordern  &nbsp;  Langsam gegarte H\u00e4hnchenkeulen, zart und saftig, mit einer aromatischen Sauce und der nat\u00fcrlichen S\u00fc\u00dfe von Pflaumen.","og_url":"https:\/\/www.exquisitarium.com\/de\/produkt\/geschmorte-haehnchenkeulen-mit-getrockneten-pflaumen\/","og_site_name":"EXQUISITARIUM","article_publisher":"https:\/\/www.facebook.com\/exquisitarium\/","article_modified_time":"2026-02-27T09:58:56+00:00","og_image":[{"width":2560,"height":1920,"url":"https:\/\/www.exquisitarium.com\/wp-content\/uploads\/2026\/02\/pollastre-amb-prunes-scaled.jpg","type":"image\/jpeg"}],"twitter_card":"summary_large_image","schema":{"@context":"https:\/\/schema.org","@graph":[{"@type":"WebPage","@id":"https:\/\/www.exquisitarium.com\/de\/produkt\/geschmorte-haehnchenkeulen-mit-getrockneten-pflaumen\/","url":"https:\/\/www.exquisitarium.com\/de\/produkt\/geschmorte-haehnchenkeulen-mit-getrockneten-pflaumen\/","name":"GESCHMORTE H\u00c4HNCHENKEULEN MIT GETROCKNETEN PFLAUMEN-Fertiggericht f\u00fcr den Beruf-EXQUISITARIUM","isPartOf":{"@id":"https:\/\/www.exquisitarium.com\/de\/#website"},"primaryImageOfPage":{"@id":"https:\/\/www.exquisitarium.com\/de\/produkt\/geschmorte-haehnchenkeulen-mit-getrockneten-pflaumen\/#primaryimage"},"image":{"@id":"https:\/\/www.exquisitarium.com\/de\/produkt\/geschmorte-haehnchenkeulen-mit-getrockneten-pflaumen\/#primaryimage"},"thumbnailUrl":"https:\/\/www.exquisitarium.com\/wp-content\/uploads\/2026\/02\/pollastre-amb-prunes-scaled.jpg","datePublished":"2026-02-25T14:24:48+00:00","dateModified":"2026-02-27T09:58:56+00:00","breadcrumb":{"@id":"https:\/\/www.exquisitarium.com\/de\/produkt\/geschmorte-haehnchenkeulen-mit-getrockneten-pflaumen\/#breadcrumb"},"inLanguage":"de","potentialAction":[{"@type":"ReadAction","target":["https:\/\/www.exquisitarium.com\/de\/produkt\/geschmorte-haehnchenkeulen-mit-getrockneten-pflaumen\/"]}]},{"@type":"ImageObject","inLanguage":"de","@id":"https:\/\/www.exquisitarium.com\/de\/produkt\/geschmorte-haehnchenkeulen-mit-getrockneten-pflaumen\/#primaryimage","url":"https:\/\/www.exquisitarium.com\/wp-content\/uploads\/2026\/02\/pollastre-amb-prunes-scaled.jpg","contentUrl":"https:\/\/www.exquisitarium.com\/wp-content\/uploads\/2026\/02\/pollastre-amb-prunes-scaled.jpg","width":2560,"height":1920},{"@type":"BreadcrumbList","@id":"https:\/\/www.exquisitarium.com\/de\/produkt\/geschmorte-haehnchenkeulen-mit-getrockneten-pflaumen\/#breadcrumb","itemListElement":[{"@type":"ListItem","position":1,"name":"Home","item":"https:\/\/www.exquisitarium.com\/de\/"},{"@type":"ListItem","position":2,"name":"Produkt suchen","item":"https:\/\/www.exquisitarium.com\/de\/produkt-suchen\/"},{"@type":"ListItem","position":3,"name":"GESCHMORTE H\u00c4HNCHENKEULEN MIT GETROCKNETEN PFLAUMEN"}]},{"@type":"WebSite","@id":"https:\/\/www.exquisitarium.com\/de\/#website","url":"https:\/\/www.exquisitarium.com\/de\/","name":"EXQUISITARIUM","description":"Tu cocina en buenas manos","publisher":{"@id":"https:\/\/www.exquisitarium.com\/de\/#organization"},"potentialAction":[{"@type":"SearchAction","target":{"@type":"EntryPoint","urlTemplate":"https:\/\/www.exquisitarium.com\/de\/?s={search_term_string}"},"query-input":{"@type":"PropertyValueSpecification","valueRequired":true,"valueName":"search_term_string"}}],"inLanguage":"de"},{"@type":"Organization","@id":"https:\/\/www.exquisitarium.com\/de\/#organization","name":"EXQUISITARIUM","url":"https:\/\/www.exquisitarium.com\/de\/","logo":{"@type":"ImageObject","inLanguage":"de","@id":"https:\/\/www.exquisitarium.com\/de\/#\/schema\/logo\/image\/","url":"https:\/\/www.exquisitarium.com\/wp-content\/uploads\/2025\/10\/exquisitarium-logo.svg","contentUrl":"https:\/\/www.exquisitarium.com\/wp-content\/uploads\/2025\/10\/exquisitarium-logo.svg","width":233,"height":37,"caption":"EXQUISITARIUM"},"image":{"@id":"https:\/\/www.exquisitarium.com\/de\/#\/schema\/logo\/image\/"},"sameAs":["https:\/\/www.facebook.com\/exquisitarium\/","https:\/\/www.instagram.com\/exquisitarium\/","https:\/\/www.linkedin.com\/company\/exquisitarium\/"]}]}},"_links":{"self":[{"href":"https:\/\/www.exquisitarium.com\/de\/wp-json\/wp\/v2\/product\/24134","targetHints":{"allow":["GET"]}}],"collection":[{"href":"https:\/\/www.exquisitarium.com\/de\/wp-json\/wp\/v2\/product"}],"about":[{"href":"https:\/\/www.exquisitarium.com\/de\/wp-json\/wp\/v2\/types\/product"}],"version-history":[{"count":1,"href":"https:\/\/www.exquisitarium.com\/de\/wp-json\/wp\/v2\/product\/24134\/revisions"}],"predecessor-version":[{"id":24142,"href":"https:\/\/www.exquisitarium.com\/de\/wp-json\/wp\/v2\/product\/24134\/revisions\/24142"}],"wp:featuredmedia":[{"embeddable":true,"href":"https:\/\/www.exquisitarium.com\/de\/wp-json\/wp\/v2\/media\/24133"}],"wp:attachment":[{"href":"https:\/\/www.exquisitarium.com\/de\/wp-json\/wp\/v2\/media?parent=24134"}],"wp:term":[{"taxonomy":"product_cat","embeddable":true,"href":"https:\/\/www.exquisitarium.com\/de\/wp-json\/wp\/v2\/product_cat?post=24134"},{"taxonomy":"product_tag","embeddable":true,"href":"https:\/\/www.exquisitarium.com\/de\/wp-json\/wp\/v2\/product_tag?post=24134"}],"curies":[{"name":"wp","href":"https:\/\/api.w.org\/{rel}","templated":true}]}}