{"id":21249,"date":"2025-08-11T15:24:26","date_gmt":"2025-08-11T13:24:26","guid":{"rendered":"https:\/\/www.exquisitarium.com\/productos\/kroketten-mit-tintenfischfuellung-und-alioli-kg\/"},"modified":"2025-11-21T11:49:09","modified_gmt":"2025-11-21T10:49:09","slug":"kroketten-mit-tintenfischfuellung-und-alioli-kg","status":"publish","type":"product","link":"https:\/\/www.exquisitarium.com\/de\/produkt\/kroketten-mit-tintenfischfuellung-und-alioli-kg\/","title":{"rendered":"KROKETTEN MIT TINTENFISCHF\u00dcLLUNG UND ALIOLI &#8211; KG"},"content":{"rendered":"<p>Kroketten aus Tintenfisch in eigener Tinte, gef\u00fcllt mit Aioli und Tintenfischst\u00fcckchen. Perfekt als Tapa, Beilage oder Vorspeise. Wenn Sie keine Fritteuse haben, k\u00f6nnen Sie die Kroketten auch in einem Topf mit ausreichend vorgew\u00e4rmtem \u00d6l frittieren, sodass sie vollst\u00e4ndig bedeckt sind. So m\u00fcssen Sie sie nicht wenden und vermeiden Besch\u00e4digungen. Vor dem Servieren sollten Sie die Kroketten einige Minuten ruhen lassen.<\/p>\n<p><strong><a href=\"https:\/\/www.exquisitarium.com\/wp-content\/uploads\/2018\/03\/Pictogramas_Exquisitarium_freidora-e1520250825326.png\"><img decoding=\"async\" class=\"alignnone wp-image-4878\" src=\"https:\/\/www.exquisitarium.com\/wp-content\/uploads\/2018\/03\/Pictogramas_Exquisitarium_freidora-251x300.png\" alt=\"\" width=\"70\" height=\"70\" \/><\/a>FRITTEUSE<\/strong><\/p>\n<p>Direkt aus dem Gefrierschrank in reichlich hei\u00dfem, sauberem \u00d6l bei 180 \u00b0C frittieren. Beachten Sie, dass das \u00d6l abk\u00fchlt, wenn Sie zu viele Kroketten mit zu wenig \u00d6l frittieren, wodurch das Ergebnis nicht optimal ausf\u00e4llt. Au\u00dferdem muss das \u00d6l zwischen den Frittiervorg\u00e4ngen wieder auf 180 \u00b0C erhitzt werden, um erneut richtig frittieren zu k\u00f6nnen. Es empfiehlt sich, die Kroketten vor dem Servieren 2 Minuten ruhen zu lassen.<\/p>\n","protected":false},"excerpt":{"rendered":"<p><a class=\"button\" href=\"https:\/\/www.exquisitarium.com\/de\/kontakt-formular\/\">Informationen Anfordern<\/a><\/p>\n<p>&nbsp;<\/p>\n<p>Tintenfischkroketten in ihrer Tinte, gef\u00fcllt mit Aioli.<\/p>\n<p>&nbsp;<\/p>\n","protected":false},"featured_media":21242,"template":"","meta":{"_exactmetrics_skip_tracking":false,"_exactmetrics_sitenote_active":false,"_exactmetrics_sitenote_note":"","_exactmetrics_sitenote_category":0},"product_cat":[386],"product_tag":[387],"class_list":{"0":"post-21249","1":"product","2":"type-product","3":"status-publish","4":"has-post-thumbnail","6":"product_cat-kroketten","7":"product_tag-kroketten","8":"pa_aplicacion-bar-de","9":"pa_aplicacion-cafeteria-backerei","10":"pa_aplicacion-catering-de","11":"pa_aplicacion-food-truck-de","12":"pa_aplicacion-gastrobar-de","13":"pa_aplicacion-hotels-de","14":"pa_aplicacion-restaurant-de","15":"pa_regeneracion-friteuse","17":"first","18":"instock","19":"shipping-taxable","20":"product-type-simple"},"yoast_head":"<!-- This site is optimized with the Yoast SEO plugin v27.4 - https:\/\/yoast.com\/product\/yoast-seo-wordpress\/ -->\n<title>KROKETTEN MIT TINTENFISCHF\u00dcLLUNG UND ALIOLI - KG - plats preparats per professionals- EXQUISITARIUM<\/title>\n<meta name=\"robots\" content=\"index, follow, max-snippet:-1, max-image-preview:large, max-video-preview:-1\" \/>\n<link rel=\"canonical\" href=\"https:\/\/www.exquisitarium.com\/de\/produkt\/kroketten-mit-tintenfischfuellung-und-alioli-kg\/\" \/>\n<meta property=\"og:locale\" content=\"de_DE\" \/>\n<meta property=\"og:type\" content=\"article\" \/>\n<meta property=\"og:title\" content=\"KROKETTEN MIT TINTENFISCHF\u00dcLLUNG UND ALIOLI - KG - plats preparats per professionals- EXQUISITARIUM\" \/>\n<meta property=\"og:description\" content=\"Informationen Anfordern  &nbsp;  Tintenfischkroketten in ihrer Tinte, gef\u00fcllt mit Aioli.  &nbsp;\" \/>\n<meta property=\"og:url\" content=\"https:\/\/www.exquisitarium.com\/de\/produkt\/kroketten-mit-tintenfischfuellung-und-alioli-kg\/\" \/>\n<meta property=\"og:site_name\" content=\"EXQUISITARIUM\" \/>\n<meta property=\"article:publisher\" content=\"https:\/\/www.facebook.com\/exquisitarium\/\" \/>\n<meta property=\"article:modified_time\" content=\"2025-11-21T10:49:09+00:00\" \/>\n<meta property=\"og:image\" content=\"https:\/\/www.exquisitarium.com\/wp-content\/uploads\/2025\/08\/IMG_2129-1.jpg\" \/>\n\t<meta property=\"og:image:width\" content=\"1000\" \/>\n\t<meta property=\"og:image:height\" content=\"750\" \/>\n\t<meta property=\"og:image:type\" content=\"image\/jpeg\" \/>\n<meta name=\"twitter:card\" content=\"summary_large_image\" \/>\n<meta name=\"twitter:label1\" content=\"Gesch\u00e4tzte Lesezeit\" \/>\n\t<meta name=\"twitter:data1\" content=\"1\u00a0Minute\" \/>\n<script type=\"application\/ld+json\" class=\"yoast-schema-graph\">{\"@context\":\"https:\\\/\\\/schema.org\",\"@graph\":[{\"@type\":\"WebPage\",\"@id\":\"https:\\\/\\\/www.exquisitarium.com\\\/de\\\/produkt\\\/kroketten-mit-tintenfischfuellung-und-alioli-kg\\\/\",\"url\":\"https:\\\/\\\/www.exquisitarium.com\\\/de\\\/produkt\\\/kroketten-mit-tintenfischfuellung-und-alioli-kg\\\/\",\"name\":\"KROKETTEN MIT TINTENFISCHF\u00dcLLUNG UND ALIOLI - KG - plats preparats per professionals- EXQUISITARIUM\",\"isPartOf\":{\"@id\":\"https:\\\/\\\/www.exquisitarium.com\\\/de\\\/#website\"},\"primaryImageOfPage\":{\"@id\":\"https:\\\/\\\/www.exquisitarium.com\\\/de\\\/produkt\\\/kroketten-mit-tintenfischfuellung-und-alioli-kg\\\/#primaryimage\"},\"image\":{\"@id\":\"https:\\\/\\\/www.exquisitarium.com\\\/de\\\/produkt\\\/kroketten-mit-tintenfischfuellung-und-alioli-kg\\\/#primaryimage\"},\"thumbnailUrl\":\"https:\\\/\\\/www.exquisitarium.com\\\/wp-content\\\/uploads\\\/2025\\\/08\\\/IMG_2129-1.jpg\",\"datePublished\":\"2025-08-11T13:24:26+00:00\",\"dateModified\":\"2025-11-21T10:49:09+00:00\",\"breadcrumb\":{\"@id\":\"https:\\\/\\\/www.exquisitarium.com\\\/de\\\/produkt\\\/kroketten-mit-tintenfischfuellung-und-alioli-kg\\\/#breadcrumb\"},\"inLanguage\":\"de\",\"potentialAction\":[{\"@type\":\"ReadAction\",\"target\":[\"https:\\\/\\\/www.exquisitarium.com\\\/de\\\/produkt\\\/kroketten-mit-tintenfischfuellung-und-alioli-kg\\\/\"]}]},{\"@type\":\"ImageObject\",\"inLanguage\":\"de\",\"@id\":\"https:\\\/\\\/www.exquisitarium.com\\\/de\\\/produkt\\\/kroketten-mit-tintenfischfuellung-und-alioli-kg\\\/#primaryimage\",\"url\":\"https:\\\/\\\/www.exquisitarium.com\\\/wp-content\\\/uploads\\\/2025\\\/08\\\/IMG_2129-1.jpg\",\"contentUrl\":\"https:\\\/\\\/www.exquisitarium.com\\\/wp-content\\\/uploads\\\/2025\\\/08\\\/IMG_2129-1.jpg\",\"width\":1000,\"height\":750},{\"@type\":\"BreadcrumbList\",\"@id\":\"https:\\\/\\\/www.exquisitarium.com\\\/de\\\/produkt\\\/kroketten-mit-tintenfischfuellung-und-alioli-kg\\\/#breadcrumb\",\"itemListElement\":[{\"@type\":\"ListItem\",\"position\":1,\"name\":\"Home\",\"item\":\"https:\\\/\\\/www.exquisitarium.com\\\/de\\\/\"},{\"@type\":\"ListItem\",\"position\":2,\"name\":\"Produkt suchen\",\"item\":\"https:\\\/\\\/www.exquisitarium.com\\\/de\\\/produkt-suchen\\\/\"},{\"@type\":\"ListItem\",\"position\":3,\"name\":\"KROKETTEN MIT TINTENFISCHF\u00dcLLUNG UND ALIOLI &#8211; KG\"}]},{\"@type\":\"WebSite\",\"@id\":\"https:\\\/\\\/www.exquisitarium.com\\\/de\\\/#website\",\"url\":\"https:\\\/\\\/www.exquisitarium.com\\\/de\\\/\",\"name\":\"EXQUISITARIUM\",\"description\":\"Tu cocina en buenas manos\",\"publisher\":{\"@id\":\"https:\\\/\\\/www.exquisitarium.com\\\/de\\\/#organization\"},\"potentialAction\":[{\"@type\":\"SearchAction\",\"target\":{\"@type\":\"EntryPoint\",\"urlTemplate\":\"https:\\\/\\\/www.exquisitarium.com\\\/de\\\/?s={search_term_string}\"},\"query-input\":{\"@type\":\"PropertyValueSpecification\",\"valueRequired\":true,\"valueName\":\"search_term_string\"}}],\"inLanguage\":\"de\"},{\"@type\":\"Organization\",\"@id\":\"https:\\\/\\\/www.exquisitarium.com\\\/de\\\/#organization\",\"name\":\"EXQUISITARIUM\",\"url\":\"https:\\\/\\\/www.exquisitarium.com\\\/de\\\/\",\"logo\":{\"@type\":\"ImageObject\",\"inLanguage\":\"de\",\"@id\":\"https:\\\/\\\/www.exquisitarium.com\\\/de\\\/#\\\/schema\\\/logo\\\/image\\\/\",\"url\":\"https:\\\/\\\/www.exquisitarium.com\\\/wp-content\\\/uploads\\\/2025\\\/10\\\/exquisitarium-logo.svg\",\"contentUrl\":\"https:\\\/\\\/www.exquisitarium.com\\\/wp-content\\\/uploads\\\/2025\\\/10\\\/exquisitarium-logo.svg\",\"width\":233,\"height\":37,\"caption\":\"EXQUISITARIUM\"},\"image\":{\"@id\":\"https:\\\/\\\/www.exquisitarium.com\\\/de\\\/#\\\/schema\\\/logo\\\/image\\\/\"},\"sameAs\":[\"https:\\\/\\\/www.facebook.com\\\/exquisitarium\\\/\",\"https:\\\/\\\/www.instagram.com\\\/exquisitarium\\\/\",\"https:\\\/\\\/www.linkedin.com\\\/company\\\/exquisitarium\\\/\"]}]}<\/script>\n<!-- \/ Yoast SEO plugin. -->","yoast_head_json":{"title":"KROKETTEN MIT TINTENFISCHF\u00dcLLUNG UND ALIOLI - KG - plats preparats per professionals- EXQUISITARIUM","robots":{"index":"index","follow":"follow","max-snippet":"max-snippet:-1","max-image-preview":"max-image-preview:large","max-video-preview":"max-video-preview:-1"},"canonical":"https:\/\/www.exquisitarium.com\/de\/produkt\/kroketten-mit-tintenfischfuellung-und-alioli-kg\/","og_locale":"de_DE","og_type":"article","og_title":"KROKETTEN MIT TINTENFISCHF\u00dcLLUNG UND ALIOLI - KG - plats preparats per professionals- EXQUISITARIUM","og_description":"Informationen Anfordern  &nbsp;  Tintenfischkroketten in ihrer Tinte, gef\u00fcllt mit Aioli.  &nbsp;","og_url":"https:\/\/www.exquisitarium.com\/de\/produkt\/kroketten-mit-tintenfischfuellung-und-alioli-kg\/","og_site_name":"EXQUISITARIUM","article_publisher":"https:\/\/www.facebook.com\/exquisitarium\/","article_modified_time":"2025-11-21T10:49:09+00:00","og_image":[{"width":1000,"height":750,"url":"https:\/\/www.exquisitarium.com\/wp-content\/uploads\/2025\/08\/IMG_2129-1.jpg","type":"image\/jpeg"}],"twitter_card":"summary_large_image","twitter_misc":{"Gesch\u00e4tzte Lesezeit":"1\u00a0Minute"},"schema":{"@context":"https:\/\/schema.org","@graph":[{"@type":"WebPage","@id":"https:\/\/www.exquisitarium.com\/de\/produkt\/kroketten-mit-tintenfischfuellung-und-alioli-kg\/","url":"https:\/\/www.exquisitarium.com\/de\/produkt\/kroketten-mit-tintenfischfuellung-und-alioli-kg\/","name":"KROKETTEN MIT TINTENFISCHF\u00dcLLUNG UND ALIOLI - KG - plats preparats per professionals- EXQUISITARIUM","isPartOf":{"@id":"https:\/\/www.exquisitarium.com\/de\/#website"},"primaryImageOfPage":{"@id":"https:\/\/www.exquisitarium.com\/de\/produkt\/kroketten-mit-tintenfischfuellung-und-alioli-kg\/#primaryimage"},"image":{"@id":"https:\/\/www.exquisitarium.com\/de\/produkt\/kroketten-mit-tintenfischfuellung-und-alioli-kg\/#primaryimage"},"thumbnailUrl":"https:\/\/www.exquisitarium.com\/wp-content\/uploads\/2025\/08\/IMG_2129-1.jpg","datePublished":"2025-08-11T13:24:26+00:00","dateModified":"2025-11-21T10:49:09+00:00","breadcrumb":{"@id":"https:\/\/www.exquisitarium.com\/de\/produkt\/kroketten-mit-tintenfischfuellung-und-alioli-kg\/#breadcrumb"},"inLanguage":"de","potentialAction":[{"@type":"ReadAction","target":["https:\/\/www.exquisitarium.com\/de\/produkt\/kroketten-mit-tintenfischfuellung-und-alioli-kg\/"]}]},{"@type":"ImageObject","inLanguage":"de","@id":"https:\/\/www.exquisitarium.com\/de\/produkt\/kroketten-mit-tintenfischfuellung-und-alioli-kg\/#primaryimage","url":"https:\/\/www.exquisitarium.com\/wp-content\/uploads\/2025\/08\/IMG_2129-1.jpg","contentUrl":"https:\/\/www.exquisitarium.com\/wp-content\/uploads\/2025\/08\/IMG_2129-1.jpg","width":1000,"height":750},{"@type":"BreadcrumbList","@id":"https:\/\/www.exquisitarium.com\/de\/produkt\/kroketten-mit-tintenfischfuellung-und-alioli-kg\/#breadcrumb","itemListElement":[{"@type":"ListItem","position":1,"name":"Home","item":"https:\/\/www.exquisitarium.com\/de\/"},{"@type":"ListItem","position":2,"name":"Produkt suchen","item":"https:\/\/www.exquisitarium.com\/de\/produkt-suchen\/"},{"@type":"ListItem","position":3,"name":"KROKETTEN MIT TINTENFISCHF\u00dcLLUNG UND ALIOLI &#8211; KG"}]},{"@type":"WebSite","@id":"https:\/\/www.exquisitarium.com\/de\/#website","url":"https:\/\/www.exquisitarium.com\/de\/","name":"EXQUISITARIUM","description":"Tu cocina en buenas manos","publisher":{"@id":"https:\/\/www.exquisitarium.com\/de\/#organization"},"potentialAction":[{"@type":"SearchAction","target":{"@type":"EntryPoint","urlTemplate":"https:\/\/www.exquisitarium.com\/de\/?s={search_term_string}"},"query-input":{"@type":"PropertyValueSpecification","valueRequired":true,"valueName":"search_term_string"}}],"inLanguage":"de"},{"@type":"Organization","@id":"https:\/\/www.exquisitarium.com\/de\/#organization","name":"EXQUISITARIUM","url":"https:\/\/www.exquisitarium.com\/de\/","logo":{"@type":"ImageObject","inLanguage":"de","@id":"https:\/\/www.exquisitarium.com\/de\/#\/schema\/logo\/image\/","url":"https:\/\/www.exquisitarium.com\/wp-content\/uploads\/2025\/10\/exquisitarium-logo.svg","contentUrl":"https:\/\/www.exquisitarium.com\/wp-content\/uploads\/2025\/10\/exquisitarium-logo.svg","width":233,"height":37,"caption":"EXQUISITARIUM"},"image":{"@id":"https:\/\/www.exquisitarium.com\/de\/#\/schema\/logo\/image\/"},"sameAs":["https:\/\/www.facebook.com\/exquisitarium\/","https:\/\/www.instagram.com\/exquisitarium\/","https:\/\/www.linkedin.com\/company\/exquisitarium\/"]}]}},"_links":{"self":[{"href":"https:\/\/www.exquisitarium.com\/de\/wp-json\/wp\/v2\/product\/21249","targetHints":{"allow":["GET"]}}],"collection":[{"href":"https:\/\/www.exquisitarium.com\/de\/wp-json\/wp\/v2\/product"}],"about":[{"href":"https:\/\/www.exquisitarium.com\/de\/wp-json\/wp\/v2\/types\/product"}],"version-history":[{"count":1,"href":"https:\/\/www.exquisitarium.com\/de\/wp-json\/wp\/v2\/product\/21249\/revisions"}],"predecessor-version":[{"id":23691,"href":"https:\/\/www.exquisitarium.com\/de\/wp-json\/wp\/v2\/product\/21249\/revisions\/23691"}],"wp:featuredmedia":[{"embeddable":true,"href":"https:\/\/www.exquisitarium.com\/de\/wp-json\/wp\/v2\/media\/21242"}],"wp:attachment":[{"href":"https:\/\/www.exquisitarium.com\/de\/wp-json\/wp\/v2\/media?parent=21249"}],"wp:term":[{"taxonomy":"product_cat","embeddable":true,"href":"https:\/\/www.exquisitarium.com\/de\/wp-json\/wp\/v2\/product_cat?post=21249"},{"taxonomy":"product_tag","embeddable":true,"href":"https:\/\/www.exquisitarium.com\/de\/wp-json\/wp\/v2\/product_tag?post=21249"}],"curies":[{"name":"wp","href":"https:\/\/api.w.org\/{rel}","templated":true}]}}