{"id":19200,"date":"2018-03-06T15:27:55","date_gmt":"2018-03-06T14:27:55","guid":{"rendered":"https:\/\/www.exquisitarium.com\/productos\/kabeljau-kroketten\/"},"modified":"2025-09-10T14:45:13","modified_gmt":"2025-09-10T12:45:13","slug":"kabeljau-kroketten","status":"publish","type":"product","link":"https:\/\/www.exquisitarium.com\/de\/produkt\/kabeljau-kroketten\/","title":{"rendered":"KABELJAU-KROKETTEN"},"content":{"rendered":"<p style=\"text-align: left;\">Kroketten mit Kabeljau. Alle unsere Krokettensorten werden von Hand und mit einer sorgf\u00e4ltigen Auswahl an Zutaten hergestellt. Sie sind genauso schmackhaft wie die besten hausgemachten Kroketten. Perfekt zum Servieren als Tapa, Beilage oder Vorspeise. Tipp: Falls Sie keine Fritteuse haben, k\u00f6nnen Sie auch eine Kasserolle mit vorgew\u00e4rmtem \u00d6l verwenden. Das \u00d6l muss die Kroketten vollst\u00e4ndig bedecken. So brauchen Sie die Kroketten nicht zu wenden, sodass sie nicht besch\u00e4digt werden. Es empfiehlt sich, sie vor dem Servieren ein paar Minuten beiseite zu stellen.<\/p>\n<p><strong><a href=\"https:\/\/www.exquisitarium.com\/wp-content\/uploads\/2018\/03\/Pictogramas_Exquisitarium_freidora-e1520250825326.png\"><img decoding=\"async\" class=\"alignnone wp-image-4878\" src=\"https:\/\/www.exquisitarium.com\/wp-content\/uploads\/2018\/03\/Pictogramas_Exquisitarium_freidora-251x300.png\" alt=\"\" width=\"70\" height=\"70\" \/><\/a>FRITEUSE<\/strong><\/p>\n<p>Direkt tiefgek\u00fchlt in reichlich sauberem, auf 180 \u00b0C erhitztem \u00d6l frittieren. Bedenken Sie, dass das \u00d6l abk\u00fchlt, wenn zu viele Kroketten in zu wenig \u00d6l frittiert werden, woraufhin kein optimales Ergebnis erzielt wird. Dar\u00fcber hinaus muss das \u00d6l zwischen den einzelnen Frittiervorg\u00e4ngen wieder auf eine Temperatur von 180 \u00b0C erhitzt werden, um erneut richtig frittieren zu k\u00f6nnen. Es empfiehlt sich, das Gericht vor dem Servieren zwei Minuten lang beiseite zu stellen.<\/p>\n","protected":false},"excerpt":{"rendered":"<p><a class=\"button\" href=\"https:\/\/www.exquisitarium.com\/de\/kontakt-formular\/\">Informationen Anfordern<\/a><\/p>\n<p>Von Hand hergestellte Kabeljau-Kroketten mit einer sorgf\u00e4ltigen Auswahl an Zutaten.<\/p>\n","protected":false},"featured_media":21423,"template":"","meta":{"_exactmetrics_skip_tracking":false,"_exactmetrics_sitenote_active":false,"_exactmetrics_sitenote_note":"","_exactmetrics_sitenote_category":0},"product_cat":[386,377,385],"product_tag":[387],"class_list":{"0":"post-19200","1":"product","2":"type-product","3":"status-publish","4":"has-post-thumbnail","6":"product_cat-kroketten","7":"product_cat-snacks","8":"product_cat-tapas","9":"product_tag-kroketten","10":"pa_aplicacion-bar-de","11":"pa_aplicacion-cafeteria-backerei","12":"pa_aplicacion-catering-de","13":"pa_aplicacion-food-truck-de","14":"pa_aplicacion-gastrobar-de","15":"pa_aplicacion-hotels-de","16":"pa_aplicacion-restaurant-de","17":"pa_regeneracion-friteuse","19":"first","20":"instock","21":"shipping-taxable","22":"product-type-simple"},"yoast_head":"<!-- This site is optimized with the Yoast SEO plugin v27.1.1 - https:\/\/yoast.com\/product\/yoast-seo-wordpress\/ -->\n<title>KABELJAU-KROKETTEN - Platos Preparados por profesionales- EXQUISITARIUM<\/title>\n<meta name=\"robots\" content=\"index, follow, max-snippet:-1, max-image-preview:large, max-video-preview:-1\" \/>\n<link rel=\"canonical\" href=\"https:\/\/www.exquisitarium.com\/de\/produkt\/kabeljau-kroketten\/\" \/>\n<meta property=\"og:locale\" content=\"de_DE\" \/>\n<meta property=\"og:type\" content=\"article\" \/>\n<meta property=\"og:title\" content=\"KABELJAU-KROKETTEN - Platos Preparados por profesionales- EXQUISITARIUM\" \/>\n<meta property=\"og:description\" content=\"Informationen Anfordern  Von Hand hergestellte Kabeljau-Kroketten mit einer sorgf\u00e4ltigen Auswahl an Zutaten.\" \/>\n<meta property=\"og:url\" content=\"https:\/\/www.exquisitarium.com\/de\/produkt\/kabeljau-kroketten\/\" \/>\n<meta property=\"og:site_name\" content=\"EXQUISITARIUM\" \/>\n<meta property=\"article:publisher\" content=\"https:\/\/www.facebook.com\/exquisitarium\/\" \/>\n<meta property=\"article:modified_time\" content=\"2025-09-10T12:45:13+00:00\" \/>\n<meta property=\"og:image\" content=\"https:\/\/www.exquisitarium.com\/wp-content\/uploads\/2018\/03\/CROQUETA-DE-BACALAO.png\" \/>\n\t<meta property=\"og:image:width\" content=\"700\" \/>\n\t<meta property=\"og:image:height\" content=\"520\" \/>\n\t<meta property=\"og:image:type\" content=\"image\/png\" \/>\n<meta name=\"twitter:card\" content=\"summary_large_image\" \/>\n<meta name=\"twitter:label1\" content=\"Gesch\u00e4tzte Lesezeit\" \/>\n\t<meta name=\"twitter:data1\" content=\"1\u00a0Minute\" \/>\n<script type=\"application\/ld+json\" class=\"yoast-schema-graph\">{\"@context\":\"https:\/\/schema.org\",\"@graph\":[{\"@type\":\"WebPage\",\"@id\":\"https:\/\/www.exquisitarium.com\/de\/produkt\/kabeljau-kroketten\/\",\"url\":\"https:\/\/www.exquisitarium.com\/de\/produkt\/kabeljau-kroketten\/\",\"name\":\"KABELJAU-KROKETTEN - Platos Preparados por profesionales- EXQUISITARIUM\",\"isPartOf\":{\"@id\":\"https:\/\/www.exquisitarium.com\/de\/#website\"},\"primaryImageOfPage\":{\"@id\":\"https:\/\/www.exquisitarium.com\/de\/produkt\/kabeljau-kroketten\/#primaryimage\"},\"image\":{\"@id\":\"https:\/\/www.exquisitarium.com\/de\/produkt\/kabeljau-kroketten\/#primaryimage\"},\"thumbnailUrl\":\"https:\/\/www.exquisitarium.com\/wp-content\/uploads\/2018\/03\/CROQUETA-DE-BACALAO.png\",\"datePublished\":\"2018-03-06T14:27:55+00:00\",\"dateModified\":\"2025-09-10T12:45:13+00:00\",\"breadcrumb\":{\"@id\":\"https:\/\/www.exquisitarium.com\/de\/produkt\/kabeljau-kroketten\/#breadcrumb\"},\"inLanguage\":\"de\",\"potentialAction\":[{\"@type\":\"ReadAction\",\"target\":[\"https:\/\/www.exquisitarium.com\/de\/produkt\/kabeljau-kroketten\/\"]}]},{\"@type\":\"ImageObject\",\"inLanguage\":\"de\",\"@id\":\"https:\/\/www.exquisitarium.com\/de\/produkt\/kabeljau-kroketten\/#primaryimage\",\"url\":\"https:\/\/www.exquisitarium.com\/wp-content\/uploads\/2018\/03\/CROQUETA-DE-BACALAO.png\",\"contentUrl\":\"https:\/\/www.exquisitarium.com\/wp-content\/uploads\/2018\/03\/CROQUETA-DE-BACALAO.png\",\"width\":700,\"height\":520},{\"@type\":\"BreadcrumbList\",\"@id\":\"https:\/\/www.exquisitarium.com\/de\/produkt\/kabeljau-kroketten\/#breadcrumb\",\"itemListElement\":[{\"@type\":\"ListItem\",\"position\":1,\"name\":\"Home\",\"item\":\"https:\/\/www.exquisitarium.com\/de\/\"},{\"@type\":\"ListItem\",\"position\":2,\"name\":\"Produkt suchen\",\"item\":\"https:\/\/www.exquisitarium.com\/de\/produkt-suchen\/\"},{\"@type\":\"ListItem\",\"position\":3,\"name\":\"KABELJAU-KROKETTEN\"}]},{\"@type\":\"WebSite\",\"@id\":\"https:\/\/www.exquisitarium.com\/de\/#website\",\"url\":\"https:\/\/www.exquisitarium.com\/de\/\",\"name\":\"EXQUISITARIUM\",\"description\":\"Tu cocina en buenas manos\",\"publisher\":{\"@id\":\"https:\/\/www.exquisitarium.com\/de\/#organization\"},\"potentialAction\":[{\"@type\":\"SearchAction\",\"target\":{\"@type\":\"EntryPoint\",\"urlTemplate\":\"https:\/\/www.exquisitarium.com\/de\/?s={search_term_string}\"},\"query-input\":{\"@type\":\"PropertyValueSpecification\",\"valueRequired\":true,\"valueName\":\"search_term_string\"}}],\"inLanguage\":\"de\"},{\"@type\":\"Organization\",\"@id\":\"https:\/\/www.exquisitarium.com\/de\/#organization\",\"name\":\"EXQUISITARIUM\",\"url\":\"https:\/\/www.exquisitarium.com\/de\/\",\"logo\":{\"@type\":\"ImageObject\",\"inLanguage\":\"de\",\"@id\":\"https:\/\/www.exquisitarium.com\/de\/#\/schema\/logo\/image\/\",\"url\":\"https:\/\/www.exquisitarium.com\/wp-content\/uploads\/2025\/10\/exquisitarium-logo.svg\",\"contentUrl\":\"https:\/\/www.exquisitarium.com\/wp-content\/uploads\/2025\/10\/exquisitarium-logo.svg\",\"width\":233,\"height\":37,\"caption\":\"EXQUISITARIUM\"},\"image\":{\"@id\":\"https:\/\/www.exquisitarium.com\/de\/#\/schema\/logo\/image\/\"},\"sameAs\":[\"https:\/\/www.facebook.com\/exquisitarium\/\",\"https:\/\/www.instagram.com\/exquisitarium\/\",\"https:\/\/www.linkedin.com\/company\/exquisitarium\/\"]}]}<\/script>\n<!-- \/ Yoast SEO plugin. -->","yoast_head_json":{"title":"KABELJAU-KROKETTEN - Platos Preparados por profesionales- EXQUISITARIUM","robots":{"index":"index","follow":"follow","max-snippet":"max-snippet:-1","max-image-preview":"max-image-preview:large","max-video-preview":"max-video-preview:-1"},"canonical":"https:\/\/www.exquisitarium.com\/de\/produkt\/kabeljau-kroketten\/","og_locale":"de_DE","og_type":"article","og_title":"KABELJAU-KROKETTEN - Platos Preparados por profesionales- EXQUISITARIUM","og_description":"Informationen Anfordern  Von Hand hergestellte Kabeljau-Kroketten mit einer sorgf\u00e4ltigen Auswahl an Zutaten.","og_url":"https:\/\/www.exquisitarium.com\/de\/produkt\/kabeljau-kroketten\/","og_site_name":"EXQUISITARIUM","article_publisher":"https:\/\/www.facebook.com\/exquisitarium\/","article_modified_time":"2025-09-10T12:45:13+00:00","og_image":[{"width":700,"height":520,"url":"https:\/\/www.exquisitarium.com\/wp-content\/uploads\/2018\/03\/CROQUETA-DE-BACALAO.png","type":"image\/png"}],"twitter_card":"summary_large_image","twitter_misc":{"Gesch\u00e4tzte Lesezeit":"1\u00a0Minute"},"schema":{"@context":"https:\/\/schema.org","@graph":[{"@type":"WebPage","@id":"https:\/\/www.exquisitarium.com\/de\/produkt\/kabeljau-kroketten\/","url":"https:\/\/www.exquisitarium.com\/de\/produkt\/kabeljau-kroketten\/","name":"KABELJAU-KROKETTEN - Platos Preparados por profesionales- EXQUISITARIUM","isPartOf":{"@id":"https:\/\/www.exquisitarium.com\/de\/#website"},"primaryImageOfPage":{"@id":"https:\/\/www.exquisitarium.com\/de\/produkt\/kabeljau-kroketten\/#primaryimage"},"image":{"@id":"https:\/\/www.exquisitarium.com\/de\/produkt\/kabeljau-kroketten\/#primaryimage"},"thumbnailUrl":"https:\/\/www.exquisitarium.com\/wp-content\/uploads\/2018\/03\/CROQUETA-DE-BACALAO.png","datePublished":"2018-03-06T14:27:55+00:00","dateModified":"2025-09-10T12:45:13+00:00","breadcrumb":{"@id":"https:\/\/www.exquisitarium.com\/de\/produkt\/kabeljau-kroketten\/#breadcrumb"},"inLanguage":"de","potentialAction":[{"@type":"ReadAction","target":["https:\/\/www.exquisitarium.com\/de\/produkt\/kabeljau-kroketten\/"]}]},{"@type":"ImageObject","inLanguage":"de","@id":"https:\/\/www.exquisitarium.com\/de\/produkt\/kabeljau-kroketten\/#primaryimage","url":"https:\/\/www.exquisitarium.com\/wp-content\/uploads\/2018\/03\/CROQUETA-DE-BACALAO.png","contentUrl":"https:\/\/www.exquisitarium.com\/wp-content\/uploads\/2018\/03\/CROQUETA-DE-BACALAO.png","width":700,"height":520},{"@type":"BreadcrumbList","@id":"https:\/\/www.exquisitarium.com\/de\/produkt\/kabeljau-kroketten\/#breadcrumb","itemListElement":[{"@type":"ListItem","position":1,"name":"Home","item":"https:\/\/www.exquisitarium.com\/de\/"},{"@type":"ListItem","position":2,"name":"Produkt suchen","item":"https:\/\/www.exquisitarium.com\/de\/produkt-suchen\/"},{"@type":"ListItem","position":3,"name":"KABELJAU-KROKETTEN"}]},{"@type":"WebSite","@id":"https:\/\/www.exquisitarium.com\/de\/#website","url":"https:\/\/www.exquisitarium.com\/de\/","name":"EXQUISITARIUM","description":"Tu cocina en buenas manos","publisher":{"@id":"https:\/\/www.exquisitarium.com\/de\/#organization"},"potentialAction":[{"@type":"SearchAction","target":{"@type":"EntryPoint","urlTemplate":"https:\/\/www.exquisitarium.com\/de\/?s={search_term_string}"},"query-input":{"@type":"PropertyValueSpecification","valueRequired":true,"valueName":"search_term_string"}}],"inLanguage":"de"},{"@type":"Organization","@id":"https:\/\/www.exquisitarium.com\/de\/#organization","name":"EXQUISITARIUM","url":"https:\/\/www.exquisitarium.com\/de\/","logo":{"@type":"ImageObject","inLanguage":"de","@id":"https:\/\/www.exquisitarium.com\/de\/#\/schema\/logo\/image\/","url":"https:\/\/www.exquisitarium.com\/wp-content\/uploads\/2025\/10\/exquisitarium-logo.svg","contentUrl":"https:\/\/www.exquisitarium.com\/wp-content\/uploads\/2025\/10\/exquisitarium-logo.svg","width":233,"height":37,"caption":"EXQUISITARIUM"},"image":{"@id":"https:\/\/www.exquisitarium.com\/de\/#\/schema\/logo\/image\/"},"sameAs":["https:\/\/www.facebook.com\/exquisitarium\/","https:\/\/www.instagram.com\/exquisitarium\/","https:\/\/www.linkedin.com\/company\/exquisitarium\/"]}]}},"_links":{"self":[{"href":"https:\/\/www.exquisitarium.com\/de\/wp-json\/wp\/v2\/product\/19200","targetHints":{"allow":["GET"]}}],"collection":[{"href":"https:\/\/www.exquisitarium.com\/de\/wp-json\/wp\/v2\/product"}],"about":[{"href":"https:\/\/www.exquisitarium.com\/de\/wp-json\/wp\/v2\/types\/product"}],"version-history":[{"count":0,"href":"https:\/\/www.exquisitarium.com\/de\/wp-json\/wp\/v2\/product\/19200\/revisions"}],"wp:featuredmedia":[{"embeddable":true,"href":"https:\/\/www.exquisitarium.com\/de\/wp-json\/wp\/v2\/media\/21423"}],"wp:attachment":[{"href":"https:\/\/www.exquisitarium.com\/de\/wp-json\/wp\/v2\/media?parent=19200"}],"wp:term":[{"taxonomy":"product_cat","embeddable":true,"href":"https:\/\/www.exquisitarium.com\/de\/wp-json\/wp\/v2\/product_cat?post=19200"},{"taxonomy":"product_tag","embeddable":true,"href":"https:\/\/www.exquisitarium.com\/de\/wp-json\/wp\/v2\/product_tag?post=19200"}],"curies":[{"name":"wp","href":"https:\/\/api.w.org\/{rel}","templated":true}]}}