{"id":19177,"date":"2018-03-09T12:09:45","date_gmt":"2018-03-09T11:09:45","guid":{"rendered":"https:\/\/www.exquisitarium.com\/productos\/gemueselasagne-mit-bechamelsosse-und-kaese\/"},"modified":"2025-09-15T15:14:42","modified_gmt":"2025-09-15T13:14:42","slug":"gemueselasagne-mit-bechamelsosse-und-kaese","status":"publish","type":"product","link":"https:\/\/www.exquisitarium.com\/de\/produkt\/gemueselasagne-mit-bechamelsosse-und-kaese\/","title":{"rendered":"GEM\u00dcSELASAGNE MIT B\u00c9CHAMELSO\u00dfE UND K\u00c4SE"},"content":{"rendered":"<p>Dieses Gericht entf\u00fchrt einen direkt nach Italien. Leckere Nudelbl\u00e4tter, durchsetzt mit sorgf\u00e4ltig ausgew\u00e4hltem Gem\u00fcse wie etwa Zucchini, Zwiebeln und Paprika, begleitet von einer k\u00f6stlichen B\u00e9chamelso\u00dfe. Sie k\u00f6nnen dieses leckere Gericht mit dem vollen Geschmack einer frisch zubereiteten Lasagne innerhalb weniger Minuten zubereiten. Angeboten als Einzelportion in einer Schale (300 g), Code 16022. Auch als Tablett (2 kg) erh\u00e4ltlich, Code 16029.<\/p>\n<p><strong><a href=\"https:\/\/www.exquisitarium.com\/wp-content\/uploads\/2018\/03\/Pictogramas_Exquisitarium_micro-e1520250428352.png\"><img decoding=\"async\" class=\"alignnone wp-image-4888\" src=\"https:\/\/www.exquisitarium.com\/wp-content\/uploads\/2018\/03\/Pictogramas_Exquisitarium_micro-251x300.png\" alt=\"\" width=\"70\" height=\"70\" \/><\/a>MIKROWELLE<\/strong><\/p>\n<p><strong><a href=\"https:\/\/www.exquisitarium.com\/wp-content\/uploads\/2018\/03\/Pictogramas_Exquisitarium_forn-e1520333452926.png\"><img decoding=\"async\" class=\"alignnone wp-image-4919\" src=\"https:\/\/www.exquisitarium.com\/wp-content\/uploads\/2018\/03\/Pictogramas_Exquisitarium_forn-252x300.png\" alt=\"\" width=\"70\" height=\"70\" \/><\/a>OVEN<\/strong><\/p>\n<p>Code 16022: MIKROWELLE \u2013 Kein vorheriges Auftauen erforderlich. Stechen Sie die Oberseite des Beh\u00e4lters an verschiedenen Stellen ein und erhitzen Sie diesen etwa 8 oder 9 Minuten lang bei 800 W direkt in der Mikrowelle. BACKOFEN: Plastikschale entfernen und die Lasagne in einem ofenfesten Beh\u00e4lter auf halber H\u00f6he bei 200 \u00b0C etwa 20 Minuten lang backen. Man kann die Zubereitung mit der Gratinierfunktion abschlie\u00dfen. Code 16029. Aufgetaut im BACKOFEN: Im Aluminiumbeh\u00e4lter auf halber H\u00f6he bei 180 \u00b0C ca. 20 Minuten lang garen, bis die Kerntemperatur des Produkts 74 \u00b0C erreicht. Man kann die Zubereitung mit der Gratinierfunktion abschlie\u00dfen..<\/p>\n","protected":false},"excerpt":{"rendered":"<p><a class=\"button\" href=\"https:\/\/www.exquisitarium.com\/de\/kontakt-formular\/\">Informationen Anfordern<\/a><\/p>\n<p>Eine \u00e4u\u00dferst schmackhafte Gem\u00fcselasagne.<\/p>\n","protected":false},"featured_media":23980,"template":"","meta":{"_exactmetrics_skip_tracking":false,"_exactmetrics_sitenote_active":false,"_exactmetrics_sitenote_note":"","_exactmetrics_sitenote_category":0},"product_cat":[406,410,385],"product_tag":[599],"class_list":{"0":"post-19177","1":"product","2":"type-product","3":"status-publish","4":"has-post-thumbnail","6":"product_cat-gemuse","7":"product_cat-nudeln","8":"product_cat-tapas","9":"product_tag-lasagne-und-pasta","10":"pa_aplicacion-bar-de","11":"pa_aplicacion-cafeteria-backerei","12":"pa_aplicacion-food-truck-de","13":"pa_aplicacion-gastrobar-de","14":"pa_aplicacion-hotels-de","15":"pa_aplicacion-restaurant-de","16":"pa_aplicacion-room-service-de","17":"pa_apto-vegetarier-de","18":"pa_regeneracion-backofen","19":"pa_regeneracion-microondas-de","21":"first","22":"instock","23":"shipping-taxable","24":"product-type-simple"},"yoast_head":"<!-- This site is optimized with the Yoast SEO plugin v27.4 - https:\/\/yoast.com\/product\/yoast-seo-wordpress\/ -->\n<title>GEM\u00dcSELASAGNE MIT B\u00c9CHAMELSO\u00dfE UND K\u00c4SE - Platos Preparados por profesionales- EXQUISITARIUM<\/title>\n<meta name=\"robots\" content=\"index, follow, max-snippet:-1, max-image-preview:large, max-video-preview:-1\" \/>\n<link rel=\"canonical\" href=\"https:\/\/www.exquisitarium.com\/de\/produkt\/gemueselasagne-mit-bechamelsosse-und-kaese\/\" \/>\n<meta property=\"og:locale\" content=\"de_DE\" \/>\n<meta property=\"og:type\" content=\"article\" \/>\n<meta property=\"og:title\" content=\"GEM\u00dcSELASAGNE MIT B\u00c9CHAMELSO\u00dfE UND K\u00c4SE - Platos Preparados por profesionales- EXQUISITARIUM\" \/>\n<meta property=\"og:description\" content=\"Informationen Anfordern  Eine \u00e4u\u00dferst schmackhafte Gem\u00fcselasagne.\" \/>\n<meta property=\"og:url\" content=\"https:\/\/www.exquisitarium.com\/de\/produkt\/gemueselasagne-mit-bechamelsosse-und-kaese\/\" \/>\n<meta property=\"og:site_name\" content=\"EXQUISITARIUM\" \/>\n<meta property=\"article:publisher\" content=\"https:\/\/www.facebook.com\/exquisitarium\/\" \/>\n<meta property=\"article:modified_time\" content=\"2025-09-15T13:14:42+00:00\" \/>\n<meta property=\"og:image\" content=\"https:\/\/www.exquisitarium.com\/wp-content\/uploads\/2018\/03\/LASAN\u2560aA-DE-VERDURAS-CON-BECHAMEL-Y-QUESO.png\" \/>\n\t<meta property=\"og:image:width\" content=\"600\" \/>\n\t<meta property=\"og:image:height\" content=\"445\" \/>\n\t<meta property=\"og:image:type\" content=\"image\/png\" \/>\n<meta name=\"twitter:card\" content=\"summary_large_image\" \/>\n<meta name=\"twitter:label1\" content=\"Gesch\u00e4tzte Lesezeit\" \/>\n\t<meta name=\"twitter:data1\" content=\"1\u00a0Minute\" \/>\n<script type=\"application\/ld+json\" class=\"yoast-schema-graph\">{\"@context\":\"https:\\\/\\\/schema.org\",\"@graph\":[{\"@type\":\"WebPage\",\"@id\":\"https:\\\/\\\/www.exquisitarium.com\\\/de\\\/produkt\\\/gemueselasagne-mit-bechamelsosse-und-kaese\\\/\",\"url\":\"https:\\\/\\\/www.exquisitarium.com\\\/de\\\/produkt\\\/gemueselasagne-mit-bechamelsosse-und-kaese\\\/\",\"name\":\"GEM\u00dcSELASAGNE MIT B\u00c9CHAMELSO\u00dfE UND K\u00c4SE - Platos Preparados por profesionales- EXQUISITARIUM\",\"isPartOf\":{\"@id\":\"https:\\\/\\\/www.exquisitarium.com\\\/de\\\/#website\"},\"primaryImageOfPage\":{\"@id\":\"https:\\\/\\\/www.exquisitarium.com\\\/de\\\/produkt\\\/gemueselasagne-mit-bechamelsosse-und-kaese\\\/#primaryimage\"},\"image\":{\"@id\":\"https:\\\/\\\/www.exquisitarium.com\\\/de\\\/produkt\\\/gemueselasagne-mit-bechamelsosse-und-kaese\\\/#primaryimage\"},\"thumbnailUrl\":\"https:\\\/\\\/www.exquisitarium.com\\\/wp-content\\\/uploads\\\/2018\\\/03\\\/LASANA-DE-VERDURAS-CON-BECHAMEL-Y-QUESO.png\",\"datePublished\":\"2018-03-09T11:09:45+00:00\",\"dateModified\":\"2025-09-15T13:14:42+00:00\",\"breadcrumb\":{\"@id\":\"https:\\\/\\\/www.exquisitarium.com\\\/de\\\/produkt\\\/gemueselasagne-mit-bechamelsosse-und-kaese\\\/#breadcrumb\"},\"inLanguage\":\"de\",\"potentialAction\":[{\"@type\":\"ReadAction\",\"target\":[\"https:\\\/\\\/www.exquisitarium.com\\\/de\\\/produkt\\\/gemueselasagne-mit-bechamelsosse-und-kaese\\\/\"]}]},{\"@type\":\"ImageObject\",\"inLanguage\":\"de\",\"@id\":\"https:\\\/\\\/www.exquisitarium.com\\\/de\\\/produkt\\\/gemueselasagne-mit-bechamelsosse-und-kaese\\\/#primaryimage\",\"url\":\"https:\\\/\\\/www.exquisitarium.com\\\/wp-content\\\/uploads\\\/2018\\\/03\\\/LASANA-DE-VERDURAS-CON-BECHAMEL-Y-QUESO.png\",\"contentUrl\":\"https:\\\/\\\/www.exquisitarium.com\\\/wp-content\\\/uploads\\\/2018\\\/03\\\/LASANA-DE-VERDURAS-CON-BECHAMEL-Y-QUESO.png\",\"width\":600,\"height\":445},{\"@type\":\"BreadcrumbList\",\"@id\":\"https:\\\/\\\/www.exquisitarium.com\\\/de\\\/produkt\\\/gemueselasagne-mit-bechamelsosse-und-kaese\\\/#breadcrumb\",\"itemListElement\":[{\"@type\":\"ListItem\",\"position\":1,\"name\":\"Home\",\"item\":\"https:\\\/\\\/www.exquisitarium.com\\\/de\\\/\"},{\"@type\":\"ListItem\",\"position\":2,\"name\":\"Produkt suchen\",\"item\":\"https:\\\/\\\/www.exquisitarium.com\\\/de\\\/produkt-suchen\\\/\"},{\"@type\":\"ListItem\",\"position\":3,\"name\":\"GEM\u00dcSELASAGNE MIT B\u00c9CHAMELSO\u00dfE UND K\u00c4SE\"}]},{\"@type\":\"WebSite\",\"@id\":\"https:\\\/\\\/www.exquisitarium.com\\\/de\\\/#website\",\"url\":\"https:\\\/\\\/www.exquisitarium.com\\\/de\\\/\",\"name\":\"EXQUISITARIUM\",\"description\":\"Tu cocina en buenas manos\",\"publisher\":{\"@id\":\"https:\\\/\\\/www.exquisitarium.com\\\/de\\\/#organization\"},\"potentialAction\":[{\"@type\":\"SearchAction\",\"target\":{\"@type\":\"EntryPoint\",\"urlTemplate\":\"https:\\\/\\\/www.exquisitarium.com\\\/de\\\/?s={search_term_string}\"},\"query-input\":{\"@type\":\"PropertyValueSpecification\",\"valueRequired\":true,\"valueName\":\"search_term_string\"}}],\"inLanguage\":\"de\"},{\"@type\":\"Organization\",\"@id\":\"https:\\\/\\\/www.exquisitarium.com\\\/de\\\/#organization\",\"name\":\"EXQUISITARIUM\",\"url\":\"https:\\\/\\\/www.exquisitarium.com\\\/de\\\/\",\"logo\":{\"@type\":\"ImageObject\",\"inLanguage\":\"de\",\"@id\":\"https:\\\/\\\/www.exquisitarium.com\\\/de\\\/#\\\/schema\\\/logo\\\/image\\\/\",\"url\":\"https:\\\/\\\/www.exquisitarium.com\\\/wp-content\\\/uploads\\\/2025\\\/10\\\/exquisitarium-logo.svg\",\"contentUrl\":\"https:\\\/\\\/www.exquisitarium.com\\\/wp-content\\\/uploads\\\/2025\\\/10\\\/exquisitarium-logo.svg\",\"width\":233,\"height\":37,\"caption\":\"EXQUISITARIUM\"},\"image\":{\"@id\":\"https:\\\/\\\/www.exquisitarium.com\\\/de\\\/#\\\/schema\\\/logo\\\/image\\\/\"},\"sameAs\":[\"https:\\\/\\\/www.facebook.com\\\/exquisitarium\\\/\",\"https:\\\/\\\/www.instagram.com\\\/exquisitarium\\\/\",\"https:\\\/\\\/www.linkedin.com\\\/company\\\/exquisitarium\\\/\"]}]}<\/script>\n<!-- \/ Yoast SEO plugin. -->","yoast_head_json":{"title":"GEM\u00dcSELASAGNE MIT B\u00c9CHAMELSO\u00dfE UND K\u00c4SE - Platos Preparados por profesionales- EXQUISITARIUM","robots":{"index":"index","follow":"follow","max-snippet":"max-snippet:-1","max-image-preview":"max-image-preview:large","max-video-preview":"max-video-preview:-1"},"canonical":"https:\/\/www.exquisitarium.com\/de\/produkt\/gemueselasagne-mit-bechamelsosse-und-kaese\/","og_locale":"de_DE","og_type":"article","og_title":"GEM\u00dcSELASAGNE MIT B\u00c9CHAMELSO\u00dfE UND K\u00c4SE - Platos Preparados por profesionales- EXQUISITARIUM","og_description":"Informationen Anfordern  Eine \u00e4u\u00dferst schmackhafte Gem\u00fcselasagne.","og_url":"https:\/\/www.exquisitarium.com\/de\/produkt\/gemueselasagne-mit-bechamelsosse-und-kaese\/","og_site_name":"EXQUISITARIUM","article_publisher":"https:\/\/www.facebook.com\/exquisitarium\/","article_modified_time":"2025-09-15T13:14:42+00:00","og_image":[{"width":600,"height":445,"url":"https:\/\/www.exquisitarium.com\/wp-content\/uploads\/2018\/03\/LASAN\u2560aA-DE-VERDURAS-CON-BECHAMEL-Y-QUESO.png","type":"image\/png"}],"twitter_card":"summary_large_image","twitter_misc":{"Gesch\u00e4tzte Lesezeit":"1\u00a0Minute"},"schema":{"@context":"https:\/\/schema.org","@graph":[{"@type":"WebPage","@id":"https:\/\/www.exquisitarium.com\/de\/produkt\/gemueselasagne-mit-bechamelsosse-und-kaese\/","url":"https:\/\/www.exquisitarium.com\/de\/produkt\/gemueselasagne-mit-bechamelsosse-und-kaese\/","name":"GEM\u00dcSELASAGNE MIT B\u00c9CHAMELSO\u00dfE UND K\u00c4SE - Platos Preparados por profesionales- EXQUISITARIUM","isPartOf":{"@id":"https:\/\/www.exquisitarium.com\/de\/#website"},"primaryImageOfPage":{"@id":"https:\/\/www.exquisitarium.com\/de\/produkt\/gemueselasagne-mit-bechamelsosse-und-kaese\/#primaryimage"},"image":{"@id":"https:\/\/www.exquisitarium.com\/de\/produkt\/gemueselasagne-mit-bechamelsosse-und-kaese\/#primaryimage"},"thumbnailUrl":"https:\/\/www.exquisitarium.com\/wp-content\/uploads\/2018\/03\/LASANA-DE-VERDURAS-CON-BECHAMEL-Y-QUESO.png","datePublished":"2018-03-09T11:09:45+00:00","dateModified":"2025-09-15T13:14:42+00:00","breadcrumb":{"@id":"https:\/\/www.exquisitarium.com\/de\/produkt\/gemueselasagne-mit-bechamelsosse-und-kaese\/#breadcrumb"},"inLanguage":"de","potentialAction":[{"@type":"ReadAction","target":["https:\/\/www.exquisitarium.com\/de\/produkt\/gemueselasagne-mit-bechamelsosse-und-kaese\/"]}]},{"@type":"ImageObject","inLanguage":"de","@id":"https:\/\/www.exquisitarium.com\/de\/produkt\/gemueselasagne-mit-bechamelsosse-und-kaese\/#primaryimage","url":"https:\/\/www.exquisitarium.com\/wp-content\/uploads\/2018\/03\/LASANA-DE-VERDURAS-CON-BECHAMEL-Y-QUESO.png","contentUrl":"https:\/\/www.exquisitarium.com\/wp-content\/uploads\/2018\/03\/LASANA-DE-VERDURAS-CON-BECHAMEL-Y-QUESO.png","width":600,"height":445},{"@type":"BreadcrumbList","@id":"https:\/\/www.exquisitarium.com\/de\/produkt\/gemueselasagne-mit-bechamelsosse-und-kaese\/#breadcrumb","itemListElement":[{"@type":"ListItem","position":1,"name":"Home","item":"https:\/\/www.exquisitarium.com\/de\/"},{"@type":"ListItem","position":2,"name":"Produkt suchen","item":"https:\/\/www.exquisitarium.com\/de\/produkt-suchen\/"},{"@type":"ListItem","position":3,"name":"GEM\u00dcSELASAGNE MIT B\u00c9CHAMELSO\u00dfE UND K\u00c4SE"}]},{"@type":"WebSite","@id":"https:\/\/www.exquisitarium.com\/de\/#website","url":"https:\/\/www.exquisitarium.com\/de\/","name":"EXQUISITARIUM","description":"Tu cocina en buenas manos","publisher":{"@id":"https:\/\/www.exquisitarium.com\/de\/#organization"},"potentialAction":[{"@type":"SearchAction","target":{"@type":"EntryPoint","urlTemplate":"https:\/\/www.exquisitarium.com\/de\/?s={search_term_string}"},"query-input":{"@type":"PropertyValueSpecification","valueRequired":true,"valueName":"search_term_string"}}],"inLanguage":"de"},{"@type":"Organization","@id":"https:\/\/www.exquisitarium.com\/de\/#organization","name":"EXQUISITARIUM","url":"https:\/\/www.exquisitarium.com\/de\/","logo":{"@type":"ImageObject","inLanguage":"de","@id":"https:\/\/www.exquisitarium.com\/de\/#\/schema\/logo\/image\/","url":"https:\/\/www.exquisitarium.com\/wp-content\/uploads\/2025\/10\/exquisitarium-logo.svg","contentUrl":"https:\/\/www.exquisitarium.com\/wp-content\/uploads\/2025\/10\/exquisitarium-logo.svg","width":233,"height":37,"caption":"EXQUISITARIUM"},"image":{"@id":"https:\/\/www.exquisitarium.com\/de\/#\/schema\/logo\/image\/"},"sameAs":["https:\/\/www.facebook.com\/exquisitarium\/","https:\/\/www.instagram.com\/exquisitarium\/","https:\/\/www.linkedin.com\/company\/exquisitarium\/"]}]}},"_links":{"self":[{"href":"https:\/\/www.exquisitarium.com\/de\/wp-json\/wp\/v2\/product\/19177","targetHints":{"allow":["GET"]}}],"collection":[{"href":"https:\/\/www.exquisitarium.com\/de\/wp-json\/wp\/v2\/product"}],"about":[{"href":"https:\/\/www.exquisitarium.com\/de\/wp-json\/wp\/v2\/types\/product"}],"version-history":[{"count":0,"href":"https:\/\/www.exquisitarium.com\/de\/wp-json\/wp\/v2\/product\/19177\/revisions"}],"wp:featuredmedia":[{"embeddable":true,"href":"https:\/\/www.exquisitarium.com\/de\/wp-json\/wp\/v2\/media\/23980"}],"wp:attachment":[{"href":"https:\/\/www.exquisitarium.com\/de\/wp-json\/wp\/v2\/media?parent=19177"}],"wp:term":[{"taxonomy":"product_cat","embeddable":true,"href":"https:\/\/www.exquisitarium.com\/de\/wp-json\/wp\/v2\/product_cat?post=19177"},{"taxonomy":"product_tag","embeddable":true,"href":"https:\/\/www.exquisitarium.com\/de\/wp-json\/wp\/v2\/product_tag?post=19177"}],"curies":[{"name":"wp","href":"https:\/\/api.w.org\/{rel}","templated":true}]}}