{"id":19155,"date":"2018-05-23T19:11:13","date_gmt":"2018-05-23T17:11:13","guid":{"rendered":"https:\/\/www.exquisitarium.com\/productos\/bonbon-mit-foie-und-karamellisierten-kernen\/"},"modified":"2025-09-15T10:27:55","modified_gmt":"2025-09-15T08:27:55","slug":"bonbon-mit-foie-und-karamellisierten-kernen","status":"publish","type":"product","link":"https:\/\/www.exquisitarium.com\/de\/produkt\/bonbon-mit-foie-und-karamellisierten-kernen\/","title":{"rendered":"BONBON MIT FOIE UND KARAMELLISIERTEN KERNEN"},"content":{"rendered":"<p>Cremige F\u00fcllung mit Foie, garniert mit karamellisierten Kernen. Man kann den kontrastreichen Geschmack der karamellisierten Kerne wahrnehmen, der perfekt mit der Foie verschmilzt. Das Gericht wird im Bonbon-Format angeboten, sodass es als Vorspeise serviert werden kann.<\/p>\n<p><strong><a href=\"https:\/\/www.exquisitarium.com\/wp-content\/uploads\/2018\/03\/Pictogramas_Exquisitarium_descongelar.png\"><img decoding=\"async\" class=\"alignnone wp-image-4868\" src=\"https:\/\/www.exquisitarium.com\/wp-content\/uploads\/2018\/03\/Pictogramas_Exquisitarium_descongelar.png\" alt=\"\" width=\"70\" height=\"70\" \/><\/a>AUFTAUEN<\/strong><\/p>\n<p>Vor dem Verzehr 15 Minuten lang auftauen lassen<\/p>\n","protected":false},"excerpt":{"rendered":"<p><a class=\"button\" href=\"https:\/\/www.exquisitarium.com\/de\/kontakt-formular\/\">Informationen Anfordern<\/a><\/p>\n<p>&nbsp;<\/p>\n<p>K\u00f6stlicher Foie-Block, umh\u00fcllt mit ger\u00f6steten Mandeln<\/p>\n","protected":false},"featured_media":23931,"template":"","meta":{"_exactmetrics_skip_tracking":false,"_exactmetrics_sitenote_active":false,"_exactmetrics_sitenote_note":"","_exactmetrics_sitenote_category":0},"product_cat":[377],"product_tag":[378],"class_list":{"0":"post-19155","1":"product","2":"type-product","3":"status-publish","4":"has-post-thumbnail","6":"product_cat-snacks","7":"product_tag-auftauen","8":"pa_aplicacion-catering-de","9":"pa_aplicacion-food-truck-de","10":"pa_aplicacion-gastrobar-de","11":"pa_aplicacion-restaurant-de","12":"pa_regeneracion-auftauen","14":"first","15":"instock","16":"shipping-taxable","17":"product-type-simple"},"yoast_head":"<!-- This site is optimized with the Yoast SEO plugin v27.1.1 - https:\/\/yoast.com\/product\/yoast-seo-wordpress\/ -->\n<title>BONBON MIT FOIE UND KARAMELLISIERTEN KERNEN - platos cocinados por profesionales- EXQUISITARIUM<\/title>\n<meta name=\"robots\" content=\"index, follow, max-snippet:-1, max-image-preview:large, max-video-preview:-1\" \/>\n<link rel=\"canonical\" href=\"https:\/\/www.exquisitarium.com\/de\/produkt\/bonbon-mit-foie-und-karamellisierten-kernen\/\" \/>\n<meta property=\"og:locale\" content=\"de_DE\" \/>\n<meta property=\"og:type\" content=\"article\" \/>\n<meta property=\"og:title\" content=\"BONBON MIT FOIE UND KARAMELLISIERTEN KERNEN - platos cocinados por profesionales- EXQUISITARIUM\" \/>\n<meta property=\"og:description\" content=\"Informationen Anfordern  &nbsp;  K\u00f6stlicher Foie-Block, umh\u00fcllt mit ger\u00f6steten Mandeln\" \/>\n<meta property=\"og:url\" content=\"https:\/\/www.exquisitarium.com\/de\/produkt\/bonbon-mit-foie-und-karamellisierten-kernen\/\" \/>\n<meta property=\"og:site_name\" content=\"EXQUISITARIUM\" \/>\n<meta property=\"article:publisher\" content=\"https:\/\/www.facebook.com\/exquisitarium\/\" \/>\n<meta property=\"article:modified_time\" content=\"2025-09-15T08:27:55+00:00\" \/>\n<meta property=\"og:image\" content=\"https:\/\/www.exquisitarium.com\/wp-content\/uploads\/2018\/05\/BOMBO\u2560uN-DE-FOIE-CON-PIPAS-CARAMELIZADAS.png\" \/>\n\t<meta property=\"og:image:width\" content=\"1184\" \/>\n\t<meta property=\"og:image:height\" content=\"880\" \/>\n\t<meta property=\"og:image:type\" content=\"image\/png\" \/>\n<meta name=\"twitter:card\" content=\"summary_large_image\" \/>\n<script type=\"application\/ld+json\" class=\"yoast-schema-graph\">{\"@context\":\"https:\/\/schema.org\",\"@graph\":[{\"@type\":\"WebPage\",\"@id\":\"https:\/\/www.exquisitarium.com\/de\/produkt\/bonbon-mit-foie-und-karamellisierten-kernen\/\",\"url\":\"https:\/\/www.exquisitarium.com\/de\/produkt\/bonbon-mit-foie-und-karamellisierten-kernen\/\",\"name\":\"BONBON MIT FOIE UND KARAMELLISIERTEN KERNEN - platos cocinados por profesionales- EXQUISITARIUM\",\"isPartOf\":{\"@id\":\"https:\/\/www.exquisitarium.com\/de\/#website\"},\"primaryImageOfPage\":{\"@id\":\"https:\/\/www.exquisitarium.com\/de\/produkt\/bonbon-mit-foie-und-karamellisierten-kernen\/#primaryimage\"},\"image\":{\"@id\":\"https:\/\/www.exquisitarium.com\/de\/produkt\/bonbon-mit-foie-und-karamellisierten-kernen\/#primaryimage\"},\"thumbnailUrl\":\"https:\/\/www.exquisitarium.com\/wp-content\/uploads\/2018\/05\/BOMBON-DE-FOIE-CON-PIPAS-CARAMELIZADAS.png\",\"datePublished\":\"2018-05-23T17:11:13+00:00\",\"dateModified\":\"2025-09-15T08:27:55+00:00\",\"breadcrumb\":{\"@id\":\"https:\/\/www.exquisitarium.com\/de\/produkt\/bonbon-mit-foie-und-karamellisierten-kernen\/#breadcrumb\"},\"inLanguage\":\"de\",\"potentialAction\":[{\"@type\":\"ReadAction\",\"target\":[\"https:\/\/www.exquisitarium.com\/de\/produkt\/bonbon-mit-foie-und-karamellisierten-kernen\/\"]}]},{\"@type\":\"ImageObject\",\"inLanguage\":\"de\",\"@id\":\"https:\/\/www.exquisitarium.com\/de\/produkt\/bonbon-mit-foie-und-karamellisierten-kernen\/#primaryimage\",\"url\":\"https:\/\/www.exquisitarium.com\/wp-content\/uploads\/2018\/05\/BOMBON-DE-FOIE-CON-PIPAS-CARAMELIZADAS.png\",\"contentUrl\":\"https:\/\/www.exquisitarium.com\/wp-content\/uploads\/2018\/05\/BOMBON-DE-FOIE-CON-PIPAS-CARAMELIZADAS.png\",\"width\":1184,\"height\":880},{\"@type\":\"BreadcrumbList\",\"@id\":\"https:\/\/www.exquisitarium.com\/de\/produkt\/bonbon-mit-foie-und-karamellisierten-kernen\/#breadcrumb\",\"itemListElement\":[{\"@type\":\"ListItem\",\"position\":1,\"name\":\"Home\",\"item\":\"https:\/\/www.exquisitarium.com\/de\/\"},{\"@type\":\"ListItem\",\"position\":2,\"name\":\"Produkt suchen\",\"item\":\"https:\/\/www.exquisitarium.com\/de\/produkt-suchen\/\"},{\"@type\":\"ListItem\",\"position\":3,\"name\":\"BONBON MIT FOIE UND KARAMELLISIERTEN KERNEN\"}]},{\"@type\":\"WebSite\",\"@id\":\"https:\/\/www.exquisitarium.com\/de\/#website\",\"url\":\"https:\/\/www.exquisitarium.com\/de\/\",\"name\":\"EXQUISITARIUM\",\"description\":\"Tu cocina en buenas manos\",\"publisher\":{\"@id\":\"https:\/\/www.exquisitarium.com\/de\/#organization\"},\"potentialAction\":[{\"@type\":\"SearchAction\",\"target\":{\"@type\":\"EntryPoint\",\"urlTemplate\":\"https:\/\/www.exquisitarium.com\/de\/?s={search_term_string}\"},\"query-input\":{\"@type\":\"PropertyValueSpecification\",\"valueRequired\":true,\"valueName\":\"search_term_string\"}}],\"inLanguage\":\"de\"},{\"@type\":\"Organization\",\"@id\":\"https:\/\/www.exquisitarium.com\/de\/#organization\",\"name\":\"EXQUISITARIUM\",\"url\":\"https:\/\/www.exquisitarium.com\/de\/\",\"logo\":{\"@type\":\"ImageObject\",\"inLanguage\":\"de\",\"@id\":\"https:\/\/www.exquisitarium.com\/de\/#\/schema\/logo\/image\/\",\"url\":\"https:\/\/www.exquisitarium.com\/wp-content\/uploads\/2025\/10\/exquisitarium-logo.svg\",\"contentUrl\":\"https:\/\/www.exquisitarium.com\/wp-content\/uploads\/2025\/10\/exquisitarium-logo.svg\",\"width\":233,\"height\":37,\"caption\":\"EXQUISITARIUM\"},\"image\":{\"@id\":\"https:\/\/www.exquisitarium.com\/de\/#\/schema\/logo\/image\/\"},\"sameAs\":[\"https:\/\/www.facebook.com\/exquisitarium\/\",\"https:\/\/www.instagram.com\/exquisitarium\/\",\"https:\/\/www.linkedin.com\/company\/exquisitarium\/\"]}]}<\/script>\n<!-- \/ Yoast SEO plugin. -->","yoast_head_json":{"title":"BONBON MIT FOIE UND KARAMELLISIERTEN KERNEN - platos cocinados por profesionales- EXQUISITARIUM","robots":{"index":"index","follow":"follow","max-snippet":"max-snippet:-1","max-image-preview":"max-image-preview:large","max-video-preview":"max-video-preview:-1"},"canonical":"https:\/\/www.exquisitarium.com\/de\/produkt\/bonbon-mit-foie-und-karamellisierten-kernen\/","og_locale":"de_DE","og_type":"article","og_title":"BONBON MIT FOIE UND KARAMELLISIERTEN KERNEN - platos cocinados por profesionales- EXQUISITARIUM","og_description":"Informationen Anfordern  &nbsp;  K\u00f6stlicher Foie-Block, umh\u00fcllt mit ger\u00f6steten Mandeln","og_url":"https:\/\/www.exquisitarium.com\/de\/produkt\/bonbon-mit-foie-und-karamellisierten-kernen\/","og_site_name":"EXQUISITARIUM","article_publisher":"https:\/\/www.facebook.com\/exquisitarium\/","article_modified_time":"2025-09-15T08:27:55+00:00","og_image":[{"width":1184,"height":880,"url":"https:\/\/www.exquisitarium.com\/wp-content\/uploads\/2018\/05\/BOMBO\u2560uN-DE-FOIE-CON-PIPAS-CARAMELIZADAS.png","type":"image\/png"}],"twitter_card":"summary_large_image","schema":{"@context":"https:\/\/schema.org","@graph":[{"@type":"WebPage","@id":"https:\/\/www.exquisitarium.com\/de\/produkt\/bonbon-mit-foie-und-karamellisierten-kernen\/","url":"https:\/\/www.exquisitarium.com\/de\/produkt\/bonbon-mit-foie-und-karamellisierten-kernen\/","name":"BONBON MIT FOIE UND KARAMELLISIERTEN KERNEN - platos cocinados por profesionales- EXQUISITARIUM","isPartOf":{"@id":"https:\/\/www.exquisitarium.com\/de\/#website"},"primaryImageOfPage":{"@id":"https:\/\/www.exquisitarium.com\/de\/produkt\/bonbon-mit-foie-und-karamellisierten-kernen\/#primaryimage"},"image":{"@id":"https:\/\/www.exquisitarium.com\/de\/produkt\/bonbon-mit-foie-und-karamellisierten-kernen\/#primaryimage"},"thumbnailUrl":"https:\/\/www.exquisitarium.com\/wp-content\/uploads\/2018\/05\/BOMBON-DE-FOIE-CON-PIPAS-CARAMELIZADAS.png","datePublished":"2018-05-23T17:11:13+00:00","dateModified":"2025-09-15T08:27:55+00:00","breadcrumb":{"@id":"https:\/\/www.exquisitarium.com\/de\/produkt\/bonbon-mit-foie-und-karamellisierten-kernen\/#breadcrumb"},"inLanguage":"de","potentialAction":[{"@type":"ReadAction","target":["https:\/\/www.exquisitarium.com\/de\/produkt\/bonbon-mit-foie-und-karamellisierten-kernen\/"]}]},{"@type":"ImageObject","inLanguage":"de","@id":"https:\/\/www.exquisitarium.com\/de\/produkt\/bonbon-mit-foie-und-karamellisierten-kernen\/#primaryimage","url":"https:\/\/www.exquisitarium.com\/wp-content\/uploads\/2018\/05\/BOMBON-DE-FOIE-CON-PIPAS-CARAMELIZADAS.png","contentUrl":"https:\/\/www.exquisitarium.com\/wp-content\/uploads\/2018\/05\/BOMBON-DE-FOIE-CON-PIPAS-CARAMELIZADAS.png","width":1184,"height":880},{"@type":"BreadcrumbList","@id":"https:\/\/www.exquisitarium.com\/de\/produkt\/bonbon-mit-foie-und-karamellisierten-kernen\/#breadcrumb","itemListElement":[{"@type":"ListItem","position":1,"name":"Home","item":"https:\/\/www.exquisitarium.com\/de\/"},{"@type":"ListItem","position":2,"name":"Produkt suchen","item":"https:\/\/www.exquisitarium.com\/de\/produkt-suchen\/"},{"@type":"ListItem","position":3,"name":"BONBON MIT FOIE UND KARAMELLISIERTEN KERNEN"}]},{"@type":"WebSite","@id":"https:\/\/www.exquisitarium.com\/de\/#website","url":"https:\/\/www.exquisitarium.com\/de\/","name":"EXQUISITARIUM","description":"Tu cocina en buenas manos","publisher":{"@id":"https:\/\/www.exquisitarium.com\/de\/#organization"},"potentialAction":[{"@type":"SearchAction","target":{"@type":"EntryPoint","urlTemplate":"https:\/\/www.exquisitarium.com\/de\/?s={search_term_string}"},"query-input":{"@type":"PropertyValueSpecification","valueRequired":true,"valueName":"search_term_string"}}],"inLanguage":"de"},{"@type":"Organization","@id":"https:\/\/www.exquisitarium.com\/de\/#organization","name":"EXQUISITARIUM","url":"https:\/\/www.exquisitarium.com\/de\/","logo":{"@type":"ImageObject","inLanguage":"de","@id":"https:\/\/www.exquisitarium.com\/de\/#\/schema\/logo\/image\/","url":"https:\/\/www.exquisitarium.com\/wp-content\/uploads\/2025\/10\/exquisitarium-logo.svg","contentUrl":"https:\/\/www.exquisitarium.com\/wp-content\/uploads\/2025\/10\/exquisitarium-logo.svg","width":233,"height":37,"caption":"EXQUISITARIUM"},"image":{"@id":"https:\/\/www.exquisitarium.com\/de\/#\/schema\/logo\/image\/"},"sameAs":["https:\/\/www.facebook.com\/exquisitarium\/","https:\/\/www.instagram.com\/exquisitarium\/","https:\/\/www.linkedin.com\/company\/exquisitarium\/"]}]}},"_links":{"self":[{"href":"https:\/\/www.exquisitarium.com\/de\/wp-json\/wp\/v2\/product\/19155","targetHints":{"allow":["GET"]}}],"collection":[{"href":"https:\/\/www.exquisitarium.com\/de\/wp-json\/wp\/v2\/product"}],"about":[{"href":"https:\/\/www.exquisitarium.com\/de\/wp-json\/wp\/v2\/types\/product"}],"version-history":[{"count":0,"href":"https:\/\/www.exquisitarium.com\/de\/wp-json\/wp\/v2\/product\/19155\/revisions"}],"wp:featuredmedia":[{"embeddable":true,"href":"https:\/\/www.exquisitarium.com\/de\/wp-json\/wp\/v2\/media\/23931"}],"wp:attachment":[{"href":"https:\/\/www.exquisitarium.com\/de\/wp-json\/wp\/v2\/media?parent=19155"}],"wp:term":[{"taxonomy":"product_cat","embeddable":true,"href":"https:\/\/www.exquisitarium.com\/de\/wp-json\/wp\/v2\/product_cat?post=19155"},{"taxonomy":"product_tag","embeddable":true,"href":"https:\/\/www.exquisitarium.com\/de\/wp-json\/wp\/v2\/product_tag?post=19155"}],"curies":[{"name":"wp","href":"https:\/\/api.w.org\/{rel}","templated":true}]}}