{"id":19140,"date":"2018-05-22T14:25:01","date_gmt":"2018-05-22T12:25:01","guid":{"rendered":"https:\/\/www.exquisitarium.com\/productos\/kabeljau-mit-pil-pil-sosse\/"},"modified":"2025-09-17T13:05:22","modified_gmt":"2025-09-17T11:05:22","slug":"kabeljau-mit-pil-pil-sosse","status":"publish","type":"product","link":"https:\/\/www.exquisitarium.com\/de\/produkt\/kabeljau-mit-pil-pil-sosse\/","title":{"rendered":"KABELJAU MIT PIL-PIL SO\u03b2E"},"content":{"rendered":"<p>Unwiderstehlicher Kabeljau mit der traditionellen und leckeren Pil-Pil-So\u00dfe. Wir haben eine raffinierte Pil-Pil-So\u00dfe kreiert, die auch nach dem Auftauen alle ihre Eigenschaften beibeh\u00e4lt.<\/p>\n<p><strong><a href=\"https:\/\/www.exquisitarium.com\/wp-content\/uploads\/2018\/03\/Pictogramas_Exquisitarium_micro-e1520250428352.png\"><img decoding=\"async\" class=\"alignnone wp-image-4888\" src=\"https:\/\/www.exquisitarium.com\/wp-content\/uploads\/2018\/03\/Pictogramas_Exquisitarium_micro-251x300.png\" alt=\"\" width=\"70\" height=\"70\" \/><\/a>MIKROWELLE<\/strong><\/p>\n<p>Ohne aufzutauen, die Oberseite des Beh\u00e4lters an verschiedenen Stellen durchstechen. In der Mikrowelle bei maximaler Leistung (800 W) 5\u20136 Minuten lang erhitzen, bis der Boden hei\u00df ist. M\u00f6glicherweise muss die So\u00dfe vor dem Servieren noch einmal kurz aufgeschlagen werden, damit sie wieder eine gleichm\u00e4\u00dfige Konsistenz erh\u00e4lt.<\/p>\n","protected":false},"excerpt":{"rendered":"<p><a class=\"button\" href=\"https:\/\/www.exquisitarium.com\/de\/kontakt-formular\/\">Informationen Anfordern<\/a><\/p>\n<p>&nbsp;<\/p>\n<p>Kabeljau mit der typischen Pil-Pil-So\u00dfe.<\/p>\n","protected":false},"featured_media":21955,"template":"","meta":{"_exactmetrics_skip_tracking":false,"_exactmetrics_sitenote_active":false,"_exactmetrics_sitenote_note":"","_exactmetrics_sitenote_category":0},"product_cat":[395],"product_tag":[397],"class_list":{"0":"post-19140","1":"product","2":"type-product","3":"status-publish","4":"has-post-thumbnail","6":"product_cat-fisch","7":"product_tag-fisch","8":"pa_aplicacion-bar-de","9":"pa_aplicacion-cafeteria-backerei","10":"pa_aplicacion-catering-de","11":"pa_aplicacion-food-truck-de","12":"pa_aplicacion-gastrobar-de","13":"pa_aplicacion-hotels-de","14":"pa_aplicacion-restaurant-de","15":"pa_regeneracion-microondas-de","17":"first","18":"instock","19":"shipping-taxable","20":"product-type-simple"},"yoast_head":"<!-- This site is optimized with the Yoast SEO plugin v27.5 - https:\/\/yoast.com\/product\/yoast-seo-wordpress\/ -->\n<title>KABELJAU MIT PIL-PIL SO\u03b2E - platos preparados por profesionales- EXQUISITARIUM<\/title>\n<meta name=\"robots\" content=\"index, follow, max-snippet:-1, max-image-preview:large, max-video-preview:-1\" \/>\n<link rel=\"canonical\" href=\"https:\/\/www.exquisitarium.com\/de\/produkt\/kabeljau-mit-pil-pil-sosse\/\" \/>\n<meta property=\"og:locale\" content=\"de_DE\" \/>\n<meta property=\"og:type\" content=\"article\" \/>\n<meta property=\"og:title\" content=\"KABELJAU MIT PIL-PIL SO\u03b2E - platos preparados por profesionales- EXQUISITARIUM\" \/>\n<meta property=\"og:description\" content=\"Informationen Anfordern  &nbsp;  Kabeljau mit der typischen Pil-Pil-So\u00dfe.\" \/>\n<meta property=\"og:url\" content=\"https:\/\/www.exquisitarium.com\/de\/produkt\/kabeljau-mit-pil-pil-sosse\/\" \/>\n<meta property=\"og:site_name\" content=\"EXQUISITARIUM\" \/>\n<meta property=\"article:publisher\" content=\"https:\/\/www.facebook.com\/exquisitarium\/\" \/>\n<meta property=\"article:modified_time\" content=\"2025-09-17T11:05:22+00:00\" \/>\n<meta property=\"og:image\" content=\"https:\/\/www.exquisitarium.com\/wp-content\/uploads\/2018\/05\/BACALAO-AL-PIL-PIL.png\" \/>\n\t<meta property=\"og:image:width\" content=\"700\" \/>\n\t<meta property=\"og:image:height\" content=\"520\" \/>\n\t<meta property=\"og:image:type\" content=\"image\/png\" \/>\n<meta name=\"twitter:card\" content=\"summary_large_image\" \/>\n<script type=\"application\/ld+json\" class=\"yoast-schema-graph\">{\"@context\":\"https:\\\/\\\/schema.org\",\"@graph\":[{\"@type\":\"WebPage\",\"@id\":\"https:\\\/\\\/www.exquisitarium.com\\\/de\\\/produkt\\\/kabeljau-mit-pil-pil-sosse\\\/\",\"url\":\"https:\\\/\\\/www.exquisitarium.com\\\/de\\\/produkt\\\/kabeljau-mit-pil-pil-sosse\\\/\",\"name\":\"KABELJAU MIT PIL-PIL SO\u03b2E - platos preparados por profesionales- EXQUISITARIUM\",\"isPartOf\":{\"@id\":\"https:\\\/\\\/www.exquisitarium.com\\\/de\\\/#website\"},\"primaryImageOfPage\":{\"@id\":\"https:\\\/\\\/www.exquisitarium.com\\\/de\\\/produkt\\\/kabeljau-mit-pil-pil-sosse\\\/#primaryimage\"},\"image\":{\"@id\":\"https:\\\/\\\/www.exquisitarium.com\\\/de\\\/produkt\\\/kabeljau-mit-pil-pil-sosse\\\/#primaryimage\"},\"thumbnailUrl\":\"https:\\\/\\\/www.exquisitarium.com\\\/wp-content\\\/uploads\\\/2018\\\/05\\\/BACALAO-AL-PIL-PIL.png\",\"datePublished\":\"2018-05-22T12:25:01+00:00\",\"dateModified\":\"2025-09-17T11:05:22+00:00\",\"breadcrumb\":{\"@id\":\"https:\\\/\\\/www.exquisitarium.com\\\/de\\\/produkt\\\/kabeljau-mit-pil-pil-sosse\\\/#breadcrumb\"},\"inLanguage\":\"de\",\"potentialAction\":[{\"@type\":\"ReadAction\",\"target\":[\"https:\\\/\\\/www.exquisitarium.com\\\/de\\\/produkt\\\/kabeljau-mit-pil-pil-sosse\\\/\"]}]},{\"@type\":\"ImageObject\",\"inLanguage\":\"de\",\"@id\":\"https:\\\/\\\/www.exquisitarium.com\\\/de\\\/produkt\\\/kabeljau-mit-pil-pil-sosse\\\/#primaryimage\",\"url\":\"https:\\\/\\\/www.exquisitarium.com\\\/wp-content\\\/uploads\\\/2018\\\/05\\\/BACALAO-AL-PIL-PIL.png\",\"contentUrl\":\"https:\\\/\\\/www.exquisitarium.com\\\/wp-content\\\/uploads\\\/2018\\\/05\\\/BACALAO-AL-PIL-PIL.png\",\"width\":700,\"height\":520},{\"@type\":\"BreadcrumbList\",\"@id\":\"https:\\\/\\\/www.exquisitarium.com\\\/de\\\/produkt\\\/kabeljau-mit-pil-pil-sosse\\\/#breadcrumb\",\"itemListElement\":[{\"@type\":\"ListItem\",\"position\":1,\"name\":\"Home\",\"item\":\"https:\\\/\\\/www.exquisitarium.com\\\/de\\\/\"},{\"@type\":\"ListItem\",\"position\":2,\"name\":\"Produkt suchen\",\"item\":\"https:\\\/\\\/www.exquisitarium.com\\\/de\\\/produkt-suchen\\\/\"},{\"@type\":\"ListItem\",\"position\":3,\"name\":\"KABELJAU MIT PIL-PIL SO\u03b2E\"}]},{\"@type\":\"WebSite\",\"@id\":\"https:\\\/\\\/www.exquisitarium.com\\\/de\\\/#website\",\"url\":\"https:\\\/\\\/www.exquisitarium.com\\\/de\\\/\",\"name\":\"EXQUISITARIUM\",\"description\":\"Tu cocina en buenas manos\",\"publisher\":{\"@id\":\"https:\\\/\\\/www.exquisitarium.com\\\/de\\\/#organization\"},\"potentialAction\":[{\"@type\":\"SearchAction\",\"target\":{\"@type\":\"EntryPoint\",\"urlTemplate\":\"https:\\\/\\\/www.exquisitarium.com\\\/de\\\/?s={search_term_string}\"},\"query-input\":{\"@type\":\"PropertyValueSpecification\",\"valueRequired\":true,\"valueName\":\"search_term_string\"}}],\"inLanguage\":\"de\"},{\"@type\":\"Organization\",\"@id\":\"https:\\\/\\\/www.exquisitarium.com\\\/de\\\/#organization\",\"name\":\"EXQUISITARIUM\",\"url\":\"https:\\\/\\\/www.exquisitarium.com\\\/de\\\/\",\"logo\":{\"@type\":\"ImageObject\",\"inLanguage\":\"de\",\"@id\":\"https:\\\/\\\/www.exquisitarium.com\\\/de\\\/#\\\/schema\\\/logo\\\/image\\\/\",\"url\":\"https:\\\/\\\/www.exquisitarium.com\\\/wp-content\\\/uploads\\\/2025\\\/10\\\/exquisitarium-logo.svg\",\"contentUrl\":\"https:\\\/\\\/www.exquisitarium.com\\\/wp-content\\\/uploads\\\/2025\\\/10\\\/exquisitarium-logo.svg\",\"width\":233,\"height\":37,\"caption\":\"EXQUISITARIUM\"},\"image\":{\"@id\":\"https:\\\/\\\/www.exquisitarium.com\\\/de\\\/#\\\/schema\\\/logo\\\/image\\\/\"},\"sameAs\":[\"https:\\\/\\\/www.facebook.com\\\/exquisitarium\\\/\",\"https:\\\/\\\/www.instagram.com\\\/exquisitarium\\\/\",\"https:\\\/\\\/www.linkedin.com\\\/company\\\/exquisitarium\\\/\"]}]}<\/script>\n<!-- \/ Yoast SEO plugin. -->","yoast_head_json":{"title":"KABELJAU MIT PIL-PIL SO\u03b2E - platos preparados por profesionales- EXQUISITARIUM","robots":{"index":"index","follow":"follow","max-snippet":"max-snippet:-1","max-image-preview":"max-image-preview:large","max-video-preview":"max-video-preview:-1"},"canonical":"https:\/\/www.exquisitarium.com\/de\/produkt\/kabeljau-mit-pil-pil-sosse\/","og_locale":"de_DE","og_type":"article","og_title":"KABELJAU MIT PIL-PIL SO\u03b2E - platos preparados por profesionales- EXQUISITARIUM","og_description":"Informationen Anfordern  &nbsp;  Kabeljau mit der typischen Pil-Pil-So\u00dfe.","og_url":"https:\/\/www.exquisitarium.com\/de\/produkt\/kabeljau-mit-pil-pil-sosse\/","og_site_name":"EXQUISITARIUM","article_publisher":"https:\/\/www.facebook.com\/exquisitarium\/","article_modified_time":"2025-09-17T11:05:22+00:00","og_image":[{"width":700,"height":520,"url":"https:\/\/www.exquisitarium.com\/wp-content\/uploads\/2018\/05\/BACALAO-AL-PIL-PIL.png","type":"image\/png"}],"twitter_card":"summary_large_image","schema":{"@context":"https:\/\/schema.org","@graph":[{"@type":"WebPage","@id":"https:\/\/www.exquisitarium.com\/de\/produkt\/kabeljau-mit-pil-pil-sosse\/","url":"https:\/\/www.exquisitarium.com\/de\/produkt\/kabeljau-mit-pil-pil-sosse\/","name":"KABELJAU MIT PIL-PIL SO\u03b2E - platos preparados por profesionales- EXQUISITARIUM","isPartOf":{"@id":"https:\/\/www.exquisitarium.com\/de\/#website"},"primaryImageOfPage":{"@id":"https:\/\/www.exquisitarium.com\/de\/produkt\/kabeljau-mit-pil-pil-sosse\/#primaryimage"},"image":{"@id":"https:\/\/www.exquisitarium.com\/de\/produkt\/kabeljau-mit-pil-pil-sosse\/#primaryimage"},"thumbnailUrl":"https:\/\/www.exquisitarium.com\/wp-content\/uploads\/2018\/05\/BACALAO-AL-PIL-PIL.png","datePublished":"2018-05-22T12:25:01+00:00","dateModified":"2025-09-17T11:05:22+00:00","breadcrumb":{"@id":"https:\/\/www.exquisitarium.com\/de\/produkt\/kabeljau-mit-pil-pil-sosse\/#breadcrumb"},"inLanguage":"de","potentialAction":[{"@type":"ReadAction","target":["https:\/\/www.exquisitarium.com\/de\/produkt\/kabeljau-mit-pil-pil-sosse\/"]}]},{"@type":"ImageObject","inLanguage":"de","@id":"https:\/\/www.exquisitarium.com\/de\/produkt\/kabeljau-mit-pil-pil-sosse\/#primaryimage","url":"https:\/\/www.exquisitarium.com\/wp-content\/uploads\/2018\/05\/BACALAO-AL-PIL-PIL.png","contentUrl":"https:\/\/www.exquisitarium.com\/wp-content\/uploads\/2018\/05\/BACALAO-AL-PIL-PIL.png","width":700,"height":520},{"@type":"BreadcrumbList","@id":"https:\/\/www.exquisitarium.com\/de\/produkt\/kabeljau-mit-pil-pil-sosse\/#breadcrumb","itemListElement":[{"@type":"ListItem","position":1,"name":"Home","item":"https:\/\/www.exquisitarium.com\/de\/"},{"@type":"ListItem","position":2,"name":"Produkt suchen","item":"https:\/\/www.exquisitarium.com\/de\/produkt-suchen\/"},{"@type":"ListItem","position":3,"name":"KABELJAU MIT PIL-PIL SO\u03b2E"}]},{"@type":"WebSite","@id":"https:\/\/www.exquisitarium.com\/de\/#website","url":"https:\/\/www.exquisitarium.com\/de\/","name":"EXQUISITARIUM","description":"Tu cocina en buenas manos","publisher":{"@id":"https:\/\/www.exquisitarium.com\/de\/#organization"},"potentialAction":[{"@type":"SearchAction","target":{"@type":"EntryPoint","urlTemplate":"https:\/\/www.exquisitarium.com\/de\/?s={search_term_string}"},"query-input":{"@type":"PropertyValueSpecification","valueRequired":true,"valueName":"search_term_string"}}],"inLanguage":"de"},{"@type":"Organization","@id":"https:\/\/www.exquisitarium.com\/de\/#organization","name":"EXQUISITARIUM","url":"https:\/\/www.exquisitarium.com\/de\/","logo":{"@type":"ImageObject","inLanguage":"de","@id":"https:\/\/www.exquisitarium.com\/de\/#\/schema\/logo\/image\/","url":"https:\/\/www.exquisitarium.com\/wp-content\/uploads\/2025\/10\/exquisitarium-logo.svg","contentUrl":"https:\/\/www.exquisitarium.com\/wp-content\/uploads\/2025\/10\/exquisitarium-logo.svg","width":233,"height":37,"caption":"EXQUISITARIUM"},"image":{"@id":"https:\/\/www.exquisitarium.com\/de\/#\/schema\/logo\/image\/"},"sameAs":["https:\/\/www.facebook.com\/exquisitarium\/","https:\/\/www.instagram.com\/exquisitarium\/","https:\/\/www.linkedin.com\/company\/exquisitarium\/"]}]}},"_links":{"self":[{"href":"https:\/\/www.exquisitarium.com\/de\/wp-json\/wp\/v2\/product\/19140","targetHints":{"allow":["GET"]}}],"collection":[{"href":"https:\/\/www.exquisitarium.com\/de\/wp-json\/wp\/v2\/product"}],"about":[{"href":"https:\/\/www.exquisitarium.com\/de\/wp-json\/wp\/v2\/types\/product"}],"version-history":[{"count":0,"href":"https:\/\/www.exquisitarium.com\/de\/wp-json\/wp\/v2\/product\/19140\/revisions"}],"wp:featuredmedia":[{"embeddable":true,"href":"https:\/\/www.exquisitarium.com\/de\/wp-json\/wp\/v2\/media\/21955"}],"wp:attachment":[{"href":"https:\/\/www.exquisitarium.com\/de\/wp-json\/wp\/v2\/media?parent=19140"}],"wp:term":[{"taxonomy":"product_cat","embeddable":true,"href":"https:\/\/www.exquisitarium.com\/de\/wp-json\/wp\/v2\/product_cat?post=19140"},{"taxonomy":"product_tag","embeddable":true,"href":"https:\/\/www.exquisitarium.com\/de\/wp-json\/wp\/v2\/product_tag?post=19140"}],"curies":[{"name":"wp","href":"https:\/\/api.w.org\/{rel}","templated":true}]}}