{"id":19134,"date":"2019-05-02T14:00:17","date_gmt":"2019-05-02T12:00:17","guid":{"rendered":"https:\/\/www.exquisitarium.com\/productos\/pulled-chicken\/"},"modified":"2025-09-15T13:46:22","modified_gmt":"2025-09-15T11:46:22","slug":"pulled-chicken","status":"publish","type":"product","link":"https:\/\/www.exquisitarium.com\/de\/produkt\/pulled-chicken\/","title":{"rendered":"PULLED CHICKEN"},"content":{"rendered":"<p>Gegrilltes H\u00e4hnchen. Zubereitung nach einem traditionellen Rezept von der spanischen Mittelmeerk\u00fcste. Wir braten das H\u00e4hnchen, nachdem wir es mit verschiedenen Gew\u00fcrzen wie etwa Thymian, Lorbeerbl\u00e4ttern, Pfeffer, Knoblauch usw. bestreuen. Dies ist ein Produkt, mit dem man unz\u00e4hlige Rezepte wie beispielsweise Tacos, Cr\u00eapes, Sandwiches, Wraps, Cannelloni usw. zubereiten kann. Es ist verzehrfertig und kann nach Bedarf und Geschmack gew\u00fcrzt werden. Das H\u00e4hnchen kann kalt oder warm serviert werden.<\/p>\n<p>.<\/p>\n<p><strong><a href=\"https:\/\/www.exquisitarium.com\/wp-content\/uploads\/2018\/03\/Pictogramas_Exquisitarium_micro-e1520250428352.png\"><img decoding=\"async\" class=\"alignnone wp-image-4888\" src=\"https:\/\/www.exquisitarium.com\/wp-content\/uploads\/2018\/03\/Pictogramas_Exquisitarium_micro-251x300.png\" alt=\"\" width=\"70\" height=\"70\" \/><\/a>MIKROWELLE<\/strong><\/p>\n<p>MIKROWELLE: Kein vorheriges Auftauen erforderlich. Stechen Sie die Oberseite des Beh\u00e4lters an verschiedenen Stellen ein und erhitzen Sie diesen etwa 5 Minuten lang bei 800 W direkt in der Mikrowelle.<\/p>\n","protected":false},"excerpt":{"rendered":"<p><a class=\"button\" href=\"https:\/\/www.exquisitarium.com\/de\/kontakt-formular\/\">\u00a0Informationen anfordern<\/a><\/p>\n<p>Leckeres, zerkleinertes Brath\u00e4hnchenfleisch im eigenen Saft.<\/p>\n","protected":false},"featured_media":21662,"template":"","meta":{"_exactmetrics_skip_tracking":false,"_exactmetrics_sitenote_active":false,"_exactmetrics_sitenote_note":"","_exactmetrics_sitenote_category":0},"product_cat":[392,385],"product_tag":[396,394],"class_list":{"0":"post-19134","1":"product","2":"type-product","3":"status-publish","4":"has-post-thumbnail","6":"product_cat-fleisch","7":"product_cat-tapas","8":"product_tag-andere-erste-gange","9":"product_tag-fleisch-de","10":"pa_aplicacion-bar-de","11":"pa_aplicacion-cafeteria-backerei","12":"pa_aplicacion-food-truck-de","13":"pa_aplicacion-gastrobar-de","14":"pa_aplicacion-hotels-de","15":"pa_aplicacion-restaurant-de","16":"pa_regeneracion-microondas-de","18":"first","19":"instock","20":"shipping-taxable","21":"product-type-simple"},"yoast_head":"<!-- This site is optimized with the Yoast SEO plugin v27.1.1 - https:\/\/yoast.com\/product\/yoast-seo-wordpress\/ -->\n<title>PULLED CHICKEN -Platos Preparados por profesionales- EXQUISITARIUM<\/title>\n<meta name=\"robots\" content=\"index, follow, max-snippet:-1, max-image-preview:large, max-video-preview:-1\" \/>\n<link rel=\"canonical\" href=\"https:\/\/www.exquisitarium.com\/de\/produkt\/pulled-chicken\/\" \/>\n<meta property=\"og:locale\" content=\"de_DE\" \/>\n<meta property=\"og:type\" content=\"article\" \/>\n<meta property=\"og:title\" content=\"PULLED CHICKEN -Platos Preparados por profesionales- EXQUISITARIUM\" \/>\n<meta property=\"og:description\" content=\"\u00a0Informationen anfordern  Leckeres, zerkleinertes Brath\u00e4hnchenfleisch im eigenen Saft.\" \/>\n<meta property=\"og:url\" content=\"https:\/\/www.exquisitarium.com\/de\/produkt\/pulled-chicken\/\" \/>\n<meta property=\"og:site_name\" content=\"EXQUISITARIUM\" \/>\n<meta property=\"article:publisher\" content=\"https:\/\/www.facebook.com\/exquisitarium\/\" \/>\n<meta property=\"article:modified_time\" content=\"2025-09-15T11:46:22+00:00\" \/>\n<meta property=\"og:image\" content=\"https:\/\/www.exquisitarium.com\/wp-content\/uploads\/2019\/05\/PULLED-CHICKEN.png\" \/>\n\t<meta property=\"og:image:width\" content=\"700\" \/>\n\t<meta property=\"og:image:height\" content=\"520\" \/>\n\t<meta property=\"og:image:type\" content=\"image\/png\" \/>\n<meta name=\"twitter:card\" content=\"summary_large_image\" \/>\n<meta name=\"twitter:label1\" content=\"Gesch\u00e4tzte Lesezeit\" \/>\n\t<meta name=\"twitter:data1\" content=\"1\u00a0Minute\" \/>\n<script type=\"application\/ld+json\" class=\"yoast-schema-graph\">{\"@context\":\"https:\/\/schema.org\",\"@graph\":[{\"@type\":\"WebPage\",\"@id\":\"https:\/\/www.exquisitarium.com\/de\/produkt\/pulled-chicken\/\",\"url\":\"https:\/\/www.exquisitarium.com\/de\/produkt\/pulled-chicken\/\",\"name\":\"PULLED CHICKEN -Platos Preparados por profesionales- EXQUISITARIUM\",\"isPartOf\":{\"@id\":\"https:\/\/www.exquisitarium.com\/de\/#website\"},\"primaryImageOfPage\":{\"@id\":\"https:\/\/www.exquisitarium.com\/de\/produkt\/pulled-chicken\/#primaryimage\"},\"image\":{\"@id\":\"https:\/\/www.exquisitarium.com\/de\/produkt\/pulled-chicken\/#primaryimage\"},\"thumbnailUrl\":\"https:\/\/www.exquisitarium.com\/wp-content\/uploads\/2019\/05\/PULLED-CHICKEN.png\",\"datePublished\":\"2019-05-02T12:00:17+00:00\",\"dateModified\":\"2025-09-15T11:46:22+00:00\",\"breadcrumb\":{\"@id\":\"https:\/\/www.exquisitarium.com\/de\/produkt\/pulled-chicken\/#breadcrumb\"},\"inLanguage\":\"de\",\"potentialAction\":[{\"@type\":\"ReadAction\",\"target\":[\"https:\/\/www.exquisitarium.com\/de\/produkt\/pulled-chicken\/\"]}]},{\"@type\":\"ImageObject\",\"inLanguage\":\"de\",\"@id\":\"https:\/\/www.exquisitarium.com\/de\/produkt\/pulled-chicken\/#primaryimage\",\"url\":\"https:\/\/www.exquisitarium.com\/wp-content\/uploads\/2019\/05\/PULLED-CHICKEN.png\",\"contentUrl\":\"https:\/\/www.exquisitarium.com\/wp-content\/uploads\/2019\/05\/PULLED-CHICKEN.png\",\"width\":700,\"height\":520},{\"@type\":\"BreadcrumbList\",\"@id\":\"https:\/\/www.exquisitarium.com\/de\/produkt\/pulled-chicken\/#breadcrumb\",\"itemListElement\":[{\"@type\":\"ListItem\",\"position\":1,\"name\":\"Home\",\"item\":\"https:\/\/www.exquisitarium.com\/de\/\"},{\"@type\":\"ListItem\",\"position\":2,\"name\":\"Produkt suchen\",\"item\":\"https:\/\/www.exquisitarium.com\/de\/produkt-suchen\/\"},{\"@type\":\"ListItem\",\"position\":3,\"name\":\"PULLED CHICKEN\"}]},{\"@type\":\"WebSite\",\"@id\":\"https:\/\/www.exquisitarium.com\/de\/#website\",\"url\":\"https:\/\/www.exquisitarium.com\/de\/\",\"name\":\"EXQUISITARIUM\",\"description\":\"Tu cocina en buenas manos\",\"publisher\":{\"@id\":\"https:\/\/www.exquisitarium.com\/de\/#organization\"},\"potentialAction\":[{\"@type\":\"SearchAction\",\"target\":{\"@type\":\"EntryPoint\",\"urlTemplate\":\"https:\/\/www.exquisitarium.com\/de\/?s={search_term_string}\"},\"query-input\":{\"@type\":\"PropertyValueSpecification\",\"valueRequired\":true,\"valueName\":\"search_term_string\"}}],\"inLanguage\":\"de\"},{\"@type\":\"Organization\",\"@id\":\"https:\/\/www.exquisitarium.com\/de\/#organization\",\"name\":\"EXQUISITARIUM\",\"url\":\"https:\/\/www.exquisitarium.com\/de\/\",\"logo\":{\"@type\":\"ImageObject\",\"inLanguage\":\"de\",\"@id\":\"https:\/\/www.exquisitarium.com\/de\/#\/schema\/logo\/image\/\",\"url\":\"https:\/\/www.exquisitarium.com\/wp-content\/uploads\/2025\/10\/exquisitarium-logo.svg\",\"contentUrl\":\"https:\/\/www.exquisitarium.com\/wp-content\/uploads\/2025\/10\/exquisitarium-logo.svg\",\"width\":233,\"height\":37,\"caption\":\"EXQUISITARIUM\"},\"image\":{\"@id\":\"https:\/\/www.exquisitarium.com\/de\/#\/schema\/logo\/image\/\"},\"sameAs\":[\"https:\/\/www.facebook.com\/exquisitarium\/\",\"https:\/\/www.instagram.com\/exquisitarium\/\",\"https:\/\/www.linkedin.com\/company\/exquisitarium\/\"]}]}<\/script>\n<!-- \/ Yoast SEO plugin. -->","yoast_head_json":{"title":"PULLED CHICKEN -Platos Preparados por profesionales- EXQUISITARIUM","robots":{"index":"index","follow":"follow","max-snippet":"max-snippet:-1","max-image-preview":"max-image-preview:large","max-video-preview":"max-video-preview:-1"},"canonical":"https:\/\/www.exquisitarium.com\/de\/produkt\/pulled-chicken\/","og_locale":"de_DE","og_type":"article","og_title":"PULLED CHICKEN -Platos Preparados por profesionales- EXQUISITARIUM","og_description":"\u00a0Informationen anfordern  Leckeres, zerkleinertes Brath\u00e4hnchenfleisch im eigenen Saft.","og_url":"https:\/\/www.exquisitarium.com\/de\/produkt\/pulled-chicken\/","og_site_name":"EXQUISITARIUM","article_publisher":"https:\/\/www.facebook.com\/exquisitarium\/","article_modified_time":"2025-09-15T11:46:22+00:00","og_image":[{"width":700,"height":520,"url":"https:\/\/www.exquisitarium.com\/wp-content\/uploads\/2019\/05\/PULLED-CHICKEN.png","type":"image\/png"}],"twitter_card":"summary_large_image","twitter_misc":{"Gesch\u00e4tzte Lesezeit":"1\u00a0Minute"},"schema":{"@context":"https:\/\/schema.org","@graph":[{"@type":"WebPage","@id":"https:\/\/www.exquisitarium.com\/de\/produkt\/pulled-chicken\/","url":"https:\/\/www.exquisitarium.com\/de\/produkt\/pulled-chicken\/","name":"PULLED CHICKEN -Platos Preparados por profesionales- EXQUISITARIUM","isPartOf":{"@id":"https:\/\/www.exquisitarium.com\/de\/#website"},"primaryImageOfPage":{"@id":"https:\/\/www.exquisitarium.com\/de\/produkt\/pulled-chicken\/#primaryimage"},"image":{"@id":"https:\/\/www.exquisitarium.com\/de\/produkt\/pulled-chicken\/#primaryimage"},"thumbnailUrl":"https:\/\/www.exquisitarium.com\/wp-content\/uploads\/2019\/05\/PULLED-CHICKEN.png","datePublished":"2019-05-02T12:00:17+00:00","dateModified":"2025-09-15T11:46:22+00:00","breadcrumb":{"@id":"https:\/\/www.exquisitarium.com\/de\/produkt\/pulled-chicken\/#breadcrumb"},"inLanguage":"de","potentialAction":[{"@type":"ReadAction","target":["https:\/\/www.exquisitarium.com\/de\/produkt\/pulled-chicken\/"]}]},{"@type":"ImageObject","inLanguage":"de","@id":"https:\/\/www.exquisitarium.com\/de\/produkt\/pulled-chicken\/#primaryimage","url":"https:\/\/www.exquisitarium.com\/wp-content\/uploads\/2019\/05\/PULLED-CHICKEN.png","contentUrl":"https:\/\/www.exquisitarium.com\/wp-content\/uploads\/2019\/05\/PULLED-CHICKEN.png","width":700,"height":520},{"@type":"BreadcrumbList","@id":"https:\/\/www.exquisitarium.com\/de\/produkt\/pulled-chicken\/#breadcrumb","itemListElement":[{"@type":"ListItem","position":1,"name":"Home","item":"https:\/\/www.exquisitarium.com\/de\/"},{"@type":"ListItem","position":2,"name":"Produkt suchen","item":"https:\/\/www.exquisitarium.com\/de\/produkt-suchen\/"},{"@type":"ListItem","position":3,"name":"PULLED CHICKEN"}]},{"@type":"WebSite","@id":"https:\/\/www.exquisitarium.com\/de\/#website","url":"https:\/\/www.exquisitarium.com\/de\/","name":"EXQUISITARIUM","description":"Tu cocina en buenas manos","publisher":{"@id":"https:\/\/www.exquisitarium.com\/de\/#organization"},"potentialAction":[{"@type":"SearchAction","target":{"@type":"EntryPoint","urlTemplate":"https:\/\/www.exquisitarium.com\/de\/?s={search_term_string}"},"query-input":{"@type":"PropertyValueSpecification","valueRequired":true,"valueName":"search_term_string"}}],"inLanguage":"de"},{"@type":"Organization","@id":"https:\/\/www.exquisitarium.com\/de\/#organization","name":"EXQUISITARIUM","url":"https:\/\/www.exquisitarium.com\/de\/","logo":{"@type":"ImageObject","inLanguage":"de","@id":"https:\/\/www.exquisitarium.com\/de\/#\/schema\/logo\/image\/","url":"https:\/\/www.exquisitarium.com\/wp-content\/uploads\/2025\/10\/exquisitarium-logo.svg","contentUrl":"https:\/\/www.exquisitarium.com\/wp-content\/uploads\/2025\/10\/exquisitarium-logo.svg","width":233,"height":37,"caption":"EXQUISITARIUM"},"image":{"@id":"https:\/\/www.exquisitarium.com\/de\/#\/schema\/logo\/image\/"},"sameAs":["https:\/\/www.facebook.com\/exquisitarium\/","https:\/\/www.instagram.com\/exquisitarium\/","https:\/\/www.linkedin.com\/company\/exquisitarium\/"]}]}},"_links":{"self":[{"href":"https:\/\/www.exquisitarium.com\/de\/wp-json\/wp\/v2\/product\/19134","targetHints":{"allow":["GET"]}}],"collection":[{"href":"https:\/\/www.exquisitarium.com\/de\/wp-json\/wp\/v2\/product"}],"about":[{"href":"https:\/\/www.exquisitarium.com\/de\/wp-json\/wp\/v2\/types\/product"}],"version-history":[{"count":0,"href":"https:\/\/www.exquisitarium.com\/de\/wp-json\/wp\/v2\/product\/19134\/revisions"}],"wp:featuredmedia":[{"embeddable":true,"href":"https:\/\/www.exquisitarium.com\/de\/wp-json\/wp\/v2\/media\/21662"}],"wp:attachment":[{"href":"https:\/\/www.exquisitarium.com\/de\/wp-json\/wp\/v2\/media?parent=19134"}],"wp:term":[{"taxonomy":"product_cat","embeddable":true,"href":"https:\/\/www.exquisitarium.com\/de\/wp-json\/wp\/v2\/product_cat?post=19134"},{"taxonomy":"product_tag","embeddable":true,"href":"https:\/\/www.exquisitarium.com\/de\/wp-json\/wp\/v2\/product_tag?post=19134"}],"curies":[{"name":"wp","href":"https:\/\/api.w.org\/{rel}","templated":true}]}}