{"id":19054,"date":"2019-10-16T16:39:15","date_gmt":"2019-10-16T14:39:15","guid":{"rendered":"https:\/\/www.exquisitarium.com\/productos\/gyoza-mit-steinpilzen-und-herbsttrompeten\/"},"modified":"2025-09-15T13:17:09","modified_gmt":"2025-09-15T11:17:09","slug":"gyoza-mit-steinpilzen-und-herbsttrompeten","status":"publish","type":"product","link":"https:\/\/www.exquisitarium.com\/de\/produkt\/gyoza-mit-steinpilzen-und-herbsttrompeten\/","title":{"rendered":"GYOZA MIT STEINPILZEN UND HERBSTTROMPETEN"},"content":{"rendered":"<p>Traditionelle Gyoza-Nudeln, gef\u00fcllt mit einer cremigen Farce aus Steinpilzen und Herbsttrompeten, die ihnen eine besondere Note verleihen. Das Gericht ist innerhalb weniger Minuten servierbereit<\/p>\n<p><strong><a href=\"https:\/\/www.exquisitarium.com\/wp-content\/uploads\/2018\/03\/Pictogramas_Exquisitarium_plancha-e1520250307654.png\"><img decoding=\"async\" class=\"alignnone wp-image-4893\" src=\"https:\/\/www.exquisitarium.com\/wp-content\/uploads\/2018\/03\/Pictogramas_Exquisitarium_plancha-251x300.png\" alt=\"\" width=\"70\" height=\"70\" \/><\/a>PFANNE<\/strong><\/p>\n<p>Die Gyoza-Nudeln in einer beschichteten Pfanne mit etwas \u00d6l goldgelb anbraten. Dann die Pfanne mit Wasser f\u00fcllen, sodass die Gyoza zur H\u00e4lfte bedeckt sind, die Pfanne abdecken und etwa 8 Minuten lang bzw. bis das gesamte Wasser verdunstet ist, kochen lassen.<\/p>\n","protected":false},"excerpt":{"rendered":"<p><a class=\"button\" href=\"https:\/\/www.exquisitarium.com\/de\/kontakt-formular\/\">Informationen Anfordern<\/a><\/p>\n<p>Mit Steinpilzpaste gef\u00fcllte Gyoza.<\/p>\n","protected":false},"featured_media":21642,"template":"","meta":{"_exactmetrics_skip_tracking":false,"_exactmetrics_sitenote_active":false,"_exactmetrics_sitenote_note":"","_exactmetrics_sitenote_category":0},"product_cat":[377,385],"product_tag":[396],"class_list":{"0":"post-19054","1":"product","2":"type-product","3":"status-publish","4":"has-post-thumbnail","6":"product_cat-snacks","7":"product_cat-tapas","8":"product_tag-andere-erste-gange","9":"pa_aplicacion-catering-de","10":"pa_aplicacion-food-truck-de","11":"pa_aplicacion-gastrobar-de","12":"pa_aplicacion-hotels-de","13":"pa_aplicacion-restaurant-de","14":"pa_regeneracion-especial-de","15":"pa_regeneracion-plancha-de","17":"first","18":"instock","19":"shipping-taxable","20":"product-type-simple"},"yoast_head":"<!-- This site is optimized with the Yoast SEO plugin v27.4 - https:\/\/yoast.com\/product\/yoast-seo-wordpress\/ -->\n<title>GYOZA MIT STEINPILZEN UND HERBSTTROMPETEN - Platos Preparados por profesionales- EXQUISITARIUM<\/title>\n<meta name=\"robots\" content=\"index, follow, max-snippet:-1, max-image-preview:large, max-video-preview:-1\" \/>\n<link rel=\"canonical\" href=\"https:\/\/www.exquisitarium.com\/de\/produkt\/gyoza-mit-steinpilzen-und-herbsttrompeten\/\" \/>\n<meta property=\"og:locale\" content=\"de_DE\" \/>\n<meta property=\"og:type\" content=\"article\" \/>\n<meta property=\"og:title\" content=\"GYOZA MIT STEINPILZEN UND HERBSTTROMPETEN - Platos Preparados por profesionales- EXQUISITARIUM\" \/>\n<meta property=\"og:description\" content=\"Informationen Anfordern  Mit Steinpilzpaste gef\u00fcllte Gyoza.\" \/>\n<meta property=\"og:url\" content=\"https:\/\/www.exquisitarium.com\/de\/produkt\/gyoza-mit-steinpilzen-und-herbsttrompeten\/\" \/>\n<meta property=\"og:site_name\" content=\"EXQUISITARIUM\" \/>\n<meta property=\"article:publisher\" content=\"https:\/\/www.facebook.com\/exquisitarium\/\" \/>\n<meta property=\"article:modified_time\" content=\"2025-09-15T11:17:09+00:00\" \/>\n<meta property=\"og:image\" content=\"https:\/\/www.exquisitarium.com\/wp-content\/uploads\/2019\/10\/GYOZA-DE-BOLETUS-Y-TROMPETAS.png\" \/>\n\t<meta property=\"og:image:width\" content=\"700\" \/>\n\t<meta property=\"og:image:height\" content=\"520\" \/>\n\t<meta property=\"og:image:type\" content=\"image\/png\" \/>\n<meta name=\"twitter:card\" content=\"summary_large_image\" \/>\n<meta name=\"twitter:label1\" content=\"Gesch\u00e4tzte Lesezeit\" \/>\n\t<meta name=\"twitter:data1\" content=\"1\u00a0Minute\" \/>\n<script type=\"application\/ld+json\" class=\"yoast-schema-graph\">{\"@context\":\"https:\\\/\\\/schema.org\",\"@graph\":[{\"@type\":\"WebPage\",\"@id\":\"https:\\\/\\\/www.exquisitarium.com\\\/de\\\/produkt\\\/gyoza-mit-steinpilzen-und-herbsttrompeten\\\/\",\"url\":\"https:\\\/\\\/www.exquisitarium.com\\\/de\\\/produkt\\\/gyoza-mit-steinpilzen-und-herbsttrompeten\\\/\",\"name\":\"GYOZA MIT STEINPILZEN UND HERBSTTROMPETEN - Platos Preparados por profesionales- EXQUISITARIUM\",\"isPartOf\":{\"@id\":\"https:\\\/\\\/www.exquisitarium.com\\\/de\\\/#website\"},\"primaryImageOfPage\":{\"@id\":\"https:\\\/\\\/www.exquisitarium.com\\\/de\\\/produkt\\\/gyoza-mit-steinpilzen-und-herbsttrompeten\\\/#primaryimage\"},\"image\":{\"@id\":\"https:\\\/\\\/www.exquisitarium.com\\\/de\\\/produkt\\\/gyoza-mit-steinpilzen-und-herbsttrompeten\\\/#primaryimage\"},\"thumbnailUrl\":\"https:\\\/\\\/www.exquisitarium.com\\\/wp-content\\\/uploads\\\/2019\\\/10\\\/GYOZA-DE-BOLETUS-Y-TROMPETAS.png\",\"datePublished\":\"2019-10-16T14:39:15+00:00\",\"dateModified\":\"2025-09-15T11:17:09+00:00\",\"breadcrumb\":{\"@id\":\"https:\\\/\\\/www.exquisitarium.com\\\/de\\\/produkt\\\/gyoza-mit-steinpilzen-und-herbsttrompeten\\\/#breadcrumb\"},\"inLanguage\":\"de\",\"potentialAction\":[{\"@type\":\"ReadAction\",\"target\":[\"https:\\\/\\\/www.exquisitarium.com\\\/de\\\/produkt\\\/gyoza-mit-steinpilzen-und-herbsttrompeten\\\/\"]}]},{\"@type\":\"ImageObject\",\"inLanguage\":\"de\",\"@id\":\"https:\\\/\\\/www.exquisitarium.com\\\/de\\\/produkt\\\/gyoza-mit-steinpilzen-und-herbsttrompeten\\\/#primaryimage\",\"url\":\"https:\\\/\\\/www.exquisitarium.com\\\/wp-content\\\/uploads\\\/2019\\\/10\\\/GYOZA-DE-BOLETUS-Y-TROMPETAS.png\",\"contentUrl\":\"https:\\\/\\\/www.exquisitarium.com\\\/wp-content\\\/uploads\\\/2019\\\/10\\\/GYOZA-DE-BOLETUS-Y-TROMPETAS.png\",\"width\":700,\"height\":520},{\"@type\":\"BreadcrumbList\",\"@id\":\"https:\\\/\\\/www.exquisitarium.com\\\/de\\\/produkt\\\/gyoza-mit-steinpilzen-und-herbsttrompeten\\\/#breadcrumb\",\"itemListElement\":[{\"@type\":\"ListItem\",\"position\":1,\"name\":\"Home\",\"item\":\"https:\\\/\\\/www.exquisitarium.com\\\/de\\\/\"},{\"@type\":\"ListItem\",\"position\":2,\"name\":\"Produkt suchen\",\"item\":\"https:\\\/\\\/www.exquisitarium.com\\\/de\\\/produkt-suchen\\\/\"},{\"@type\":\"ListItem\",\"position\":3,\"name\":\"GYOZA MIT STEINPILZEN UND HERBSTTROMPETEN\"}]},{\"@type\":\"WebSite\",\"@id\":\"https:\\\/\\\/www.exquisitarium.com\\\/de\\\/#website\",\"url\":\"https:\\\/\\\/www.exquisitarium.com\\\/de\\\/\",\"name\":\"EXQUISITARIUM\",\"description\":\"Tu cocina en buenas manos\",\"publisher\":{\"@id\":\"https:\\\/\\\/www.exquisitarium.com\\\/de\\\/#organization\"},\"potentialAction\":[{\"@type\":\"SearchAction\",\"target\":{\"@type\":\"EntryPoint\",\"urlTemplate\":\"https:\\\/\\\/www.exquisitarium.com\\\/de\\\/?s={search_term_string}\"},\"query-input\":{\"@type\":\"PropertyValueSpecification\",\"valueRequired\":true,\"valueName\":\"search_term_string\"}}],\"inLanguage\":\"de\"},{\"@type\":\"Organization\",\"@id\":\"https:\\\/\\\/www.exquisitarium.com\\\/de\\\/#organization\",\"name\":\"EXQUISITARIUM\",\"url\":\"https:\\\/\\\/www.exquisitarium.com\\\/de\\\/\",\"logo\":{\"@type\":\"ImageObject\",\"inLanguage\":\"de\",\"@id\":\"https:\\\/\\\/www.exquisitarium.com\\\/de\\\/#\\\/schema\\\/logo\\\/image\\\/\",\"url\":\"https:\\\/\\\/www.exquisitarium.com\\\/wp-content\\\/uploads\\\/2025\\\/10\\\/exquisitarium-logo.svg\",\"contentUrl\":\"https:\\\/\\\/www.exquisitarium.com\\\/wp-content\\\/uploads\\\/2025\\\/10\\\/exquisitarium-logo.svg\",\"width\":233,\"height\":37,\"caption\":\"EXQUISITARIUM\"},\"image\":{\"@id\":\"https:\\\/\\\/www.exquisitarium.com\\\/de\\\/#\\\/schema\\\/logo\\\/image\\\/\"},\"sameAs\":[\"https:\\\/\\\/www.facebook.com\\\/exquisitarium\\\/\",\"https:\\\/\\\/www.instagram.com\\\/exquisitarium\\\/\",\"https:\\\/\\\/www.linkedin.com\\\/company\\\/exquisitarium\\\/\"]}]}<\/script>\n<!-- \/ Yoast SEO plugin. -->","yoast_head_json":{"title":"GYOZA MIT STEINPILZEN UND HERBSTTROMPETEN - Platos Preparados por profesionales- EXQUISITARIUM","robots":{"index":"index","follow":"follow","max-snippet":"max-snippet:-1","max-image-preview":"max-image-preview:large","max-video-preview":"max-video-preview:-1"},"canonical":"https:\/\/www.exquisitarium.com\/de\/produkt\/gyoza-mit-steinpilzen-und-herbsttrompeten\/","og_locale":"de_DE","og_type":"article","og_title":"GYOZA MIT STEINPILZEN UND HERBSTTROMPETEN - Platos Preparados por profesionales- EXQUISITARIUM","og_description":"Informationen Anfordern  Mit Steinpilzpaste gef\u00fcllte Gyoza.","og_url":"https:\/\/www.exquisitarium.com\/de\/produkt\/gyoza-mit-steinpilzen-und-herbsttrompeten\/","og_site_name":"EXQUISITARIUM","article_publisher":"https:\/\/www.facebook.com\/exquisitarium\/","article_modified_time":"2025-09-15T11:17:09+00:00","og_image":[{"width":700,"height":520,"url":"https:\/\/www.exquisitarium.com\/wp-content\/uploads\/2019\/10\/GYOZA-DE-BOLETUS-Y-TROMPETAS.png","type":"image\/png"}],"twitter_card":"summary_large_image","twitter_misc":{"Gesch\u00e4tzte Lesezeit":"1\u00a0Minute"},"schema":{"@context":"https:\/\/schema.org","@graph":[{"@type":"WebPage","@id":"https:\/\/www.exquisitarium.com\/de\/produkt\/gyoza-mit-steinpilzen-und-herbsttrompeten\/","url":"https:\/\/www.exquisitarium.com\/de\/produkt\/gyoza-mit-steinpilzen-und-herbsttrompeten\/","name":"GYOZA MIT STEINPILZEN UND HERBSTTROMPETEN - Platos Preparados por profesionales- EXQUISITARIUM","isPartOf":{"@id":"https:\/\/www.exquisitarium.com\/de\/#website"},"primaryImageOfPage":{"@id":"https:\/\/www.exquisitarium.com\/de\/produkt\/gyoza-mit-steinpilzen-und-herbsttrompeten\/#primaryimage"},"image":{"@id":"https:\/\/www.exquisitarium.com\/de\/produkt\/gyoza-mit-steinpilzen-und-herbsttrompeten\/#primaryimage"},"thumbnailUrl":"https:\/\/www.exquisitarium.com\/wp-content\/uploads\/2019\/10\/GYOZA-DE-BOLETUS-Y-TROMPETAS.png","datePublished":"2019-10-16T14:39:15+00:00","dateModified":"2025-09-15T11:17:09+00:00","breadcrumb":{"@id":"https:\/\/www.exquisitarium.com\/de\/produkt\/gyoza-mit-steinpilzen-und-herbsttrompeten\/#breadcrumb"},"inLanguage":"de","potentialAction":[{"@type":"ReadAction","target":["https:\/\/www.exquisitarium.com\/de\/produkt\/gyoza-mit-steinpilzen-und-herbsttrompeten\/"]}]},{"@type":"ImageObject","inLanguage":"de","@id":"https:\/\/www.exquisitarium.com\/de\/produkt\/gyoza-mit-steinpilzen-und-herbsttrompeten\/#primaryimage","url":"https:\/\/www.exquisitarium.com\/wp-content\/uploads\/2019\/10\/GYOZA-DE-BOLETUS-Y-TROMPETAS.png","contentUrl":"https:\/\/www.exquisitarium.com\/wp-content\/uploads\/2019\/10\/GYOZA-DE-BOLETUS-Y-TROMPETAS.png","width":700,"height":520},{"@type":"BreadcrumbList","@id":"https:\/\/www.exquisitarium.com\/de\/produkt\/gyoza-mit-steinpilzen-und-herbsttrompeten\/#breadcrumb","itemListElement":[{"@type":"ListItem","position":1,"name":"Home","item":"https:\/\/www.exquisitarium.com\/de\/"},{"@type":"ListItem","position":2,"name":"Produkt suchen","item":"https:\/\/www.exquisitarium.com\/de\/produkt-suchen\/"},{"@type":"ListItem","position":3,"name":"GYOZA MIT STEINPILZEN UND HERBSTTROMPETEN"}]},{"@type":"WebSite","@id":"https:\/\/www.exquisitarium.com\/de\/#website","url":"https:\/\/www.exquisitarium.com\/de\/","name":"EXQUISITARIUM","description":"Tu cocina en buenas manos","publisher":{"@id":"https:\/\/www.exquisitarium.com\/de\/#organization"},"potentialAction":[{"@type":"SearchAction","target":{"@type":"EntryPoint","urlTemplate":"https:\/\/www.exquisitarium.com\/de\/?s={search_term_string}"},"query-input":{"@type":"PropertyValueSpecification","valueRequired":true,"valueName":"search_term_string"}}],"inLanguage":"de"},{"@type":"Organization","@id":"https:\/\/www.exquisitarium.com\/de\/#organization","name":"EXQUISITARIUM","url":"https:\/\/www.exquisitarium.com\/de\/","logo":{"@type":"ImageObject","inLanguage":"de","@id":"https:\/\/www.exquisitarium.com\/de\/#\/schema\/logo\/image\/","url":"https:\/\/www.exquisitarium.com\/wp-content\/uploads\/2025\/10\/exquisitarium-logo.svg","contentUrl":"https:\/\/www.exquisitarium.com\/wp-content\/uploads\/2025\/10\/exquisitarium-logo.svg","width":233,"height":37,"caption":"EXQUISITARIUM"},"image":{"@id":"https:\/\/www.exquisitarium.com\/de\/#\/schema\/logo\/image\/"},"sameAs":["https:\/\/www.facebook.com\/exquisitarium\/","https:\/\/www.instagram.com\/exquisitarium\/","https:\/\/www.linkedin.com\/company\/exquisitarium\/"]}]}},"_links":{"self":[{"href":"https:\/\/www.exquisitarium.com\/de\/wp-json\/wp\/v2\/product\/19054","targetHints":{"allow":["GET"]}}],"collection":[{"href":"https:\/\/www.exquisitarium.com\/de\/wp-json\/wp\/v2\/product"}],"about":[{"href":"https:\/\/www.exquisitarium.com\/de\/wp-json\/wp\/v2\/types\/product"}],"version-history":[{"count":0,"href":"https:\/\/www.exquisitarium.com\/de\/wp-json\/wp\/v2\/product\/19054\/revisions"}],"wp:featuredmedia":[{"embeddable":true,"href":"https:\/\/www.exquisitarium.com\/de\/wp-json\/wp\/v2\/media\/21642"}],"wp:attachment":[{"href":"https:\/\/www.exquisitarium.com\/de\/wp-json\/wp\/v2\/media?parent=19054"}],"wp:term":[{"taxonomy":"product_cat","embeddable":true,"href":"https:\/\/www.exquisitarium.com\/de\/wp-json\/wp\/v2\/product_cat?post=19054"},{"taxonomy":"product_tag","embeddable":true,"href":"https:\/\/www.exquisitarium.com\/de\/wp-json\/wp\/v2\/product_tag?post=19054"}],"curies":[{"name":"wp","href":"https:\/\/api.w.org\/{rel}","templated":true}]}}