{"id":18990,"date":"2020-06-09T09:21:23","date_gmt":"2020-06-09T07:21:23","guid":{"rendered":"https:\/\/www.exquisitarium.com\/productos\/platte-mit-konfierten-schweinerippchen\/"},"modified":"2025-09-17T12:27:43","modified_gmt":"2025-09-17T10:27:43","slug":"platte-mit-konfierten-schweinerippchen","status":"publish","type":"product","link":"https:\/\/www.exquisitarium.com\/de\/produkt\/platte-mit-konfierten-schweinerippchen\/","title":{"rendered":"PLATTE MIT KONFITIEREN SCHWEINERIPPCHEN"},"content":{"rendered":"<p>Ein traditionelles Produkt in einem modernen Stil. Einfach zu verarbeiten, erm\u00f6glicht die Zubereitung moderner Gerichte in verschiedenen Portionen oder als einzelnes St\u00fcck. Ideal f\u00fcr die Kombination mit verschiedenen So\u00dfen und Beilagen, wodurch mehrere Servierm\u00f6glichkeiten geboten werden. Als Einzelportion (170 g) erh\u00e4ltlich unter der Ref.-Nr. 2175. Wird auch als Platte (1,2 kg) angeboten unter der Ref.-Nr. 21759.<\/p>\n<p><strong><a href=\"https:\/\/www.exquisitarium.com\/wp-content\/uploads\/2018\/03\/Pictogramas_Exquisitarium_forn-e1520333452926.png\"><img decoding=\"async\" class=\"alignnone wp-image-4919\" src=\"https:\/\/www.exquisitarium.com\/wp-content\/uploads\/2018\/03\/Pictogramas_Exquisitarium_forn-252x300.png\" alt=\"\" width=\"70\" height=\"70\" \/><\/a>OVEN<\/strong><\/p>\n<p><strong><a href=\"https:\/\/www.exquisitarium.com\/wp-content\/uploads\/2018\/03\/Pictogramas_Exquisitarium_plancha-e1520250307654.png\"><img decoding=\"async\" class=\"alignnone wp-image-4893\" src=\"https:\/\/www.exquisitarium.com\/wp-content\/uploads\/2018\/03\/Pictogramas_Exquisitarium_plancha-251x300.png\" alt=\"\" width=\"70\" height=\"70\" \/><\/a>ANTIHAFTBESCHICHTETE GRILLPLATTE<\/strong><\/p>\n<p>Ref.-Nr. 2175. HEISSLUFTOFEN: Mit \u00d6l einfetten, auf ein Teflonblech legen und 6\u20137 Minuten lang bei 220 \u00b0C backen. Nur Umluft, keine Feuchtigkeit. EISEN- ODER ANTIHAFTBESCHICHTETE PFANNE: Vorher auftauen, je nach Bedarf aufteilen, mit \u00d6l bestreichen und bei mittlerer Hitze von beiden Seiten anbraten. Ref.-Nr. 21759: Nach dem Auftauen nach Bedarf zerteilen<\/p>\n","protected":false},"excerpt":{"rendered":"<p><a class=\"button\" href=\"https:\/\/www.exquisitarium.com\/de\/kontakt-formular\/\">Informationen Anfordern<\/a><\/p>\n<p>&nbsp;<\/p>\n<p>Platte mit konfierten Schweinerippchen. Ein traditionelles Produkt in einem modernen Stil<\/p>\n","protected":false},"featured_media":21912,"template":"","meta":{"_exactmetrics_skip_tracking":false,"_exactmetrics_sitenote_active":false,"_exactmetrics_sitenote_note":"","_exactmetrics_sitenote_category":0},"product_cat":[392,385],"product_tag":[394],"class_list":{"0":"post-18990","1":"product","2":"type-product","3":"status-publish","4":"has-post-thumbnail","6":"product_cat-fleisch","7":"product_cat-tapas","8":"product_tag-fleisch-de","9":"pa_aplicacion-bar-de","10":"pa_aplicacion-catering-de","11":"pa_aplicacion-gastrobar-de","12":"pa_aplicacion-hotels-de","13":"pa_aplicacion-restaurant-de","14":"pa_regeneracion-backofen","15":"pa_regeneracion-plancha-de","17":"first","18":"instock","19":"shipping-taxable","20":"product-type-simple"},"yoast_head":"<!-- This site is optimized with the Yoast SEO plugin v27.5 - https:\/\/yoast.com\/product\/yoast-seo-wordpress\/ -->\n<title>PLATTE MIT KONFITIEREN SCHWEINERIPPCHEN - Platos Preparados por profesionales- EXQUISITARIUM<\/title>\n<meta name=\"robots\" content=\"index, follow, max-snippet:-1, max-image-preview:large, max-video-preview:-1\" \/>\n<link rel=\"canonical\" href=\"https:\/\/www.exquisitarium.com\/de\/produkt\/platte-mit-konfierten-schweinerippchen\/\" \/>\n<meta property=\"og:locale\" content=\"de_DE\" \/>\n<meta property=\"og:type\" content=\"article\" \/>\n<meta property=\"og:title\" content=\"PLATTE MIT KONFITIEREN SCHWEINERIPPCHEN - Platos Preparados por profesionales- EXQUISITARIUM\" \/>\n<meta property=\"og:description\" content=\"Informationen Anfordern  &nbsp;  Platte mit konfierten Schweinerippchen. Ein traditionelles Produkt in einem modernen Stil\" \/>\n<meta property=\"og:url\" content=\"https:\/\/www.exquisitarium.com\/de\/produkt\/platte-mit-konfierten-schweinerippchen\/\" \/>\n<meta property=\"og:site_name\" content=\"EXQUISITARIUM\" \/>\n<meta property=\"article:publisher\" content=\"https:\/\/www.facebook.com\/exquisitarium\/\" \/>\n<meta property=\"article:modified_time\" content=\"2025-09-17T10:27:43+00:00\" \/>\n<meta property=\"og:image\" content=\"https:\/\/www.exquisitarium.com\/wp-content\/uploads\/2020\/06\/PLACA-DE-COSTILLA-DE-CERDO-CONFITADA.png\" \/>\n\t<meta property=\"og:image:width\" content=\"700\" \/>\n\t<meta property=\"og:image:height\" content=\"466\" \/>\n\t<meta property=\"og:image:type\" content=\"image\/png\" \/>\n<meta name=\"twitter:card\" content=\"summary_large_image\" \/>\n<meta name=\"twitter:label1\" content=\"Gesch\u00e4tzte Lesezeit\" \/>\n\t<meta name=\"twitter:data1\" content=\"2\u00a0Minuten\" \/>\n<script type=\"application\/ld+json\" class=\"yoast-schema-graph\">{\"@context\":\"https:\\\/\\\/schema.org\",\"@graph\":[{\"@type\":\"WebPage\",\"@id\":\"https:\\\/\\\/www.exquisitarium.com\\\/de\\\/produkt\\\/platte-mit-konfierten-schweinerippchen\\\/\",\"url\":\"https:\\\/\\\/www.exquisitarium.com\\\/de\\\/produkt\\\/platte-mit-konfierten-schweinerippchen\\\/\",\"name\":\"PLATTE MIT KONFITIEREN SCHWEINERIPPCHEN - Platos Preparados por profesionales- EXQUISITARIUM\",\"isPartOf\":{\"@id\":\"https:\\\/\\\/www.exquisitarium.com\\\/de\\\/#website\"},\"primaryImageOfPage\":{\"@id\":\"https:\\\/\\\/www.exquisitarium.com\\\/de\\\/produkt\\\/platte-mit-konfierten-schweinerippchen\\\/#primaryimage\"},\"image\":{\"@id\":\"https:\\\/\\\/www.exquisitarium.com\\\/de\\\/produkt\\\/platte-mit-konfierten-schweinerippchen\\\/#primaryimage\"},\"thumbnailUrl\":\"https:\\\/\\\/www.exquisitarium.com\\\/wp-content\\\/uploads\\\/2020\\\/06\\\/PLACA-DE-COSTILLA-DE-CERDO-CONFITADA.png\",\"datePublished\":\"2020-06-09T07:21:23+00:00\",\"dateModified\":\"2025-09-17T10:27:43+00:00\",\"breadcrumb\":{\"@id\":\"https:\\\/\\\/www.exquisitarium.com\\\/de\\\/produkt\\\/platte-mit-konfierten-schweinerippchen\\\/#breadcrumb\"},\"inLanguage\":\"de\",\"potentialAction\":[{\"@type\":\"ReadAction\",\"target\":[\"https:\\\/\\\/www.exquisitarium.com\\\/de\\\/produkt\\\/platte-mit-konfierten-schweinerippchen\\\/\"]}]},{\"@type\":\"ImageObject\",\"inLanguage\":\"de\",\"@id\":\"https:\\\/\\\/www.exquisitarium.com\\\/de\\\/produkt\\\/platte-mit-konfierten-schweinerippchen\\\/#primaryimage\",\"url\":\"https:\\\/\\\/www.exquisitarium.com\\\/wp-content\\\/uploads\\\/2020\\\/06\\\/PLACA-DE-COSTILLA-DE-CERDO-CONFITADA.png\",\"contentUrl\":\"https:\\\/\\\/www.exquisitarium.com\\\/wp-content\\\/uploads\\\/2020\\\/06\\\/PLACA-DE-COSTILLA-DE-CERDO-CONFITADA.png\",\"width\":700,\"height\":466},{\"@type\":\"BreadcrumbList\",\"@id\":\"https:\\\/\\\/www.exquisitarium.com\\\/de\\\/produkt\\\/platte-mit-konfierten-schweinerippchen\\\/#breadcrumb\",\"itemListElement\":[{\"@type\":\"ListItem\",\"position\":1,\"name\":\"Home\",\"item\":\"https:\\\/\\\/www.exquisitarium.com\\\/de\\\/\"},{\"@type\":\"ListItem\",\"position\":2,\"name\":\"Produkt suchen\",\"item\":\"https:\\\/\\\/www.exquisitarium.com\\\/de\\\/produkt-suchen\\\/\"},{\"@type\":\"ListItem\",\"position\":3,\"name\":\"PLATTE MIT KONFITIEREN SCHWEINERIPPCHEN\"}]},{\"@type\":\"WebSite\",\"@id\":\"https:\\\/\\\/www.exquisitarium.com\\\/de\\\/#website\",\"url\":\"https:\\\/\\\/www.exquisitarium.com\\\/de\\\/\",\"name\":\"EXQUISITARIUM\",\"description\":\"Tu cocina en buenas manos\",\"publisher\":{\"@id\":\"https:\\\/\\\/www.exquisitarium.com\\\/de\\\/#organization\"},\"potentialAction\":[{\"@type\":\"SearchAction\",\"target\":{\"@type\":\"EntryPoint\",\"urlTemplate\":\"https:\\\/\\\/www.exquisitarium.com\\\/de\\\/?s={search_term_string}\"},\"query-input\":{\"@type\":\"PropertyValueSpecification\",\"valueRequired\":true,\"valueName\":\"search_term_string\"}}],\"inLanguage\":\"de\"},{\"@type\":\"Organization\",\"@id\":\"https:\\\/\\\/www.exquisitarium.com\\\/de\\\/#organization\",\"name\":\"EXQUISITARIUM\",\"url\":\"https:\\\/\\\/www.exquisitarium.com\\\/de\\\/\",\"logo\":{\"@type\":\"ImageObject\",\"inLanguage\":\"de\",\"@id\":\"https:\\\/\\\/www.exquisitarium.com\\\/de\\\/#\\\/schema\\\/logo\\\/image\\\/\",\"url\":\"https:\\\/\\\/www.exquisitarium.com\\\/wp-content\\\/uploads\\\/2025\\\/10\\\/exquisitarium-logo.svg\",\"contentUrl\":\"https:\\\/\\\/www.exquisitarium.com\\\/wp-content\\\/uploads\\\/2025\\\/10\\\/exquisitarium-logo.svg\",\"width\":233,\"height\":37,\"caption\":\"EXQUISITARIUM\"},\"image\":{\"@id\":\"https:\\\/\\\/www.exquisitarium.com\\\/de\\\/#\\\/schema\\\/logo\\\/image\\\/\"},\"sameAs\":[\"https:\\\/\\\/www.facebook.com\\\/exquisitarium\\\/\",\"https:\\\/\\\/www.instagram.com\\\/exquisitarium\\\/\",\"https:\\\/\\\/www.linkedin.com\\\/company\\\/exquisitarium\\\/\"]}]}<\/script>\n<!-- \/ Yoast SEO plugin. -->","yoast_head_json":{"title":"PLATTE MIT KONFITIEREN SCHWEINERIPPCHEN - Platos Preparados por profesionales- EXQUISITARIUM","robots":{"index":"index","follow":"follow","max-snippet":"max-snippet:-1","max-image-preview":"max-image-preview:large","max-video-preview":"max-video-preview:-1"},"canonical":"https:\/\/www.exquisitarium.com\/de\/produkt\/platte-mit-konfierten-schweinerippchen\/","og_locale":"de_DE","og_type":"article","og_title":"PLATTE MIT KONFITIEREN SCHWEINERIPPCHEN - Platos Preparados por profesionales- EXQUISITARIUM","og_description":"Informationen Anfordern  &nbsp;  Platte mit konfierten Schweinerippchen. Ein traditionelles Produkt in einem modernen Stil","og_url":"https:\/\/www.exquisitarium.com\/de\/produkt\/platte-mit-konfierten-schweinerippchen\/","og_site_name":"EXQUISITARIUM","article_publisher":"https:\/\/www.facebook.com\/exquisitarium\/","article_modified_time":"2025-09-17T10:27:43+00:00","og_image":[{"width":700,"height":466,"url":"https:\/\/www.exquisitarium.com\/wp-content\/uploads\/2020\/06\/PLACA-DE-COSTILLA-DE-CERDO-CONFITADA.png","type":"image\/png"}],"twitter_card":"summary_large_image","twitter_misc":{"Gesch\u00e4tzte Lesezeit":"2\u00a0Minuten"},"schema":{"@context":"https:\/\/schema.org","@graph":[{"@type":"WebPage","@id":"https:\/\/www.exquisitarium.com\/de\/produkt\/platte-mit-konfierten-schweinerippchen\/","url":"https:\/\/www.exquisitarium.com\/de\/produkt\/platte-mit-konfierten-schweinerippchen\/","name":"PLATTE MIT KONFITIEREN SCHWEINERIPPCHEN - Platos Preparados por profesionales- EXQUISITARIUM","isPartOf":{"@id":"https:\/\/www.exquisitarium.com\/de\/#website"},"primaryImageOfPage":{"@id":"https:\/\/www.exquisitarium.com\/de\/produkt\/platte-mit-konfierten-schweinerippchen\/#primaryimage"},"image":{"@id":"https:\/\/www.exquisitarium.com\/de\/produkt\/platte-mit-konfierten-schweinerippchen\/#primaryimage"},"thumbnailUrl":"https:\/\/www.exquisitarium.com\/wp-content\/uploads\/2020\/06\/PLACA-DE-COSTILLA-DE-CERDO-CONFITADA.png","datePublished":"2020-06-09T07:21:23+00:00","dateModified":"2025-09-17T10:27:43+00:00","breadcrumb":{"@id":"https:\/\/www.exquisitarium.com\/de\/produkt\/platte-mit-konfierten-schweinerippchen\/#breadcrumb"},"inLanguage":"de","potentialAction":[{"@type":"ReadAction","target":["https:\/\/www.exquisitarium.com\/de\/produkt\/platte-mit-konfierten-schweinerippchen\/"]}]},{"@type":"ImageObject","inLanguage":"de","@id":"https:\/\/www.exquisitarium.com\/de\/produkt\/platte-mit-konfierten-schweinerippchen\/#primaryimage","url":"https:\/\/www.exquisitarium.com\/wp-content\/uploads\/2020\/06\/PLACA-DE-COSTILLA-DE-CERDO-CONFITADA.png","contentUrl":"https:\/\/www.exquisitarium.com\/wp-content\/uploads\/2020\/06\/PLACA-DE-COSTILLA-DE-CERDO-CONFITADA.png","width":700,"height":466},{"@type":"BreadcrumbList","@id":"https:\/\/www.exquisitarium.com\/de\/produkt\/platte-mit-konfierten-schweinerippchen\/#breadcrumb","itemListElement":[{"@type":"ListItem","position":1,"name":"Home","item":"https:\/\/www.exquisitarium.com\/de\/"},{"@type":"ListItem","position":2,"name":"Produkt suchen","item":"https:\/\/www.exquisitarium.com\/de\/produkt-suchen\/"},{"@type":"ListItem","position":3,"name":"PLATTE MIT KONFITIEREN SCHWEINERIPPCHEN"}]},{"@type":"WebSite","@id":"https:\/\/www.exquisitarium.com\/de\/#website","url":"https:\/\/www.exquisitarium.com\/de\/","name":"EXQUISITARIUM","description":"Tu cocina en buenas manos","publisher":{"@id":"https:\/\/www.exquisitarium.com\/de\/#organization"},"potentialAction":[{"@type":"SearchAction","target":{"@type":"EntryPoint","urlTemplate":"https:\/\/www.exquisitarium.com\/de\/?s={search_term_string}"},"query-input":{"@type":"PropertyValueSpecification","valueRequired":true,"valueName":"search_term_string"}}],"inLanguage":"de"},{"@type":"Organization","@id":"https:\/\/www.exquisitarium.com\/de\/#organization","name":"EXQUISITARIUM","url":"https:\/\/www.exquisitarium.com\/de\/","logo":{"@type":"ImageObject","inLanguage":"de","@id":"https:\/\/www.exquisitarium.com\/de\/#\/schema\/logo\/image\/","url":"https:\/\/www.exquisitarium.com\/wp-content\/uploads\/2025\/10\/exquisitarium-logo.svg","contentUrl":"https:\/\/www.exquisitarium.com\/wp-content\/uploads\/2025\/10\/exquisitarium-logo.svg","width":233,"height":37,"caption":"EXQUISITARIUM"},"image":{"@id":"https:\/\/www.exquisitarium.com\/de\/#\/schema\/logo\/image\/"},"sameAs":["https:\/\/www.facebook.com\/exquisitarium\/","https:\/\/www.instagram.com\/exquisitarium\/","https:\/\/www.linkedin.com\/company\/exquisitarium\/"]}]}},"_links":{"self":[{"href":"https:\/\/www.exquisitarium.com\/de\/wp-json\/wp\/v2\/product\/18990","targetHints":{"allow":["GET"]}}],"collection":[{"href":"https:\/\/www.exquisitarium.com\/de\/wp-json\/wp\/v2\/product"}],"about":[{"href":"https:\/\/www.exquisitarium.com\/de\/wp-json\/wp\/v2\/types\/product"}],"version-history":[{"count":0,"href":"https:\/\/www.exquisitarium.com\/de\/wp-json\/wp\/v2\/product\/18990\/revisions"}],"wp:featuredmedia":[{"embeddable":true,"href":"https:\/\/www.exquisitarium.com\/de\/wp-json\/wp\/v2\/media\/21912"}],"wp:attachment":[{"href":"https:\/\/www.exquisitarium.com\/de\/wp-json\/wp\/v2\/media?parent=18990"}],"wp:term":[{"taxonomy":"product_cat","embeddable":true,"href":"https:\/\/www.exquisitarium.com\/de\/wp-json\/wp\/v2\/product_cat?post=18990"},{"taxonomy":"product_tag","embeddable":true,"href":"https:\/\/www.exquisitarium.com\/de\/wp-json\/wp\/v2\/product_tag?post=18990"}],"curies":[{"name":"wp","href":"https:\/\/api.w.org\/{rel}","templated":true}]}}