{"id":18986,"date":"2023-12-11T10:47:28","date_gmt":"2023-12-11T09:47:28","guid":{"rendered":"https:\/\/www.exquisitarium.com\/productos\/mini-bao-mit-geraeuchertem-paprika-huehnchen\/"},"modified":"2026-03-02T16:35:33","modified_gmt":"2026-03-02T15:35:33","slug":"mini-bao-mit-geraeuchertem-paprika-huehnchen","status":"publish","type":"product","link":"https:\/\/www.exquisitarium.com\/de\/produkt\/mini-bao-mit-geraeuchertem-paprika-huehnchen\/","title":{"rendered":"MINI-BAO MIT GER\u00c4UCHERTEM PAPRIKA-H\u00dcHNCHEN"},"content":{"rendered":"<p>Unser \u201eMini-Bao mit ger\u00e4uchertem Paprika-H\u00e4hnchen\u201c ist viel mehr als ein einfaches Sandwich. Es ist ein einzigartiges Gericht, das sowohl Liebhaber der asiatischen K\u00fcche als auch diejenigen, die neue und aufregende Geschmacksrichtungen ausprobieren m\u00f6chten, in seinen Bann ziehen wird.<\/p>\n<p><strong><a href=\"https:\/\/www.exquisitarium.com\/wp-content\/uploads\/2018\/03\/Pictogramas_Exquisitarium_freidora-e1520250825326.png\"><img decoding=\"async\" class=\"alignnone wp-image-4878\" src=\"https:\/\/www.exquisitarium.com\/wp-content\/uploads\/2018\/03\/Pictogramas_Exquisitarium_freidora-251x300.png\" alt=\"\" width=\"70\" height=\"70\" \/><\/a>FRITEUSE<\/strong><\/p>\n<p><strong><a href=\"https:\/\/www.exquisitarium.com\/wp-content\/uploads\/2018\/03\/Pictogramas_Exquisitarium_forn-e1520333452926.png\"><img decoding=\"async\" class=\"alignnone wp-image-4919\" src=\"https:\/\/www.exquisitarium.com\/wp-content\/uploads\/2018\/03\/Pictogramas_Exquisitarium_forn-252x300.png\" alt=\"\" width=\"70\" height=\"70\" \/><\/a>OFEN<\/strong><\/p>\n<p>FRITTEUSE: Direkt tiefgefroren 3\u20134 Minuten lang in reichlich sauberem, sehr hei\u00dfem \u00d6l bei 180 \u00b0C frittieren. Bedenken Sie, dass das \u00d6l abk\u00fchlt, wenn zu viele St\u00fccke in zu wenig \u00d6l frittiert werden, sodass kein optimales Ergebnis erzielt werden kann. Dar\u00fcber hinaus muss das \u00d6l zwischen den einzelnen Frittiervorg\u00e4ngen wieder auf eine Temperatur von 180 \u00b0C erhitzt werden, um erneut richtig frittieren zu k\u00f6nnen. DAMPFBACKOFEN: Den Backofen auf 100 \u00b0C vorheizen und im Dampfmodus 7 Minuten lang garen. Es empfiehlt sich, das Gericht vor dem Servieren zwei Minuten lang ruhen zu lassen.<\/p>\n","protected":false},"excerpt":{"rendered":"<p><a class=\"button\" href=\"https:\/\/www.exquisitarium.com\/de\/kontakt-formular\/\">Informationen Anfordern<\/a><\/p>\n<p>&nbsp;<\/p>\n<p>Wir pr\u00e4sentieren Ihnen unsere k\u00f6stliches Gericht \u201eMini-Bao gef\u00fcllt mit ger\u00e4uchertem Paprika-H\u00e4hnchen\u201c: Ein geschmackvolles und einzigartiges kulinarisches Erlebnis, das Ihre Sinne erfreuen und Ihren Gaumen verw\u00f6hnen wird!<\/p>\n","protected":false},"featured_media":23866,"template":"","meta":{"_exactmetrics_skip_tracking":false,"_exactmetrics_sitenote_active":false,"_exactmetrics_sitenote_note":"","_exactmetrics_sitenote_category":0},"product_cat":[377],"product_tag":[396],"class_list":{"0":"post-18986","1":"product","2":"type-product","3":"status-publish","4":"has-post-thumbnail","6":"product_cat-snacks","7":"product_tag-andere-erste-gange","8":"pa_aplicacion-catering-de","9":"pa_aplicacion-gastrobar-de","10":"pa_aplicacion-hotels-de","11":"pa_aplicacion-restaurant-de","12":"pa_regeneracion-backofen","13":"pa_regeneracion-friteuse","15":"first","16":"instock","17":"shipping-taxable","18":"product-type-simple"},"yoast_head":"<!-- This site is optimized with the Yoast SEO plugin v27.4 - https:\/\/yoast.com\/product\/yoast-seo-wordpress\/ -->\n<title>MINI-BAO MIT GER\u00c4UCHERTEM PAPRIKA-H\u00dcHNCHEN - plats preparats per professionals- EXQUISITARIUM<\/title>\n<meta name=\"robots\" content=\"index, follow, max-snippet:-1, max-image-preview:large, max-video-preview:-1\" \/>\n<link rel=\"canonical\" href=\"https:\/\/www.exquisitarium.com\/de\/produkt\/mini-bao-mit-geraeuchertem-paprika-huehnchen\/\" \/>\n<meta property=\"og:locale\" content=\"de_DE\" \/>\n<meta property=\"og:type\" content=\"article\" \/>\n<meta property=\"og:title\" content=\"MINI-BAO MIT GER\u00c4UCHERTEM PAPRIKA-H\u00dcHNCHEN - plats preparats per professionals- EXQUISITARIUM\" \/>\n<meta property=\"og:description\" content=\"Informationen Anfordern  &nbsp;  Wir pr\u00e4sentieren Ihnen unsere k\u00f6stliches Gericht \u201eMini-Bao gef\u00fcllt mit ger\u00e4uchertem Paprika-H\u00e4hnchen\u201c: Ein geschmackvolles und einzigartiges kulinarisches Erlebnis, das Ihre Sinne erfreuen und Ihren Gaumen verw\u00f6hnen wird!\" \/>\n<meta property=\"og:url\" content=\"https:\/\/www.exquisitarium.com\/de\/produkt\/mini-bao-mit-geraeuchertem-paprika-huehnchen\/\" \/>\n<meta property=\"og:site_name\" content=\"EXQUISITARIUM\" \/>\n<meta property=\"article:publisher\" content=\"https:\/\/www.facebook.com\/exquisitarium\/\" \/>\n<meta property=\"article:modified_time\" content=\"2026-03-02T15:35:33+00:00\" \/>\n<meta property=\"og:image\" content=\"https:\/\/www.exquisitarium.com\/wp-content\/uploads\/2023\/12\/MINI-BAO-DE-POLLO-AL-PIMENTON-AHUMADO.png\" \/>\n\t<meta property=\"og:image:width\" content=\"500\" \/>\n\t<meta property=\"og:image:height\" content=\"500\" \/>\n\t<meta property=\"og:image:type\" content=\"image\/png\" \/>\n<meta name=\"twitter:card\" content=\"summary_large_image\" \/>\n<meta name=\"twitter:label1\" content=\"Gesch\u00e4tzte Lesezeit\" \/>\n\t<meta name=\"twitter:data1\" content=\"1\u00a0Minute\" \/>\n<script type=\"application\/ld+json\" class=\"yoast-schema-graph\">{\"@context\":\"https:\\\/\\\/schema.org\",\"@graph\":[{\"@type\":\"WebPage\",\"@id\":\"https:\\\/\\\/www.exquisitarium.com\\\/de\\\/produkt\\\/mini-bao-mit-geraeuchertem-paprika-huehnchen\\\/\",\"url\":\"https:\\\/\\\/www.exquisitarium.com\\\/de\\\/produkt\\\/mini-bao-mit-geraeuchertem-paprika-huehnchen\\\/\",\"name\":\"MINI-BAO MIT GER\u00c4UCHERTEM PAPRIKA-H\u00dcHNCHEN - plats preparats per professionals- EXQUISITARIUM\",\"isPartOf\":{\"@id\":\"https:\\\/\\\/www.exquisitarium.com\\\/de\\\/#website\"},\"primaryImageOfPage\":{\"@id\":\"https:\\\/\\\/www.exquisitarium.com\\\/de\\\/produkt\\\/mini-bao-mit-geraeuchertem-paprika-huehnchen\\\/#primaryimage\"},\"image\":{\"@id\":\"https:\\\/\\\/www.exquisitarium.com\\\/de\\\/produkt\\\/mini-bao-mit-geraeuchertem-paprika-huehnchen\\\/#primaryimage\"},\"thumbnailUrl\":\"https:\\\/\\\/www.exquisitarium.com\\\/wp-content\\\/uploads\\\/2023\\\/12\\\/MINI-BAO-DE-POLLO-AL-PIMENTON-AHUMADO.png\",\"datePublished\":\"2023-12-11T09:47:28+00:00\",\"dateModified\":\"2026-03-02T15:35:33+00:00\",\"breadcrumb\":{\"@id\":\"https:\\\/\\\/www.exquisitarium.com\\\/de\\\/produkt\\\/mini-bao-mit-geraeuchertem-paprika-huehnchen\\\/#breadcrumb\"},\"inLanguage\":\"de\",\"potentialAction\":[{\"@type\":\"ReadAction\",\"target\":[\"https:\\\/\\\/www.exquisitarium.com\\\/de\\\/produkt\\\/mini-bao-mit-geraeuchertem-paprika-huehnchen\\\/\"]}]},{\"@type\":\"ImageObject\",\"inLanguage\":\"de\",\"@id\":\"https:\\\/\\\/www.exquisitarium.com\\\/de\\\/produkt\\\/mini-bao-mit-geraeuchertem-paprika-huehnchen\\\/#primaryimage\",\"url\":\"https:\\\/\\\/www.exquisitarium.com\\\/wp-content\\\/uploads\\\/2023\\\/12\\\/MINI-BAO-DE-POLLO-AL-PIMENTON-AHUMADO.png\",\"contentUrl\":\"https:\\\/\\\/www.exquisitarium.com\\\/wp-content\\\/uploads\\\/2023\\\/12\\\/MINI-BAO-DE-POLLO-AL-PIMENTON-AHUMADO.png\",\"width\":500,\"height\":500},{\"@type\":\"BreadcrumbList\",\"@id\":\"https:\\\/\\\/www.exquisitarium.com\\\/de\\\/produkt\\\/mini-bao-mit-geraeuchertem-paprika-huehnchen\\\/#breadcrumb\",\"itemListElement\":[{\"@type\":\"ListItem\",\"position\":1,\"name\":\"Home\",\"item\":\"https:\\\/\\\/www.exquisitarium.com\\\/de\\\/\"},{\"@type\":\"ListItem\",\"position\":2,\"name\":\"Produkt suchen\",\"item\":\"https:\\\/\\\/www.exquisitarium.com\\\/de\\\/produkt-suchen\\\/\"},{\"@type\":\"ListItem\",\"position\":3,\"name\":\"MINI-BAO MIT GER\u00c4UCHERTEM PAPRIKA-H\u00dcHNCHEN\"}]},{\"@type\":\"WebSite\",\"@id\":\"https:\\\/\\\/www.exquisitarium.com\\\/de\\\/#website\",\"url\":\"https:\\\/\\\/www.exquisitarium.com\\\/de\\\/\",\"name\":\"EXQUISITARIUM\",\"description\":\"Tu cocina en buenas manos\",\"publisher\":{\"@id\":\"https:\\\/\\\/www.exquisitarium.com\\\/de\\\/#organization\"},\"potentialAction\":[{\"@type\":\"SearchAction\",\"target\":{\"@type\":\"EntryPoint\",\"urlTemplate\":\"https:\\\/\\\/www.exquisitarium.com\\\/de\\\/?s={search_term_string}\"},\"query-input\":{\"@type\":\"PropertyValueSpecification\",\"valueRequired\":true,\"valueName\":\"search_term_string\"}}],\"inLanguage\":\"de\"},{\"@type\":\"Organization\",\"@id\":\"https:\\\/\\\/www.exquisitarium.com\\\/de\\\/#organization\",\"name\":\"EXQUISITARIUM\",\"url\":\"https:\\\/\\\/www.exquisitarium.com\\\/de\\\/\",\"logo\":{\"@type\":\"ImageObject\",\"inLanguage\":\"de\",\"@id\":\"https:\\\/\\\/www.exquisitarium.com\\\/de\\\/#\\\/schema\\\/logo\\\/image\\\/\",\"url\":\"https:\\\/\\\/www.exquisitarium.com\\\/wp-content\\\/uploads\\\/2025\\\/10\\\/exquisitarium-logo.svg\",\"contentUrl\":\"https:\\\/\\\/www.exquisitarium.com\\\/wp-content\\\/uploads\\\/2025\\\/10\\\/exquisitarium-logo.svg\",\"width\":233,\"height\":37,\"caption\":\"EXQUISITARIUM\"},\"image\":{\"@id\":\"https:\\\/\\\/www.exquisitarium.com\\\/de\\\/#\\\/schema\\\/logo\\\/image\\\/\"},\"sameAs\":[\"https:\\\/\\\/www.facebook.com\\\/exquisitarium\\\/\",\"https:\\\/\\\/www.instagram.com\\\/exquisitarium\\\/\",\"https:\\\/\\\/www.linkedin.com\\\/company\\\/exquisitarium\\\/\"]}]}<\/script>\n<!-- \/ Yoast SEO plugin. -->","yoast_head_json":{"title":"MINI-BAO MIT GER\u00c4UCHERTEM PAPRIKA-H\u00dcHNCHEN - plats preparats per professionals- EXQUISITARIUM","robots":{"index":"index","follow":"follow","max-snippet":"max-snippet:-1","max-image-preview":"max-image-preview:large","max-video-preview":"max-video-preview:-1"},"canonical":"https:\/\/www.exquisitarium.com\/de\/produkt\/mini-bao-mit-geraeuchertem-paprika-huehnchen\/","og_locale":"de_DE","og_type":"article","og_title":"MINI-BAO MIT GER\u00c4UCHERTEM PAPRIKA-H\u00dcHNCHEN - plats preparats per professionals- EXQUISITARIUM","og_description":"Informationen Anfordern  &nbsp;  Wir pr\u00e4sentieren Ihnen unsere k\u00f6stliches Gericht \u201eMini-Bao gef\u00fcllt mit ger\u00e4uchertem Paprika-H\u00e4hnchen\u201c: Ein geschmackvolles und einzigartiges kulinarisches Erlebnis, das Ihre Sinne erfreuen und Ihren Gaumen verw\u00f6hnen wird!","og_url":"https:\/\/www.exquisitarium.com\/de\/produkt\/mini-bao-mit-geraeuchertem-paprika-huehnchen\/","og_site_name":"EXQUISITARIUM","article_publisher":"https:\/\/www.facebook.com\/exquisitarium\/","article_modified_time":"2026-03-02T15:35:33+00:00","og_image":[{"width":500,"height":500,"url":"https:\/\/www.exquisitarium.com\/wp-content\/uploads\/2023\/12\/MINI-BAO-DE-POLLO-AL-PIMENTON-AHUMADO.png","type":"image\/png"}],"twitter_card":"summary_large_image","twitter_misc":{"Gesch\u00e4tzte Lesezeit":"1\u00a0Minute"},"schema":{"@context":"https:\/\/schema.org","@graph":[{"@type":"WebPage","@id":"https:\/\/www.exquisitarium.com\/de\/produkt\/mini-bao-mit-geraeuchertem-paprika-huehnchen\/","url":"https:\/\/www.exquisitarium.com\/de\/produkt\/mini-bao-mit-geraeuchertem-paprika-huehnchen\/","name":"MINI-BAO MIT GER\u00c4UCHERTEM PAPRIKA-H\u00dcHNCHEN - plats preparats per professionals- EXQUISITARIUM","isPartOf":{"@id":"https:\/\/www.exquisitarium.com\/de\/#website"},"primaryImageOfPage":{"@id":"https:\/\/www.exquisitarium.com\/de\/produkt\/mini-bao-mit-geraeuchertem-paprika-huehnchen\/#primaryimage"},"image":{"@id":"https:\/\/www.exquisitarium.com\/de\/produkt\/mini-bao-mit-geraeuchertem-paprika-huehnchen\/#primaryimage"},"thumbnailUrl":"https:\/\/www.exquisitarium.com\/wp-content\/uploads\/2023\/12\/MINI-BAO-DE-POLLO-AL-PIMENTON-AHUMADO.png","datePublished":"2023-12-11T09:47:28+00:00","dateModified":"2026-03-02T15:35:33+00:00","breadcrumb":{"@id":"https:\/\/www.exquisitarium.com\/de\/produkt\/mini-bao-mit-geraeuchertem-paprika-huehnchen\/#breadcrumb"},"inLanguage":"de","potentialAction":[{"@type":"ReadAction","target":["https:\/\/www.exquisitarium.com\/de\/produkt\/mini-bao-mit-geraeuchertem-paprika-huehnchen\/"]}]},{"@type":"ImageObject","inLanguage":"de","@id":"https:\/\/www.exquisitarium.com\/de\/produkt\/mini-bao-mit-geraeuchertem-paprika-huehnchen\/#primaryimage","url":"https:\/\/www.exquisitarium.com\/wp-content\/uploads\/2023\/12\/MINI-BAO-DE-POLLO-AL-PIMENTON-AHUMADO.png","contentUrl":"https:\/\/www.exquisitarium.com\/wp-content\/uploads\/2023\/12\/MINI-BAO-DE-POLLO-AL-PIMENTON-AHUMADO.png","width":500,"height":500},{"@type":"BreadcrumbList","@id":"https:\/\/www.exquisitarium.com\/de\/produkt\/mini-bao-mit-geraeuchertem-paprika-huehnchen\/#breadcrumb","itemListElement":[{"@type":"ListItem","position":1,"name":"Home","item":"https:\/\/www.exquisitarium.com\/de\/"},{"@type":"ListItem","position":2,"name":"Produkt suchen","item":"https:\/\/www.exquisitarium.com\/de\/produkt-suchen\/"},{"@type":"ListItem","position":3,"name":"MINI-BAO MIT GER\u00c4UCHERTEM PAPRIKA-H\u00dcHNCHEN"}]},{"@type":"WebSite","@id":"https:\/\/www.exquisitarium.com\/de\/#website","url":"https:\/\/www.exquisitarium.com\/de\/","name":"EXQUISITARIUM","description":"Tu cocina en buenas manos","publisher":{"@id":"https:\/\/www.exquisitarium.com\/de\/#organization"},"potentialAction":[{"@type":"SearchAction","target":{"@type":"EntryPoint","urlTemplate":"https:\/\/www.exquisitarium.com\/de\/?s={search_term_string}"},"query-input":{"@type":"PropertyValueSpecification","valueRequired":true,"valueName":"search_term_string"}}],"inLanguage":"de"},{"@type":"Organization","@id":"https:\/\/www.exquisitarium.com\/de\/#organization","name":"EXQUISITARIUM","url":"https:\/\/www.exquisitarium.com\/de\/","logo":{"@type":"ImageObject","inLanguage":"de","@id":"https:\/\/www.exquisitarium.com\/de\/#\/schema\/logo\/image\/","url":"https:\/\/www.exquisitarium.com\/wp-content\/uploads\/2025\/10\/exquisitarium-logo.svg","contentUrl":"https:\/\/www.exquisitarium.com\/wp-content\/uploads\/2025\/10\/exquisitarium-logo.svg","width":233,"height":37,"caption":"EXQUISITARIUM"},"image":{"@id":"https:\/\/www.exquisitarium.com\/de\/#\/schema\/logo\/image\/"},"sameAs":["https:\/\/www.facebook.com\/exquisitarium\/","https:\/\/www.instagram.com\/exquisitarium\/","https:\/\/www.linkedin.com\/company\/exquisitarium\/"]}]}},"_links":{"self":[{"href":"https:\/\/www.exquisitarium.com\/de\/wp-json\/wp\/v2\/product\/18986","targetHints":{"allow":["GET"]}}],"collection":[{"href":"https:\/\/www.exquisitarium.com\/de\/wp-json\/wp\/v2\/product"}],"about":[{"href":"https:\/\/www.exquisitarium.com\/de\/wp-json\/wp\/v2\/types\/product"}],"version-history":[{"count":1,"href":"https:\/\/www.exquisitarium.com\/de\/wp-json\/wp\/v2\/product\/18986\/revisions"}],"predecessor-version":[{"id":24227,"href":"https:\/\/www.exquisitarium.com\/de\/wp-json\/wp\/v2\/product\/18986\/revisions\/24227"}],"wp:featuredmedia":[{"embeddable":true,"href":"https:\/\/www.exquisitarium.com\/de\/wp-json\/wp\/v2\/media\/23866"}],"wp:attachment":[{"href":"https:\/\/www.exquisitarium.com\/de\/wp-json\/wp\/v2\/media?parent=18986"}],"wp:term":[{"taxonomy":"product_cat","embeddable":true,"href":"https:\/\/www.exquisitarium.com\/de\/wp-json\/wp\/v2\/product_cat?post=18986"},{"taxonomy":"product_tag","embeddable":true,"href":"https:\/\/www.exquisitarium.com\/de\/wp-json\/wp\/v2\/product_tag?post=18986"}],"curies":[{"name":"wp","href":"https:\/\/api.w.org\/{rel}","templated":true}]}}