{"id":18983,"date":"2023-12-11T16:08:17","date_gmt":"2023-12-11T15:08:17","guid":{"rendered":"https:\/\/www.exquisitarium.com\/productos\/kartoffeln-mit-huevos-rotos-zerbrochenen-eiern-und-schinken\/"},"modified":"2026-03-02T16:51:00","modified_gmt":"2026-03-02T15:51:00","slug":"kartoffeln-mit-huevos-rotos-zerbrochenen-eiern-und-schinken","status":"publish","type":"product","link":"https:\/\/www.exquisitarium.com\/de\/produkt\/kartoffeln-mit-huevos-rotos-zerbrochenen-eiern-und-schinken\/","title":{"rendered":"KARTOFFEIN MIT (ZERBROCHENEN EIERN) UND SCHINKEN"},"content":{"rendered":"<p>Dies ist eine innovative und k\u00f6stliche Version eines klassischen Gerichts. Wir heben dieses traditionelle Rezept auf ein neues Niveau und verleihen ihm unsere besondere Note, um Ihnen ein einzigartiges gastronomisches Erlebnis zu bieten<\/p>\n<p><strong><a href=\"https:\/\/www.exquisitarium.com\/wp-content\/uploads\/2018\/03\/Pictogramas_Exquisitarium_freidora-e1520250825326.png\"><img decoding=\"async\" class=\"alignnone wp-image-4878\" src=\"https:\/\/www.exquisitarium.com\/wp-content\/uploads\/2018\/03\/Pictogramas_Exquisitarium_freidora-251x300.png\" alt=\"\" width=\"70\" height=\"70\" \/><\/a>FRITEUSE<\/strong><\/p>\n<p>Direkt tiefgek\u00fchlt 1,5 Minuten lang in reichlich sauberem, auf 180 \u00b0C erhitztem \u00d6l frittieren. Bedenken Sie, dass das \u00d6l abk\u00fchlt, wenn viele Kartoffeln in wenig \u00d6l frittiert werden, sodass kein optimales Ergebnis erzielt werden kann. Dar\u00fcber hinaus muss das \u00d6l zwischen den einzelnen Frittiervorg\u00e4ngen wieder auf eine Temperatur von 180 \u00b0C erhitzt werden, um erneut richtig frittieren zu k\u00f6nnen. Es empfiehlt sich, das Gericht vor dem Servieren zwei Minuten lang ruhen zu lassen.<\/p>\n","protected":false},"excerpt":{"rendered":"<p><a class=\"button\" href=\"https:\/\/www.exquisitarium.com\/de\/kontakt-formular\/\">Informationen Anfordern<\/a><\/p>\n<p>Dieses typisch spanische Kartoffel-Eier-Gericht ist eine unwiderstehlich k\u00f6stliche Option f\u00fcr alle, die einen authentischen und hochwertigen Geschmack genie\u00dfen m\u00f6chten.<\/p>\n","protected":false},"featured_media":23861,"template":"","meta":{"_exactmetrics_skip_tracking":false,"_exactmetrics_sitenote_active":false,"_exactmetrics_sitenote_note":"","_exactmetrics_sitenote_category":0},"product_cat":[377],"product_tag":[391],"class_list":{"0":"post-18983","1":"product","2":"type-product","3":"status-publish","4":"has-post-thumbnail","6":"product_cat-snacks","7":"product_tag-bomben-krapfen","8":"pa_aplicacion-catering-de","9":"pa_aplicacion-gastrobar-de","10":"pa_aplicacion-hotels-de","11":"pa_aplicacion-restaurant-de","12":"pa_regeneracion-friteuse","14":"first","15":"instock","16":"featured","17":"shipping-taxable","18":"product-type-simple"},"yoast_head":"<!-- This site is optimized with the Yoast SEO plugin v27.5 - https:\/\/yoast.com\/product\/yoast-seo-wordpress\/ -->\n<title>KARTOFFEIN MIT (ZERBROCHENEN EIERN) UND SCHINKEN - plats preparats per professionals- EXQUISITARIUM<\/title>\n<meta name=\"robots\" content=\"index, follow, max-snippet:-1, max-image-preview:large, max-video-preview:-1\" \/>\n<link rel=\"canonical\" href=\"https:\/\/www.exquisitarium.com\/de\/produkt\/kartoffeln-mit-huevos-rotos-zerbrochenen-eiern-und-schinken\/\" \/>\n<meta property=\"og:locale\" content=\"de_DE\" \/>\n<meta property=\"og:type\" content=\"article\" \/>\n<meta property=\"og:title\" content=\"KARTOFFEIN MIT (ZERBROCHENEN EIERN) UND SCHINKEN - plats preparats per professionals- EXQUISITARIUM\" \/>\n<meta property=\"og:description\" content=\"Informationen Anfordern  Dieses typisch spanische Kartoffel-Eier-Gericht ist eine unwiderstehlich k\u00f6stliche Option f\u00fcr alle, die einen authentischen und hochwertigen Geschmack genie\u00dfen m\u00f6chten.\" \/>\n<meta property=\"og:url\" content=\"https:\/\/www.exquisitarium.com\/de\/produkt\/kartoffeln-mit-huevos-rotos-zerbrochenen-eiern-und-schinken\/\" \/>\n<meta property=\"og:site_name\" content=\"EXQUISITARIUM\" \/>\n<meta property=\"article:publisher\" content=\"https:\/\/www.facebook.com\/exquisitarium\/\" \/>\n<meta property=\"article:modified_time\" content=\"2026-03-02T15:51:00+00:00\" \/>\n<meta property=\"og:image\" content=\"https:\/\/www.exquisitarium.com\/wp-content\/uploads\/2022\/03\/PATATA-DE-HUEVOS-ROTOS-CON-JAMON.png\" \/>\n\t<meta property=\"og:image:width\" content=\"800\" \/>\n\t<meta property=\"og:image:height\" content=\"800\" \/>\n\t<meta property=\"og:image:type\" content=\"image\/png\" \/>\n<meta name=\"twitter:card\" content=\"summary_large_image\" \/>\n<meta name=\"twitter:label1\" content=\"Gesch\u00e4tzte Lesezeit\" \/>\n\t<meta name=\"twitter:data1\" content=\"1\u00a0Minute\" \/>\n<script type=\"application\/ld+json\" class=\"yoast-schema-graph\">{\"@context\":\"https:\\\/\\\/schema.org\",\"@graph\":[{\"@type\":\"WebPage\",\"@id\":\"https:\\\/\\\/www.exquisitarium.com\\\/de\\\/produkt\\\/kartoffeln-mit-huevos-rotos-zerbrochenen-eiern-und-schinken\\\/\",\"url\":\"https:\\\/\\\/www.exquisitarium.com\\\/de\\\/produkt\\\/kartoffeln-mit-huevos-rotos-zerbrochenen-eiern-und-schinken\\\/\",\"name\":\"KARTOFFEIN MIT (ZERBROCHENEN EIERN) UND SCHINKEN - plats preparats per professionals- EXQUISITARIUM\",\"isPartOf\":{\"@id\":\"https:\\\/\\\/www.exquisitarium.com\\\/de\\\/#website\"},\"primaryImageOfPage\":{\"@id\":\"https:\\\/\\\/www.exquisitarium.com\\\/de\\\/produkt\\\/kartoffeln-mit-huevos-rotos-zerbrochenen-eiern-und-schinken\\\/#primaryimage\"},\"image\":{\"@id\":\"https:\\\/\\\/www.exquisitarium.com\\\/de\\\/produkt\\\/kartoffeln-mit-huevos-rotos-zerbrochenen-eiern-und-schinken\\\/#primaryimage\"},\"thumbnailUrl\":\"https:\\\/\\\/www.exquisitarium.com\\\/wp-content\\\/uploads\\\/2022\\\/03\\\/PATATA-DE-HUEVOS-ROTOS-CON-JAMON.png\",\"datePublished\":\"2023-12-11T15:08:17+00:00\",\"dateModified\":\"2026-03-02T15:51:00+00:00\",\"breadcrumb\":{\"@id\":\"https:\\\/\\\/www.exquisitarium.com\\\/de\\\/produkt\\\/kartoffeln-mit-huevos-rotos-zerbrochenen-eiern-und-schinken\\\/#breadcrumb\"},\"inLanguage\":\"de\",\"potentialAction\":[{\"@type\":\"ReadAction\",\"target\":[\"https:\\\/\\\/www.exquisitarium.com\\\/de\\\/produkt\\\/kartoffeln-mit-huevos-rotos-zerbrochenen-eiern-und-schinken\\\/\"]}]},{\"@type\":\"ImageObject\",\"inLanguage\":\"de\",\"@id\":\"https:\\\/\\\/www.exquisitarium.com\\\/de\\\/produkt\\\/kartoffeln-mit-huevos-rotos-zerbrochenen-eiern-und-schinken\\\/#primaryimage\",\"url\":\"https:\\\/\\\/www.exquisitarium.com\\\/wp-content\\\/uploads\\\/2022\\\/03\\\/PATATA-DE-HUEVOS-ROTOS-CON-JAMON.png\",\"contentUrl\":\"https:\\\/\\\/www.exquisitarium.com\\\/wp-content\\\/uploads\\\/2022\\\/03\\\/PATATA-DE-HUEVOS-ROTOS-CON-JAMON.png\",\"width\":800,\"height\":800},{\"@type\":\"BreadcrumbList\",\"@id\":\"https:\\\/\\\/www.exquisitarium.com\\\/de\\\/produkt\\\/kartoffeln-mit-huevos-rotos-zerbrochenen-eiern-und-schinken\\\/#breadcrumb\",\"itemListElement\":[{\"@type\":\"ListItem\",\"position\":1,\"name\":\"Home\",\"item\":\"https:\\\/\\\/www.exquisitarium.com\\\/de\\\/\"},{\"@type\":\"ListItem\",\"position\":2,\"name\":\"Produkt suchen\",\"item\":\"https:\\\/\\\/www.exquisitarium.com\\\/de\\\/produkt-suchen\\\/\"},{\"@type\":\"ListItem\",\"position\":3,\"name\":\"KARTOFFEIN MIT (ZERBROCHENEN EIERN) UND SCHINKEN\"}]},{\"@type\":\"WebSite\",\"@id\":\"https:\\\/\\\/www.exquisitarium.com\\\/de\\\/#website\",\"url\":\"https:\\\/\\\/www.exquisitarium.com\\\/de\\\/\",\"name\":\"EXQUISITARIUM\",\"description\":\"Tu cocina en buenas manos\",\"publisher\":{\"@id\":\"https:\\\/\\\/www.exquisitarium.com\\\/de\\\/#organization\"},\"potentialAction\":[{\"@type\":\"SearchAction\",\"target\":{\"@type\":\"EntryPoint\",\"urlTemplate\":\"https:\\\/\\\/www.exquisitarium.com\\\/de\\\/?s={search_term_string}\"},\"query-input\":{\"@type\":\"PropertyValueSpecification\",\"valueRequired\":true,\"valueName\":\"search_term_string\"}}],\"inLanguage\":\"de\"},{\"@type\":\"Organization\",\"@id\":\"https:\\\/\\\/www.exquisitarium.com\\\/de\\\/#organization\",\"name\":\"EXQUISITARIUM\",\"url\":\"https:\\\/\\\/www.exquisitarium.com\\\/de\\\/\",\"logo\":{\"@type\":\"ImageObject\",\"inLanguage\":\"de\",\"@id\":\"https:\\\/\\\/www.exquisitarium.com\\\/de\\\/#\\\/schema\\\/logo\\\/image\\\/\",\"url\":\"https:\\\/\\\/www.exquisitarium.com\\\/wp-content\\\/uploads\\\/2025\\\/10\\\/exquisitarium-logo.svg\",\"contentUrl\":\"https:\\\/\\\/www.exquisitarium.com\\\/wp-content\\\/uploads\\\/2025\\\/10\\\/exquisitarium-logo.svg\",\"width\":233,\"height\":37,\"caption\":\"EXQUISITARIUM\"},\"image\":{\"@id\":\"https:\\\/\\\/www.exquisitarium.com\\\/de\\\/#\\\/schema\\\/logo\\\/image\\\/\"},\"sameAs\":[\"https:\\\/\\\/www.facebook.com\\\/exquisitarium\\\/\",\"https:\\\/\\\/www.instagram.com\\\/exquisitarium\\\/\",\"https:\\\/\\\/www.linkedin.com\\\/company\\\/exquisitarium\\\/\"]}]}<\/script>\n<!-- \/ Yoast SEO plugin. -->","yoast_head_json":{"title":"KARTOFFEIN MIT (ZERBROCHENEN EIERN) UND SCHINKEN - plats preparats per professionals- EXQUISITARIUM","robots":{"index":"index","follow":"follow","max-snippet":"max-snippet:-1","max-image-preview":"max-image-preview:large","max-video-preview":"max-video-preview:-1"},"canonical":"https:\/\/www.exquisitarium.com\/de\/produkt\/kartoffeln-mit-huevos-rotos-zerbrochenen-eiern-und-schinken\/","og_locale":"de_DE","og_type":"article","og_title":"KARTOFFEIN MIT (ZERBROCHENEN EIERN) UND SCHINKEN - plats preparats per professionals- EXQUISITARIUM","og_description":"Informationen Anfordern  Dieses typisch spanische Kartoffel-Eier-Gericht ist eine unwiderstehlich k\u00f6stliche Option f\u00fcr alle, die einen authentischen und hochwertigen Geschmack genie\u00dfen m\u00f6chten.","og_url":"https:\/\/www.exquisitarium.com\/de\/produkt\/kartoffeln-mit-huevos-rotos-zerbrochenen-eiern-und-schinken\/","og_site_name":"EXQUISITARIUM","article_publisher":"https:\/\/www.facebook.com\/exquisitarium\/","article_modified_time":"2026-03-02T15:51:00+00:00","og_image":[{"width":800,"height":800,"url":"https:\/\/www.exquisitarium.com\/wp-content\/uploads\/2022\/03\/PATATA-DE-HUEVOS-ROTOS-CON-JAMON.png","type":"image\/png"}],"twitter_card":"summary_large_image","twitter_misc":{"Gesch\u00e4tzte Lesezeit":"1\u00a0Minute"},"schema":{"@context":"https:\/\/schema.org","@graph":[{"@type":"WebPage","@id":"https:\/\/www.exquisitarium.com\/de\/produkt\/kartoffeln-mit-huevos-rotos-zerbrochenen-eiern-und-schinken\/","url":"https:\/\/www.exquisitarium.com\/de\/produkt\/kartoffeln-mit-huevos-rotos-zerbrochenen-eiern-und-schinken\/","name":"KARTOFFEIN MIT (ZERBROCHENEN EIERN) UND SCHINKEN - plats preparats per professionals- EXQUISITARIUM","isPartOf":{"@id":"https:\/\/www.exquisitarium.com\/de\/#website"},"primaryImageOfPage":{"@id":"https:\/\/www.exquisitarium.com\/de\/produkt\/kartoffeln-mit-huevos-rotos-zerbrochenen-eiern-und-schinken\/#primaryimage"},"image":{"@id":"https:\/\/www.exquisitarium.com\/de\/produkt\/kartoffeln-mit-huevos-rotos-zerbrochenen-eiern-und-schinken\/#primaryimage"},"thumbnailUrl":"https:\/\/www.exquisitarium.com\/wp-content\/uploads\/2022\/03\/PATATA-DE-HUEVOS-ROTOS-CON-JAMON.png","datePublished":"2023-12-11T15:08:17+00:00","dateModified":"2026-03-02T15:51:00+00:00","breadcrumb":{"@id":"https:\/\/www.exquisitarium.com\/de\/produkt\/kartoffeln-mit-huevos-rotos-zerbrochenen-eiern-und-schinken\/#breadcrumb"},"inLanguage":"de","potentialAction":[{"@type":"ReadAction","target":["https:\/\/www.exquisitarium.com\/de\/produkt\/kartoffeln-mit-huevos-rotos-zerbrochenen-eiern-und-schinken\/"]}]},{"@type":"ImageObject","inLanguage":"de","@id":"https:\/\/www.exquisitarium.com\/de\/produkt\/kartoffeln-mit-huevos-rotos-zerbrochenen-eiern-und-schinken\/#primaryimage","url":"https:\/\/www.exquisitarium.com\/wp-content\/uploads\/2022\/03\/PATATA-DE-HUEVOS-ROTOS-CON-JAMON.png","contentUrl":"https:\/\/www.exquisitarium.com\/wp-content\/uploads\/2022\/03\/PATATA-DE-HUEVOS-ROTOS-CON-JAMON.png","width":800,"height":800},{"@type":"BreadcrumbList","@id":"https:\/\/www.exquisitarium.com\/de\/produkt\/kartoffeln-mit-huevos-rotos-zerbrochenen-eiern-und-schinken\/#breadcrumb","itemListElement":[{"@type":"ListItem","position":1,"name":"Home","item":"https:\/\/www.exquisitarium.com\/de\/"},{"@type":"ListItem","position":2,"name":"Produkt suchen","item":"https:\/\/www.exquisitarium.com\/de\/produkt-suchen\/"},{"@type":"ListItem","position":3,"name":"KARTOFFEIN MIT (ZERBROCHENEN EIERN) UND SCHINKEN"}]},{"@type":"WebSite","@id":"https:\/\/www.exquisitarium.com\/de\/#website","url":"https:\/\/www.exquisitarium.com\/de\/","name":"EXQUISITARIUM","description":"Tu cocina en buenas manos","publisher":{"@id":"https:\/\/www.exquisitarium.com\/de\/#organization"},"potentialAction":[{"@type":"SearchAction","target":{"@type":"EntryPoint","urlTemplate":"https:\/\/www.exquisitarium.com\/de\/?s={search_term_string}"},"query-input":{"@type":"PropertyValueSpecification","valueRequired":true,"valueName":"search_term_string"}}],"inLanguage":"de"},{"@type":"Organization","@id":"https:\/\/www.exquisitarium.com\/de\/#organization","name":"EXQUISITARIUM","url":"https:\/\/www.exquisitarium.com\/de\/","logo":{"@type":"ImageObject","inLanguage":"de","@id":"https:\/\/www.exquisitarium.com\/de\/#\/schema\/logo\/image\/","url":"https:\/\/www.exquisitarium.com\/wp-content\/uploads\/2025\/10\/exquisitarium-logo.svg","contentUrl":"https:\/\/www.exquisitarium.com\/wp-content\/uploads\/2025\/10\/exquisitarium-logo.svg","width":233,"height":37,"caption":"EXQUISITARIUM"},"image":{"@id":"https:\/\/www.exquisitarium.com\/de\/#\/schema\/logo\/image\/"},"sameAs":["https:\/\/www.facebook.com\/exquisitarium\/","https:\/\/www.instagram.com\/exquisitarium\/","https:\/\/www.linkedin.com\/company\/exquisitarium\/"]}]}},"_links":{"self":[{"href":"https:\/\/www.exquisitarium.com\/de\/wp-json\/wp\/v2\/product\/18983","targetHints":{"allow":["GET"]}}],"collection":[{"href":"https:\/\/www.exquisitarium.com\/de\/wp-json\/wp\/v2\/product"}],"about":[{"href":"https:\/\/www.exquisitarium.com\/de\/wp-json\/wp\/v2\/types\/product"}],"version-history":[{"count":1,"href":"https:\/\/www.exquisitarium.com\/de\/wp-json\/wp\/v2\/product\/18983\/revisions"}],"predecessor-version":[{"id":24242,"href":"https:\/\/www.exquisitarium.com\/de\/wp-json\/wp\/v2\/product\/18983\/revisions\/24242"}],"wp:featuredmedia":[{"embeddable":true,"href":"https:\/\/www.exquisitarium.com\/de\/wp-json\/wp\/v2\/media\/23861"}],"wp:attachment":[{"href":"https:\/\/www.exquisitarium.com\/de\/wp-json\/wp\/v2\/media?parent=18983"}],"wp:term":[{"taxonomy":"product_cat","embeddable":true,"href":"https:\/\/www.exquisitarium.com\/de\/wp-json\/wp\/v2\/product_cat?post=18983"},{"taxonomy":"product_tag","embeddable":true,"href":"https:\/\/www.exquisitarium.com\/de\/wp-json\/wp\/v2\/product_tag?post=18983"}],"curies":[{"name":"wp","href":"https:\/\/api.w.org\/{rel}","templated":true}]}}