{"id":18980,"date":"2023-12-20T13:24:02","date_gmt":"2023-12-20T12:24:02","guid":{"rendered":"https:\/\/www.exquisitarium.com\/productos\/tiramisu-mochi\/"},"modified":"2025-09-15T12:40:00","modified_gmt":"2025-09-15T10:40:00","slug":"tiramisu-mochi","status":"publish","type":"product","link":"https:\/\/www.exquisitarium.com\/de\/produkt\/tiramisu-mochi\/","title":{"rendered":"TIRAMISU MOCHI"},"content":{"rendered":"<p>Dieser exquisite Happen vereint die Essenz des klassischen italienischen Desserts mit der traditionellen Textur japanischer Mochi und sorgt dadurch f\u00fcr ein au\u00dfergew\u00f6hnliches Geschmackserlebnis. Jede einzelne Portion ist mit einer sanften und k\u00f6stlichen Tiramisu\u2013Creme, Kaffee und Kakao gef\u00fcllt<\/p>\n<p><strong><a href=\"https:\/\/www.exquisitarium.com\/wp-content\/uploads\/2018\/03\/Pictogramas_Exquisitarium_descongelar.png\"><img decoding=\"async\" class=\"alignnone wp-image-4868\" src=\"https:\/\/www.exquisitarium.com\/wp-content\/uploads\/2018\/03\/Pictogramas_Exquisitarium_descongelar.png\" alt=\"\" width=\"70\" height=\"70\" \/> <\/a>AUFTAUEN<\/strong><\/p>\n<p>Vor dem Verzehr im K\u00fchlschrank auftauen lassen<\/p>\n","protected":false},"excerpt":{"rendered":"<p><a class=\"button\" href=\"https:\/\/www.exquisitarium.com\/de\/kontakt-formular\/\">Informationen Anfordern<\/a><\/p>\n<p>Lassen Sie sich von der Zartheit und dem unwiderstehlichen Geschmack unseres Tiramisu-Mochi verf\u00fchren!<\/p>\n","protected":false},"featured_media":23855,"template":"","meta":{"_exactmetrics_skip_tracking":false,"_exactmetrics_sitenote_active":false,"_exactmetrics_sitenote_note":"","_exactmetrics_sitenote_category":0},"product_cat":[398],"product_tag":[400,368],"class_list":{"0":"post-18980","1":"product","2":"type-product","3":"status-publish","4":"has-post-thumbnail","6":"product_cat-nachspeisen","7":"product_tag-desserts","8":"product_tag-katalog-neuheiten","9":"pa_aplicacion-cafeteria-backerei","10":"pa_aplicacion-catering-de","11":"pa_aplicacion-gastrobar-de","12":"pa_aplicacion-hotels-de","13":"pa_aplicacion-restaurant-de","14":"pa_regeneracion-auftauen","16":"first","17":"instock","18":"shipping-taxable","19":"product-type-simple"},"yoast_head":"<!-- This site is optimized with the Yoast SEO plugin v27.4 - https:\/\/yoast.com\/product\/yoast-seo-wordpress\/ -->\n<title>TIRAMISU MOCHI - plats preparats per professionals- EXQUISITARIUM<\/title>\n<meta name=\"robots\" content=\"index, follow, max-snippet:-1, max-image-preview:large, max-video-preview:-1\" \/>\n<link rel=\"canonical\" href=\"https:\/\/www.exquisitarium.com\/de\/produkt\/tiramisu-mochi\/\" \/>\n<meta property=\"og:locale\" content=\"de_DE\" \/>\n<meta property=\"og:type\" content=\"article\" \/>\n<meta property=\"og:title\" content=\"TIRAMISU MOCHI - plats preparats per professionals- EXQUISITARIUM\" \/>\n<meta property=\"og:description\" content=\"Informationen Anfordern  Lassen Sie sich von der Zartheit und dem unwiderstehlichen Geschmack unseres Tiramisu-Mochi verf\u00fchren!\" \/>\n<meta property=\"og:url\" content=\"https:\/\/www.exquisitarium.com\/de\/produkt\/tiramisu-mochi\/\" \/>\n<meta property=\"og:site_name\" content=\"EXQUISITARIUM\" \/>\n<meta property=\"article:publisher\" content=\"https:\/\/www.facebook.com\/exquisitarium\/\" \/>\n<meta property=\"article:modified_time\" content=\"2025-09-15T10:40:00+00:00\" \/>\n<meta property=\"og:image\" content=\"https:\/\/www.exquisitarium.com\/wp-content\/uploads\/2023\/12\/MOCHI-DE-TIRAMISU\u2560u.png\" \/>\n\t<meta property=\"og:image:width\" content=\"700\" \/>\n\t<meta property=\"og:image:height\" content=\"700\" \/>\n\t<meta property=\"og:image:type\" content=\"image\/png\" \/>\n<meta name=\"twitter:card\" content=\"summary_large_image\" \/>\n<script type=\"application\/ld+json\" class=\"yoast-schema-graph\">{\"@context\":\"https:\\\/\\\/schema.org\",\"@graph\":[{\"@type\":\"WebPage\",\"@id\":\"https:\\\/\\\/www.exquisitarium.com\\\/de\\\/produkt\\\/tiramisu-mochi\\\/\",\"url\":\"https:\\\/\\\/www.exquisitarium.com\\\/de\\\/produkt\\\/tiramisu-mochi\\\/\",\"name\":\"TIRAMISU MOCHI - plats preparats per professionals- EXQUISITARIUM\",\"isPartOf\":{\"@id\":\"https:\\\/\\\/www.exquisitarium.com\\\/de\\\/#website\"},\"primaryImageOfPage\":{\"@id\":\"https:\\\/\\\/www.exquisitarium.com\\\/de\\\/produkt\\\/tiramisu-mochi\\\/#primaryimage\"},\"image\":{\"@id\":\"https:\\\/\\\/www.exquisitarium.com\\\/de\\\/produkt\\\/tiramisu-mochi\\\/#primaryimage\"},\"thumbnailUrl\":\"https:\\\/\\\/www.exquisitarium.com\\\/wp-content\\\/uploads\\\/2023\\\/12\\\/MOCHI-DE-TIRAMISU.png\",\"datePublished\":\"2023-12-20T12:24:02+00:00\",\"dateModified\":\"2025-09-15T10:40:00+00:00\",\"breadcrumb\":{\"@id\":\"https:\\\/\\\/www.exquisitarium.com\\\/de\\\/produkt\\\/tiramisu-mochi\\\/#breadcrumb\"},\"inLanguage\":\"de\",\"potentialAction\":[{\"@type\":\"ReadAction\",\"target\":[\"https:\\\/\\\/www.exquisitarium.com\\\/de\\\/produkt\\\/tiramisu-mochi\\\/\"]}]},{\"@type\":\"ImageObject\",\"inLanguage\":\"de\",\"@id\":\"https:\\\/\\\/www.exquisitarium.com\\\/de\\\/produkt\\\/tiramisu-mochi\\\/#primaryimage\",\"url\":\"https:\\\/\\\/www.exquisitarium.com\\\/wp-content\\\/uploads\\\/2023\\\/12\\\/MOCHI-DE-TIRAMISU.png\",\"contentUrl\":\"https:\\\/\\\/www.exquisitarium.com\\\/wp-content\\\/uploads\\\/2023\\\/12\\\/MOCHI-DE-TIRAMISU.png\",\"width\":700,\"height\":700},{\"@type\":\"BreadcrumbList\",\"@id\":\"https:\\\/\\\/www.exquisitarium.com\\\/de\\\/produkt\\\/tiramisu-mochi\\\/#breadcrumb\",\"itemListElement\":[{\"@type\":\"ListItem\",\"position\":1,\"name\":\"Home\",\"item\":\"https:\\\/\\\/www.exquisitarium.com\\\/de\\\/\"},{\"@type\":\"ListItem\",\"position\":2,\"name\":\"Produkt suchen\",\"item\":\"https:\\\/\\\/www.exquisitarium.com\\\/de\\\/produkt-suchen\\\/\"},{\"@type\":\"ListItem\",\"position\":3,\"name\":\"TIRAMISU MOCHI\"}]},{\"@type\":\"WebSite\",\"@id\":\"https:\\\/\\\/www.exquisitarium.com\\\/de\\\/#website\",\"url\":\"https:\\\/\\\/www.exquisitarium.com\\\/de\\\/\",\"name\":\"EXQUISITARIUM\",\"description\":\"Tu cocina en buenas manos\",\"publisher\":{\"@id\":\"https:\\\/\\\/www.exquisitarium.com\\\/de\\\/#organization\"},\"potentialAction\":[{\"@type\":\"SearchAction\",\"target\":{\"@type\":\"EntryPoint\",\"urlTemplate\":\"https:\\\/\\\/www.exquisitarium.com\\\/de\\\/?s={search_term_string}\"},\"query-input\":{\"@type\":\"PropertyValueSpecification\",\"valueRequired\":true,\"valueName\":\"search_term_string\"}}],\"inLanguage\":\"de\"},{\"@type\":\"Organization\",\"@id\":\"https:\\\/\\\/www.exquisitarium.com\\\/de\\\/#organization\",\"name\":\"EXQUISITARIUM\",\"url\":\"https:\\\/\\\/www.exquisitarium.com\\\/de\\\/\",\"logo\":{\"@type\":\"ImageObject\",\"inLanguage\":\"de\",\"@id\":\"https:\\\/\\\/www.exquisitarium.com\\\/de\\\/#\\\/schema\\\/logo\\\/image\\\/\",\"url\":\"https:\\\/\\\/www.exquisitarium.com\\\/wp-content\\\/uploads\\\/2025\\\/10\\\/exquisitarium-logo.svg\",\"contentUrl\":\"https:\\\/\\\/www.exquisitarium.com\\\/wp-content\\\/uploads\\\/2025\\\/10\\\/exquisitarium-logo.svg\",\"width\":233,\"height\":37,\"caption\":\"EXQUISITARIUM\"},\"image\":{\"@id\":\"https:\\\/\\\/www.exquisitarium.com\\\/de\\\/#\\\/schema\\\/logo\\\/image\\\/\"},\"sameAs\":[\"https:\\\/\\\/www.facebook.com\\\/exquisitarium\\\/\",\"https:\\\/\\\/www.instagram.com\\\/exquisitarium\\\/\",\"https:\\\/\\\/www.linkedin.com\\\/company\\\/exquisitarium\\\/\"]}]}<\/script>\n<!-- \/ Yoast SEO plugin. -->","yoast_head_json":{"title":"TIRAMISU MOCHI - plats preparats per professionals- EXQUISITARIUM","robots":{"index":"index","follow":"follow","max-snippet":"max-snippet:-1","max-image-preview":"max-image-preview:large","max-video-preview":"max-video-preview:-1"},"canonical":"https:\/\/www.exquisitarium.com\/de\/produkt\/tiramisu-mochi\/","og_locale":"de_DE","og_type":"article","og_title":"TIRAMISU MOCHI - plats preparats per professionals- EXQUISITARIUM","og_description":"Informationen Anfordern  Lassen Sie sich von der Zartheit und dem unwiderstehlichen Geschmack unseres Tiramisu-Mochi verf\u00fchren!","og_url":"https:\/\/www.exquisitarium.com\/de\/produkt\/tiramisu-mochi\/","og_site_name":"EXQUISITARIUM","article_publisher":"https:\/\/www.facebook.com\/exquisitarium\/","article_modified_time":"2025-09-15T10:40:00+00:00","og_image":[{"width":700,"height":700,"url":"https:\/\/www.exquisitarium.com\/wp-content\/uploads\/2023\/12\/MOCHI-DE-TIRAMISU\u2560u.png","type":"image\/png"}],"twitter_card":"summary_large_image","schema":{"@context":"https:\/\/schema.org","@graph":[{"@type":"WebPage","@id":"https:\/\/www.exquisitarium.com\/de\/produkt\/tiramisu-mochi\/","url":"https:\/\/www.exquisitarium.com\/de\/produkt\/tiramisu-mochi\/","name":"TIRAMISU MOCHI - plats preparats per professionals- EXQUISITARIUM","isPartOf":{"@id":"https:\/\/www.exquisitarium.com\/de\/#website"},"primaryImageOfPage":{"@id":"https:\/\/www.exquisitarium.com\/de\/produkt\/tiramisu-mochi\/#primaryimage"},"image":{"@id":"https:\/\/www.exquisitarium.com\/de\/produkt\/tiramisu-mochi\/#primaryimage"},"thumbnailUrl":"https:\/\/www.exquisitarium.com\/wp-content\/uploads\/2023\/12\/MOCHI-DE-TIRAMISU.png","datePublished":"2023-12-20T12:24:02+00:00","dateModified":"2025-09-15T10:40:00+00:00","breadcrumb":{"@id":"https:\/\/www.exquisitarium.com\/de\/produkt\/tiramisu-mochi\/#breadcrumb"},"inLanguage":"de","potentialAction":[{"@type":"ReadAction","target":["https:\/\/www.exquisitarium.com\/de\/produkt\/tiramisu-mochi\/"]}]},{"@type":"ImageObject","inLanguage":"de","@id":"https:\/\/www.exquisitarium.com\/de\/produkt\/tiramisu-mochi\/#primaryimage","url":"https:\/\/www.exquisitarium.com\/wp-content\/uploads\/2023\/12\/MOCHI-DE-TIRAMISU.png","contentUrl":"https:\/\/www.exquisitarium.com\/wp-content\/uploads\/2023\/12\/MOCHI-DE-TIRAMISU.png","width":700,"height":700},{"@type":"BreadcrumbList","@id":"https:\/\/www.exquisitarium.com\/de\/produkt\/tiramisu-mochi\/#breadcrumb","itemListElement":[{"@type":"ListItem","position":1,"name":"Home","item":"https:\/\/www.exquisitarium.com\/de\/"},{"@type":"ListItem","position":2,"name":"Produkt suchen","item":"https:\/\/www.exquisitarium.com\/de\/produkt-suchen\/"},{"@type":"ListItem","position":3,"name":"TIRAMISU MOCHI"}]},{"@type":"WebSite","@id":"https:\/\/www.exquisitarium.com\/de\/#website","url":"https:\/\/www.exquisitarium.com\/de\/","name":"EXQUISITARIUM","description":"Tu cocina en buenas manos","publisher":{"@id":"https:\/\/www.exquisitarium.com\/de\/#organization"},"potentialAction":[{"@type":"SearchAction","target":{"@type":"EntryPoint","urlTemplate":"https:\/\/www.exquisitarium.com\/de\/?s={search_term_string}"},"query-input":{"@type":"PropertyValueSpecification","valueRequired":true,"valueName":"search_term_string"}}],"inLanguage":"de"},{"@type":"Organization","@id":"https:\/\/www.exquisitarium.com\/de\/#organization","name":"EXQUISITARIUM","url":"https:\/\/www.exquisitarium.com\/de\/","logo":{"@type":"ImageObject","inLanguage":"de","@id":"https:\/\/www.exquisitarium.com\/de\/#\/schema\/logo\/image\/","url":"https:\/\/www.exquisitarium.com\/wp-content\/uploads\/2025\/10\/exquisitarium-logo.svg","contentUrl":"https:\/\/www.exquisitarium.com\/wp-content\/uploads\/2025\/10\/exquisitarium-logo.svg","width":233,"height":37,"caption":"EXQUISITARIUM"},"image":{"@id":"https:\/\/www.exquisitarium.com\/de\/#\/schema\/logo\/image\/"},"sameAs":["https:\/\/www.facebook.com\/exquisitarium\/","https:\/\/www.instagram.com\/exquisitarium\/","https:\/\/www.linkedin.com\/company\/exquisitarium\/"]}]}},"_links":{"self":[{"href":"https:\/\/www.exquisitarium.com\/de\/wp-json\/wp\/v2\/product\/18980","targetHints":{"allow":["GET"]}}],"collection":[{"href":"https:\/\/www.exquisitarium.com\/de\/wp-json\/wp\/v2\/product"}],"about":[{"href":"https:\/\/www.exquisitarium.com\/de\/wp-json\/wp\/v2\/types\/product"}],"version-history":[{"count":0,"href":"https:\/\/www.exquisitarium.com\/de\/wp-json\/wp\/v2\/product\/18980\/revisions"}],"wp:featuredmedia":[{"embeddable":true,"href":"https:\/\/www.exquisitarium.com\/de\/wp-json\/wp\/v2\/media\/23855"}],"wp:attachment":[{"href":"https:\/\/www.exquisitarium.com\/de\/wp-json\/wp\/v2\/media?parent=18980"}],"wp:term":[{"taxonomy":"product_cat","embeddable":true,"href":"https:\/\/www.exquisitarium.com\/de\/wp-json\/wp\/v2\/product_cat?post=18980"},{"taxonomy":"product_tag","embeddable":true,"href":"https:\/\/www.exquisitarium.com\/de\/wp-json\/wp\/v2\/product_tag?post=18980"}],"curies":[{"name":"wp","href":"https:\/\/api.w.org\/{rel}","templated":true}]}}