{"id":12380,"date":"2018-03-06T15:27:31","date_gmt":"2018-03-06T14:27:31","guid":{"rendered":"https:\/\/www.exquisitarium.com\/productos\/iberische-schweinebaeckchen-honig-senf\/"},"modified":"2025-09-15T16:25:34","modified_gmt":"2025-09-15T14:25:34","slug":"iberische-schweinebaeckchen-honig-senf","status":"publish","type":"product","link":"https:\/\/www.exquisitarium.com\/de\/produkt\/iberische-schweinebaeckchen-honig-senf\/","title":{"rendered":"IBERISCHE SCHWEINEB\u00c4CKCHEN MIT HONIG UND SENF"},"content":{"rendered":"<p>Saftige Schweineb\u00e4ckchen in einer Honig-Senf-Sauce. Eine gelungene Kombination aus s\u00fc\u00dfem und saurem Kontrast.<\/p>\n<p><strong><a href=\"https:\/\/www.exquisitarium.com\/wp-content\/uploads\/2018\/03\/Pictogramas_Exquisitarium_micro-e1520250428352.png\"><img decoding=\"async\" class=\"alignnone wp-image-4888\" src=\"https:\/\/www.exquisitarium.com\/wp-content\/uploads\/2018\/03\/Pictogramas_Exquisitarium_micro.png\" alt=\"\" width=\"70\" height=\"70\" \/><\/a>MIKROWELLE<\/strong><\/p>\n<p>Ohne vorheriges Auftauen den Deckel des Beh\u00e4lters an verschiedenen Stellen durchstechen. Mikrowelle bei voller Leistung (800 W) f\u00fcr 5-6 min. bis der Boden sehr hei\u00df ist. Die Sauce muss vor dem Servieren m\u00f6glicherweise etwas gesch\u00fcttelt werden, um sie wieder zusammenzubinden. Es ist auch m\u00f6glich, im Ofen oder Topf oder im Wasserbad zu regenerieren.<\/p>\n","protected":false},"excerpt":{"rendered":"<p><a class=\"button\" href=\"https:\/\/www.exquisitarium.com\/de\/kontakt-formular\/\">Informationen Anfordern<\/a><\/p>\n<p>Saftige Schweineb\u00e4ckchen mit einer \u00fcberraschenden Kombination von Geschmacksnoten.<\/p>\n","protected":false},"featured_media":24047,"template":"","meta":{"_exactmetrics_skip_tracking":false,"_exactmetrics_sitenote_active":false,"_exactmetrics_sitenote_note":"","_exactmetrics_sitenote_category":0},"product_cat":[392],"product_tag":[394],"class_list":{"0":"post-12380","1":"product","2":"type-product","3":"status-publish","4":"has-post-thumbnail","6":"product_cat-fleisch","7":"product_tag-fleisch-de","8":"pa_aplicacion-bar-de","9":"pa_aplicacion-cafeteria-backerei","10":"pa_aplicacion-food-truck-de","11":"pa_aplicacion-gastrobar-de","12":"pa_aplicacion-hotels-de","13":"pa_aplicacion-restaurant-de","14":"pa_aplicacion-room-service-de","15":"pa_regeneracion-microondas-de","17":"first","18":"instock","19":"shipping-taxable","20":"product-type-simple"},"yoast_head":"<!-- This site is optimized with the Yoast SEO plugin v27.5 - https:\/\/yoast.com\/product\/yoast-seo-wordpress\/ -->\n<title>IBERISCHE SCHWEINEB\u00c4CKCHEN MIT HONIG UND SENF - plat cuisin\u00e9 pour professionnel- EXQUISITARIUM<\/title>\n<meta name=\"robots\" content=\"index, follow, max-snippet:-1, max-image-preview:large, max-video-preview:-1\" \/>\n<link rel=\"canonical\" href=\"https:\/\/www.exquisitarium.com\/de\/produkt\/iberische-schweinebaeckchen-honig-senf\/\" \/>\n<meta property=\"og:locale\" content=\"de_DE\" \/>\n<meta property=\"og:type\" content=\"article\" \/>\n<meta property=\"og:title\" content=\"IBERISCHE SCHWEINEB\u00c4CKCHEN MIT HONIG UND SENF - plat cuisin\u00e9 pour professionnel- EXQUISITARIUM\" \/>\n<meta property=\"og:description\" content=\"Informationen Anfordern  Saftige Schweineb\u00e4ckchen mit einer \u00fcberraschenden Kombination von Geschmacksnoten.\" \/>\n<meta property=\"og:url\" content=\"https:\/\/www.exquisitarium.com\/de\/produkt\/iberische-schweinebaeckchen-honig-senf\/\" \/>\n<meta property=\"og:site_name\" content=\"EXQUISITARIUM\" \/>\n<meta property=\"article:publisher\" content=\"https:\/\/www.facebook.com\/exquisitarium\/\" \/>\n<meta property=\"article:modified_time\" content=\"2025-09-15T14:25:34+00:00\" \/>\n<meta property=\"og:image\" content=\"https:\/\/www.exquisitarium.com\/wp-content\/uploads\/2018\/03\/CARRILLERA-DE-CERDO-IBE\u2560uRICO-CON-MIEL-Y-MOSTAZA.png\" \/>\n\t<meta property=\"og:image:width\" content=\"600\" \/>\n\t<meta property=\"og:image:height\" content=\"445\" \/>\n\t<meta property=\"og:image:type\" content=\"image\/png\" \/>\n<meta name=\"twitter:card\" content=\"summary_large_image\" \/>\n<script type=\"application\/ld+json\" class=\"yoast-schema-graph\">{\"@context\":\"https:\\\/\\\/schema.org\",\"@graph\":[{\"@type\":\"WebPage\",\"@id\":\"https:\\\/\\\/www.exquisitarium.com\\\/de\\\/produkt\\\/iberische-schweinebaeckchen-honig-senf\\\/\",\"url\":\"https:\\\/\\\/www.exquisitarium.com\\\/de\\\/produkt\\\/iberische-schweinebaeckchen-honig-senf\\\/\",\"name\":\"IBERISCHE SCHWEINEB\u00c4CKCHEN MIT HONIG UND SENF - plat cuisin\u00e9 pour professionnel- EXQUISITARIUM\",\"isPartOf\":{\"@id\":\"https:\\\/\\\/www.exquisitarium.com\\\/de\\\/#website\"},\"primaryImageOfPage\":{\"@id\":\"https:\\\/\\\/www.exquisitarium.com\\\/de\\\/produkt\\\/iberische-schweinebaeckchen-honig-senf\\\/#primaryimage\"},\"image\":{\"@id\":\"https:\\\/\\\/www.exquisitarium.com\\\/de\\\/produkt\\\/iberische-schweinebaeckchen-honig-senf\\\/#primaryimage\"},\"thumbnailUrl\":\"https:\\\/\\\/www.exquisitarium.com\\\/wp-content\\\/uploads\\\/2018\\\/03\\\/CARRILLERA-DE-CERDO-IBERICO-CON-MIEL-Y-MOSTAZA.png\",\"datePublished\":\"2018-03-06T14:27:31+00:00\",\"dateModified\":\"2025-09-15T14:25:34+00:00\",\"breadcrumb\":{\"@id\":\"https:\\\/\\\/www.exquisitarium.com\\\/de\\\/produkt\\\/iberische-schweinebaeckchen-honig-senf\\\/#breadcrumb\"},\"inLanguage\":\"de\",\"potentialAction\":[{\"@type\":\"ReadAction\",\"target\":[\"https:\\\/\\\/www.exquisitarium.com\\\/de\\\/produkt\\\/iberische-schweinebaeckchen-honig-senf\\\/\"]}]},{\"@type\":\"ImageObject\",\"inLanguage\":\"de\",\"@id\":\"https:\\\/\\\/www.exquisitarium.com\\\/de\\\/produkt\\\/iberische-schweinebaeckchen-honig-senf\\\/#primaryimage\",\"url\":\"https:\\\/\\\/www.exquisitarium.com\\\/wp-content\\\/uploads\\\/2018\\\/03\\\/CARRILLERA-DE-CERDO-IBERICO-CON-MIEL-Y-MOSTAZA.png\",\"contentUrl\":\"https:\\\/\\\/www.exquisitarium.com\\\/wp-content\\\/uploads\\\/2018\\\/03\\\/CARRILLERA-DE-CERDO-IBERICO-CON-MIEL-Y-MOSTAZA.png\",\"width\":600,\"height\":445},{\"@type\":\"BreadcrumbList\",\"@id\":\"https:\\\/\\\/www.exquisitarium.com\\\/de\\\/produkt\\\/iberische-schweinebaeckchen-honig-senf\\\/#breadcrumb\",\"itemListElement\":[{\"@type\":\"ListItem\",\"position\":1,\"name\":\"Home\",\"item\":\"https:\\\/\\\/www.exquisitarium.com\\\/de\\\/\"},{\"@type\":\"ListItem\",\"position\":2,\"name\":\"Produkt suchen\",\"item\":\"https:\\\/\\\/www.exquisitarium.com\\\/de\\\/produkt-suchen\\\/\"},{\"@type\":\"ListItem\",\"position\":3,\"name\":\"IBERISCHE SCHWEINEB\u00c4CKCHEN MIT HONIG UND SENF\"}]},{\"@type\":\"WebSite\",\"@id\":\"https:\\\/\\\/www.exquisitarium.com\\\/de\\\/#website\",\"url\":\"https:\\\/\\\/www.exquisitarium.com\\\/de\\\/\",\"name\":\"EXQUISITARIUM\",\"description\":\"Tu cocina en buenas manos\",\"publisher\":{\"@id\":\"https:\\\/\\\/www.exquisitarium.com\\\/de\\\/#organization\"},\"potentialAction\":[{\"@type\":\"SearchAction\",\"target\":{\"@type\":\"EntryPoint\",\"urlTemplate\":\"https:\\\/\\\/www.exquisitarium.com\\\/de\\\/?s={search_term_string}\"},\"query-input\":{\"@type\":\"PropertyValueSpecification\",\"valueRequired\":true,\"valueName\":\"search_term_string\"}}],\"inLanguage\":\"de\"},{\"@type\":\"Organization\",\"@id\":\"https:\\\/\\\/www.exquisitarium.com\\\/de\\\/#organization\",\"name\":\"EXQUISITARIUM\",\"url\":\"https:\\\/\\\/www.exquisitarium.com\\\/de\\\/\",\"logo\":{\"@type\":\"ImageObject\",\"inLanguage\":\"de\",\"@id\":\"https:\\\/\\\/www.exquisitarium.com\\\/de\\\/#\\\/schema\\\/logo\\\/image\\\/\",\"url\":\"https:\\\/\\\/www.exquisitarium.com\\\/wp-content\\\/uploads\\\/2025\\\/10\\\/exquisitarium-logo.svg\",\"contentUrl\":\"https:\\\/\\\/www.exquisitarium.com\\\/wp-content\\\/uploads\\\/2025\\\/10\\\/exquisitarium-logo.svg\",\"width\":233,\"height\":37,\"caption\":\"EXQUISITARIUM\"},\"image\":{\"@id\":\"https:\\\/\\\/www.exquisitarium.com\\\/de\\\/#\\\/schema\\\/logo\\\/image\\\/\"},\"sameAs\":[\"https:\\\/\\\/www.facebook.com\\\/exquisitarium\\\/\",\"https:\\\/\\\/www.instagram.com\\\/exquisitarium\\\/\",\"https:\\\/\\\/www.linkedin.com\\\/company\\\/exquisitarium\\\/\"]}]}<\/script>\n<!-- \/ Yoast SEO plugin. -->","yoast_head_json":{"title":"IBERISCHE SCHWEINEB\u00c4CKCHEN MIT HONIG UND SENF - plat cuisin\u00e9 pour professionnel- EXQUISITARIUM","robots":{"index":"index","follow":"follow","max-snippet":"max-snippet:-1","max-image-preview":"max-image-preview:large","max-video-preview":"max-video-preview:-1"},"canonical":"https:\/\/www.exquisitarium.com\/de\/produkt\/iberische-schweinebaeckchen-honig-senf\/","og_locale":"de_DE","og_type":"article","og_title":"IBERISCHE SCHWEINEB\u00c4CKCHEN MIT HONIG UND SENF - plat cuisin\u00e9 pour professionnel- EXQUISITARIUM","og_description":"Informationen Anfordern  Saftige Schweineb\u00e4ckchen mit einer \u00fcberraschenden Kombination von Geschmacksnoten.","og_url":"https:\/\/www.exquisitarium.com\/de\/produkt\/iberische-schweinebaeckchen-honig-senf\/","og_site_name":"EXQUISITARIUM","article_publisher":"https:\/\/www.facebook.com\/exquisitarium\/","article_modified_time":"2025-09-15T14:25:34+00:00","og_image":[{"width":600,"height":445,"url":"https:\/\/www.exquisitarium.com\/wp-content\/uploads\/2018\/03\/CARRILLERA-DE-CERDO-IBE\u2560uRICO-CON-MIEL-Y-MOSTAZA.png","type":"image\/png"}],"twitter_card":"summary_large_image","schema":{"@context":"https:\/\/schema.org","@graph":[{"@type":"WebPage","@id":"https:\/\/www.exquisitarium.com\/de\/produkt\/iberische-schweinebaeckchen-honig-senf\/","url":"https:\/\/www.exquisitarium.com\/de\/produkt\/iberische-schweinebaeckchen-honig-senf\/","name":"IBERISCHE SCHWEINEB\u00c4CKCHEN MIT HONIG UND SENF - plat cuisin\u00e9 pour professionnel- EXQUISITARIUM","isPartOf":{"@id":"https:\/\/www.exquisitarium.com\/de\/#website"},"primaryImageOfPage":{"@id":"https:\/\/www.exquisitarium.com\/de\/produkt\/iberische-schweinebaeckchen-honig-senf\/#primaryimage"},"image":{"@id":"https:\/\/www.exquisitarium.com\/de\/produkt\/iberische-schweinebaeckchen-honig-senf\/#primaryimage"},"thumbnailUrl":"https:\/\/www.exquisitarium.com\/wp-content\/uploads\/2018\/03\/CARRILLERA-DE-CERDO-IBERICO-CON-MIEL-Y-MOSTAZA.png","datePublished":"2018-03-06T14:27:31+00:00","dateModified":"2025-09-15T14:25:34+00:00","breadcrumb":{"@id":"https:\/\/www.exquisitarium.com\/de\/produkt\/iberische-schweinebaeckchen-honig-senf\/#breadcrumb"},"inLanguage":"de","potentialAction":[{"@type":"ReadAction","target":["https:\/\/www.exquisitarium.com\/de\/produkt\/iberische-schweinebaeckchen-honig-senf\/"]}]},{"@type":"ImageObject","inLanguage":"de","@id":"https:\/\/www.exquisitarium.com\/de\/produkt\/iberische-schweinebaeckchen-honig-senf\/#primaryimage","url":"https:\/\/www.exquisitarium.com\/wp-content\/uploads\/2018\/03\/CARRILLERA-DE-CERDO-IBERICO-CON-MIEL-Y-MOSTAZA.png","contentUrl":"https:\/\/www.exquisitarium.com\/wp-content\/uploads\/2018\/03\/CARRILLERA-DE-CERDO-IBERICO-CON-MIEL-Y-MOSTAZA.png","width":600,"height":445},{"@type":"BreadcrumbList","@id":"https:\/\/www.exquisitarium.com\/de\/produkt\/iberische-schweinebaeckchen-honig-senf\/#breadcrumb","itemListElement":[{"@type":"ListItem","position":1,"name":"Home","item":"https:\/\/www.exquisitarium.com\/de\/"},{"@type":"ListItem","position":2,"name":"Produkt suchen","item":"https:\/\/www.exquisitarium.com\/de\/produkt-suchen\/"},{"@type":"ListItem","position":3,"name":"IBERISCHE SCHWEINEB\u00c4CKCHEN MIT HONIG UND SENF"}]},{"@type":"WebSite","@id":"https:\/\/www.exquisitarium.com\/de\/#website","url":"https:\/\/www.exquisitarium.com\/de\/","name":"EXQUISITARIUM","description":"Tu cocina en buenas manos","publisher":{"@id":"https:\/\/www.exquisitarium.com\/de\/#organization"},"potentialAction":[{"@type":"SearchAction","target":{"@type":"EntryPoint","urlTemplate":"https:\/\/www.exquisitarium.com\/de\/?s={search_term_string}"},"query-input":{"@type":"PropertyValueSpecification","valueRequired":true,"valueName":"search_term_string"}}],"inLanguage":"de"},{"@type":"Organization","@id":"https:\/\/www.exquisitarium.com\/de\/#organization","name":"EXQUISITARIUM","url":"https:\/\/www.exquisitarium.com\/de\/","logo":{"@type":"ImageObject","inLanguage":"de","@id":"https:\/\/www.exquisitarium.com\/de\/#\/schema\/logo\/image\/","url":"https:\/\/www.exquisitarium.com\/wp-content\/uploads\/2025\/10\/exquisitarium-logo.svg","contentUrl":"https:\/\/www.exquisitarium.com\/wp-content\/uploads\/2025\/10\/exquisitarium-logo.svg","width":233,"height":37,"caption":"EXQUISITARIUM"},"image":{"@id":"https:\/\/www.exquisitarium.com\/de\/#\/schema\/logo\/image\/"},"sameAs":["https:\/\/www.facebook.com\/exquisitarium\/","https:\/\/www.instagram.com\/exquisitarium\/","https:\/\/www.linkedin.com\/company\/exquisitarium\/"]}]}},"_links":{"self":[{"href":"https:\/\/www.exquisitarium.com\/de\/wp-json\/wp\/v2\/product\/12380","targetHints":{"allow":["GET"]}}],"collection":[{"href":"https:\/\/www.exquisitarium.com\/de\/wp-json\/wp\/v2\/product"}],"about":[{"href":"https:\/\/www.exquisitarium.com\/de\/wp-json\/wp\/v2\/types\/product"}],"version-history":[{"count":0,"href":"https:\/\/www.exquisitarium.com\/de\/wp-json\/wp\/v2\/product\/12380\/revisions"}],"wp:featuredmedia":[{"embeddable":true,"href":"https:\/\/www.exquisitarium.com\/de\/wp-json\/wp\/v2\/media\/24047"}],"wp:attachment":[{"href":"https:\/\/www.exquisitarium.com\/de\/wp-json\/wp\/v2\/media?parent=12380"}],"wp:term":[{"taxonomy":"product_cat","embeddable":true,"href":"https:\/\/www.exquisitarium.com\/de\/wp-json\/wp\/v2\/product_cat?post=12380"},{"taxonomy":"product_tag","embeddable":true,"href":"https:\/\/www.exquisitarium.com\/de\/wp-json\/wp\/v2\/product_tag?post=12380"}],"curies":[{"name":"wp","href":"https:\/\/api.w.org\/{rel}","templated":true}]}}