{"id":12378,"date":"2018-03-06T15:27:25","date_gmt":"2018-03-06T14:27:25","guid":{"rendered":"https:\/\/www.exquisitarium.com\/productos\/teller-mit-spanferkel-konfit\/"},"modified":"2025-09-17T11:28:55","modified_gmt":"2025-09-17T09:28:55","slug":"teller-mit-spanferkel-konfit","status":"publish","type":"product","link":"https:\/\/www.exquisitarium.com\/de\/produkt\/teller-mit-spanferkel-konfit\/","title":{"rendered":"TELLER MIT SPANFERKEL-KONFIT"},"content":{"rendered":"<p>Ein traditionelles Produkt in einem innovativen Stil. Einfach zu verarbeiten, erlaubt die Zubereitung moderner Gerichte in verschiedenen Portionen oder als einzelnes St\u00fcck. Ideal f\u00fcr die Kombination mit verschiedenen Saucen und Beilagen, wodurch mehrere Servierm\u00f6glichkeiten geboten werden. In Einzelportionen von 140 g erh\u00e4ltlich mit Ref. 2154, auch in Tellerform von 1,2 kg erh\u00e4ltlich mit Ref. 21549.<\/p>\n<p><a href=\"https:\/\/www.exquisitarium.com\/wp-content\/uploads\/2018\/03\/circulo-cochinillo-segoviano.png\"><img decoding=\"async\" class=\" wp-image-8551 alignright\" src=\"https:\/\/www.exquisitarium.com\/wp-content\/uploads\/2018\/03\/circulo-cochinillo-segoviano.png\" alt=\"\" width=\"161\" height=\"162\" srcset=\"https:\/\/www.exquisitarium.com\/wp-content\/uploads\/2018\/03\/circulo-cochinillo-segoviano.png 502w, https:\/\/www.exquisitarium.com\/wp-content\/uploads\/2018\/03\/circulo-cochinillo-segoviano-360x364.png 360w, https:\/\/www.exquisitarium.com\/wp-content\/uploads\/2018\/03\/circulo-cochinillo-segoviano-100x100.png 100w\" sizes=\"(max-width: 161px) 100vw, 161px\" \/><\/a><\/p>\n<p><strong><a href=\"https:\/\/www.exquisitarium.com\/wp-content\/uploads\/2018\/03\/Pictogramas_Exquisitarium_forn-e1520333452926.png\"><img decoding=\"async\" class=\"alignnone wp-image-4919\" src=\"https:\/\/www.exquisitarium.com\/wp-content\/uploads\/2018\/03\/Pictogramas_Exquisitarium_forn.png\" alt=\"\" width=\"70\" height=\"70\" \/><\/a>BACKOFEN<\/strong><\/p>\n<p><strong><a href=\"https:\/\/www.exquisitarium.com\/wp-content\/uploads\/2018\/03\/Pictogramas_Exquisitarium_plancha-e1520250307654.png\"><img decoding=\"async\" class=\"alignnone wp-image-4893\" src=\"https:\/\/www.exquisitarium.com\/wp-content\/uploads\/2018\/03\/Pictogramas_Exquisitarium_plancha.png\" alt=\"\" width=\"70\" height=\"70\" \/><\/a>PFANNE<\/strong><\/p>\n<p>&nbsp;<\/p>\n<p>OFEN: Nach dem Auftauen mit der Oberseite nach unten f\u00fcr 15 Minuten bei 200 \u00b0C goldbraun backen.<br \/>\nGRILL: Nach dem Auftauen bei hoher Temperatur und mit wenig \u00d6l anbraten.<\/p>\n","protected":false},"excerpt":{"rendered":"<p><a class=\"button\" href=\"https:\/\/www.exquisitarium.com\/de\/kontakt-formular\/\">Informationen Anfordern<\/a><\/p>\n<p>Teller mit Spanferkel-Konfit. Traditionelles Produkt in innovativem Stil.<\/p>\n","protected":false},"featured_media":21896,"template":"","meta":{"_exactmetrics_skip_tracking":false,"_exactmetrics_sitenote_active":false,"_exactmetrics_sitenote_note":"","_exactmetrics_sitenote_category":0},"product_cat":[392,385],"product_tag":[394],"class_list":{"0":"post-12378","1":"product","2":"type-product","3":"status-publish","4":"has-post-thumbnail","6":"product_cat-fleisch","7":"product_cat-tapas","8":"product_tag-fleisch-de","9":"pa_aplicacion-bar-de","10":"pa_aplicacion-catering-de","11":"pa_aplicacion-gastrobar-de","12":"pa_aplicacion-hotels-de","13":"pa_aplicacion-restaurant-de","14":"pa_regeneracion-backofen","15":"pa_regeneracion-especial-de","16":"pa_regeneracion-plancha-de","18":"first","19":"instock","20":"shipping-taxable","21":"product-type-simple"},"yoast_head":"<!-- This site is optimized with the Yoast SEO plugin v27.5 - https:\/\/yoast.com\/product\/yoast-seo-wordpress\/ -->\n<title>TELLER MIT SPANFERKEL-KONFIT - Von Profis zubereitete Gerichte- EXQUISITARIUM<\/title>\n<meta name=\"robots\" content=\"index, follow, max-snippet:-1, max-image-preview:large, max-video-preview:-1\" \/>\n<link rel=\"canonical\" href=\"https:\/\/www.exquisitarium.com\/de\/produkt\/teller-mit-spanferkel-konfit\/\" \/>\n<meta property=\"og:locale\" content=\"de_DE\" \/>\n<meta property=\"og:type\" content=\"article\" \/>\n<meta property=\"og:title\" content=\"TELLER MIT SPANFERKEL-KONFIT - Von Profis zubereitete Gerichte- EXQUISITARIUM\" \/>\n<meta property=\"og:description\" content=\"Informationen Anfordern  Teller mit Spanferkel-Konfit. Traditionelles Produkt in innovativem Stil.\" \/>\n<meta property=\"og:url\" content=\"https:\/\/www.exquisitarium.com\/de\/produkt\/teller-mit-spanferkel-konfit\/\" \/>\n<meta property=\"og:site_name\" content=\"EXQUISITARIUM\" \/>\n<meta property=\"article:publisher\" content=\"https:\/\/www.facebook.com\/exquisitarium\/\" \/>\n<meta property=\"article:modified_time\" content=\"2025-09-17T09:28:55+00:00\" \/>\n<meta property=\"og:image\" content=\"https:\/\/www.exquisitarium.com\/wp-content\/uploads\/2018\/03\/PLACA-DE-COCHINILLO-CONFITADO.png\" \/>\n\t<meta property=\"og:image:width\" content=\"700\" \/>\n\t<meta property=\"og:image:height\" content=\"346\" \/>\n\t<meta property=\"og:image:type\" content=\"image\/png\" \/>\n<meta name=\"twitter:card\" content=\"summary_large_image\" \/>\n<script type=\"application\/ld+json\" class=\"yoast-schema-graph\">{\"@context\":\"https:\\\/\\\/schema.org\",\"@graph\":[{\"@type\":\"WebPage\",\"@id\":\"https:\\\/\\\/www.exquisitarium.com\\\/de\\\/produkt\\\/teller-mit-spanferkel-konfit\\\/\",\"url\":\"https:\\\/\\\/www.exquisitarium.com\\\/de\\\/produkt\\\/teller-mit-spanferkel-konfit\\\/\",\"name\":\"TELLER MIT SPANFERKEL-KONFIT - Von Profis zubereitete Gerichte- EXQUISITARIUM\",\"isPartOf\":{\"@id\":\"https:\\\/\\\/www.exquisitarium.com\\\/de\\\/#website\"},\"primaryImageOfPage\":{\"@id\":\"https:\\\/\\\/www.exquisitarium.com\\\/de\\\/produkt\\\/teller-mit-spanferkel-konfit\\\/#primaryimage\"},\"image\":{\"@id\":\"https:\\\/\\\/www.exquisitarium.com\\\/de\\\/produkt\\\/teller-mit-spanferkel-konfit\\\/#primaryimage\"},\"thumbnailUrl\":\"https:\\\/\\\/www.exquisitarium.com\\\/wp-content\\\/uploads\\\/2018\\\/03\\\/PLACA-DE-COCHINILLO-CONFITADO.png\",\"datePublished\":\"2018-03-06T14:27:25+00:00\",\"dateModified\":\"2025-09-17T09:28:55+00:00\",\"breadcrumb\":{\"@id\":\"https:\\\/\\\/www.exquisitarium.com\\\/de\\\/produkt\\\/teller-mit-spanferkel-konfit\\\/#breadcrumb\"},\"inLanguage\":\"de\",\"potentialAction\":[{\"@type\":\"ReadAction\",\"target\":[\"https:\\\/\\\/www.exquisitarium.com\\\/de\\\/produkt\\\/teller-mit-spanferkel-konfit\\\/\"]}]},{\"@type\":\"ImageObject\",\"inLanguage\":\"de\",\"@id\":\"https:\\\/\\\/www.exquisitarium.com\\\/de\\\/produkt\\\/teller-mit-spanferkel-konfit\\\/#primaryimage\",\"url\":\"https:\\\/\\\/www.exquisitarium.com\\\/wp-content\\\/uploads\\\/2018\\\/03\\\/PLACA-DE-COCHINILLO-CONFITADO.png\",\"contentUrl\":\"https:\\\/\\\/www.exquisitarium.com\\\/wp-content\\\/uploads\\\/2018\\\/03\\\/PLACA-DE-COCHINILLO-CONFITADO.png\",\"width\":700,\"height\":346},{\"@type\":\"BreadcrumbList\",\"@id\":\"https:\\\/\\\/www.exquisitarium.com\\\/de\\\/produkt\\\/teller-mit-spanferkel-konfit\\\/#breadcrumb\",\"itemListElement\":[{\"@type\":\"ListItem\",\"position\":1,\"name\":\"Home\",\"item\":\"https:\\\/\\\/www.exquisitarium.com\\\/de\\\/\"},{\"@type\":\"ListItem\",\"position\":2,\"name\":\"Produkt suchen\",\"item\":\"https:\\\/\\\/www.exquisitarium.com\\\/de\\\/produkt-suchen\\\/\"},{\"@type\":\"ListItem\",\"position\":3,\"name\":\"TELLER MIT SPANFERKEL-KONFIT\"}]},{\"@type\":\"WebSite\",\"@id\":\"https:\\\/\\\/www.exquisitarium.com\\\/de\\\/#website\",\"url\":\"https:\\\/\\\/www.exquisitarium.com\\\/de\\\/\",\"name\":\"EXQUISITARIUM\",\"description\":\"Tu cocina en buenas manos\",\"publisher\":{\"@id\":\"https:\\\/\\\/www.exquisitarium.com\\\/de\\\/#organization\"},\"potentialAction\":[{\"@type\":\"SearchAction\",\"target\":{\"@type\":\"EntryPoint\",\"urlTemplate\":\"https:\\\/\\\/www.exquisitarium.com\\\/de\\\/?s={search_term_string}\"},\"query-input\":{\"@type\":\"PropertyValueSpecification\",\"valueRequired\":true,\"valueName\":\"search_term_string\"}}],\"inLanguage\":\"de\"},{\"@type\":\"Organization\",\"@id\":\"https:\\\/\\\/www.exquisitarium.com\\\/de\\\/#organization\",\"name\":\"EXQUISITARIUM\",\"url\":\"https:\\\/\\\/www.exquisitarium.com\\\/de\\\/\",\"logo\":{\"@type\":\"ImageObject\",\"inLanguage\":\"de\",\"@id\":\"https:\\\/\\\/www.exquisitarium.com\\\/de\\\/#\\\/schema\\\/logo\\\/image\\\/\",\"url\":\"https:\\\/\\\/www.exquisitarium.com\\\/wp-content\\\/uploads\\\/2025\\\/10\\\/exquisitarium-logo.svg\",\"contentUrl\":\"https:\\\/\\\/www.exquisitarium.com\\\/wp-content\\\/uploads\\\/2025\\\/10\\\/exquisitarium-logo.svg\",\"width\":233,\"height\":37,\"caption\":\"EXQUISITARIUM\"},\"image\":{\"@id\":\"https:\\\/\\\/www.exquisitarium.com\\\/de\\\/#\\\/schema\\\/logo\\\/image\\\/\"},\"sameAs\":[\"https:\\\/\\\/www.facebook.com\\\/exquisitarium\\\/\",\"https:\\\/\\\/www.instagram.com\\\/exquisitarium\\\/\",\"https:\\\/\\\/www.linkedin.com\\\/company\\\/exquisitarium\\\/\"]}]}<\/script>\n<!-- \/ Yoast SEO plugin. -->","yoast_head_json":{"title":"TELLER MIT SPANFERKEL-KONFIT - Von Profis zubereitete Gerichte- EXQUISITARIUM","robots":{"index":"index","follow":"follow","max-snippet":"max-snippet:-1","max-image-preview":"max-image-preview:large","max-video-preview":"max-video-preview:-1"},"canonical":"https:\/\/www.exquisitarium.com\/de\/produkt\/teller-mit-spanferkel-konfit\/","og_locale":"de_DE","og_type":"article","og_title":"TELLER MIT SPANFERKEL-KONFIT - Von Profis zubereitete Gerichte- EXQUISITARIUM","og_description":"Informationen Anfordern  Teller mit Spanferkel-Konfit. Traditionelles Produkt in innovativem Stil.","og_url":"https:\/\/www.exquisitarium.com\/de\/produkt\/teller-mit-spanferkel-konfit\/","og_site_name":"EXQUISITARIUM","article_publisher":"https:\/\/www.facebook.com\/exquisitarium\/","article_modified_time":"2025-09-17T09:28:55+00:00","og_image":[{"width":700,"height":346,"url":"https:\/\/www.exquisitarium.com\/wp-content\/uploads\/2018\/03\/PLACA-DE-COCHINILLO-CONFITADO.png","type":"image\/png"}],"twitter_card":"summary_large_image","schema":{"@context":"https:\/\/schema.org","@graph":[{"@type":"WebPage","@id":"https:\/\/www.exquisitarium.com\/de\/produkt\/teller-mit-spanferkel-konfit\/","url":"https:\/\/www.exquisitarium.com\/de\/produkt\/teller-mit-spanferkel-konfit\/","name":"TELLER MIT SPANFERKEL-KONFIT - Von Profis zubereitete Gerichte- EXQUISITARIUM","isPartOf":{"@id":"https:\/\/www.exquisitarium.com\/de\/#website"},"primaryImageOfPage":{"@id":"https:\/\/www.exquisitarium.com\/de\/produkt\/teller-mit-spanferkel-konfit\/#primaryimage"},"image":{"@id":"https:\/\/www.exquisitarium.com\/de\/produkt\/teller-mit-spanferkel-konfit\/#primaryimage"},"thumbnailUrl":"https:\/\/www.exquisitarium.com\/wp-content\/uploads\/2018\/03\/PLACA-DE-COCHINILLO-CONFITADO.png","datePublished":"2018-03-06T14:27:25+00:00","dateModified":"2025-09-17T09:28:55+00:00","breadcrumb":{"@id":"https:\/\/www.exquisitarium.com\/de\/produkt\/teller-mit-spanferkel-konfit\/#breadcrumb"},"inLanguage":"de","potentialAction":[{"@type":"ReadAction","target":["https:\/\/www.exquisitarium.com\/de\/produkt\/teller-mit-spanferkel-konfit\/"]}]},{"@type":"ImageObject","inLanguage":"de","@id":"https:\/\/www.exquisitarium.com\/de\/produkt\/teller-mit-spanferkel-konfit\/#primaryimage","url":"https:\/\/www.exquisitarium.com\/wp-content\/uploads\/2018\/03\/PLACA-DE-COCHINILLO-CONFITADO.png","contentUrl":"https:\/\/www.exquisitarium.com\/wp-content\/uploads\/2018\/03\/PLACA-DE-COCHINILLO-CONFITADO.png","width":700,"height":346},{"@type":"BreadcrumbList","@id":"https:\/\/www.exquisitarium.com\/de\/produkt\/teller-mit-spanferkel-konfit\/#breadcrumb","itemListElement":[{"@type":"ListItem","position":1,"name":"Home","item":"https:\/\/www.exquisitarium.com\/de\/"},{"@type":"ListItem","position":2,"name":"Produkt suchen","item":"https:\/\/www.exquisitarium.com\/de\/produkt-suchen\/"},{"@type":"ListItem","position":3,"name":"TELLER MIT SPANFERKEL-KONFIT"}]},{"@type":"WebSite","@id":"https:\/\/www.exquisitarium.com\/de\/#website","url":"https:\/\/www.exquisitarium.com\/de\/","name":"EXQUISITARIUM","description":"Tu cocina en buenas manos","publisher":{"@id":"https:\/\/www.exquisitarium.com\/de\/#organization"},"potentialAction":[{"@type":"SearchAction","target":{"@type":"EntryPoint","urlTemplate":"https:\/\/www.exquisitarium.com\/de\/?s={search_term_string}"},"query-input":{"@type":"PropertyValueSpecification","valueRequired":true,"valueName":"search_term_string"}}],"inLanguage":"de"},{"@type":"Organization","@id":"https:\/\/www.exquisitarium.com\/de\/#organization","name":"EXQUISITARIUM","url":"https:\/\/www.exquisitarium.com\/de\/","logo":{"@type":"ImageObject","inLanguage":"de","@id":"https:\/\/www.exquisitarium.com\/de\/#\/schema\/logo\/image\/","url":"https:\/\/www.exquisitarium.com\/wp-content\/uploads\/2025\/10\/exquisitarium-logo.svg","contentUrl":"https:\/\/www.exquisitarium.com\/wp-content\/uploads\/2025\/10\/exquisitarium-logo.svg","width":233,"height":37,"caption":"EXQUISITARIUM"},"image":{"@id":"https:\/\/www.exquisitarium.com\/de\/#\/schema\/logo\/image\/"},"sameAs":["https:\/\/www.facebook.com\/exquisitarium\/","https:\/\/www.instagram.com\/exquisitarium\/","https:\/\/www.linkedin.com\/company\/exquisitarium\/"]}]}},"_links":{"self":[{"href":"https:\/\/www.exquisitarium.com\/de\/wp-json\/wp\/v2\/product\/12378","targetHints":{"allow":["GET"]}}],"collection":[{"href":"https:\/\/www.exquisitarium.com\/de\/wp-json\/wp\/v2\/product"}],"about":[{"href":"https:\/\/www.exquisitarium.com\/de\/wp-json\/wp\/v2\/types\/product"}],"version-history":[{"count":0,"href":"https:\/\/www.exquisitarium.com\/de\/wp-json\/wp\/v2\/product\/12378\/revisions"}],"wp:featuredmedia":[{"embeddable":true,"href":"https:\/\/www.exquisitarium.com\/de\/wp-json\/wp\/v2\/media\/21896"}],"wp:attachment":[{"href":"https:\/\/www.exquisitarium.com\/de\/wp-json\/wp\/v2\/media?parent=12378"}],"wp:term":[{"taxonomy":"product_cat","embeddable":true,"href":"https:\/\/www.exquisitarium.com\/de\/wp-json\/wp\/v2\/product_cat?post=12378"},{"taxonomy":"product_tag","embeddable":true,"href":"https:\/\/www.exquisitarium.com\/de\/wp-json\/wp\/v2\/product_tag?post=12378"}],"curies":[{"name":"wp","href":"https:\/\/api.w.org\/{rel}","templated":true}]}}