{"id":12373,"date":"2018-05-10T15:55:32","date_gmt":"2018-05-10T13:55:32","guid":{"rendered":"https:\/\/www.exquisitarium.com\/productos\/sobrasada-und-honig-stabchen\/"},"modified":"2025-09-10T13:10:11","modified_gmt":"2025-09-10T11:10:11","slug":"sobrasada-und-honig-stabchen","status":"publish","type":"product","link":"https:\/\/www.exquisitarium.com\/de\/produkt\/sobrasada-und-honig-stabchen\/","title":{"rendered":"SOBRASADA- UND HONIG-ST\u00c4BCHEN"},"content":{"rendered":"<p>EDie St\u00e4bchen mit Honig und Sobrasada zeichnen sich durch die kontrastreichen Aromen ihrer F\u00fcllung aus. Die salzige Sobrassada harmoniert perfekt mit dem s\u00fc\u00dflich milderen Honig und verw\u00f6hnt den Gaumen mit einem einzigartigen Geschmack. Au\u00dfen knusprig und innen cremig.<\/p>\n<p><strong><a href=\"https:\/\/www.exquisitarium.com\/wp-content\/uploads\/2018\/03\/Pictogramas_Exquisitarium_forn-e1520333452926.png\"><img decoding=\"async\" class=\"alignnone wp-image-4919\" src=\"https:\/\/www.exquisitarium.com\/wp-content\/uploads\/2018\/03\/Pictogramas_Exquisitarium_forn.png\" alt=\"\" width=\"70\" height=\"70\" \/><\/a>BACKOFEN<\/strong><\/p>\n<p>Ohne vohrheriges aufzutauen bei 200 \u00b0C ca. 5 Min. goldbraun backen.<\/p>\n","protected":false},"excerpt":{"rendered":"<p><a class=\"button\" href=\"https:\/\/www.exquisitarium.com\/de\/kontakt-formular\/\">Informationen Anfordern<\/a><\/p>\n<p>St\u00e4bchen aus kontrastreichen Texturen und Geschm\u00e4ckern, gef\u00fcllt mit Sobrasada und Honig.<\/p>\n","protected":false},"featured_media":21372,"template":"","meta":{"_exactmetrics_skip_tracking":false,"_exactmetrics_sitenote_active":false,"_exactmetrics_sitenote_note":"","_exactmetrics_sitenote_category":0},"product_cat":[377],"product_tag":[404],"class_list":{"0":"post-12373","1":"product","2":"type-product","3":"status-publish","4":"has-post-thumbnail","6":"product_cat-snacks","7":"product_tag-knuspriges-und-blatterteig","8":"pa_aplicacion-cafeteria-backerei","9":"pa_aplicacion-catering-de","10":"pa_aplicacion-food-truck-de","11":"pa_aplicacion-gastrobar-de","12":"pa_aplicacion-restaurant-de","13":"pa_regeneracion-backofen","15":"first","16":"instock","17":"shipping-taxable","18":"product-type-simple"},"yoast_head":"<!-- This site is optimized with the Yoast SEO plugin v27.1.1 - https:\/\/yoast.com\/product\/yoast-seo-wordpress\/ -->\n<title>SOBRASADA- UND HONIG-ST\u00c4BCHEN - Von Profis zubereitete Gerichte- EXQUISITARIUM<\/title>\n<meta name=\"robots\" content=\"index, follow, max-snippet:-1, max-image-preview:large, max-video-preview:-1\" \/>\n<link rel=\"canonical\" href=\"https:\/\/www.exquisitarium.com\/de\/produkt\/sobrasada-und-honig-stabchen\/\" \/>\n<meta property=\"og:locale\" content=\"de_DE\" \/>\n<meta property=\"og:type\" content=\"article\" \/>\n<meta property=\"og:title\" content=\"SOBRASADA- UND HONIG-ST\u00c4BCHEN - Von Profis zubereitete Gerichte- EXQUISITARIUM\" \/>\n<meta property=\"og:description\" content=\"Informationen Anfordern  St\u00e4bchen aus kontrastreichen Texturen und Geschm\u00e4ckern, gef\u00fcllt mit Sobrasada und Honig.\" \/>\n<meta property=\"og:url\" content=\"https:\/\/www.exquisitarium.com\/de\/produkt\/sobrasada-und-honig-stabchen\/\" \/>\n<meta property=\"og:site_name\" content=\"EXQUISITARIUM\" \/>\n<meta property=\"article:publisher\" content=\"https:\/\/www.facebook.com\/exquisitarium\/\" \/>\n<meta property=\"article:modified_time\" content=\"2025-09-10T11:10:11+00:00\" \/>\n<meta property=\"og:image\" content=\"https:\/\/www.exquisitarium.com\/wp-content\/uploads\/2018\/05\/CIGARRITO-DE-SOBRASADA-Y-MIEL.png\" \/>\n\t<meta property=\"og:image:width\" content=\"800\" \/>\n\t<meta property=\"og:image:height\" content=\"533\" \/>\n\t<meta property=\"og:image:type\" content=\"image\/png\" \/>\n<meta name=\"twitter:card\" content=\"summary_large_image\" \/>\n<script type=\"application\/ld+json\" class=\"yoast-schema-graph\">{\"@context\":\"https:\/\/schema.org\",\"@graph\":[{\"@type\":\"WebPage\",\"@id\":\"https:\/\/www.exquisitarium.com\/de\/produkt\/sobrasada-und-honig-stabchen\/\",\"url\":\"https:\/\/www.exquisitarium.com\/de\/produkt\/sobrasada-und-honig-stabchen\/\",\"name\":\"SOBRASADA- UND HONIG-ST\u00c4BCHEN - Von Profis zubereitete Gerichte- EXQUISITARIUM\",\"isPartOf\":{\"@id\":\"https:\/\/www.exquisitarium.com\/de\/#website\"},\"primaryImageOfPage\":{\"@id\":\"https:\/\/www.exquisitarium.com\/de\/produkt\/sobrasada-und-honig-stabchen\/#primaryimage\"},\"image\":{\"@id\":\"https:\/\/www.exquisitarium.com\/de\/produkt\/sobrasada-und-honig-stabchen\/#primaryimage\"},\"thumbnailUrl\":\"https:\/\/www.exquisitarium.com\/wp-content\/uploads\/2018\/05\/CIGARRITO-DE-SOBRASADA-Y-MIEL.png\",\"datePublished\":\"2018-05-10T13:55:32+00:00\",\"dateModified\":\"2025-09-10T11:10:11+00:00\",\"breadcrumb\":{\"@id\":\"https:\/\/www.exquisitarium.com\/de\/produkt\/sobrasada-und-honig-stabchen\/#breadcrumb\"},\"inLanguage\":\"de\",\"potentialAction\":[{\"@type\":\"ReadAction\",\"target\":[\"https:\/\/www.exquisitarium.com\/de\/produkt\/sobrasada-und-honig-stabchen\/\"]}]},{\"@type\":\"ImageObject\",\"inLanguage\":\"de\",\"@id\":\"https:\/\/www.exquisitarium.com\/de\/produkt\/sobrasada-und-honig-stabchen\/#primaryimage\",\"url\":\"https:\/\/www.exquisitarium.com\/wp-content\/uploads\/2018\/05\/CIGARRITO-DE-SOBRASADA-Y-MIEL.png\",\"contentUrl\":\"https:\/\/www.exquisitarium.com\/wp-content\/uploads\/2018\/05\/CIGARRITO-DE-SOBRASADA-Y-MIEL.png\",\"width\":800,\"height\":533},{\"@type\":\"BreadcrumbList\",\"@id\":\"https:\/\/www.exquisitarium.com\/de\/produkt\/sobrasada-und-honig-stabchen\/#breadcrumb\",\"itemListElement\":[{\"@type\":\"ListItem\",\"position\":1,\"name\":\"Home\",\"item\":\"https:\/\/www.exquisitarium.com\/de\/\"},{\"@type\":\"ListItem\",\"position\":2,\"name\":\"Produkt suchen\",\"item\":\"https:\/\/www.exquisitarium.com\/de\/produkt-suchen\/\"},{\"@type\":\"ListItem\",\"position\":3,\"name\":\"SOBRASADA- UND HONIG-ST\u00c4BCHEN\"}]},{\"@type\":\"WebSite\",\"@id\":\"https:\/\/www.exquisitarium.com\/de\/#website\",\"url\":\"https:\/\/www.exquisitarium.com\/de\/\",\"name\":\"EXQUISITARIUM\",\"description\":\"Tu cocina en buenas manos\",\"publisher\":{\"@id\":\"https:\/\/www.exquisitarium.com\/de\/#organization\"},\"potentialAction\":[{\"@type\":\"SearchAction\",\"target\":{\"@type\":\"EntryPoint\",\"urlTemplate\":\"https:\/\/www.exquisitarium.com\/de\/?s={search_term_string}\"},\"query-input\":{\"@type\":\"PropertyValueSpecification\",\"valueRequired\":true,\"valueName\":\"search_term_string\"}}],\"inLanguage\":\"de\"},{\"@type\":\"Organization\",\"@id\":\"https:\/\/www.exquisitarium.com\/de\/#organization\",\"name\":\"EXQUISITARIUM\",\"url\":\"https:\/\/www.exquisitarium.com\/de\/\",\"logo\":{\"@type\":\"ImageObject\",\"inLanguage\":\"de\",\"@id\":\"https:\/\/www.exquisitarium.com\/de\/#\/schema\/logo\/image\/\",\"url\":\"https:\/\/www.exquisitarium.com\/wp-content\/uploads\/2025\/10\/exquisitarium-logo.svg\",\"contentUrl\":\"https:\/\/www.exquisitarium.com\/wp-content\/uploads\/2025\/10\/exquisitarium-logo.svg\",\"width\":233,\"height\":37,\"caption\":\"EXQUISITARIUM\"},\"image\":{\"@id\":\"https:\/\/www.exquisitarium.com\/de\/#\/schema\/logo\/image\/\"},\"sameAs\":[\"https:\/\/www.facebook.com\/exquisitarium\/\",\"https:\/\/www.instagram.com\/exquisitarium\/\",\"https:\/\/www.linkedin.com\/company\/exquisitarium\/\"]}]}<\/script>\n<!-- \/ Yoast SEO plugin. -->","yoast_head_json":{"title":"SOBRASADA- UND HONIG-ST\u00c4BCHEN - Von Profis zubereitete Gerichte- EXQUISITARIUM","robots":{"index":"index","follow":"follow","max-snippet":"max-snippet:-1","max-image-preview":"max-image-preview:large","max-video-preview":"max-video-preview:-1"},"canonical":"https:\/\/www.exquisitarium.com\/de\/produkt\/sobrasada-und-honig-stabchen\/","og_locale":"de_DE","og_type":"article","og_title":"SOBRASADA- UND HONIG-ST\u00c4BCHEN - Von Profis zubereitete Gerichte- EXQUISITARIUM","og_description":"Informationen Anfordern  St\u00e4bchen aus kontrastreichen Texturen und Geschm\u00e4ckern, gef\u00fcllt mit Sobrasada und Honig.","og_url":"https:\/\/www.exquisitarium.com\/de\/produkt\/sobrasada-und-honig-stabchen\/","og_site_name":"EXQUISITARIUM","article_publisher":"https:\/\/www.facebook.com\/exquisitarium\/","article_modified_time":"2025-09-10T11:10:11+00:00","og_image":[{"width":800,"height":533,"url":"https:\/\/www.exquisitarium.com\/wp-content\/uploads\/2018\/05\/CIGARRITO-DE-SOBRASADA-Y-MIEL.png","type":"image\/png"}],"twitter_card":"summary_large_image","schema":{"@context":"https:\/\/schema.org","@graph":[{"@type":"WebPage","@id":"https:\/\/www.exquisitarium.com\/de\/produkt\/sobrasada-und-honig-stabchen\/","url":"https:\/\/www.exquisitarium.com\/de\/produkt\/sobrasada-und-honig-stabchen\/","name":"SOBRASADA- UND HONIG-ST\u00c4BCHEN - Von Profis zubereitete Gerichte- EXQUISITARIUM","isPartOf":{"@id":"https:\/\/www.exquisitarium.com\/de\/#website"},"primaryImageOfPage":{"@id":"https:\/\/www.exquisitarium.com\/de\/produkt\/sobrasada-und-honig-stabchen\/#primaryimage"},"image":{"@id":"https:\/\/www.exquisitarium.com\/de\/produkt\/sobrasada-und-honig-stabchen\/#primaryimage"},"thumbnailUrl":"https:\/\/www.exquisitarium.com\/wp-content\/uploads\/2018\/05\/CIGARRITO-DE-SOBRASADA-Y-MIEL.png","datePublished":"2018-05-10T13:55:32+00:00","dateModified":"2025-09-10T11:10:11+00:00","breadcrumb":{"@id":"https:\/\/www.exquisitarium.com\/de\/produkt\/sobrasada-und-honig-stabchen\/#breadcrumb"},"inLanguage":"de","potentialAction":[{"@type":"ReadAction","target":["https:\/\/www.exquisitarium.com\/de\/produkt\/sobrasada-und-honig-stabchen\/"]}]},{"@type":"ImageObject","inLanguage":"de","@id":"https:\/\/www.exquisitarium.com\/de\/produkt\/sobrasada-und-honig-stabchen\/#primaryimage","url":"https:\/\/www.exquisitarium.com\/wp-content\/uploads\/2018\/05\/CIGARRITO-DE-SOBRASADA-Y-MIEL.png","contentUrl":"https:\/\/www.exquisitarium.com\/wp-content\/uploads\/2018\/05\/CIGARRITO-DE-SOBRASADA-Y-MIEL.png","width":800,"height":533},{"@type":"BreadcrumbList","@id":"https:\/\/www.exquisitarium.com\/de\/produkt\/sobrasada-und-honig-stabchen\/#breadcrumb","itemListElement":[{"@type":"ListItem","position":1,"name":"Home","item":"https:\/\/www.exquisitarium.com\/de\/"},{"@type":"ListItem","position":2,"name":"Produkt suchen","item":"https:\/\/www.exquisitarium.com\/de\/produkt-suchen\/"},{"@type":"ListItem","position":3,"name":"SOBRASADA- UND HONIG-ST\u00c4BCHEN"}]},{"@type":"WebSite","@id":"https:\/\/www.exquisitarium.com\/de\/#website","url":"https:\/\/www.exquisitarium.com\/de\/","name":"EXQUISITARIUM","description":"Tu cocina en buenas manos","publisher":{"@id":"https:\/\/www.exquisitarium.com\/de\/#organization"},"potentialAction":[{"@type":"SearchAction","target":{"@type":"EntryPoint","urlTemplate":"https:\/\/www.exquisitarium.com\/de\/?s={search_term_string}"},"query-input":{"@type":"PropertyValueSpecification","valueRequired":true,"valueName":"search_term_string"}}],"inLanguage":"de"},{"@type":"Organization","@id":"https:\/\/www.exquisitarium.com\/de\/#organization","name":"EXQUISITARIUM","url":"https:\/\/www.exquisitarium.com\/de\/","logo":{"@type":"ImageObject","inLanguage":"de","@id":"https:\/\/www.exquisitarium.com\/de\/#\/schema\/logo\/image\/","url":"https:\/\/www.exquisitarium.com\/wp-content\/uploads\/2025\/10\/exquisitarium-logo.svg","contentUrl":"https:\/\/www.exquisitarium.com\/wp-content\/uploads\/2025\/10\/exquisitarium-logo.svg","width":233,"height":37,"caption":"EXQUISITARIUM"},"image":{"@id":"https:\/\/www.exquisitarium.com\/de\/#\/schema\/logo\/image\/"},"sameAs":["https:\/\/www.facebook.com\/exquisitarium\/","https:\/\/www.instagram.com\/exquisitarium\/","https:\/\/www.linkedin.com\/company\/exquisitarium\/"]}]}},"_links":{"self":[{"href":"https:\/\/www.exquisitarium.com\/de\/wp-json\/wp\/v2\/product\/12373","targetHints":{"allow":["GET"]}}],"collection":[{"href":"https:\/\/www.exquisitarium.com\/de\/wp-json\/wp\/v2\/product"}],"about":[{"href":"https:\/\/www.exquisitarium.com\/de\/wp-json\/wp\/v2\/types\/product"}],"version-history":[{"count":0,"href":"https:\/\/www.exquisitarium.com\/de\/wp-json\/wp\/v2\/product\/12373\/revisions"}],"wp:featuredmedia":[{"embeddable":true,"href":"https:\/\/www.exquisitarium.com\/de\/wp-json\/wp\/v2\/media\/21372"}],"wp:attachment":[{"href":"https:\/\/www.exquisitarium.com\/de\/wp-json\/wp\/v2\/media?parent=12373"}],"wp:term":[{"taxonomy":"product_cat","embeddable":true,"href":"https:\/\/www.exquisitarium.com\/de\/wp-json\/wp\/v2\/product_cat?post=12373"},{"taxonomy":"product_tag","embeddable":true,"href":"https:\/\/www.exquisitarium.com\/de\/wp-json\/wp\/v2\/product_tag?post=12373"}],"curies":[{"name":"wp","href":"https:\/\/api.w.org\/{rel}","templated":true}]}}