{"id":12130,"date":"2022-03-24T17:18:58","date_gmt":"2022-03-24T16:18:58","guid":{"rendered":"https:\/\/www.exquisitarium.com\/productos\/brandada-de-bacalla\/"},"modified":"2024-10-30T10:34:50","modified_gmt":"2024-10-30T09:34:50","slug":"brandada-de-bacalla","status":"publish","type":"product","link":"https:\/\/www.exquisitarium.com\/ca\/producte\/brandada-de-bacalla\/","title":{"rendered":"BRANDADA DE BACALL\u00c0"},"content":{"rendered":"<p id=\"tw-target-text\" class=\"tw-data-text tw-text-large tw-ta\" dir=\"ltr\" data-placeholder=\"Traducci\u00f3\"><span class=\"Y2IQFc\" lang=\"ca\">Cremosa brandada de bacall\u00e0 elaborada de forma tradicional, ideal per a la creaci\u00f3 de tapes, pinxos, farcits o simplement com a primer plat<\/span><\/p>\n<p>.<\/p>\n<p><strong><a href=\"https:\/\/www.exquisitarium.com\/wp-content\/uploads\/2018\/03\/Pictogramas_Exquisitarium_micro-e1520250428352.png\"><img decoding=\"async\" class=\"alignnone wp-image-4888\" src=\"https:\/\/www.exquisitarium.com\/wp-content\/uploads\/2018\/03\/Pictogramas_Exquisitarium_micro.png\" alt=\"\" width=\"70\" height=\"70\" \/><\/a>MICROONES<\/strong><\/p>\n<p>Sense necessitat de descongelar pr\u00e8viament, perforeu la part superior de l&#8217;env\u00e0s per diferents punts. Posar a microones a m\u00e0xima pot\u00e8ncia (800 W) durant 5-6 min. fins que la base estigui ben calenta.<\/p>\n","protected":false},"excerpt":{"rendered":"<p><a class=\"button\" href=\"https:\/\/www.exquisitarium.com\/ca\/formulari-de-contacte\/\">Sol\u00b7licitar informaci\u00f3<\/a><\/p>\n<p>Deliciosa brandada de bacall\u00e0 elaborada de forma tradicional.<\/p>\n","protected":false},"featured_media":12125,"template":"","meta":{"_exactmetrics_skip_tracking":false,"_exactmetrics_sitenote_active":false,"_exactmetrics_sitenote_note":"","_exactmetrics_sitenote_category":0},"product_cat":[315,357],"product_tag":[340,365,358],"class_list":{"0":"post-12130","1":"product","2":"type-product","3":"status-publish","4":"has-post-thumbnail","6":"product_cat-aperitius","7":"product_cat-peixos","8":"product_tag-altres-aperitius-i-tapes","9":"product_tag-cataleg-novetats","10":"product_tag-peixos","11":"pa_aplicacion-bar-ca","12":"pa_aplicacion-catering-ca","13":"pa_aplicacion-gastrobar-ca","14":"pa_aplicacion-hotels-ca","15":"pa_aplicacion-restaurant-ca","16":"pa_regeneracion-microones","18":"first","19":"instock","20":"shipping-taxable","21":"product-type-simple"},"yoast_head":"<!-- This site is optimized with the Yoast SEO plugin v27.5 - https:\/\/yoast.com\/product\/yoast-seo-wordpress\/ -->\n<title>BRANDADA DE BACALL\u00c0 - plat cuisin\u00e9 pour professionnel- EXQUISITARIUM<\/title>\n<meta name=\"robots\" content=\"index, follow, max-snippet:-1, max-image-preview:large, max-video-preview:-1\" \/>\n<link rel=\"canonical\" href=\"https:\/\/www.exquisitarium.com\/ca\/producte\/brandada-de-bacalla\/\" \/>\n<meta property=\"og:locale\" content=\"ca_ES\" \/>\n<meta property=\"og:type\" content=\"article\" \/>\n<meta property=\"og:title\" content=\"BRANDADA DE BACALL\u00c0 - plat cuisin\u00e9 pour professionnel- EXQUISITARIUM\" \/>\n<meta property=\"og:description\" content=\"Sol\u00b7licitar informaci\u00f3  Deliciosa brandada de bacall\u00e0 elaborada de forma tradicional.\" \/>\n<meta property=\"og:url\" content=\"https:\/\/www.exquisitarium.com\/ca\/producte\/brandada-de-bacalla\/\" \/>\n<meta property=\"og:site_name\" content=\"EXQUISITARIUM\" \/>\n<meta property=\"article:publisher\" content=\"https:\/\/www.facebook.com\/exquisitarium\/\" \/>\n<meta property=\"article:modified_time\" content=\"2024-10-30T09:34:50+00:00\" \/>\n<meta property=\"og:image\" content=\"https:\/\/www.exquisitarium.com\/wp-content\/uploads\/2022\/03\/brandada-de-bacalao.jpg\" \/>\n\t<meta property=\"og:image:width\" content=\"1000\" \/>\n\t<meta property=\"og:image:height\" content=\"750\" \/>\n\t<meta property=\"og:image:type\" content=\"image\/jpeg\" \/>\n<meta name=\"twitter:card\" content=\"summary_large_image\" \/>\n<script type=\"application\/ld+json\" class=\"yoast-schema-graph\">{\"@context\":\"https:\\\/\\\/schema.org\",\"@graph\":[{\"@type\":\"WebPage\",\"@id\":\"https:\\\/\\\/www.exquisitarium.com\\\/ca\\\/producte\\\/brandada-de-bacalla\\\/\",\"url\":\"https:\\\/\\\/www.exquisitarium.com\\\/ca\\\/producte\\\/brandada-de-bacalla\\\/\",\"name\":\"BRANDADA DE BACALL\u00c0 - plat cuisin\u00e9 pour professionnel- EXQUISITARIUM\",\"isPartOf\":{\"@id\":\"https:\\\/\\\/www.exquisitarium.com\\\/ca\\\/#website\"},\"primaryImageOfPage\":{\"@id\":\"https:\\\/\\\/www.exquisitarium.com\\\/ca\\\/producte\\\/brandada-de-bacalla\\\/#primaryimage\"},\"image\":{\"@id\":\"https:\\\/\\\/www.exquisitarium.com\\\/ca\\\/producte\\\/brandada-de-bacalla\\\/#primaryimage\"},\"thumbnailUrl\":\"https:\\\/\\\/www.exquisitarium.com\\\/wp-content\\\/uploads\\\/2022\\\/03\\\/brandada-de-bacalao.jpg\",\"datePublished\":\"2022-03-24T16:18:58+00:00\",\"dateModified\":\"2024-10-30T09:34:50+00:00\",\"breadcrumb\":{\"@id\":\"https:\\\/\\\/www.exquisitarium.com\\\/ca\\\/producte\\\/brandada-de-bacalla\\\/#breadcrumb\"},\"inLanguage\":\"ca\",\"potentialAction\":[{\"@type\":\"ReadAction\",\"target\":[\"https:\\\/\\\/www.exquisitarium.com\\\/ca\\\/producte\\\/brandada-de-bacalla\\\/\"]}]},{\"@type\":\"ImageObject\",\"inLanguage\":\"ca\",\"@id\":\"https:\\\/\\\/www.exquisitarium.com\\\/ca\\\/producte\\\/brandada-de-bacalla\\\/#primaryimage\",\"url\":\"https:\\\/\\\/www.exquisitarium.com\\\/wp-content\\\/uploads\\\/2022\\\/03\\\/brandada-de-bacalao.jpg\",\"contentUrl\":\"https:\\\/\\\/www.exquisitarium.com\\\/wp-content\\\/uploads\\\/2022\\\/03\\\/brandada-de-bacalao.jpg\",\"width\":1000,\"height\":750},{\"@type\":\"BreadcrumbList\",\"@id\":\"https:\\\/\\\/www.exquisitarium.com\\\/ca\\\/producte\\\/brandada-de-bacalla\\\/#breadcrumb\",\"itemListElement\":[{\"@type\":\"ListItem\",\"position\":1,\"name\":\"Home\",\"item\":\"https:\\\/\\\/www.exquisitarium.com\\\/ca\\\/\"},{\"@type\":\"ListItem\",\"position\":2,\"name\":\"Recerca de productes\",\"item\":\"https:\\\/\\\/www.exquisitarium.com\\\/ca\\\/recerca-de-productes\\\/\"},{\"@type\":\"ListItem\",\"position\":3,\"name\":\"BRANDADA DE BACALL\u00c0\"}]},{\"@type\":\"WebSite\",\"@id\":\"https:\\\/\\\/www.exquisitarium.com\\\/ca\\\/#website\",\"url\":\"https:\\\/\\\/www.exquisitarium.com\\\/ca\\\/\",\"name\":\"EXQUISITARIUM\",\"description\":\"Tu cocina en buenas manos\",\"publisher\":{\"@id\":\"https:\\\/\\\/www.exquisitarium.com\\\/ca\\\/#organization\"},\"potentialAction\":[{\"@type\":\"SearchAction\",\"target\":{\"@type\":\"EntryPoint\",\"urlTemplate\":\"https:\\\/\\\/www.exquisitarium.com\\\/ca\\\/?s={search_term_string}\"},\"query-input\":{\"@type\":\"PropertyValueSpecification\",\"valueRequired\":true,\"valueName\":\"search_term_string\"}}],\"inLanguage\":\"ca\"},{\"@type\":\"Organization\",\"@id\":\"https:\\\/\\\/www.exquisitarium.com\\\/ca\\\/#organization\",\"name\":\"EXQUISITARIUM\",\"url\":\"https:\\\/\\\/www.exquisitarium.com\\\/ca\\\/\",\"logo\":{\"@type\":\"ImageObject\",\"inLanguage\":\"ca\",\"@id\":\"https:\\\/\\\/www.exquisitarium.com\\\/ca\\\/#\\\/schema\\\/logo\\\/image\\\/\",\"url\":\"https:\\\/\\\/www.exquisitarium.com\\\/wp-content\\\/uploads\\\/2025\\\/10\\\/exquisitarium-logo.svg\",\"contentUrl\":\"https:\\\/\\\/www.exquisitarium.com\\\/wp-content\\\/uploads\\\/2025\\\/10\\\/exquisitarium-logo.svg\",\"width\":233,\"height\":37,\"caption\":\"EXQUISITARIUM\"},\"image\":{\"@id\":\"https:\\\/\\\/www.exquisitarium.com\\\/ca\\\/#\\\/schema\\\/logo\\\/image\\\/\"},\"sameAs\":[\"https:\\\/\\\/www.facebook.com\\\/exquisitarium\\\/\",\"https:\\\/\\\/www.instagram.com\\\/exquisitarium\\\/\",\"https:\\\/\\\/www.linkedin.com\\\/company\\\/exquisitarium\\\/\"]}]}<\/script>\n<!-- \/ Yoast SEO plugin. -->","yoast_head_json":{"title":"BRANDADA DE BACALL\u00c0 - plat cuisin\u00e9 pour professionnel- EXQUISITARIUM","robots":{"index":"index","follow":"follow","max-snippet":"max-snippet:-1","max-image-preview":"max-image-preview:large","max-video-preview":"max-video-preview:-1"},"canonical":"https:\/\/www.exquisitarium.com\/ca\/producte\/brandada-de-bacalla\/","og_locale":"ca_ES","og_type":"article","og_title":"BRANDADA DE BACALL\u00c0 - plat cuisin\u00e9 pour professionnel- EXQUISITARIUM","og_description":"Sol\u00b7licitar informaci\u00f3  Deliciosa brandada de bacall\u00e0 elaborada de forma tradicional.","og_url":"https:\/\/www.exquisitarium.com\/ca\/producte\/brandada-de-bacalla\/","og_site_name":"EXQUISITARIUM","article_publisher":"https:\/\/www.facebook.com\/exquisitarium\/","article_modified_time":"2024-10-30T09:34:50+00:00","og_image":[{"width":1000,"height":750,"url":"https:\/\/www.exquisitarium.com\/wp-content\/uploads\/2022\/03\/brandada-de-bacalao.jpg","type":"image\/jpeg"}],"twitter_card":"summary_large_image","schema":{"@context":"https:\/\/schema.org","@graph":[{"@type":"WebPage","@id":"https:\/\/www.exquisitarium.com\/ca\/producte\/brandada-de-bacalla\/","url":"https:\/\/www.exquisitarium.com\/ca\/producte\/brandada-de-bacalla\/","name":"BRANDADA DE BACALL\u00c0 - plat cuisin\u00e9 pour professionnel- EXQUISITARIUM","isPartOf":{"@id":"https:\/\/www.exquisitarium.com\/ca\/#website"},"primaryImageOfPage":{"@id":"https:\/\/www.exquisitarium.com\/ca\/producte\/brandada-de-bacalla\/#primaryimage"},"image":{"@id":"https:\/\/www.exquisitarium.com\/ca\/producte\/brandada-de-bacalla\/#primaryimage"},"thumbnailUrl":"https:\/\/www.exquisitarium.com\/wp-content\/uploads\/2022\/03\/brandada-de-bacalao.jpg","datePublished":"2022-03-24T16:18:58+00:00","dateModified":"2024-10-30T09:34:50+00:00","breadcrumb":{"@id":"https:\/\/www.exquisitarium.com\/ca\/producte\/brandada-de-bacalla\/#breadcrumb"},"inLanguage":"ca","potentialAction":[{"@type":"ReadAction","target":["https:\/\/www.exquisitarium.com\/ca\/producte\/brandada-de-bacalla\/"]}]},{"@type":"ImageObject","inLanguage":"ca","@id":"https:\/\/www.exquisitarium.com\/ca\/producte\/brandada-de-bacalla\/#primaryimage","url":"https:\/\/www.exquisitarium.com\/wp-content\/uploads\/2022\/03\/brandada-de-bacalao.jpg","contentUrl":"https:\/\/www.exquisitarium.com\/wp-content\/uploads\/2022\/03\/brandada-de-bacalao.jpg","width":1000,"height":750},{"@type":"BreadcrumbList","@id":"https:\/\/www.exquisitarium.com\/ca\/producte\/brandada-de-bacalla\/#breadcrumb","itemListElement":[{"@type":"ListItem","position":1,"name":"Home","item":"https:\/\/www.exquisitarium.com\/ca\/"},{"@type":"ListItem","position":2,"name":"Recerca de productes","item":"https:\/\/www.exquisitarium.com\/ca\/recerca-de-productes\/"},{"@type":"ListItem","position":3,"name":"BRANDADA DE BACALL\u00c0"}]},{"@type":"WebSite","@id":"https:\/\/www.exquisitarium.com\/ca\/#website","url":"https:\/\/www.exquisitarium.com\/ca\/","name":"EXQUISITARIUM","description":"Tu cocina en buenas manos","publisher":{"@id":"https:\/\/www.exquisitarium.com\/ca\/#organization"},"potentialAction":[{"@type":"SearchAction","target":{"@type":"EntryPoint","urlTemplate":"https:\/\/www.exquisitarium.com\/ca\/?s={search_term_string}"},"query-input":{"@type":"PropertyValueSpecification","valueRequired":true,"valueName":"search_term_string"}}],"inLanguage":"ca"},{"@type":"Organization","@id":"https:\/\/www.exquisitarium.com\/ca\/#organization","name":"EXQUISITARIUM","url":"https:\/\/www.exquisitarium.com\/ca\/","logo":{"@type":"ImageObject","inLanguage":"ca","@id":"https:\/\/www.exquisitarium.com\/ca\/#\/schema\/logo\/image\/","url":"https:\/\/www.exquisitarium.com\/wp-content\/uploads\/2025\/10\/exquisitarium-logo.svg","contentUrl":"https:\/\/www.exquisitarium.com\/wp-content\/uploads\/2025\/10\/exquisitarium-logo.svg","width":233,"height":37,"caption":"EXQUISITARIUM"},"image":{"@id":"https:\/\/www.exquisitarium.com\/ca\/#\/schema\/logo\/image\/"},"sameAs":["https:\/\/www.facebook.com\/exquisitarium\/","https:\/\/www.instagram.com\/exquisitarium\/","https:\/\/www.linkedin.com\/company\/exquisitarium\/"]}]}},"_links":{"self":[{"href":"https:\/\/www.exquisitarium.com\/ca\/wp-json\/wp\/v2\/product\/12130","targetHints":{"allow":["GET"]}}],"collection":[{"href":"https:\/\/www.exquisitarium.com\/ca\/wp-json\/wp\/v2\/product"}],"about":[{"href":"https:\/\/www.exquisitarium.com\/ca\/wp-json\/wp\/v2\/types\/product"}],"version-history":[{"count":0,"href":"https:\/\/www.exquisitarium.com\/ca\/wp-json\/wp\/v2\/product\/12130\/revisions"}],"wp:featuredmedia":[{"embeddable":true,"href":"https:\/\/www.exquisitarium.com\/ca\/wp-json\/wp\/v2\/media\/12125"}],"wp:attachment":[{"href":"https:\/\/www.exquisitarium.com\/ca\/wp-json\/wp\/v2\/media?parent=12130"}],"wp:term":[{"taxonomy":"product_cat","embeddable":true,"href":"https:\/\/www.exquisitarium.com\/ca\/wp-json\/wp\/v2\/product_cat?post=12130"},{"taxonomy":"product_tag","embeddable":true,"href":"https:\/\/www.exquisitarium.com\/ca\/wp-json\/wp\/v2\/product_tag?post=12130"}],"curies":[{"name":"wp","href":"https:\/\/api.w.org\/{rel}","templated":true}]}}