{"id":11648,"date":"2018-03-06T15:27:33","date_gmt":"2018-03-06T14:27:33","guid":{"rendered":"https:\/\/www.exquisitarium.com\/productos\/pasta-full-formatge-cabra-confitura-tomaquet\/"},"modified":"2025-09-10T13:22:48","modified_gmt":"2025-09-10T11:22:48","slug":"pasta-full-formatge-cabra-confitura-tomaquet","status":"publish","type":"product","link":"https:\/\/www.exquisitarium.com\/ca\/producte\/pasta-full-formatge-cabra-confitura-tomaquet\/","title":{"rendered":"PASTA DE FULL DE FORMATGE DE CABRA AMB CONFITURA DE TOMATA"},"content":{"rendered":"<p>Els ingredients que formen aquesta tapa es caracteritzen per la barreja de textures, entre cruixent i crem\u00f3s. L&#8217;intens sabor del formatge de cabra marida a la perfecci\u00f3 amb la confitura de tom\u00e0quet.<\/p>\n<p><strong><a href=\"https:\/\/www.exquisitarium.com\/wp-content\/uploads\/2018\/03\/Pictogramas_Exquisitarium_freidora-e1520250825326.png\"><img decoding=\"async\" class=\"alignnone wp-image-4878\" src=\"https:\/\/www.exquisitarium.com\/wp-content\/uploads\/2018\/03\/Pictogramas_Exquisitarium_freidora.png\" alt=\"\" width=\"70\" height=\"70\" \/><\/a>FREGIDORA<\/strong><\/p>\n<p>Sense necessitat de descongelar pr\u00e8viament: Fregidora: en abundant oli calent (180\u00baC).<\/p>\n","protected":false},"excerpt":{"rendered":"<p><a class=\"button\" href=\"https:\/\/www.exquisitarium.com\/ca\/formulari-de-contacte\/\">Sol\u00b7licitar informaci\u00f3<\/a><\/p>\n<p>Cruixent de pasta de full farcit de formatge de cabra i confitura de tom\u00e0quet.<\/p>\n","protected":false},"featured_media":21379,"template":"","meta":{"_exactmetrics_skip_tracking":false,"_exactmetrics_sitenote_active":false,"_exactmetrics_sitenote_note":"","_exactmetrics_sitenote_category":0},"product_cat":[316],"product_tag":[355],"class_list":{"0":"post-11648","1":"product","2":"type-product","3":"status-publish","4":"has-post-thumbnail","6":"product_cat-tapes","7":"product_tag-cruixents-i-pasta-de-full","8":"pa_aplicacion-bar-ca","9":"pa_aplicacion-cafeteria-pastisseria","10":"pa_aplicacion-food-truck-ca","11":"pa_aplicacion-gastrobar-ca","12":"pa_aplicacion-hotels-ca","13":"pa_apto-vegetarians-ca","14":"pa_regeneracion-forn","15":"pa_regeneracion-fregidora","17":"first","18":"instock","19":"shipping-taxable","20":"product-type-simple"},"yoast_head":"<!-- This site is optimized with the Yoast SEO plugin v27.1.1 - https:\/\/yoast.com\/product\/yoast-seo-wordpress\/ -->\n<title>PASTA DE FULL DE FORMATGE DE CABRA AMB CONFITURA DE TOMATA - Plats preparats per professionals- EXQUISITARIUM<\/title>\n<meta name=\"robots\" content=\"index, follow, max-snippet:-1, max-image-preview:large, max-video-preview:-1\" \/>\n<link rel=\"canonical\" href=\"https:\/\/www.exquisitarium.com\/ca\/producte\/pasta-full-formatge-cabra-confitura-tomaquet\/\" \/>\n<meta property=\"og:locale\" content=\"ca_ES\" \/>\n<meta property=\"og:type\" content=\"article\" \/>\n<meta property=\"og:title\" content=\"PASTA DE FULL DE FORMATGE DE CABRA AMB CONFITURA DE TOMATA - Plats preparats per professionals- EXQUISITARIUM\" \/>\n<meta property=\"og:description\" content=\"Sol\u00b7licitar informaci\u00f3  Cruixent de pasta de full farcit de formatge de cabra i confitura de tom\u00e0quet.\" \/>\n<meta property=\"og:url\" content=\"https:\/\/www.exquisitarium.com\/ca\/producte\/pasta-full-formatge-cabra-confitura-tomaquet\/\" \/>\n<meta property=\"og:site_name\" content=\"EXQUISITARIUM\" \/>\n<meta property=\"article:publisher\" content=\"https:\/\/www.facebook.com\/exquisitarium\/\" \/>\n<meta property=\"article:modified_time\" content=\"2025-09-10T11:22:48+00:00\" \/>\n<meta property=\"og:image\" content=\"https:\/\/www.exquisitarium.com\/wp-content\/uploads\/2018\/03\/HOJALDRE-DE-QUESO-DE-CABRA-CON-CONFITURA-DE-TOMATE.png\" \/>\n\t<meta property=\"og:image:width\" content=\"800\" \/>\n\t<meta property=\"og:image:height\" content=\"594\" \/>\n\t<meta property=\"og:image:type\" content=\"image\/png\" \/>\n<meta name=\"twitter:card\" content=\"summary_large_image\" \/>\n<script type=\"application\/ld+json\" class=\"yoast-schema-graph\">{\"@context\":\"https:\/\/schema.org\",\"@graph\":[{\"@type\":\"WebPage\",\"@id\":\"https:\/\/www.exquisitarium.com\/ca\/producte\/pasta-full-formatge-cabra-confitura-tomaquet\/\",\"url\":\"https:\/\/www.exquisitarium.com\/ca\/producte\/pasta-full-formatge-cabra-confitura-tomaquet\/\",\"name\":\"PASTA DE FULL DE FORMATGE DE CABRA AMB CONFITURA DE TOMATA - Plats preparats per professionals- EXQUISITARIUM\",\"isPartOf\":{\"@id\":\"https:\/\/www.exquisitarium.com\/ca\/#website\"},\"primaryImageOfPage\":{\"@id\":\"https:\/\/www.exquisitarium.com\/ca\/producte\/pasta-full-formatge-cabra-confitura-tomaquet\/#primaryimage\"},\"image\":{\"@id\":\"https:\/\/www.exquisitarium.com\/ca\/producte\/pasta-full-formatge-cabra-confitura-tomaquet\/#primaryimage\"},\"thumbnailUrl\":\"https:\/\/www.exquisitarium.com\/wp-content\/uploads\/2018\/03\/HOJALDRE-DE-QUESO-DE-CABRA-CON-CONFITURA-DE-TOMATE.png\",\"datePublished\":\"2018-03-06T14:27:33+00:00\",\"dateModified\":\"2025-09-10T11:22:48+00:00\",\"breadcrumb\":{\"@id\":\"https:\/\/www.exquisitarium.com\/ca\/producte\/pasta-full-formatge-cabra-confitura-tomaquet\/#breadcrumb\"},\"inLanguage\":\"ca\",\"potentialAction\":[{\"@type\":\"ReadAction\",\"target\":[\"https:\/\/www.exquisitarium.com\/ca\/producte\/pasta-full-formatge-cabra-confitura-tomaquet\/\"]}]},{\"@type\":\"ImageObject\",\"inLanguage\":\"ca\",\"@id\":\"https:\/\/www.exquisitarium.com\/ca\/producte\/pasta-full-formatge-cabra-confitura-tomaquet\/#primaryimage\",\"url\":\"https:\/\/www.exquisitarium.com\/wp-content\/uploads\/2018\/03\/HOJALDRE-DE-QUESO-DE-CABRA-CON-CONFITURA-DE-TOMATE.png\",\"contentUrl\":\"https:\/\/www.exquisitarium.com\/wp-content\/uploads\/2018\/03\/HOJALDRE-DE-QUESO-DE-CABRA-CON-CONFITURA-DE-TOMATE.png\",\"width\":800,\"height\":594},{\"@type\":\"BreadcrumbList\",\"@id\":\"https:\/\/www.exquisitarium.com\/ca\/producte\/pasta-full-formatge-cabra-confitura-tomaquet\/#breadcrumb\",\"itemListElement\":[{\"@type\":\"ListItem\",\"position\":1,\"name\":\"Home\",\"item\":\"https:\/\/www.exquisitarium.com\/ca\/\"},{\"@type\":\"ListItem\",\"position\":2,\"name\":\"Recerca de productes\",\"item\":\"https:\/\/www.exquisitarium.com\/ca\/recerca-de-productes\/\"},{\"@type\":\"ListItem\",\"position\":3,\"name\":\"PASTA DE FULL DE FORMATGE DE CABRA AMB CONFITURA DE TOMATA\"}]},{\"@type\":\"WebSite\",\"@id\":\"https:\/\/www.exquisitarium.com\/ca\/#website\",\"url\":\"https:\/\/www.exquisitarium.com\/ca\/\",\"name\":\"EXQUISITARIUM\",\"description\":\"Tu cocina en buenas manos\",\"publisher\":{\"@id\":\"https:\/\/www.exquisitarium.com\/ca\/#organization\"},\"potentialAction\":[{\"@type\":\"SearchAction\",\"target\":{\"@type\":\"EntryPoint\",\"urlTemplate\":\"https:\/\/www.exquisitarium.com\/ca\/?s={search_term_string}\"},\"query-input\":{\"@type\":\"PropertyValueSpecification\",\"valueRequired\":true,\"valueName\":\"search_term_string\"}}],\"inLanguage\":\"ca\"},{\"@type\":\"Organization\",\"@id\":\"https:\/\/www.exquisitarium.com\/ca\/#organization\",\"name\":\"EXQUISITARIUM\",\"url\":\"https:\/\/www.exquisitarium.com\/ca\/\",\"logo\":{\"@type\":\"ImageObject\",\"inLanguage\":\"ca\",\"@id\":\"https:\/\/www.exquisitarium.com\/ca\/#\/schema\/logo\/image\/\",\"url\":\"https:\/\/www.exquisitarium.com\/wp-content\/uploads\/2025\/10\/exquisitarium-logo.svg\",\"contentUrl\":\"https:\/\/www.exquisitarium.com\/wp-content\/uploads\/2025\/10\/exquisitarium-logo.svg\",\"width\":233,\"height\":37,\"caption\":\"EXQUISITARIUM\"},\"image\":{\"@id\":\"https:\/\/www.exquisitarium.com\/ca\/#\/schema\/logo\/image\/\"},\"sameAs\":[\"https:\/\/www.facebook.com\/exquisitarium\/\",\"https:\/\/www.instagram.com\/exquisitarium\/\",\"https:\/\/www.linkedin.com\/company\/exquisitarium\/\"]}]}<\/script>\n<!-- \/ Yoast SEO plugin. -->","yoast_head_json":{"title":"PASTA DE FULL DE FORMATGE DE CABRA AMB CONFITURA DE TOMATA - Plats preparats per professionals- EXQUISITARIUM","robots":{"index":"index","follow":"follow","max-snippet":"max-snippet:-1","max-image-preview":"max-image-preview:large","max-video-preview":"max-video-preview:-1"},"canonical":"https:\/\/www.exquisitarium.com\/ca\/producte\/pasta-full-formatge-cabra-confitura-tomaquet\/","og_locale":"ca_ES","og_type":"article","og_title":"PASTA DE FULL DE FORMATGE DE CABRA AMB CONFITURA DE TOMATA - Plats preparats per professionals- EXQUISITARIUM","og_description":"Sol\u00b7licitar informaci\u00f3  Cruixent de pasta de full farcit de formatge de cabra i confitura de tom\u00e0quet.","og_url":"https:\/\/www.exquisitarium.com\/ca\/producte\/pasta-full-formatge-cabra-confitura-tomaquet\/","og_site_name":"EXQUISITARIUM","article_publisher":"https:\/\/www.facebook.com\/exquisitarium\/","article_modified_time":"2025-09-10T11:22:48+00:00","og_image":[{"width":800,"height":594,"url":"https:\/\/www.exquisitarium.com\/wp-content\/uploads\/2018\/03\/HOJALDRE-DE-QUESO-DE-CABRA-CON-CONFITURA-DE-TOMATE.png","type":"image\/png"}],"twitter_card":"summary_large_image","schema":{"@context":"https:\/\/schema.org","@graph":[{"@type":"WebPage","@id":"https:\/\/www.exquisitarium.com\/ca\/producte\/pasta-full-formatge-cabra-confitura-tomaquet\/","url":"https:\/\/www.exquisitarium.com\/ca\/producte\/pasta-full-formatge-cabra-confitura-tomaquet\/","name":"PASTA DE FULL DE FORMATGE DE CABRA AMB CONFITURA DE TOMATA - Plats preparats per professionals- EXQUISITARIUM","isPartOf":{"@id":"https:\/\/www.exquisitarium.com\/ca\/#website"},"primaryImageOfPage":{"@id":"https:\/\/www.exquisitarium.com\/ca\/producte\/pasta-full-formatge-cabra-confitura-tomaquet\/#primaryimage"},"image":{"@id":"https:\/\/www.exquisitarium.com\/ca\/producte\/pasta-full-formatge-cabra-confitura-tomaquet\/#primaryimage"},"thumbnailUrl":"https:\/\/www.exquisitarium.com\/wp-content\/uploads\/2018\/03\/HOJALDRE-DE-QUESO-DE-CABRA-CON-CONFITURA-DE-TOMATE.png","datePublished":"2018-03-06T14:27:33+00:00","dateModified":"2025-09-10T11:22:48+00:00","breadcrumb":{"@id":"https:\/\/www.exquisitarium.com\/ca\/producte\/pasta-full-formatge-cabra-confitura-tomaquet\/#breadcrumb"},"inLanguage":"ca","potentialAction":[{"@type":"ReadAction","target":["https:\/\/www.exquisitarium.com\/ca\/producte\/pasta-full-formatge-cabra-confitura-tomaquet\/"]}]},{"@type":"ImageObject","inLanguage":"ca","@id":"https:\/\/www.exquisitarium.com\/ca\/producte\/pasta-full-formatge-cabra-confitura-tomaquet\/#primaryimage","url":"https:\/\/www.exquisitarium.com\/wp-content\/uploads\/2018\/03\/HOJALDRE-DE-QUESO-DE-CABRA-CON-CONFITURA-DE-TOMATE.png","contentUrl":"https:\/\/www.exquisitarium.com\/wp-content\/uploads\/2018\/03\/HOJALDRE-DE-QUESO-DE-CABRA-CON-CONFITURA-DE-TOMATE.png","width":800,"height":594},{"@type":"BreadcrumbList","@id":"https:\/\/www.exquisitarium.com\/ca\/producte\/pasta-full-formatge-cabra-confitura-tomaquet\/#breadcrumb","itemListElement":[{"@type":"ListItem","position":1,"name":"Home","item":"https:\/\/www.exquisitarium.com\/ca\/"},{"@type":"ListItem","position":2,"name":"Recerca de productes","item":"https:\/\/www.exquisitarium.com\/ca\/recerca-de-productes\/"},{"@type":"ListItem","position":3,"name":"PASTA DE FULL DE FORMATGE DE CABRA AMB CONFITURA DE TOMATA"}]},{"@type":"WebSite","@id":"https:\/\/www.exquisitarium.com\/ca\/#website","url":"https:\/\/www.exquisitarium.com\/ca\/","name":"EXQUISITARIUM","description":"Tu cocina en buenas manos","publisher":{"@id":"https:\/\/www.exquisitarium.com\/ca\/#organization"},"potentialAction":[{"@type":"SearchAction","target":{"@type":"EntryPoint","urlTemplate":"https:\/\/www.exquisitarium.com\/ca\/?s={search_term_string}"},"query-input":{"@type":"PropertyValueSpecification","valueRequired":true,"valueName":"search_term_string"}}],"inLanguage":"ca"},{"@type":"Organization","@id":"https:\/\/www.exquisitarium.com\/ca\/#organization","name":"EXQUISITARIUM","url":"https:\/\/www.exquisitarium.com\/ca\/","logo":{"@type":"ImageObject","inLanguage":"ca","@id":"https:\/\/www.exquisitarium.com\/ca\/#\/schema\/logo\/image\/","url":"https:\/\/www.exquisitarium.com\/wp-content\/uploads\/2025\/10\/exquisitarium-logo.svg","contentUrl":"https:\/\/www.exquisitarium.com\/wp-content\/uploads\/2025\/10\/exquisitarium-logo.svg","width":233,"height":37,"caption":"EXQUISITARIUM"},"image":{"@id":"https:\/\/www.exquisitarium.com\/ca\/#\/schema\/logo\/image\/"},"sameAs":["https:\/\/www.facebook.com\/exquisitarium\/","https:\/\/www.instagram.com\/exquisitarium\/","https:\/\/www.linkedin.com\/company\/exquisitarium\/"]}]}},"_links":{"self":[{"href":"https:\/\/www.exquisitarium.com\/ca\/wp-json\/wp\/v2\/product\/11648","targetHints":{"allow":["GET"]}}],"collection":[{"href":"https:\/\/www.exquisitarium.com\/ca\/wp-json\/wp\/v2\/product"}],"about":[{"href":"https:\/\/www.exquisitarium.com\/ca\/wp-json\/wp\/v2\/types\/product"}],"version-history":[{"count":0,"href":"https:\/\/www.exquisitarium.com\/ca\/wp-json\/wp\/v2\/product\/11648\/revisions"}],"wp:featuredmedia":[{"embeddable":true,"href":"https:\/\/www.exquisitarium.com\/ca\/wp-json\/wp\/v2\/media\/21379"}],"wp:attachment":[{"href":"https:\/\/www.exquisitarium.com\/ca\/wp-json\/wp\/v2\/media?parent=11648"}],"wp:term":[{"taxonomy":"product_cat","embeddable":true,"href":"https:\/\/www.exquisitarium.com\/ca\/wp-json\/wp\/v2\/product_cat?post=11648"},{"taxonomy":"product_tag","embeddable":true,"href":"https:\/\/www.exquisitarium.com\/ca\/wp-json\/wp\/v2\/product_tag?post=11648"}],"curies":[{"name":"wp","href":"https:\/\/api.w.org\/{rel}","templated":true}]}}