{"id":11624,"date":"2018-03-06T15:27:25","date_gmt":"2018-03-06T14:27:25","guid":{"rendered":"https:\/\/www.exquisitarium.com\/productos\/placa-garri-confitat\/"},"modified":"2025-09-17T11:17:03","modified_gmt":"2025-09-17T09:17:03","slug":"placa-garri-confitat","status":"publish","type":"product","link":"https:\/\/www.exquisitarium.com\/ca\/producte\/placa-garri-confitat\/","title":{"rendered":"PLACA DE GARR\u00cd CONFITAT"},"content":{"rendered":"<p>Un producte tradicional en un format nou. F\u00e0cil de manejar que permet plats actuals, donant moltes possibilitats, en diferents fraccions o com a pe\u00e7a unit\u00e0ria. Perfecte per combinar amb diferents salses i guarnicions que permet m\u00faltiples emplatats. Disposem de racions individuals de 140 g amb la ref. 2154, tamb\u00e9 se serveix en format placa d&#8217;1,2 kg amb ref. 21549.<\/p>\n<p><a href=\"https:\/\/www.exquisitarium.com\/wp-content\/uploads\/2018\/03\/circulo-cochinillo-segoviano.png\"><img decoding=\"async\" class=\" wp-image-8548 alignright\" src=\"https:\/\/www.exquisitarium.com\/wp-content\/uploads\/2018\/03\/circulo-cochinillo-segoviano.png\" alt=\"\" width=\"161\" height=\"162\" srcset=\"https:\/\/www.exquisitarium.com\/wp-content\/uploads\/2018\/03\/circulo-cochinillo-segoviano.png 502w, https:\/\/www.exquisitarium.com\/wp-content\/uploads\/2018\/03\/circulo-cochinillo-segoviano-360x364.png 360w, https:\/\/www.exquisitarium.com\/wp-content\/uploads\/2018\/03\/circulo-cochinillo-segoviano-100x100.png 100w\" sizes=\"(max-width: 161px) 100vw, 161px\" \/><\/a><\/p>\n<p><strong><a href=\"https:\/\/www.exquisitarium.com\/wp-content\/uploads\/2018\/03\/Pictogramas_Exquisitarium_forn-e1520333452926.png\"><img decoding=\"async\" class=\"alignnone wp-image-4919\" src=\"https:\/\/www.exquisitarium.com\/wp-content\/uploads\/2018\/03\/Pictogramas_Exquisitarium_forn.png\" alt=\"\" width=\"70\" height=\"70\" \/><\/a>FORN<\/strong><\/p>\n<p><strong><a href=\"https:\/\/www.exquisitarium.com\/wp-content\/uploads\/2018\/03\/Pictogramas_Exquisitarium_plancha-e1520250307654.png\"><img decoding=\"async\" class=\"alignnone wp-image-4893\" src=\"https:\/\/www.exquisitarium.com\/wp-content\/uploads\/2018\/03\/Pictogramas_Exquisitarium_plancha.png\" alt=\"\" width=\"70\" height=\"70\" \/><\/a>PLANXA<\/strong><\/p>\n<p>&nbsp;<\/p>\n<p>FORN DE CONVECCI\u00d3: Sempre untada la cara de la pell amb oli i amb la pell cap avall en safata de tefl\u00f3. SI ESTA CONGELAT: 8 minuts el forn al 60% d&#8217;humitat, en mixt a 240 graus. minuts a 220 graus. Nom\u00e9s convecci\u00f3. Sense humitat. PLANXA O PAELLA ANTIADHERENT: Descongelar pr\u00e8viament, untar amb oli i daurar per ambd\u00f3s costats (primer per la part de la pell) a foc mitj\u00e0.<\/p>\n","protected":false},"excerpt":{"rendered":"<p><a class=\"button\" href=\"https:\/\/www.exquisitarium.com\/ca\/formulari-de-contacte\/\">Sol\u00b7licitar informaci\u00f3<\/a><\/p>\n<p>Placa de garr\u00ed confitat. Un producte tradicional en un format nou.<\/p>\n","protected":false},"featured_media":21893,"template":"","meta":{"_exactmetrics_skip_tracking":false,"_exactmetrics_sitenote_active":false,"_exactmetrics_sitenote_note":"","_exactmetrics_sitenote_category":0},"product_cat":[327,316],"product_tag":[331],"class_list":{"0":"post-11624","1":"product","2":"type-product","3":"status-publish","4":"has-post-thumbnail","6":"product_cat-carns","7":"product_cat-tapes","8":"product_tag-carns","9":"pa_aplicacion-bar-ca","10":"pa_aplicacion-catering-ca","11":"pa_aplicacion-gastrobar-ca","12":"pa_aplicacion-hotels-ca","13":"pa_aplicacion-restaurant-ca","14":"pa_regeneracion-especial-ca","15":"pa_regeneracion-forn","16":"pa_regeneracion-planxa","18":"first","19":"instock","20":"shipping-taxable","21":"product-type-simple"},"yoast_head":"<!-- This site is optimized with the Yoast SEO plugin v27.1.1 - https:\/\/yoast.com\/product\/yoast-seo-wordpress\/ -->\n<title>PLACA DE GARR\u00cd CONFITAT - Plats preparats per professionals- EXQUISITARIUM<\/title>\n<meta name=\"robots\" content=\"index, follow, max-snippet:-1, max-image-preview:large, max-video-preview:-1\" \/>\n<link rel=\"canonical\" href=\"https:\/\/www.exquisitarium.com\/ca\/producte\/placa-garri-confitat\/\" \/>\n<meta property=\"og:locale\" content=\"ca_ES\" \/>\n<meta property=\"og:type\" content=\"article\" \/>\n<meta property=\"og:title\" content=\"PLACA DE GARR\u00cd CONFITAT - Plats preparats per professionals- EXQUISITARIUM\" \/>\n<meta property=\"og:description\" content=\"Sol\u00b7licitar informaci\u00f3  Placa de garr\u00ed confitat. Un producte tradicional en un format nou.\" \/>\n<meta property=\"og:url\" content=\"https:\/\/www.exquisitarium.com\/ca\/producte\/placa-garri-confitat\/\" \/>\n<meta property=\"og:site_name\" content=\"EXQUISITARIUM\" \/>\n<meta property=\"article:publisher\" content=\"https:\/\/www.facebook.com\/exquisitarium\/\" \/>\n<meta property=\"article:modified_time\" content=\"2025-09-17T09:17:03+00:00\" \/>\n<meta property=\"og:image\" content=\"https:\/\/www.exquisitarium.com\/wp-content\/uploads\/2018\/03\/PLACA-DE-COCHINILLO-CONFITADO.png\" \/>\n\t<meta property=\"og:image:width\" content=\"700\" \/>\n\t<meta property=\"og:image:height\" content=\"346\" \/>\n\t<meta property=\"og:image:type\" content=\"image\/png\" \/>\n<meta name=\"twitter:card\" content=\"summary_large_image\" \/>\n<meta name=\"twitter:label1\" content=\"Temps estimat de lectura\" \/>\n\t<meta name=\"twitter:data1\" content=\"1 minut\" \/>\n<script type=\"application\/ld+json\" class=\"yoast-schema-graph\">{\"@context\":\"https:\/\/schema.org\",\"@graph\":[{\"@type\":\"WebPage\",\"@id\":\"https:\/\/www.exquisitarium.com\/ca\/producte\/placa-garri-confitat\/\",\"url\":\"https:\/\/www.exquisitarium.com\/ca\/producte\/placa-garri-confitat\/\",\"name\":\"PLACA DE GARR\u00cd CONFITAT - Plats preparats per professionals- EXQUISITARIUM\",\"isPartOf\":{\"@id\":\"https:\/\/www.exquisitarium.com\/ca\/#website\"},\"primaryImageOfPage\":{\"@id\":\"https:\/\/www.exquisitarium.com\/ca\/producte\/placa-garri-confitat\/#primaryimage\"},\"image\":{\"@id\":\"https:\/\/www.exquisitarium.com\/ca\/producte\/placa-garri-confitat\/#primaryimage\"},\"thumbnailUrl\":\"https:\/\/www.exquisitarium.com\/wp-content\/uploads\/2018\/03\/PLACA-DE-COCHINILLO-CONFITADO.png\",\"datePublished\":\"2018-03-06T14:27:25+00:00\",\"dateModified\":\"2025-09-17T09:17:03+00:00\",\"breadcrumb\":{\"@id\":\"https:\/\/www.exquisitarium.com\/ca\/producte\/placa-garri-confitat\/#breadcrumb\"},\"inLanguage\":\"ca\",\"potentialAction\":[{\"@type\":\"ReadAction\",\"target\":[\"https:\/\/www.exquisitarium.com\/ca\/producte\/placa-garri-confitat\/\"]}]},{\"@type\":\"ImageObject\",\"inLanguage\":\"ca\",\"@id\":\"https:\/\/www.exquisitarium.com\/ca\/producte\/placa-garri-confitat\/#primaryimage\",\"url\":\"https:\/\/www.exquisitarium.com\/wp-content\/uploads\/2018\/03\/PLACA-DE-COCHINILLO-CONFITADO.png\",\"contentUrl\":\"https:\/\/www.exquisitarium.com\/wp-content\/uploads\/2018\/03\/PLACA-DE-COCHINILLO-CONFITADO.png\",\"width\":700,\"height\":346},{\"@type\":\"BreadcrumbList\",\"@id\":\"https:\/\/www.exquisitarium.com\/ca\/producte\/placa-garri-confitat\/#breadcrumb\",\"itemListElement\":[{\"@type\":\"ListItem\",\"position\":1,\"name\":\"Home\",\"item\":\"https:\/\/www.exquisitarium.com\/ca\/\"},{\"@type\":\"ListItem\",\"position\":2,\"name\":\"Recerca de productes\",\"item\":\"https:\/\/www.exquisitarium.com\/ca\/recerca-de-productes\/\"},{\"@type\":\"ListItem\",\"position\":3,\"name\":\"PLACA DE GARR\u00cd CONFITAT\"}]},{\"@type\":\"WebSite\",\"@id\":\"https:\/\/www.exquisitarium.com\/ca\/#website\",\"url\":\"https:\/\/www.exquisitarium.com\/ca\/\",\"name\":\"EXQUISITARIUM\",\"description\":\"Tu cocina en buenas manos\",\"publisher\":{\"@id\":\"https:\/\/www.exquisitarium.com\/ca\/#organization\"},\"potentialAction\":[{\"@type\":\"SearchAction\",\"target\":{\"@type\":\"EntryPoint\",\"urlTemplate\":\"https:\/\/www.exquisitarium.com\/ca\/?s={search_term_string}\"},\"query-input\":{\"@type\":\"PropertyValueSpecification\",\"valueRequired\":true,\"valueName\":\"search_term_string\"}}],\"inLanguage\":\"ca\"},{\"@type\":\"Organization\",\"@id\":\"https:\/\/www.exquisitarium.com\/ca\/#organization\",\"name\":\"EXQUISITARIUM\",\"url\":\"https:\/\/www.exquisitarium.com\/ca\/\",\"logo\":{\"@type\":\"ImageObject\",\"inLanguage\":\"ca\",\"@id\":\"https:\/\/www.exquisitarium.com\/ca\/#\/schema\/logo\/image\/\",\"url\":\"https:\/\/www.exquisitarium.com\/wp-content\/uploads\/2025\/10\/exquisitarium-logo.svg\",\"contentUrl\":\"https:\/\/www.exquisitarium.com\/wp-content\/uploads\/2025\/10\/exquisitarium-logo.svg\",\"width\":233,\"height\":37,\"caption\":\"EXQUISITARIUM\"},\"image\":{\"@id\":\"https:\/\/www.exquisitarium.com\/ca\/#\/schema\/logo\/image\/\"},\"sameAs\":[\"https:\/\/www.facebook.com\/exquisitarium\/\",\"https:\/\/www.instagram.com\/exquisitarium\/\",\"https:\/\/www.linkedin.com\/company\/exquisitarium\/\"]}]}<\/script>\n<!-- \/ Yoast SEO plugin. -->","yoast_head_json":{"title":"PLACA DE GARR\u00cd CONFITAT - Plats preparats per professionals- EXQUISITARIUM","robots":{"index":"index","follow":"follow","max-snippet":"max-snippet:-1","max-image-preview":"max-image-preview:large","max-video-preview":"max-video-preview:-1"},"canonical":"https:\/\/www.exquisitarium.com\/ca\/producte\/placa-garri-confitat\/","og_locale":"ca_ES","og_type":"article","og_title":"PLACA DE GARR\u00cd CONFITAT - Plats preparats per professionals- EXQUISITARIUM","og_description":"Sol\u00b7licitar informaci\u00f3  Placa de garr\u00ed confitat. Un producte tradicional en un format nou.","og_url":"https:\/\/www.exquisitarium.com\/ca\/producte\/placa-garri-confitat\/","og_site_name":"EXQUISITARIUM","article_publisher":"https:\/\/www.facebook.com\/exquisitarium\/","article_modified_time":"2025-09-17T09:17:03+00:00","og_image":[{"width":700,"height":346,"url":"https:\/\/www.exquisitarium.com\/wp-content\/uploads\/2018\/03\/PLACA-DE-COCHINILLO-CONFITADO.png","type":"image\/png"}],"twitter_card":"summary_large_image","twitter_misc":{"Temps estimat de lectura":"1 minut"},"schema":{"@context":"https:\/\/schema.org","@graph":[{"@type":"WebPage","@id":"https:\/\/www.exquisitarium.com\/ca\/producte\/placa-garri-confitat\/","url":"https:\/\/www.exquisitarium.com\/ca\/producte\/placa-garri-confitat\/","name":"PLACA DE GARR\u00cd CONFITAT - Plats preparats per professionals- EXQUISITARIUM","isPartOf":{"@id":"https:\/\/www.exquisitarium.com\/ca\/#website"},"primaryImageOfPage":{"@id":"https:\/\/www.exquisitarium.com\/ca\/producte\/placa-garri-confitat\/#primaryimage"},"image":{"@id":"https:\/\/www.exquisitarium.com\/ca\/producte\/placa-garri-confitat\/#primaryimage"},"thumbnailUrl":"https:\/\/www.exquisitarium.com\/wp-content\/uploads\/2018\/03\/PLACA-DE-COCHINILLO-CONFITADO.png","datePublished":"2018-03-06T14:27:25+00:00","dateModified":"2025-09-17T09:17:03+00:00","breadcrumb":{"@id":"https:\/\/www.exquisitarium.com\/ca\/producte\/placa-garri-confitat\/#breadcrumb"},"inLanguage":"ca","potentialAction":[{"@type":"ReadAction","target":["https:\/\/www.exquisitarium.com\/ca\/producte\/placa-garri-confitat\/"]}]},{"@type":"ImageObject","inLanguage":"ca","@id":"https:\/\/www.exquisitarium.com\/ca\/producte\/placa-garri-confitat\/#primaryimage","url":"https:\/\/www.exquisitarium.com\/wp-content\/uploads\/2018\/03\/PLACA-DE-COCHINILLO-CONFITADO.png","contentUrl":"https:\/\/www.exquisitarium.com\/wp-content\/uploads\/2018\/03\/PLACA-DE-COCHINILLO-CONFITADO.png","width":700,"height":346},{"@type":"BreadcrumbList","@id":"https:\/\/www.exquisitarium.com\/ca\/producte\/placa-garri-confitat\/#breadcrumb","itemListElement":[{"@type":"ListItem","position":1,"name":"Home","item":"https:\/\/www.exquisitarium.com\/ca\/"},{"@type":"ListItem","position":2,"name":"Recerca de productes","item":"https:\/\/www.exquisitarium.com\/ca\/recerca-de-productes\/"},{"@type":"ListItem","position":3,"name":"PLACA DE GARR\u00cd CONFITAT"}]},{"@type":"WebSite","@id":"https:\/\/www.exquisitarium.com\/ca\/#website","url":"https:\/\/www.exquisitarium.com\/ca\/","name":"EXQUISITARIUM","description":"Tu cocina en buenas manos","publisher":{"@id":"https:\/\/www.exquisitarium.com\/ca\/#organization"},"potentialAction":[{"@type":"SearchAction","target":{"@type":"EntryPoint","urlTemplate":"https:\/\/www.exquisitarium.com\/ca\/?s={search_term_string}"},"query-input":{"@type":"PropertyValueSpecification","valueRequired":true,"valueName":"search_term_string"}}],"inLanguage":"ca"},{"@type":"Organization","@id":"https:\/\/www.exquisitarium.com\/ca\/#organization","name":"EXQUISITARIUM","url":"https:\/\/www.exquisitarium.com\/ca\/","logo":{"@type":"ImageObject","inLanguage":"ca","@id":"https:\/\/www.exquisitarium.com\/ca\/#\/schema\/logo\/image\/","url":"https:\/\/www.exquisitarium.com\/wp-content\/uploads\/2025\/10\/exquisitarium-logo.svg","contentUrl":"https:\/\/www.exquisitarium.com\/wp-content\/uploads\/2025\/10\/exquisitarium-logo.svg","width":233,"height":37,"caption":"EXQUISITARIUM"},"image":{"@id":"https:\/\/www.exquisitarium.com\/ca\/#\/schema\/logo\/image\/"},"sameAs":["https:\/\/www.facebook.com\/exquisitarium\/","https:\/\/www.instagram.com\/exquisitarium\/","https:\/\/www.linkedin.com\/company\/exquisitarium\/"]}]}},"_links":{"self":[{"href":"https:\/\/www.exquisitarium.com\/ca\/wp-json\/wp\/v2\/product\/11624","targetHints":{"allow":["GET"]}}],"collection":[{"href":"https:\/\/www.exquisitarium.com\/ca\/wp-json\/wp\/v2\/product"}],"about":[{"href":"https:\/\/www.exquisitarium.com\/ca\/wp-json\/wp\/v2\/types\/product"}],"version-history":[{"count":0,"href":"https:\/\/www.exquisitarium.com\/ca\/wp-json\/wp\/v2\/product\/11624\/revisions"}],"wp:featuredmedia":[{"embeddable":true,"href":"https:\/\/www.exquisitarium.com\/ca\/wp-json\/wp\/v2\/media\/21893"}],"wp:attachment":[{"href":"https:\/\/www.exquisitarium.com\/ca\/wp-json\/wp\/v2\/media?parent=11624"}],"wp:term":[{"taxonomy":"product_cat","embeddable":true,"href":"https:\/\/www.exquisitarium.com\/ca\/wp-json\/wp\/v2\/product_cat?post=11624"},{"taxonomy":"product_tag","embeddable":true,"href":"https:\/\/www.exquisitarium.com\/ca\/wp-json\/wp\/v2\/product_tag?post=11624"}],"curies":[{"name":"wp","href":"https:\/\/api.w.org\/{rel}","templated":true}]}}