{"id":11621,"date":"2018-02-07T18:15:36","date_gmt":"2018-02-07T17:15:36","guid":{"rendered":"https:\/\/www.exquisitarium.com\/productos\/macaro-de-foie\/"},"modified":"2025-09-15T11:10:57","modified_gmt":"2025-09-15T09:10:57","slug":"macaro-de-foie","status":"publish","type":"product","link":"https:\/\/www.exquisitarium.com\/ca\/producte\/macaro-de-foie\/","title":{"rendered":"MACAR\u00d3 DE FOIE"},"content":{"rendered":"\t\t<div data-elementor-type=\"wp-post\" data-elementor-id=\"11621\" class=\"elementor elementor-11621 elementor-4489 elementor-bc-flex-widget\">\n\t\t\t\t\t\t<section class=\"elementor-section elementor-top-section elementor-element elementor-element-abbb98f elementor-section-boxed elementor-section-height-default elementor-section-height-default\" data-id=\"abbb98f\" data-element_type=\"section\" data-e-type=\"section\">\n\t\t\t\t\t\t<div class=\"elementor-container elementor-column-gap-default\">\n\t\t\t\t\t<div class=\"elementor-column elementor-col-100 elementor-top-column elementor-element elementor-element-33af176\" data-id=\"33af176\" data-element_type=\"column\" data-e-type=\"column\">\n\t\t\t<div class=\"elementor-widget-wrap elementor-element-populated\">\n\t\t\t\t\t\t<div class=\"elementor-element elementor-element-14306da elementor-widget elementor-widget-text-editor\" data-id=\"14306da\" data-element_type=\"widget\" data-e-type=\"widget\" data-widget_type=\"text-editor.default\">\n\t\t\t\t<div class=\"elementor-widget-container\">\n\t\t\t\t\t\t\t\t\t<p id=\"tw-target-text\" class=\"tw-data-text tw-text-large tw-ta\" dir=\"ltr\" data-placeholder=\"Traducci\u00f3\"><span class=\"Y2IQFc\" lang=\"ca\">Inspirat en el tradicional macar\u00f3 dol\u00e7 d&#8217;origen franc\u00e8s. Exquisitarium ha desenvolupat aquest format amb un farcit salat. Destaquem el macar\u00f3 de foie, una nova combinaci\u00f3 de dos productes tradicionals.<\/span><\/p>\n<p><strong><a href=\"https:\/\/www.exquisitarium.com\/wp-content\/uploads\/2018\/03\/Pictogramas_Exquisitarium_descongelar.png\"><img decoding=\"async\" class=\"alignnone wp-image-4869\" src=\"https:\/\/www.exquisitarium.com\/wp-content\/uploads\/2018\/03\/Pictogramas_Exquisitarium_descongelar.png\" alt=\"\" width=\"70\" height=\"70\" \/><\/a><\/strong><strong>DESCONGELAR<\/strong><\/p>\n<p>Descongelar fora del seu env\u00e0s (oblea) uns 15 minuts abans de servir. El descongelat en exc\u00e9s pot humitejar el macar\u00f3.<\/p>\n\t\t\t\t\t\t\t\t<\/div>\n\t\t\t\t<\/div>\n\t\t\t\t\t<\/div>\n\t\t<\/div>\n\t\t\t\t\t<\/div>\n\t\t<\/section>\n\t\t\t\t<\/div>\n\t\t","protected":false},"excerpt":{"rendered":"<p><a class=\"button\" href=\"https:\/\/www.exquisitarium.com\/ca\/formulari-de-contacte\/\">Sol\u00b7licitar informaci\u00f3<\/a><\/p>\n<p>Inspirat en el tradicional macar\u00f3 franc\u00e8s amb una pinzellada diferent i exclusiva.<\/p>\n","protected":false},"featured_media":21536,"template":"","meta":{"_exactmetrics_skip_tracking":false,"_exactmetrics_sitenote_active":false,"_exactmetrics_sitenote_note":"","_exactmetrics_sitenote_category":0},"product_cat":[315,316],"product_tag":[353],"class_list":{"0":"post-11621","1":"product","2":"type-product","3":"status-publish","4":"has-post-thumbnail","6":"product_cat-aperitius","7":"product_cat-tapes","8":"product_tag-descongelar","9":"pa_aplicacion-cafeteria-pastisseria","10":"pa_aplicacion-catering-ca","11":"pa_aplicacion-food-truck-ca","12":"pa_aplicacion-gastrobar-ca","13":"pa_aplicacion-restaurant-ca","14":"pa_regeneracion-descongelar-ca","16":"first","17":"instock","18":"shipping-taxable","19":"product-type-simple"},"yoast_head":"<!-- This site is optimized with the Yoast SEO plugin v27.4 - https:\/\/yoast.com\/product\/yoast-seo-wordpress\/ -->\n<title>MACAR\u00d3 DE FOIE - Plats preparats per professionals- EXQUISITARIUM<\/title>\n<meta name=\"robots\" content=\"index, follow, max-snippet:-1, max-image-preview:large, max-video-preview:-1\" \/>\n<link rel=\"canonical\" href=\"https:\/\/www.exquisitarium.com\/ca\/producte\/macaro-de-foie\/\" \/>\n<meta property=\"og:locale\" content=\"ca_ES\" \/>\n<meta property=\"og:type\" content=\"article\" \/>\n<meta property=\"og:title\" content=\"MACAR\u00d3 DE FOIE - Plats preparats per professionals- EXQUISITARIUM\" \/>\n<meta property=\"og:description\" content=\"Sol\u00b7licitar informaci\u00f3  Inspirat en el tradicional macar\u00f3 franc\u00e8s amb una pinzellada diferent i exclusiva.\" \/>\n<meta property=\"og:url\" content=\"https:\/\/www.exquisitarium.com\/ca\/producte\/macaro-de-foie\/\" \/>\n<meta property=\"og:site_name\" content=\"EXQUISITARIUM\" \/>\n<meta property=\"article:publisher\" content=\"https:\/\/www.facebook.com\/exquisitarium\/\" \/>\n<meta property=\"article:modified_time\" content=\"2025-09-15T09:10:57+00:00\" \/>\n<meta property=\"og:image\" content=\"https:\/\/www.exquisitarium.com\/wp-content\/uploads\/2018\/02\/MACARON-DE-FOIE.png\" \/>\n\t<meta property=\"og:image:width\" content=\"800\" \/>\n\t<meta property=\"og:image:height\" content=\"533\" \/>\n\t<meta property=\"og:image:type\" content=\"image\/png\" \/>\n<meta name=\"twitter:card\" content=\"summary_large_image\" \/>\n<script type=\"application\/ld+json\" class=\"yoast-schema-graph\">{\"@context\":\"https:\\\/\\\/schema.org\",\"@graph\":[{\"@type\":\"WebPage\",\"@id\":\"https:\\\/\\\/www.exquisitarium.com\\\/ca\\\/producte\\\/macaro-de-foie\\\/\",\"url\":\"https:\\\/\\\/www.exquisitarium.com\\\/ca\\\/producte\\\/macaro-de-foie\\\/\",\"name\":\"MACAR\u00d3 DE FOIE - Plats preparats per professionals- EXQUISITARIUM\",\"isPartOf\":{\"@id\":\"https:\\\/\\\/www.exquisitarium.com\\\/ca\\\/#website\"},\"primaryImageOfPage\":{\"@id\":\"https:\\\/\\\/www.exquisitarium.com\\\/ca\\\/producte\\\/macaro-de-foie\\\/#primaryimage\"},\"image\":{\"@id\":\"https:\\\/\\\/www.exquisitarium.com\\\/ca\\\/producte\\\/macaro-de-foie\\\/#primaryimage\"},\"thumbnailUrl\":\"https:\\\/\\\/www.exquisitarium.com\\\/wp-content\\\/uploads\\\/2018\\\/02\\\/MACARON-DE-FOIE.png\",\"datePublished\":\"2018-02-07T17:15:36+00:00\",\"dateModified\":\"2025-09-15T09:10:57+00:00\",\"breadcrumb\":{\"@id\":\"https:\\\/\\\/www.exquisitarium.com\\\/ca\\\/producte\\\/macaro-de-foie\\\/#breadcrumb\"},\"inLanguage\":\"ca\",\"potentialAction\":[{\"@type\":\"ReadAction\",\"target\":[\"https:\\\/\\\/www.exquisitarium.com\\\/ca\\\/producte\\\/macaro-de-foie\\\/\"]}]},{\"@type\":\"ImageObject\",\"inLanguage\":\"ca\",\"@id\":\"https:\\\/\\\/www.exquisitarium.com\\\/ca\\\/producte\\\/macaro-de-foie\\\/#primaryimage\",\"url\":\"https:\\\/\\\/www.exquisitarium.com\\\/wp-content\\\/uploads\\\/2018\\\/02\\\/MACARON-DE-FOIE.png\",\"contentUrl\":\"https:\\\/\\\/www.exquisitarium.com\\\/wp-content\\\/uploads\\\/2018\\\/02\\\/MACARON-DE-FOIE.png\",\"width\":800,\"height\":533},{\"@type\":\"BreadcrumbList\",\"@id\":\"https:\\\/\\\/www.exquisitarium.com\\\/ca\\\/producte\\\/macaro-de-foie\\\/#breadcrumb\",\"itemListElement\":[{\"@type\":\"ListItem\",\"position\":1,\"name\":\"Home\",\"item\":\"https:\\\/\\\/www.exquisitarium.com\\\/ca\\\/\"},{\"@type\":\"ListItem\",\"position\":2,\"name\":\"Recerca de productes\",\"item\":\"https:\\\/\\\/www.exquisitarium.com\\\/ca\\\/recerca-de-productes\\\/\"},{\"@type\":\"ListItem\",\"position\":3,\"name\":\"MACAR\u00d3 DE FOIE\"}]},{\"@type\":\"WebSite\",\"@id\":\"https:\\\/\\\/www.exquisitarium.com\\\/ca\\\/#website\",\"url\":\"https:\\\/\\\/www.exquisitarium.com\\\/ca\\\/\",\"name\":\"EXQUISITARIUM\",\"description\":\"Tu cocina en buenas manos\",\"publisher\":{\"@id\":\"https:\\\/\\\/www.exquisitarium.com\\\/ca\\\/#organization\"},\"potentialAction\":[{\"@type\":\"SearchAction\",\"target\":{\"@type\":\"EntryPoint\",\"urlTemplate\":\"https:\\\/\\\/www.exquisitarium.com\\\/ca\\\/?s={search_term_string}\"},\"query-input\":{\"@type\":\"PropertyValueSpecification\",\"valueRequired\":true,\"valueName\":\"search_term_string\"}}],\"inLanguage\":\"ca\"},{\"@type\":\"Organization\",\"@id\":\"https:\\\/\\\/www.exquisitarium.com\\\/ca\\\/#organization\",\"name\":\"EXQUISITARIUM\",\"url\":\"https:\\\/\\\/www.exquisitarium.com\\\/ca\\\/\",\"logo\":{\"@type\":\"ImageObject\",\"inLanguage\":\"ca\",\"@id\":\"https:\\\/\\\/www.exquisitarium.com\\\/ca\\\/#\\\/schema\\\/logo\\\/image\\\/\",\"url\":\"https:\\\/\\\/www.exquisitarium.com\\\/wp-content\\\/uploads\\\/2025\\\/10\\\/exquisitarium-logo.svg\",\"contentUrl\":\"https:\\\/\\\/www.exquisitarium.com\\\/wp-content\\\/uploads\\\/2025\\\/10\\\/exquisitarium-logo.svg\",\"width\":233,\"height\":37,\"caption\":\"EXQUISITARIUM\"},\"image\":{\"@id\":\"https:\\\/\\\/www.exquisitarium.com\\\/ca\\\/#\\\/schema\\\/logo\\\/image\\\/\"},\"sameAs\":[\"https:\\\/\\\/www.facebook.com\\\/exquisitarium\\\/\",\"https:\\\/\\\/www.instagram.com\\\/exquisitarium\\\/\",\"https:\\\/\\\/www.linkedin.com\\\/company\\\/exquisitarium\\\/\"]}]}<\/script>\n<!-- \/ Yoast SEO plugin. -->","yoast_head_json":{"title":"MACAR\u00d3 DE FOIE - Plats preparats per professionals- EXQUISITARIUM","robots":{"index":"index","follow":"follow","max-snippet":"max-snippet:-1","max-image-preview":"max-image-preview:large","max-video-preview":"max-video-preview:-1"},"canonical":"https:\/\/www.exquisitarium.com\/ca\/producte\/macaro-de-foie\/","og_locale":"ca_ES","og_type":"article","og_title":"MACAR\u00d3 DE FOIE - Plats preparats per professionals- EXQUISITARIUM","og_description":"Sol\u00b7licitar informaci\u00f3  Inspirat en el tradicional macar\u00f3 franc\u00e8s amb una pinzellada diferent i exclusiva.","og_url":"https:\/\/www.exquisitarium.com\/ca\/producte\/macaro-de-foie\/","og_site_name":"EXQUISITARIUM","article_publisher":"https:\/\/www.facebook.com\/exquisitarium\/","article_modified_time":"2025-09-15T09:10:57+00:00","og_image":[{"width":800,"height":533,"url":"https:\/\/www.exquisitarium.com\/wp-content\/uploads\/2018\/02\/MACARON-DE-FOIE.png","type":"image\/png"}],"twitter_card":"summary_large_image","schema":{"@context":"https:\/\/schema.org","@graph":[{"@type":"WebPage","@id":"https:\/\/www.exquisitarium.com\/ca\/producte\/macaro-de-foie\/","url":"https:\/\/www.exquisitarium.com\/ca\/producte\/macaro-de-foie\/","name":"MACAR\u00d3 DE FOIE - Plats preparats per professionals- EXQUISITARIUM","isPartOf":{"@id":"https:\/\/www.exquisitarium.com\/ca\/#website"},"primaryImageOfPage":{"@id":"https:\/\/www.exquisitarium.com\/ca\/producte\/macaro-de-foie\/#primaryimage"},"image":{"@id":"https:\/\/www.exquisitarium.com\/ca\/producte\/macaro-de-foie\/#primaryimage"},"thumbnailUrl":"https:\/\/www.exquisitarium.com\/wp-content\/uploads\/2018\/02\/MACARON-DE-FOIE.png","datePublished":"2018-02-07T17:15:36+00:00","dateModified":"2025-09-15T09:10:57+00:00","breadcrumb":{"@id":"https:\/\/www.exquisitarium.com\/ca\/producte\/macaro-de-foie\/#breadcrumb"},"inLanguage":"ca","potentialAction":[{"@type":"ReadAction","target":["https:\/\/www.exquisitarium.com\/ca\/producte\/macaro-de-foie\/"]}]},{"@type":"ImageObject","inLanguage":"ca","@id":"https:\/\/www.exquisitarium.com\/ca\/producte\/macaro-de-foie\/#primaryimage","url":"https:\/\/www.exquisitarium.com\/wp-content\/uploads\/2018\/02\/MACARON-DE-FOIE.png","contentUrl":"https:\/\/www.exquisitarium.com\/wp-content\/uploads\/2018\/02\/MACARON-DE-FOIE.png","width":800,"height":533},{"@type":"BreadcrumbList","@id":"https:\/\/www.exquisitarium.com\/ca\/producte\/macaro-de-foie\/#breadcrumb","itemListElement":[{"@type":"ListItem","position":1,"name":"Home","item":"https:\/\/www.exquisitarium.com\/ca\/"},{"@type":"ListItem","position":2,"name":"Recerca de productes","item":"https:\/\/www.exquisitarium.com\/ca\/recerca-de-productes\/"},{"@type":"ListItem","position":3,"name":"MACAR\u00d3 DE FOIE"}]},{"@type":"WebSite","@id":"https:\/\/www.exquisitarium.com\/ca\/#website","url":"https:\/\/www.exquisitarium.com\/ca\/","name":"EXQUISITARIUM","description":"Tu cocina en buenas manos","publisher":{"@id":"https:\/\/www.exquisitarium.com\/ca\/#organization"},"potentialAction":[{"@type":"SearchAction","target":{"@type":"EntryPoint","urlTemplate":"https:\/\/www.exquisitarium.com\/ca\/?s={search_term_string}"},"query-input":{"@type":"PropertyValueSpecification","valueRequired":true,"valueName":"search_term_string"}}],"inLanguage":"ca"},{"@type":"Organization","@id":"https:\/\/www.exquisitarium.com\/ca\/#organization","name":"EXQUISITARIUM","url":"https:\/\/www.exquisitarium.com\/ca\/","logo":{"@type":"ImageObject","inLanguage":"ca","@id":"https:\/\/www.exquisitarium.com\/ca\/#\/schema\/logo\/image\/","url":"https:\/\/www.exquisitarium.com\/wp-content\/uploads\/2025\/10\/exquisitarium-logo.svg","contentUrl":"https:\/\/www.exquisitarium.com\/wp-content\/uploads\/2025\/10\/exquisitarium-logo.svg","width":233,"height":37,"caption":"EXQUISITARIUM"},"image":{"@id":"https:\/\/www.exquisitarium.com\/ca\/#\/schema\/logo\/image\/"},"sameAs":["https:\/\/www.facebook.com\/exquisitarium\/","https:\/\/www.instagram.com\/exquisitarium\/","https:\/\/www.linkedin.com\/company\/exquisitarium\/"]}]}},"_links":{"self":[{"href":"https:\/\/www.exquisitarium.com\/ca\/wp-json\/wp\/v2\/product\/11621","targetHints":{"allow":["GET"]}}],"collection":[{"href":"https:\/\/www.exquisitarium.com\/ca\/wp-json\/wp\/v2\/product"}],"about":[{"href":"https:\/\/www.exquisitarium.com\/ca\/wp-json\/wp\/v2\/types\/product"}],"version-history":[{"count":0,"href":"https:\/\/www.exquisitarium.com\/ca\/wp-json\/wp\/v2\/product\/11621\/revisions"}],"wp:featuredmedia":[{"embeddable":true,"href":"https:\/\/www.exquisitarium.com\/ca\/wp-json\/wp\/v2\/media\/21536"}],"wp:attachment":[{"href":"https:\/\/www.exquisitarium.com\/ca\/wp-json\/wp\/v2\/media?parent=11621"}],"wp:term":[{"taxonomy":"product_cat","embeddable":true,"href":"https:\/\/www.exquisitarium.com\/ca\/wp-json\/wp\/v2\/product_cat?post=11621"},{"taxonomy":"product_tag","embeddable":true,"href":"https:\/\/www.exquisitarium.com\/ca\/wp-json\/wp\/v2\/product_tag?post=11621"}],"curies":[{"name":"wp","href":"https:\/\/api.w.org\/{rel}","templated":true}]}}