{"id":11575,"date":"2018-03-09T12:09:44","date_gmt":"2018-03-09T11:09:44","guid":{"rendered":"https:\/\/www.exquisitarium.com\/productos\/lasana-carn-beixamel-formatge\/"},"modified":"2025-09-15T15:14:51","modified_gmt":"2025-09-15T13:14:51","slug":"lasana-carn-beixamel-formatge","status":"publish","type":"product","link":"https:\/\/www.exquisitarium.com\/ca\/producte\/lasana-carn-beixamel-formatge\/","title":{"rendered":"LASANYA BOLONYESA AMB BEIXAMEL I FORMATGE"},"content":{"rendered":"<p>L\u00e0mines de pasta fresca intercalades amb un farcit de bolonyesa elaborat amb productes de primera qualitat i recobert amb una cremosa beixamel. Aquesta recepta saborosa necessita pocs minuts de preparaci\u00f3. Presentaci\u00f3 en raci\u00f3 individual amb barqueta de 300 g <strong>Cod. 16012.<\/strong> Se serveix tamb\u00e9 en safata de 2,5 kg <strong>Cod. 16019.<\/strong><\/p>\n<p><strong><a href=\"https:\/\/www.exquisitarium.com\/wp-content\/uploads\/2018\/03\/Pictogramas_Exquisitarium_micro-e1520250428352.png\"><img decoding=\"async\" class=\"alignnone wp-image-4888\" src=\"https:\/\/www.exquisitarium.com\/wp-content\/uploads\/2018\/03\/Pictogramas_Exquisitarium_micro.png\" alt=\"\" width=\"70\" height=\"70\" \/><\/a>MICROONES<\/strong><\/p>\n<p><strong><a href=\"https:\/\/www.exquisitarium.com\/wp-content\/uploads\/2018\/03\/Pictogramas_Exquisitarium_forn-e1520333452926.png\"><img decoding=\"async\" class=\"alignnone wp-image-4919\" src=\"https:\/\/www.exquisitarium.com\/wp-content\/uploads\/2018\/03\/Pictogramas_Exquisitarium_forn.png\" alt=\"\" width=\"70\" height=\"70\" \/><\/a>FORN<\/strong><\/p>\n<p><strong>Cod. 16012:<\/strong> MICROONES: No cal descongelar pr\u00e8viament, perforar la part superior de l&#8217;env\u00e0s per diferents punts i escalfar directament al microones durant 8-9 minuts a 800W. FORN: Treure la safata de pl\u00e0stic i dipositar en un recipient apte per a forn, col\u00b7locar a mitja al\u00e7ada i enfornar a 200 \u00b0 C, durant uns 20 min. Es pot acabar amb la funci\u00f3 de gratinat. Escalfar fins assolir els 74\u00baC al centre del producte en ambd\u00f3s casos. Es pot acabar amb la funci\u00f3 de gratinat <strong>Cod. 16019<\/strong>: Descongelat pr\u00e8viament: FORN: Col\u00b7locar amb la mateixa safata d&#8217;alumini a mitja al\u00e7ada a 180\u00b0C, durant uns 20 min fins a assolir els 74\u00baC al centre del producte. Es pot acabar amb la funci\u00f3 de gratinat.<\/p>\n","protected":false},"excerpt":{"rendered":"<p><a class=\"button\" href=\"https:\/\/www.exquisitarium.com\/ca\/formulari-de-contacte\/\">Sol\u00b7licitar informaci\u00f3<\/a><\/p>\n<p>Lasanya bolonyesa amb beixamel i formatge seguint la recepta tradicional.<\/p>\n","protected":false},"featured_media":23985,"template":"","meta":{"_exactmetrics_skip_tracking":false,"_exactmetrics_sitenote_active":false,"_exactmetrics_sitenote_note":"","_exactmetrics_sitenote_category":0},"product_cat":[327,343,316],"product_tag":[350],"class_list":{"0":"post-11575","1":"product","2":"type-product","3":"status-publish","4":"has-post-thumbnail","6":"product_cat-carns","7":"product_cat-pasta-ca","8":"product_cat-tapes","9":"product_tag-lasanyes-i-pastes","10":"pa_aplicacion-bar-ca","11":"pa_aplicacion-cafeteria-pastisseria","12":"pa_aplicacion-food-truck-ca","13":"pa_aplicacion-gastrobar-ca","14":"pa_aplicacion-hotels-ca","15":"pa_aplicacion-restaurant-ca","16":"pa_aplicacion-room-service-ca","17":"pa_regeneracion-forn","18":"pa_regeneracion-microones","20":"first","21":"instock","22":"shipping-taxable","23":"product-type-simple"},"yoast_head":"<!-- This site is optimized with the Yoast SEO plugin v27.5 - https:\/\/yoast.com\/product\/yoast-seo-wordpress\/ -->\n<title>LASANYA BOLONYESA AMB BEIXAMEL I FORMATGE -Plats preparats per professionals- EXQUISITARIUM<\/title>\n<meta name=\"robots\" content=\"index, follow, max-snippet:-1, max-image-preview:large, max-video-preview:-1\" \/>\n<link rel=\"canonical\" href=\"https:\/\/www.exquisitarium.com\/ca\/producte\/lasana-carn-beixamel-formatge\/\" \/>\n<meta property=\"og:locale\" content=\"ca_ES\" \/>\n<meta property=\"og:type\" content=\"article\" \/>\n<meta property=\"og:title\" content=\"LASANYA BOLONYESA AMB BEIXAMEL I FORMATGE -Plats preparats per professionals- EXQUISITARIUM\" \/>\n<meta property=\"og:description\" content=\"Sol\u00b7licitar informaci\u00f3  Lasanya bolonyesa amb beixamel i formatge seguint la recepta tradicional.\" \/>\n<meta property=\"og:url\" content=\"https:\/\/www.exquisitarium.com\/ca\/producte\/lasana-carn-beixamel-formatge\/\" \/>\n<meta property=\"og:site_name\" content=\"EXQUISITARIUM\" \/>\n<meta property=\"article:publisher\" content=\"https:\/\/www.facebook.com\/exquisitarium\/\" \/>\n<meta property=\"article:modified_time\" content=\"2025-09-15T13:14:51+00:00\" \/>\n<meta property=\"og:image\" content=\"https:\/\/www.exquisitarium.com\/wp-content\/uploads\/2018\/03\/LASAN\u2560aA-BOLON\u2560aESA-CON-BECHAMEL-Y-QUESO.png\" \/>\n\t<meta property=\"og:image:width\" content=\"600\" \/>\n\t<meta property=\"og:image:height\" content=\"400\" \/>\n\t<meta property=\"og:image:type\" content=\"image\/png\" \/>\n<meta name=\"twitter:card\" content=\"summary_large_image\" \/>\n<meta name=\"twitter:label1\" content=\"Temps estimat de lectura\" \/>\n\t<meta name=\"twitter:data1\" content=\"1 minut\" \/>\n<script type=\"application\/ld+json\" class=\"yoast-schema-graph\">{\"@context\":\"https:\\\/\\\/schema.org\",\"@graph\":[{\"@type\":\"WebPage\",\"@id\":\"https:\\\/\\\/www.exquisitarium.com\\\/ca\\\/producte\\\/lasana-carn-beixamel-formatge\\\/\",\"url\":\"https:\\\/\\\/www.exquisitarium.com\\\/ca\\\/producte\\\/lasana-carn-beixamel-formatge\\\/\",\"name\":\"LASANYA BOLONYESA AMB BEIXAMEL I FORMATGE -Plats preparats per professionals- EXQUISITARIUM\",\"isPartOf\":{\"@id\":\"https:\\\/\\\/www.exquisitarium.com\\\/ca\\\/#website\"},\"primaryImageOfPage\":{\"@id\":\"https:\\\/\\\/www.exquisitarium.com\\\/ca\\\/producte\\\/lasana-carn-beixamel-formatge\\\/#primaryimage\"},\"image\":{\"@id\":\"https:\\\/\\\/www.exquisitarium.com\\\/ca\\\/producte\\\/lasana-carn-beixamel-formatge\\\/#primaryimage\"},\"thumbnailUrl\":\"https:\\\/\\\/www.exquisitarium.com\\\/wp-content\\\/uploads\\\/2018\\\/03\\\/LASANA-BOLONESA-CON-BECHAMEL-Y-QUESO.png\",\"datePublished\":\"2018-03-09T11:09:44+00:00\",\"dateModified\":\"2025-09-15T13:14:51+00:00\",\"breadcrumb\":{\"@id\":\"https:\\\/\\\/www.exquisitarium.com\\\/ca\\\/producte\\\/lasana-carn-beixamel-formatge\\\/#breadcrumb\"},\"inLanguage\":\"ca\",\"potentialAction\":[{\"@type\":\"ReadAction\",\"target\":[\"https:\\\/\\\/www.exquisitarium.com\\\/ca\\\/producte\\\/lasana-carn-beixamel-formatge\\\/\"]}]},{\"@type\":\"ImageObject\",\"inLanguage\":\"ca\",\"@id\":\"https:\\\/\\\/www.exquisitarium.com\\\/ca\\\/producte\\\/lasana-carn-beixamel-formatge\\\/#primaryimage\",\"url\":\"https:\\\/\\\/www.exquisitarium.com\\\/wp-content\\\/uploads\\\/2018\\\/03\\\/LASANA-BOLONESA-CON-BECHAMEL-Y-QUESO.png\",\"contentUrl\":\"https:\\\/\\\/www.exquisitarium.com\\\/wp-content\\\/uploads\\\/2018\\\/03\\\/LASANA-BOLONESA-CON-BECHAMEL-Y-QUESO.png\",\"width\":600,\"height\":400},{\"@type\":\"BreadcrumbList\",\"@id\":\"https:\\\/\\\/www.exquisitarium.com\\\/ca\\\/producte\\\/lasana-carn-beixamel-formatge\\\/#breadcrumb\",\"itemListElement\":[{\"@type\":\"ListItem\",\"position\":1,\"name\":\"Home\",\"item\":\"https:\\\/\\\/www.exquisitarium.com\\\/ca\\\/\"},{\"@type\":\"ListItem\",\"position\":2,\"name\":\"Recerca de productes\",\"item\":\"https:\\\/\\\/www.exquisitarium.com\\\/ca\\\/recerca-de-productes\\\/\"},{\"@type\":\"ListItem\",\"position\":3,\"name\":\"LASANYA BOLONYESA AMB BEIXAMEL I FORMATGE\"}]},{\"@type\":\"WebSite\",\"@id\":\"https:\\\/\\\/www.exquisitarium.com\\\/ca\\\/#website\",\"url\":\"https:\\\/\\\/www.exquisitarium.com\\\/ca\\\/\",\"name\":\"EXQUISITARIUM\",\"description\":\"Tu cocina en buenas manos\",\"publisher\":{\"@id\":\"https:\\\/\\\/www.exquisitarium.com\\\/ca\\\/#organization\"},\"potentialAction\":[{\"@type\":\"SearchAction\",\"target\":{\"@type\":\"EntryPoint\",\"urlTemplate\":\"https:\\\/\\\/www.exquisitarium.com\\\/ca\\\/?s={search_term_string}\"},\"query-input\":{\"@type\":\"PropertyValueSpecification\",\"valueRequired\":true,\"valueName\":\"search_term_string\"}}],\"inLanguage\":\"ca\"},{\"@type\":\"Organization\",\"@id\":\"https:\\\/\\\/www.exquisitarium.com\\\/ca\\\/#organization\",\"name\":\"EXQUISITARIUM\",\"url\":\"https:\\\/\\\/www.exquisitarium.com\\\/ca\\\/\",\"logo\":{\"@type\":\"ImageObject\",\"inLanguage\":\"ca\",\"@id\":\"https:\\\/\\\/www.exquisitarium.com\\\/ca\\\/#\\\/schema\\\/logo\\\/image\\\/\",\"url\":\"https:\\\/\\\/www.exquisitarium.com\\\/wp-content\\\/uploads\\\/2025\\\/10\\\/exquisitarium-logo.svg\",\"contentUrl\":\"https:\\\/\\\/www.exquisitarium.com\\\/wp-content\\\/uploads\\\/2025\\\/10\\\/exquisitarium-logo.svg\",\"width\":233,\"height\":37,\"caption\":\"EXQUISITARIUM\"},\"image\":{\"@id\":\"https:\\\/\\\/www.exquisitarium.com\\\/ca\\\/#\\\/schema\\\/logo\\\/image\\\/\"},\"sameAs\":[\"https:\\\/\\\/www.facebook.com\\\/exquisitarium\\\/\",\"https:\\\/\\\/www.instagram.com\\\/exquisitarium\\\/\",\"https:\\\/\\\/www.linkedin.com\\\/company\\\/exquisitarium\\\/\"]}]}<\/script>\n<!-- \/ Yoast SEO plugin. -->","yoast_head_json":{"title":"LASANYA BOLONYESA AMB BEIXAMEL I FORMATGE -Plats preparats per professionals- EXQUISITARIUM","robots":{"index":"index","follow":"follow","max-snippet":"max-snippet:-1","max-image-preview":"max-image-preview:large","max-video-preview":"max-video-preview:-1"},"canonical":"https:\/\/www.exquisitarium.com\/ca\/producte\/lasana-carn-beixamel-formatge\/","og_locale":"ca_ES","og_type":"article","og_title":"LASANYA BOLONYESA AMB BEIXAMEL I FORMATGE -Plats preparats per professionals- EXQUISITARIUM","og_description":"Sol\u00b7licitar informaci\u00f3  Lasanya bolonyesa amb beixamel i formatge seguint la recepta tradicional.","og_url":"https:\/\/www.exquisitarium.com\/ca\/producte\/lasana-carn-beixamel-formatge\/","og_site_name":"EXQUISITARIUM","article_publisher":"https:\/\/www.facebook.com\/exquisitarium\/","article_modified_time":"2025-09-15T13:14:51+00:00","og_image":[{"width":600,"height":400,"url":"https:\/\/www.exquisitarium.com\/wp-content\/uploads\/2018\/03\/LASAN\u2560aA-BOLON\u2560aESA-CON-BECHAMEL-Y-QUESO.png","type":"image\/png"}],"twitter_card":"summary_large_image","twitter_misc":{"Temps estimat de lectura":"1 minut"},"schema":{"@context":"https:\/\/schema.org","@graph":[{"@type":"WebPage","@id":"https:\/\/www.exquisitarium.com\/ca\/producte\/lasana-carn-beixamel-formatge\/","url":"https:\/\/www.exquisitarium.com\/ca\/producte\/lasana-carn-beixamel-formatge\/","name":"LASANYA BOLONYESA AMB BEIXAMEL I FORMATGE -Plats preparats per professionals- EXQUISITARIUM","isPartOf":{"@id":"https:\/\/www.exquisitarium.com\/ca\/#website"},"primaryImageOfPage":{"@id":"https:\/\/www.exquisitarium.com\/ca\/producte\/lasana-carn-beixamel-formatge\/#primaryimage"},"image":{"@id":"https:\/\/www.exquisitarium.com\/ca\/producte\/lasana-carn-beixamel-formatge\/#primaryimage"},"thumbnailUrl":"https:\/\/www.exquisitarium.com\/wp-content\/uploads\/2018\/03\/LASANA-BOLONESA-CON-BECHAMEL-Y-QUESO.png","datePublished":"2018-03-09T11:09:44+00:00","dateModified":"2025-09-15T13:14:51+00:00","breadcrumb":{"@id":"https:\/\/www.exquisitarium.com\/ca\/producte\/lasana-carn-beixamel-formatge\/#breadcrumb"},"inLanguage":"ca","potentialAction":[{"@type":"ReadAction","target":["https:\/\/www.exquisitarium.com\/ca\/producte\/lasana-carn-beixamel-formatge\/"]}]},{"@type":"ImageObject","inLanguage":"ca","@id":"https:\/\/www.exquisitarium.com\/ca\/producte\/lasana-carn-beixamel-formatge\/#primaryimage","url":"https:\/\/www.exquisitarium.com\/wp-content\/uploads\/2018\/03\/LASANA-BOLONESA-CON-BECHAMEL-Y-QUESO.png","contentUrl":"https:\/\/www.exquisitarium.com\/wp-content\/uploads\/2018\/03\/LASANA-BOLONESA-CON-BECHAMEL-Y-QUESO.png","width":600,"height":400},{"@type":"BreadcrumbList","@id":"https:\/\/www.exquisitarium.com\/ca\/producte\/lasana-carn-beixamel-formatge\/#breadcrumb","itemListElement":[{"@type":"ListItem","position":1,"name":"Home","item":"https:\/\/www.exquisitarium.com\/ca\/"},{"@type":"ListItem","position":2,"name":"Recerca de productes","item":"https:\/\/www.exquisitarium.com\/ca\/recerca-de-productes\/"},{"@type":"ListItem","position":3,"name":"LASANYA BOLONYESA AMB BEIXAMEL I FORMATGE"}]},{"@type":"WebSite","@id":"https:\/\/www.exquisitarium.com\/ca\/#website","url":"https:\/\/www.exquisitarium.com\/ca\/","name":"EXQUISITARIUM","description":"Tu cocina en buenas manos","publisher":{"@id":"https:\/\/www.exquisitarium.com\/ca\/#organization"},"potentialAction":[{"@type":"SearchAction","target":{"@type":"EntryPoint","urlTemplate":"https:\/\/www.exquisitarium.com\/ca\/?s={search_term_string}"},"query-input":{"@type":"PropertyValueSpecification","valueRequired":true,"valueName":"search_term_string"}}],"inLanguage":"ca"},{"@type":"Organization","@id":"https:\/\/www.exquisitarium.com\/ca\/#organization","name":"EXQUISITARIUM","url":"https:\/\/www.exquisitarium.com\/ca\/","logo":{"@type":"ImageObject","inLanguage":"ca","@id":"https:\/\/www.exquisitarium.com\/ca\/#\/schema\/logo\/image\/","url":"https:\/\/www.exquisitarium.com\/wp-content\/uploads\/2025\/10\/exquisitarium-logo.svg","contentUrl":"https:\/\/www.exquisitarium.com\/wp-content\/uploads\/2025\/10\/exquisitarium-logo.svg","width":233,"height":37,"caption":"EXQUISITARIUM"},"image":{"@id":"https:\/\/www.exquisitarium.com\/ca\/#\/schema\/logo\/image\/"},"sameAs":["https:\/\/www.facebook.com\/exquisitarium\/","https:\/\/www.instagram.com\/exquisitarium\/","https:\/\/www.linkedin.com\/company\/exquisitarium\/"]}]}},"_links":{"self":[{"href":"https:\/\/www.exquisitarium.com\/ca\/wp-json\/wp\/v2\/product\/11575","targetHints":{"allow":["GET"]}}],"collection":[{"href":"https:\/\/www.exquisitarium.com\/ca\/wp-json\/wp\/v2\/product"}],"about":[{"href":"https:\/\/www.exquisitarium.com\/ca\/wp-json\/wp\/v2\/types\/product"}],"version-history":[{"count":0,"href":"https:\/\/www.exquisitarium.com\/ca\/wp-json\/wp\/v2\/product\/11575\/revisions"}],"wp:featuredmedia":[{"embeddable":true,"href":"https:\/\/www.exquisitarium.com\/ca\/wp-json\/wp\/v2\/media\/23985"}],"wp:attachment":[{"href":"https:\/\/www.exquisitarium.com\/ca\/wp-json\/wp\/v2\/media?parent=11575"}],"wp:term":[{"taxonomy":"product_cat","embeddable":true,"href":"https:\/\/www.exquisitarium.com\/ca\/wp-json\/wp\/v2\/product_cat?post=11575"},{"taxonomy":"product_tag","embeddable":true,"href":"https:\/\/www.exquisitarium.com\/ca\/wp-json\/wp\/v2\/product_tag?post=11575"}],"curies":[{"name":"wp","href":"https:\/\/api.w.org\/{rel}","templated":true}]}}