{"id":11509,"date":"2018-05-22T14:09:59","date_gmt":"2018-05-22T12:09:59","guid":{"rendered":"https:\/\/www.exquisitarium.com\/productos\/bunyol-de-tiramisu\/"},"modified":"2025-09-17T13:42:30","modified_gmt":"2025-09-17T11:42:30","slug":"bunyol-de-tiramisu","status":"publish","type":"product","link":"https:\/\/www.exquisitarium.com\/ca\/producte\/bunyol-de-tiramisu\/","title":{"rendered":"BUNYOL DE TIRAMIS\u00da"},"content":{"rendered":"<p>Delici\u00f3s bunyol amb un exterior de xocolata farcit de tiramis\u00fa, elaborat amb un irresistible mascarpone i caf\u00e8. Ideal per servir fred. Una forma original i temptadora per assaborir el tiramis\u00fa.<\/p>\n<p><strong><a href=\"https:\/\/www.exquisitarium.com\/wp-content\/uploads\/2018\/03\/Pictogramas_Exquisitarium_descongelar.png\"><img decoding=\"async\" class=\"alignnone wp-image-4869\" src=\"https:\/\/www.exquisitarium.com\/wp-content\/uploads\/2018\/03\/Pictogramas_Exquisitarium_descongelar.png\" alt=\"\" width=\"70\" height=\"70\" \/><\/a>DESCONGELAR<\/strong><\/p>\n<p>Deixeu descongelar a temperatura ambient abans de servir.<\/p>\n","protected":false},"excerpt":{"rendered":"<p><a class=\"button\" href=\"https:\/\/www.exquisitarium.com\/ca\/formulari-de-contacte\/\">Sol\u00b7licitar informaci\u00f3<\/a><\/p>\n<p>Una forma \u00fanica y diferent per disfrutar del tiramis\u00fa.<\/p>\n","protected":false},"featured_media":23955,"template":"","meta":{"_exactmetrics_skip_tracking":false,"_exactmetrics_sitenote_active":false,"_exactmetrics_sitenote_note":"","_exactmetrics_sitenote_category":0},"product_cat":[332,316],"product_tag":[334],"class_list":{"0":"post-11509","1":"product","2":"type-product","3":"status-publish","4":"has-post-thumbnail","6":"product_cat-postres-ca","7":"product_cat-tapes","8":"product_tag-postres-ca-2","9":"pa_aplicacion-bar-ca","10":"pa_aplicacion-cafeteria-pastisseria","11":"pa_aplicacion-catering-ca","12":"pa_aplicacion-food-truck-ca","13":"pa_aplicacion-gastrobar-ca","14":"pa_aplicacion-hotels-ca","15":"pa_aplicacion-restaurant-ca","16":"pa_regeneracion-descongelar-ca","18":"first","19":"instock","20":"shipping-taxable","21":"product-type-simple"},"yoast_head":"<!-- This site is optimized with the Yoast SEO plugin v27.5 - https:\/\/yoast.com\/product\/yoast-seo-wordpress\/ -->\n<title>BUNYOL DE TIRAMIS\u00da - Plats preparats per professionals- EXQUISITARIUM<\/title>\n<meta name=\"robots\" content=\"index, follow, max-snippet:-1, max-image-preview:large, max-video-preview:-1\" \/>\n<link rel=\"canonical\" href=\"https:\/\/www.exquisitarium.com\/ca\/producte\/bunyol-de-tiramisu\/\" \/>\n<meta property=\"og:locale\" content=\"ca_ES\" \/>\n<meta property=\"og:type\" content=\"article\" \/>\n<meta property=\"og:title\" content=\"BUNYOL DE TIRAMIS\u00da - Plats preparats per professionals- EXQUISITARIUM\" \/>\n<meta property=\"og:description\" content=\"Sol\u00b7licitar informaci\u00f3  Una forma \u00fanica y diferent per disfrutar del tiramis\u00fa.\" \/>\n<meta property=\"og:url\" content=\"https:\/\/www.exquisitarium.com\/ca\/producte\/bunyol-de-tiramisu\/\" \/>\n<meta property=\"og:site_name\" content=\"EXQUISITARIUM\" \/>\n<meta property=\"article:publisher\" content=\"https:\/\/www.facebook.com\/exquisitarium\/\" \/>\n<meta property=\"article:modified_time\" content=\"2025-09-17T11:42:30+00:00\" \/>\n<meta property=\"og:image\" content=\"https:\/\/www.exquisitarium.com\/wp-content\/uploads\/2018\/05\/BUN\u2560aUELO-DE-TIRAMISU\u2560u.png\" \/>\n\t<meta property=\"og:image:width\" content=\"700\" \/>\n\t<meta property=\"og:image:height\" content=\"466\" \/>\n\t<meta property=\"og:image:type\" content=\"image\/png\" \/>\n<meta name=\"twitter:card\" content=\"summary_large_image\" \/>\n<script type=\"application\/ld+json\" class=\"yoast-schema-graph\">{\"@context\":\"https:\\\/\\\/schema.org\",\"@graph\":[{\"@type\":\"WebPage\",\"@id\":\"https:\\\/\\\/www.exquisitarium.com\\\/ca\\\/producte\\\/bunyol-de-tiramisu\\\/\",\"url\":\"https:\\\/\\\/www.exquisitarium.com\\\/ca\\\/producte\\\/bunyol-de-tiramisu\\\/\",\"name\":\"BUNYOL DE TIRAMIS\u00da - Plats preparats per professionals- EXQUISITARIUM\",\"isPartOf\":{\"@id\":\"https:\\\/\\\/www.exquisitarium.com\\\/ca\\\/#website\"},\"primaryImageOfPage\":{\"@id\":\"https:\\\/\\\/www.exquisitarium.com\\\/ca\\\/producte\\\/bunyol-de-tiramisu\\\/#primaryimage\"},\"image\":{\"@id\":\"https:\\\/\\\/www.exquisitarium.com\\\/ca\\\/producte\\\/bunyol-de-tiramisu\\\/#primaryimage\"},\"thumbnailUrl\":\"https:\\\/\\\/www.exquisitarium.com\\\/wp-content\\\/uploads\\\/2018\\\/05\\\/BUNUELO-DE-TIRAMISU.png\",\"datePublished\":\"2018-05-22T12:09:59+00:00\",\"dateModified\":\"2025-09-17T11:42:30+00:00\",\"breadcrumb\":{\"@id\":\"https:\\\/\\\/www.exquisitarium.com\\\/ca\\\/producte\\\/bunyol-de-tiramisu\\\/#breadcrumb\"},\"inLanguage\":\"ca\",\"potentialAction\":[{\"@type\":\"ReadAction\",\"target\":[\"https:\\\/\\\/www.exquisitarium.com\\\/ca\\\/producte\\\/bunyol-de-tiramisu\\\/\"]}]},{\"@type\":\"ImageObject\",\"inLanguage\":\"ca\",\"@id\":\"https:\\\/\\\/www.exquisitarium.com\\\/ca\\\/producte\\\/bunyol-de-tiramisu\\\/#primaryimage\",\"url\":\"https:\\\/\\\/www.exquisitarium.com\\\/wp-content\\\/uploads\\\/2018\\\/05\\\/BUNUELO-DE-TIRAMISU.png\",\"contentUrl\":\"https:\\\/\\\/www.exquisitarium.com\\\/wp-content\\\/uploads\\\/2018\\\/05\\\/BUNUELO-DE-TIRAMISU.png\",\"width\":700,\"height\":466},{\"@type\":\"BreadcrumbList\",\"@id\":\"https:\\\/\\\/www.exquisitarium.com\\\/ca\\\/producte\\\/bunyol-de-tiramisu\\\/#breadcrumb\",\"itemListElement\":[{\"@type\":\"ListItem\",\"position\":1,\"name\":\"Home\",\"item\":\"https:\\\/\\\/www.exquisitarium.com\\\/ca\\\/\"},{\"@type\":\"ListItem\",\"position\":2,\"name\":\"Recerca de productes\",\"item\":\"https:\\\/\\\/www.exquisitarium.com\\\/ca\\\/recerca-de-productes\\\/\"},{\"@type\":\"ListItem\",\"position\":3,\"name\":\"BUNYOL DE TIRAMIS\u00da\"}]},{\"@type\":\"WebSite\",\"@id\":\"https:\\\/\\\/www.exquisitarium.com\\\/ca\\\/#website\",\"url\":\"https:\\\/\\\/www.exquisitarium.com\\\/ca\\\/\",\"name\":\"EXQUISITARIUM\",\"description\":\"Tu cocina en buenas manos\",\"publisher\":{\"@id\":\"https:\\\/\\\/www.exquisitarium.com\\\/ca\\\/#organization\"},\"potentialAction\":[{\"@type\":\"SearchAction\",\"target\":{\"@type\":\"EntryPoint\",\"urlTemplate\":\"https:\\\/\\\/www.exquisitarium.com\\\/ca\\\/?s={search_term_string}\"},\"query-input\":{\"@type\":\"PropertyValueSpecification\",\"valueRequired\":true,\"valueName\":\"search_term_string\"}}],\"inLanguage\":\"ca\"},{\"@type\":\"Organization\",\"@id\":\"https:\\\/\\\/www.exquisitarium.com\\\/ca\\\/#organization\",\"name\":\"EXQUISITARIUM\",\"url\":\"https:\\\/\\\/www.exquisitarium.com\\\/ca\\\/\",\"logo\":{\"@type\":\"ImageObject\",\"inLanguage\":\"ca\",\"@id\":\"https:\\\/\\\/www.exquisitarium.com\\\/ca\\\/#\\\/schema\\\/logo\\\/image\\\/\",\"url\":\"https:\\\/\\\/www.exquisitarium.com\\\/wp-content\\\/uploads\\\/2025\\\/10\\\/exquisitarium-logo.svg\",\"contentUrl\":\"https:\\\/\\\/www.exquisitarium.com\\\/wp-content\\\/uploads\\\/2025\\\/10\\\/exquisitarium-logo.svg\",\"width\":233,\"height\":37,\"caption\":\"EXQUISITARIUM\"},\"image\":{\"@id\":\"https:\\\/\\\/www.exquisitarium.com\\\/ca\\\/#\\\/schema\\\/logo\\\/image\\\/\"},\"sameAs\":[\"https:\\\/\\\/www.facebook.com\\\/exquisitarium\\\/\",\"https:\\\/\\\/www.instagram.com\\\/exquisitarium\\\/\",\"https:\\\/\\\/www.linkedin.com\\\/company\\\/exquisitarium\\\/\"]}]}<\/script>\n<!-- \/ Yoast SEO plugin. -->","yoast_head_json":{"title":"BUNYOL DE TIRAMIS\u00da - Plats preparats per professionals- EXQUISITARIUM","robots":{"index":"index","follow":"follow","max-snippet":"max-snippet:-1","max-image-preview":"max-image-preview:large","max-video-preview":"max-video-preview:-1"},"canonical":"https:\/\/www.exquisitarium.com\/ca\/producte\/bunyol-de-tiramisu\/","og_locale":"ca_ES","og_type":"article","og_title":"BUNYOL DE TIRAMIS\u00da - Plats preparats per professionals- EXQUISITARIUM","og_description":"Sol\u00b7licitar informaci\u00f3  Una forma \u00fanica y diferent per disfrutar del tiramis\u00fa.","og_url":"https:\/\/www.exquisitarium.com\/ca\/producte\/bunyol-de-tiramisu\/","og_site_name":"EXQUISITARIUM","article_publisher":"https:\/\/www.facebook.com\/exquisitarium\/","article_modified_time":"2025-09-17T11:42:30+00:00","og_image":[{"width":700,"height":466,"url":"https:\/\/www.exquisitarium.com\/wp-content\/uploads\/2018\/05\/BUN\u2560aUELO-DE-TIRAMISU\u2560u.png","type":"image\/png"}],"twitter_card":"summary_large_image","schema":{"@context":"https:\/\/schema.org","@graph":[{"@type":"WebPage","@id":"https:\/\/www.exquisitarium.com\/ca\/producte\/bunyol-de-tiramisu\/","url":"https:\/\/www.exquisitarium.com\/ca\/producte\/bunyol-de-tiramisu\/","name":"BUNYOL DE TIRAMIS\u00da - Plats preparats per professionals- EXQUISITARIUM","isPartOf":{"@id":"https:\/\/www.exquisitarium.com\/ca\/#website"},"primaryImageOfPage":{"@id":"https:\/\/www.exquisitarium.com\/ca\/producte\/bunyol-de-tiramisu\/#primaryimage"},"image":{"@id":"https:\/\/www.exquisitarium.com\/ca\/producte\/bunyol-de-tiramisu\/#primaryimage"},"thumbnailUrl":"https:\/\/www.exquisitarium.com\/wp-content\/uploads\/2018\/05\/BUNUELO-DE-TIRAMISU.png","datePublished":"2018-05-22T12:09:59+00:00","dateModified":"2025-09-17T11:42:30+00:00","breadcrumb":{"@id":"https:\/\/www.exquisitarium.com\/ca\/producte\/bunyol-de-tiramisu\/#breadcrumb"},"inLanguage":"ca","potentialAction":[{"@type":"ReadAction","target":["https:\/\/www.exquisitarium.com\/ca\/producte\/bunyol-de-tiramisu\/"]}]},{"@type":"ImageObject","inLanguage":"ca","@id":"https:\/\/www.exquisitarium.com\/ca\/producte\/bunyol-de-tiramisu\/#primaryimage","url":"https:\/\/www.exquisitarium.com\/wp-content\/uploads\/2018\/05\/BUNUELO-DE-TIRAMISU.png","contentUrl":"https:\/\/www.exquisitarium.com\/wp-content\/uploads\/2018\/05\/BUNUELO-DE-TIRAMISU.png","width":700,"height":466},{"@type":"BreadcrumbList","@id":"https:\/\/www.exquisitarium.com\/ca\/producte\/bunyol-de-tiramisu\/#breadcrumb","itemListElement":[{"@type":"ListItem","position":1,"name":"Home","item":"https:\/\/www.exquisitarium.com\/ca\/"},{"@type":"ListItem","position":2,"name":"Recerca de productes","item":"https:\/\/www.exquisitarium.com\/ca\/recerca-de-productes\/"},{"@type":"ListItem","position":3,"name":"BUNYOL DE TIRAMIS\u00da"}]},{"@type":"WebSite","@id":"https:\/\/www.exquisitarium.com\/ca\/#website","url":"https:\/\/www.exquisitarium.com\/ca\/","name":"EXQUISITARIUM","description":"Tu cocina en buenas manos","publisher":{"@id":"https:\/\/www.exquisitarium.com\/ca\/#organization"},"potentialAction":[{"@type":"SearchAction","target":{"@type":"EntryPoint","urlTemplate":"https:\/\/www.exquisitarium.com\/ca\/?s={search_term_string}"},"query-input":{"@type":"PropertyValueSpecification","valueRequired":true,"valueName":"search_term_string"}}],"inLanguage":"ca"},{"@type":"Organization","@id":"https:\/\/www.exquisitarium.com\/ca\/#organization","name":"EXQUISITARIUM","url":"https:\/\/www.exquisitarium.com\/ca\/","logo":{"@type":"ImageObject","inLanguage":"ca","@id":"https:\/\/www.exquisitarium.com\/ca\/#\/schema\/logo\/image\/","url":"https:\/\/www.exquisitarium.com\/wp-content\/uploads\/2025\/10\/exquisitarium-logo.svg","contentUrl":"https:\/\/www.exquisitarium.com\/wp-content\/uploads\/2025\/10\/exquisitarium-logo.svg","width":233,"height":37,"caption":"EXQUISITARIUM"},"image":{"@id":"https:\/\/www.exquisitarium.com\/ca\/#\/schema\/logo\/image\/"},"sameAs":["https:\/\/www.facebook.com\/exquisitarium\/","https:\/\/www.instagram.com\/exquisitarium\/","https:\/\/www.linkedin.com\/company\/exquisitarium\/"]}]}},"_links":{"self":[{"href":"https:\/\/www.exquisitarium.com\/ca\/wp-json\/wp\/v2\/product\/11509","targetHints":{"allow":["GET"]}}],"collection":[{"href":"https:\/\/www.exquisitarium.com\/ca\/wp-json\/wp\/v2\/product"}],"about":[{"href":"https:\/\/www.exquisitarium.com\/ca\/wp-json\/wp\/v2\/types\/product"}],"version-history":[{"count":0,"href":"https:\/\/www.exquisitarium.com\/ca\/wp-json\/wp\/v2\/product\/11509\/revisions"}],"wp:featuredmedia":[{"embeddable":true,"href":"https:\/\/www.exquisitarium.com\/ca\/wp-json\/wp\/v2\/media\/23955"}],"wp:attachment":[{"href":"https:\/\/www.exquisitarium.com\/ca\/wp-json\/wp\/v2\/media?parent=11509"}],"wp:term":[{"taxonomy":"product_cat","embeddable":true,"href":"https:\/\/www.exquisitarium.com\/ca\/wp-json\/wp\/v2\/product_cat?post=11509"},{"taxonomy":"product_tag","embeddable":true,"href":"https:\/\/www.exquisitarium.com\/ca\/wp-json\/wp\/v2\/product_tag?post=11509"}],"curies":[{"name":"wp","href":"https:\/\/api.w.org\/{rel}","templated":true}]}}