{"id":11312,"date":"2021-07-28T14:11:04","date_gmt":"2021-07-28T12:11:04","guid":{"rendered":"https:\/\/www.exquisitarium.com\/productes-destacats\/"},"modified":"2022-06-02T12:00:26","modified_gmt":"2022-06-02T10:00:26","slug":"productes-destacats","status":"publish","type":"page","link":"https:\/\/www.exquisitarium.com\/ca\/productes-destacats\/","title":{"rendered":"Productes destacats"},"content":{"rendered":"<div class=\"woocommerce columns-4 \"><div class=\"qodef-woo-product-list qodef-item-layout--info-below qodef-gutter--small qodef-vertical-gutter--normal\" ><ul class=\"products columns-4\">\n<li class=\"product type-product post-11614 status-publish first instock product_cat-carns product_tag-carns has-post-thumbnail shipping-taxable product-type-simple\">\n\t<div class=\"qodef-e-inner\"><div class=\"qodef-e-media\"><div class=\"qodef-e-media-image\"><a href=\"https:\/\/www.exquisitarium.com\/ca\/producte\/coulant-garro-bolets\/\" class=\"woocommerce-LoopProduct-link woocommerce-loop-product__link\"><img fetchpriority=\"high\" decoding=\"async\" width=\"360\" height=\"360\" src=\"https:\/\/www.exquisitarium.com\/wp-content\/uploads\/2018\/03\/COULANT-DE-CODILLO-DE-SETAS-360x360.png\" class=\"attachment-woocommerce_thumbnail size-woocommerce_thumbnail\" alt=\"COULANT DE GARR\u00d3 DE BOLETS\" srcset=\"https:\/\/www.exquisitarium.com\/wp-content\/uploads\/2018\/03\/COULANT-DE-CODILLO-DE-SETAS-360x360.png 360w, https:\/\/www.exquisitarium.com\/wp-content\/uploads\/2018\/03\/COULANT-DE-CODILLO-DE-SETAS-100x100.png 100w, https:\/\/www.exquisitarium.com\/wp-content\/uploads\/2018\/03\/COULANT-DE-CODILLO-DE-SETAS-150x150.png 150w\" sizes=\"(max-width: 360px) 100vw, 360px\" \/><\/a><\/div><a href=\"https:\/\/www.exquisitarium.com\/ca\/producte\/coulant-garro-bolets\/\" class=\"woocommerce-LoopProduct-link woocommerce-loop-product__link\"><\/a><\/div><div class=\"qodef-e-content\"><h3 class=\"qodef-woo-product-title woocommerce-loop-product__title\"><a href=\"https:\/\/www.exquisitarium.com\/ca\/producte\/coulant-garro-bolets\/\" class=\"woocommerce-LoopProduct-link woocommerce-loop-product__link\">COULANT DE GARR\u00d3 DE BOLETS<\/a><\/h3><div class=\"qodef-e-price-holder\">\n<\/div><div class=\"qodef-action-holder\"><a href=\"https:\/\/www.exquisitarium.com\/ca\/producte\/coulant-garro-bolets\/\" aria-describedby=\"woocommerce_loop_add_to_cart_link_describedby_11614\" data-quantity=\"1\" class=\"button product_type_simple\" data-product_id=\"11614\" data-product_sku=\"2173\" aria-label=\"M\u00e9s informaci\u00f3 sobre &ldquo;COULANT DE GARR\u00d3 DE BOLETS&rdquo;\" rel=\"nofollow\" data-success_message=\"\">Llegeix m\u00e9s<\/a>\t<span id=\"woocommerce_loop_add_to_cart_link_describedby_11614\" class=\"screen-reader-text\">\n\t\t\t<\/span>\n<\/div><\/div><\/div><\/li>\n<li class=\"product type-product post-11604 status-publish instock product_cat-aperitius product_cat-croquetes product_cat-tapes product_tag-croquetes has-post-thumbnail shipping-taxable product-type-simple\">\n\t<div class=\"qodef-e-inner\"><div class=\"qodef-e-media\"><div class=\"qodef-e-media-image\"><a href=\"https:\/\/www.exquisitarium.com\/ca\/producte\/croqueta-bacalla\/\" class=\"woocommerce-LoopProduct-link woocommerce-loop-product__link\"><img decoding=\"async\" width=\"360\" height=\"360\" src=\"https:\/\/www.exquisitarium.com\/wp-content\/uploads\/2018\/03\/CROQUETA-DE-BACALAO-360x360.png\" class=\"attachment-woocommerce_thumbnail size-woocommerce_thumbnail\" alt=\"CROQUETA DE BACALL\u00c0\" srcset=\"https:\/\/www.exquisitarium.com\/wp-content\/uploads\/2018\/03\/CROQUETA-DE-BACALAO-360x360.png 360w, https:\/\/www.exquisitarium.com\/wp-content\/uploads\/2018\/03\/CROQUETA-DE-BACALAO-100x100.png 100w, https:\/\/www.exquisitarium.com\/wp-content\/uploads\/2018\/03\/CROQUETA-DE-BACALAO-150x150.png 150w\" sizes=\"(max-width: 360px) 100vw, 360px\" \/><\/a><\/div><a href=\"https:\/\/www.exquisitarium.com\/ca\/producte\/croqueta-bacalla\/\" class=\"woocommerce-LoopProduct-link woocommerce-loop-product__link\"><\/a><\/div><div class=\"qodef-e-content\"><h3 class=\"qodef-woo-product-title woocommerce-loop-product__title\"><a href=\"https:\/\/www.exquisitarium.com\/ca\/producte\/croqueta-bacalla\/\" class=\"woocommerce-LoopProduct-link woocommerce-loop-product__link\">CROQUETA DE BACALL\u00c0<\/a><\/h3><div class=\"qodef-e-price-holder\">\n<\/div><div class=\"qodef-action-holder\"><a href=\"https:\/\/www.exquisitarium.com\/ca\/producte\/croqueta-bacalla\/\" aria-describedby=\"woocommerce_loop_add_to_cart_link_describedby_11604\" data-quantity=\"1\" class=\"button product_type_simple\" data-product_id=\"11604\" data-product_sku=\"2306\" aria-label=\"M\u00e9s informaci\u00f3 sobre &ldquo;CROQUETA DE BACALL\u00c0&rdquo;\" rel=\"nofollow\" data-success_message=\"\">Llegeix m\u00e9s<\/a>\t<span id=\"woocommerce_loop_add_to_cart_link_describedby_11604\" class=\"screen-reader-text\">\n\t\t\t<\/span>\n<\/div><\/div><\/div><\/li>\n<li class=\"product type-product post-11607 status-publish instock product_cat-tapes product_cat-verdures product_tag-hamburgueses-i-pinxos has-post-thumbnail shipping-taxable product-type-simple\">\n\t<div class=\"qodef-e-inner\"><div class=\"qodef-e-media\"><div class=\"qodef-e-media-image\"><a href=\"https:\/\/www.exquisitarium.com\/ca\/producte\/hamburguesa-vegana-ceps-tofona\/\" class=\"woocommerce-LoopProduct-link woocommerce-loop-product__link\"><img decoding=\"async\" width=\"360\" height=\"360\" src=\"https:\/\/www.exquisitarium.com\/wp-content\/uploads\/2018\/03\/HAMBURGUESA-VEGANA-DE-BOLETUS-Y-TRUFA-360x360.png\" class=\"attachment-woocommerce_thumbnail size-woocommerce_thumbnail\" alt=\"HAMBURGUESA VEGANA DE CEPS I T\u00d2FONA\" srcset=\"https:\/\/www.exquisitarium.com\/wp-content\/uploads\/2018\/03\/HAMBURGUESA-VEGANA-DE-BOLETUS-Y-TRUFA-360x360.png 360w, https:\/\/www.exquisitarium.com\/wp-content\/uploads\/2018\/03\/HAMBURGUESA-VEGANA-DE-BOLETUS-Y-TRUFA-100x100.png 100w, https:\/\/www.exquisitarium.com\/wp-content\/uploads\/2018\/03\/HAMBURGUESA-VEGANA-DE-BOLETUS-Y-TRUFA-150x150.png 150w\" sizes=\"(max-width: 360px) 100vw, 360px\" \/><\/a><\/div><a href=\"https:\/\/www.exquisitarium.com\/ca\/producte\/hamburguesa-vegana-ceps-tofona\/\" class=\"woocommerce-LoopProduct-link woocommerce-loop-product__link\"><\/a><\/div><div class=\"qodef-e-content\"><h3 class=\"qodef-woo-product-title woocommerce-loop-product__title\"><a href=\"https:\/\/www.exquisitarium.com\/ca\/producte\/hamburguesa-vegana-ceps-tofona\/\" class=\"woocommerce-LoopProduct-link woocommerce-loop-product__link\">HAMBURGUESA VEGANA DE CEPS I T\u00d2FONA<\/a><\/h3><div class=\"qodef-e-price-holder\">\n<\/div><div class=\"qodef-action-holder\"><a href=\"https:\/\/www.exquisitarium.com\/ca\/producte\/hamburguesa-vegana-ceps-tofona\/\" aria-describedby=\"woocommerce_loop_add_to_cart_link_describedby_11607\" data-quantity=\"1\" class=\"button product_type_simple\" data-product_id=\"11607\" data-product_sku=\"1862\" aria-label=\"M\u00e9s informaci\u00f3 sobre &ldquo;HAMBURGUESA VEGANA DE CEPS I T\u00d2FONA&rdquo;\" rel=\"nofollow\" data-success_message=\"\">Llegeix m\u00e9s<\/a>\t<span id=\"woocommerce_loop_add_to_cart_link_describedby_11607\" class=\"screen-reader-text\">\n\t\t\t<\/span>\n<\/div><\/div><\/div><\/li>\n<li class=\"product type-product post-11574 status-publish last instock product_cat-pasta-ca product_cat-tapes product_cat-verdures product_tag-lasanyes-i-pastes has-post-thumbnail shipping-taxable product-type-simple\">\n\t<div class=\"qodef-e-inner\"><div class=\"qodef-e-media\"><div class=\"qodef-e-media-image\"><a href=\"https:\/\/www.exquisitarium.com\/ca\/producte\/lasanya-verdures-beixamel-formatge\/\" class=\"woocommerce-LoopProduct-link woocommerce-loop-product__link\"><img loading=\"lazy\" decoding=\"async\" width=\"360\" height=\"360\" src=\"https:\/\/www.exquisitarium.com\/wp-content\/uploads\/2018\/03\/LASANA-DE-VERDURAS-CON-BECHAMEL-Y-QUESO-360x360.png\" class=\"attachment-woocommerce_thumbnail size-woocommerce_thumbnail\" alt=\"LASANYA DE VERDURES AMB BEIXAMEL I FORMATGE\" srcset=\"https:\/\/www.exquisitarium.com\/wp-content\/uploads\/2018\/03\/LASANA-DE-VERDURAS-CON-BECHAMEL-Y-QUESO-360x360.png 360w, https:\/\/www.exquisitarium.com\/wp-content\/uploads\/2018\/03\/LASANA-DE-VERDURAS-CON-BECHAMEL-Y-QUESO-150x150.png 150w, https:\/\/www.exquisitarium.com\/wp-content\/uploads\/2018\/03\/LASANA-DE-VERDURAS-CON-BECHAMEL-Y-QUESO-100x100.png 100w\" sizes=\"(max-width: 360px) 100vw, 360px\" \/><\/a><\/div><a href=\"https:\/\/www.exquisitarium.com\/ca\/producte\/lasanya-verdures-beixamel-formatge\/\" class=\"woocommerce-LoopProduct-link woocommerce-loop-product__link\"><\/a><\/div><div class=\"qodef-e-content\"><h3 class=\"qodef-woo-product-title woocommerce-loop-product__title\"><a href=\"https:\/\/www.exquisitarium.com\/ca\/producte\/lasanya-verdures-beixamel-formatge\/\" class=\"woocommerce-LoopProduct-link woocommerce-loop-product__link\">LASANYA DE VERDURES AMB BEIXAMEL I FORMATGE<\/a><\/h3><div class=\"qodef-e-price-holder\">\n<\/div><div class=\"qodef-action-holder\"><a href=\"https:\/\/www.exquisitarium.com\/ca\/producte\/lasanya-verdures-beixamel-formatge\/\" aria-describedby=\"woocommerce_loop_add_to_cart_link_describedby_11574\" data-quantity=\"1\" class=\"button product_type_simple\" data-product_id=\"11574\" data-product_sku=\"16022\" aria-label=\"M\u00e9s informaci\u00f3 sobre &ldquo;LASANYA DE VERDURES AMB BEIXAMEL I FORMATGE&rdquo;\" rel=\"nofollow\" data-success_message=\"\">Llegeix m\u00e9s<\/a>\t<span id=\"woocommerce_loop_add_to_cart_link_describedby_11574\" class=\"screen-reader-text\">\n\t\t\t<\/span>\n<\/div><\/div><\/div><\/li>\n<\/ul>\n<\/div><\/div>\n","protected":false},"excerpt":{"rendered":"","protected":false},"author":1,"featured_media":4339,"parent":0,"menu_order":0,"comment_status":"closed","ping_status":"closed","template":"","meta":{"_exactmetrics_skip_tracking":false,"_exactmetrics_sitenote_active":false,"_exactmetrics_sitenote_note":"","_exactmetrics_sitenote_category":0,"footnotes":""},"class_list":["post-11312","page","type-page","status-publish","has-post-thumbnail","hentry"],"yoast_head":"<!-- This site is optimized with the Yoast SEO plugin v27.5 - https:\/\/yoast.com\/product\/yoast-seo-wordpress\/ -->\n<title>Productes destacats - EXQUISITARIUM<\/title>\n<meta name=\"robots\" content=\"index, follow, max-snippet:-1, max-image-preview:large, max-video-preview:-1\" \/>\n<link rel=\"canonical\" href=\"https:\/\/www.exquisitarium.com\/ca\/productes-destacats\/\" \/>\n<meta property=\"og:locale\" content=\"ca_ES\" \/>\n<meta property=\"og:type\" content=\"article\" \/>\n<meta property=\"og:title\" content=\"Productes destacats - EXQUISITARIUM\" \/>\n<meta property=\"og:url\" content=\"https:\/\/www.exquisitarium.com\/ca\/productes-destacats\/\" \/>\n<meta property=\"og:site_name\" content=\"EXQUISITARIUM\" \/>\n<meta property=\"article:publisher\" content=\"https:\/\/www.facebook.com\/exquisitarium\/\" \/>\n<meta property=\"article:modified_time\" content=\"2022-06-02T10:00:26+00:00\" \/>\n<meta property=\"og:image\" content=\"https:\/\/www.exquisitarium.com\/wp-content\/uploads\/2018\/01\/sala_exquisitarium-scaled.jpg\" \/>\n\t<meta property=\"og:image:width\" content=\"2560\" \/>\n\t<meta property=\"og:image:height\" content=\"1920\" \/>\n\t<meta property=\"og:image:type\" content=\"image\/jpeg\" \/>\n<meta name=\"twitter:card\" content=\"summary_large_image\" \/>\n<script type=\"application\/ld+json\" class=\"yoast-schema-graph\">{\"@context\":\"https:\\\/\\\/schema.org\",\"@graph\":[{\"@type\":\"WebPage\",\"@id\":\"https:\\\/\\\/www.exquisitarium.com\\\/ca\\\/productes-destacats\\\/\",\"url\":\"https:\\\/\\\/www.exquisitarium.com\\\/ca\\\/productes-destacats\\\/\",\"name\":\"Productes destacats - EXQUISITARIUM\",\"isPartOf\":{\"@id\":\"https:\\\/\\\/www.exquisitarium.com\\\/ca\\\/#website\"},\"primaryImageOfPage\":{\"@id\":\"https:\\\/\\\/www.exquisitarium.com\\\/ca\\\/productes-destacats\\\/#primaryimage\"},\"image\":{\"@id\":\"https:\\\/\\\/www.exquisitarium.com\\\/ca\\\/productes-destacats\\\/#primaryimage\"},\"thumbnailUrl\":\"https:\\\/\\\/www.exquisitarium.com\\\/wp-content\\\/uploads\\\/2018\\\/01\\\/sala_exquisitarium-scaled.jpg\",\"datePublished\":\"2021-07-28T12:11:04+00:00\",\"dateModified\":\"2022-06-02T10:00:26+00:00\",\"breadcrumb\":{\"@id\":\"https:\\\/\\\/www.exquisitarium.com\\\/ca\\\/productes-destacats\\\/#breadcrumb\"},\"inLanguage\":\"ca\",\"potentialAction\":[{\"@type\":\"ReadAction\",\"target\":[\"https:\\\/\\\/www.exquisitarium.com\\\/ca\\\/productes-destacats\\\/\"]}]},{\"@type\":\"ImageObject\",\"inLanguage\":\"ca\",\"@id\":\"https:\\\/\\\/www.exquisitarium.com\\\/ca\\\/productes-destacats\\\/#primaryimage\",\"url\":\"https:\\\/\\\/www.exquisitarium.com\\\/wp-content\\\/uploads\\\/2018\\\/01\\\/sala_exquisitarium-scaled.jpg\",\"contentUrl\":\"https:\\\/\\\/www.exquisitarium.com\\\/wp-content\\\/uploads\\\/2018\\\/01\\\/sala_exquisitarium-scaled.jpg\",\"width\":2560,\"height\":1920,\"caption\":\"Sala eventos Exquisitarium\"},{\"@type\":\"BreadcrumbList\",\"@id\":\"https:\\\/\\\/www.exquisitarium.com\\\/ca\\\/productes-destacats\\\/#breadcrumb\",\"itemListElement\":[{\"@type\":\"ListItem\",\"position\":1,\"name\":\"Home\",\"item\":\"https:\\\/\\\/www.exquisitarium.com\\\/ca\\\/\"},{\"@type\":\"ListItem\",\"position\":2,\"name\":\"Productes destacats\"}]},{\"@type\":\"WebSite\",\"@id\":\"https:\\\/\\\/www.exquisitarium.com\\\/ca\\\/#website\",\"url\":\"https:\\\/\\\/www.exquisitarium.com\\\/ca\\\/\",\"name\":\"EXQUISITARIUM\",\"description\":\"Tu cocina en buenas manos\",\"publisher\":{\"@id\":\"https:\\\/\\\/www.exquisitarium.com\\\/ca\\\/#organization\"},\"potentialAction\":[{\"@type\":\"SearchAction\",\"target\":{\"@type\":\"EntryPoint\",\"urlTemplate\":\"https:\\\/\\\/www.exquisitarium.com\\\/ca\\\/?s={search_term_string}\"},\"query-input\":{\"@type\":\"PropertyValueSpecification\",\"valueRequired\":true,\"valueName\":\"search_term_string\"}}],\"inLanguage\":\"ca\"},{\"@type\":\"Organization\",\"@id\":\"https:\\\/\\\/www.exquisitarium.com\\\/ca\\\/#organization\",\"name\":\"EXQUISITARIUM\",\"url\":\"https:\\\/\\\/www.exquisitarium.com\\\/ca\\\/\",\"logo\":{\"@type\":\"ImageObject\",\"inLanguage\":\"ca\",\"@id\":\"https:\\\/\\\/www.exquisitarium.com\\\/ca\\\/#\\\/schema\\\/logo\\\/image\\\/\",\"url\":\"https:\\\/\\\/www.exquisitarium.com\\\/wp-content\\\/uploads\\\/2025\\\/10\\\/exquisitarium-logo.svg\",\"contentUrl\":\"https:\\\/\\\/www.exquisitarium.com\\\/wp-content\\\/uploads\\\/2025\\\/10\\\/exquisitarium-logo.svg\",\"width\":233,\"height\":37,\"caption\":\"EXQUISITARIUM\"},\"image\":{\"@id\":\"https:\\\/\\\/www.exquisitarium.com\\\/ca\\\/#\\\/schema\\\/logo\\\/image\\\/\"},\"sameAs\":[\"https:\\\/\\\/www.facebook.com\\\/exquisitarium\\\/\",\"https:\\\/\\\/www.instagram.com\\\/exquisitarium\\\/\",\"https:\\\/\\\/www.linkedin.com\\\/company\\\/exquisitarium\\\/\"]}]}<\/script>\n<!-- \/ Yoast SEO plugin. -->","yoast_head_json":{"title":"Productes destacats - EXQUISITARIUM","robots":{"index":"index","follow":"follow","max-snippet":"max-snippet:-1","max-image-preview":"max-image-preview:large","max-video-preview":"max-video-preview:-1"},"canonical":"https:\/\/www.exquisitarium.com\/ca\/productes-destacats\/","og_locale":"ca_ES","og_type":"article","og_title":"Productes destacats - EXQUISITARIUM","og_url":"https:\/\/www.exquisitarium.com\/ca\/productes-destacats\/","og_site_name":"EXQUISITARIUM","article_publisher":"https:\/\/www.facebook.com\/exquisitarium\/","article_modified_time":"2022-06-02T10:00:26+00:00","og_image":[{"width":2560,"height":1920,"url":"https:\/\/www.exquisitarium.com\/wp-content\/uploads\/2018\/01\/sala_exquisitarium-scaled.jpg","type":"image\/jpeg"}],"twitter_card":"summary_large_image","schema":{"@context":"https:\/\/schema.org","@graph":[{"@type":"WebPage","@id":"https:\/\/www.exquisitarium.com\/ca\/productes-destacats\/","url":"https:\/\/www.exquisitarium.com\/ca\/productes-destacats\/","name":"Productes destacats - EXQUISITARIUM","isPartOf":{"@id":"https:\/\/www.exquisitarium.com\/ca\/#website"},"primaryImageOfPage":{"@id":"https:\/\/www.exquisitarium.com\/ca\/productes-destacats\/#primaryimage"},"image":{"@id":"https:\/\/www.exquisitarium.com\/ca\/productes-destacats\/#primaryimage"},"thumbnailUrl":"https:\/\/www.exquisitarium.com\/wp-content\/uploads\/2018\/01\/sala_exquisitarium-scaled.jpg","datePublished":"2021-07-28T12:11:04+00:00","dateModified":"2022-06-02T10:00:26+00:00","breadcrumb":{"@id":"https:\/\/www.exquisitarium.com\/ca\/productes-destacats\/#breadcrumb"},"inLanguage":"ca","potentialAction":[{"@type":"ReadAction","target":["https:\/\/www.exquisitarium.com\/ca\/productes-destacats\/"]}]},{"@type":"ImageObject","inLanguage":"ca","@id":"https:\/\/www.exquisitarium.com\/ca\/productes-destacats\/#primaryimage","url":"https:\/\/www.exquisitarium.com\/wp-content\/uploads\/2018\/01\/sala_exquisitarium-scaled.jpg","contentUrl":"https:\/\/www.exquisitarium.com\/wp-content\/uploads\/2018\/01\/sala_exquisitarium-scaled.jpg","width":2560,"height":1920,"caption":"Sala eventos Exquisitarium"},{"@type":"BreadcrumbList","@id":"https:\/\/www.exquisitarium.com\/ca\/productes-destacats\/#breadcrumb","itemListElement":[{"@type":"ListItem","position":1,"name":"Home","item":"https:\/\/www.exquisitarium.com\/ca\/"},{"@type":"ListItem","position":2,"name":"Productes destacats"}]},{"@type":"WebSite","@id":"https:\/\/www.exquisitarium.com\/ca\/#website","url":"https:\/\/www.exquisitarium.com\/ca\/","name":"EXQUISITARIUM","description":"Tu cocina en buenas manos","publisher":{"@id":"https:\/\/www.exquisitarium.com\/ca\/#organization"},"potentialAction":[{"@type":"SearchAction","target":{"@type":"EntryPoint","urlTemplate":"https:\/\/www.exquisitarium.com\/ca\/?s={search_term_string}"},"query-input":{"@type":"PropertyValueSpecification","valueRequired":true,"valueName":"search_term_string"}}],"inLanguage":"ca"},{"@type":"Organization","@id":"https:\/\/www.exquisitarium.com\/ca\/#organization","name":"EXQUISITARIUM","url":"https:\/\/www.exquisitarium.com\/ca\/","logo":{"@type":"ImageObject","inLanguage":"ca","@id":"https:\/\/www.exquisitarium.com\/ca\/#\/schema\/logo\/image\/","url":"https:\/\/www.exquisitarium.com\/wp-content\/uploads\/2025\/10\/exquisitarium-logo.svg","contentUrl":"https:\/\/www.exquisitarium.com\/wp-content\/uploads\/2025\/10\/exquisitarium-logo.svg","width":233,"height":37,"caption":"EXQUISITARIUM"},"image":{"@id":"https:\/\/www.exquisitarium.com\/ca\/#\/schema\/logo\/image\/"},"sameAs":["https:\/\/www.facebook.com\/exquisitarium\/","https:\/\/www.instagram.com\/exquisitarium\/","https:\/\/www.linkedin.com\/company\/exquisitarium\/"]}]}},"_links":{"self":[{"href":"https:\/\/www.exquisitarium.com\/ca\/wp-json\/wp\/v2\/pages\/11312","targetHints":{"allow":["GET"]}}],"collection":[{"href":"https:\/\/www.exquisitarium.com\/ca\/wp-json\/wp\/v2\/pages"}],"about":[{"href":"https:\/\/www.exquisitarium.com\/ca\/wp-json\/wp\/v2\/types\/page"}],"author":[{"embeddable":true,"href":"https:\/\/www.exquisitarium.com\/ca\/wp-json\/wp\/v2\/users\/1"}],"replies":[{"embeddable":true,"href":"https:\/\/www.exquisitarium.com\/ca\/wp-json\/wp\/v2\/comments?post=11312"}],"version-history":[{"count":0,"href":"https:\/\/www.exquisitarium.com\/ca\/wp-json\/wp\/v2\/pages\/11312\/revisions"}],"wp:featuredmedia":[{"embeddable":true,"href":"https:\/\/www.exquisitarium.com\/ca\/wp-json\/wp\/v2\/media\/4339"}],"wp:attachment":[{"href":"https:\/\/www.exquisitarium.com\/ca\/wp-json\/wp\/v2\/media?parent=11312"}],"curies":[{"name":"wp","href":"https:\/\/api.w.org\/{rel}","templated":true}]}}